{"id":157,"date":"2024-07-08T11:07:45","date_gmt":"2024-07-08T09:07:45","guid":{"rendered":"https:\/\/webs.uab.cat\/capenrisg\/?page_id=157"},"modified":"2024-07-30T10:57:01","modified_gmt":"2024-07-30T08:57:01","slug":"laia-nualart","status":"publish","type":"page","link":"https:\/\/webs.uab.cat\/capenrisg\/equipo\/laia-nualart\/","title":{"rendered":"Laia Nualart"},"content":{"rendered":"\n<h2 class=\"wp-block-heading has-verd-tropic-color has-text-color has-normal-font-size\"><strong>LAIA NUALART<\/strong><\/h2>\n\n\n\n<div class=\"wp-block-media-text has-media-on-the-right is-stacked-on-mobile\" style=\"grid-template-columns:auto 25%\"><div class=\"wp-block-media-text__content\">\n<p>Laia realiza el doctorado con una ayuda predoctoral FI en el marco del proyecto \u201cCapital social y entorno residencial en la poblaci\u00f3n joven con riesgo de exclusi\u00f3n laboral. Un estudio de casos\u201d en la Universidad Aut\u00f3noma de Barcelona.<\/p>\n<\/div><figure class=\"wp-block-media-text__media\"><img loading=\"lazy\" decoding=\"async\" width=\"350\" height=\"350\" src=\"https:\/\/webs.uab.cat\/capenrisg\/wp-content\/uploads\/sites\/423\/2024\/07\/Diseno-sin-titulo-4.png\" alt=\"\" class=\"wp-image-154 size-large\" srcset=\"https:\/\/webs.uab.cat\/capenrisg\/wp-content\/uploads\/sites\/423\/2024\/07\/Diseno-sin-titulo-4.png 350w, https:\/\/webs.uab.cat\/capenrisg\/wp-content\/uploads\/sites\/423\/2024\/07\/Diseno-sin-titulo-4-300x300.png 300w, https:\/\/webs.uab.cat\/capenrisg\/wp-content\/uploads\/sites\/423\/2024\/07\/Diseno-sin-titulo-4-150x150.png 150w\" sizes=\"auto, (max-width: 350px) 100vw, 350px\" \/><\/figure><\/div>\n\n\n\n<p>Graduada en Ciencias Pol\u00edticas y de la Administraci\u00f3n por la Universidad Pompeu Fabra (2019) y M\u00e1ster en Pol\u00edtica Social, Trabajo y Bienestar por la Universidad Aut\u00f3noma de Barcelona (2021).<\/p>\n\n\n\n<p>Tiene experiencia profesional trabajando como t\u00e9cnica de gesti\u00f3n de programas de ocupaci\u00f3n y formaci\u00f3n en el \u00e1mbito local, as\u00ed como consultora de igualdad de g\u00e9nero y diversidad para la Administraci\u00f3n P\u00fablica.<\/p>\n\n\n\n<p class=\"has-verd-tropic-color has-text-color\"><strong>Intereses de investigaci\u00f3n<\/strong><\/p>\n\n\n\n<p>Con gran inter\u00e9s por el an\u00e1lisis de las desigualdades sociales y la investigaci\u00f3n, contin\u00faa su formaci\u00f3n mediante cursos sobre igualdad de g\u00e9nero y violencias machistas y el Posgrado en An\u00e1lisis de Datos por la Universidad de Barcelona (2022).<\/p>\n","protected":false},"excerpt":{"rendered":"<p>LAIA NUALART Laia realiza el doctorado con una ayuda predoctoral FI en el marco del proyecto \u201cCapital social y entorno residencial en la poblaci\u00f3n joven con riesgo de exclusi\u00f3n laboral. Un estudio de casos\u201d en la Universidad Aut\u00f3noma de Barcelona. Graduada en Ciencias Pol\u00edticas y de la Administraci\u00f3n por la Universidad Pompeu Fabra (2019) y [&hellip;]<\/p>\n","protected":false},"author":2648,"featured_media":0,"parent":14,"menu_order":9,"comment_status":"closed","ping_status":"closed","template":"","meta":{"footnotes":""},"class_list":["post-157","page","type-page","status-publish","hentry"],"_links":{"self":[{"href":"https:\/\/webs.uab.cat\/capenrisg\/wp-json\/wp\/v2\/pages\/157","targetHints":{"allow":["GET"]}}],"collection":[{"href":"https:\/\/webs.uab.cat\/capenrisg\/wp-json\/wp\/v2\/pages"}],"about":[{"href":"https:\/\/webs.uab.cat\/capenrisg\/wp-json\/wp\/v2\/types\/page"}],"author":[{"embeddable":true,"href":"https:\/\/webs.uab.cat\/capenrisg\/wp-json\/wp\/v2\/users\/2648"}],"replies":[{"embeddable":true,"href":"https:\/\/webs.uab.cat\/capenrisg\/wp-json\/wp\/v2\/comments?post=157"}],"version-history":[{"count":2,"href":"https:\/\/webs.uab.cat\/capenrisg\/wp-json\/wp\/v2\/pages\/157\/revisions"}],"predecessor-version":[{"id":210,"href":"https:\/\/webs.uab.cat\/capenrisg\/wp-json\/wp\/v2\/pages\/157\/revisions\/210"}],"up":[{"embeddable":true,"href":"https:\/\/webs.uab.cat\/capenrisg\/wp-json\/wp\/v2\/pages\/14"}],"wp:attachment":[{"href":"https:\/\/webs.uab.cat\/capenrisg\/wp-json\/wp\/v2\/media?parent=157"}],"curies":[{"name":"wp","href":"https:\/\/api.w.org\/{rel}","templated":true}]}}