{"id":2,"date":"2023-05-02T12:51:30","date_gmt":"2023-05-02T10:51:30","guid":{"rendered":"https:\/\/webs.uab.cat\/capenrisg\/?page_id=2"},"modified":"2025-03-13T11:36:46","modified_gmt":"2025-03-13T09:36:46","slug":"pagina-exemple","status":"publish","type":"page","link":"https:\/\/webs.uab.cat\/capenrisg\/","title":{"rendered":"INICIO"},"content":{"rendered":"\n<p>La poblaci\u00f3n joven arrastra ya m\u00e1s de 15 a\u00f1os viviendo en un contexto especialmente dif\u00edcil de acceso al empleo, siendo aquellas personas con menor nivel de instrucci\u00f3n las que m\u00e1s padecen esta dificultad.<\/p>\n\n\n\n<p><\/p>\n\n\n\n<p>En este contexto, el objetivo principal del proyecto CAPENRISG es comprobar si, para las personas j\u00f3venes desempleadas, se ha dado un efecto de retroalimentaci\u00f3n negativa (c\u00edrculo vicioso) entre el hecho de padecer desempleo prolongado y la p\u00e9rdida de capital social \u00fatil para la inserci\u00f3n laboral.<\/p>\n\n\n\n<p><\/p>\n\n\n\n<p>El equipo est\u00e1 integrado por los investigadores principales: <strong>Joan Miquel Verd<\/strong> y <strong>Oriol Barranco<\/strong> del <a href=\"https:\/\/quit.uab.cat\/es\/\">Centro de Estudios Sociol\u00f3gicos sobre la Vida Cotidiana y el Trabajo (QUIT) de la UAB<\/a><strong>; Pilar Carrasquer<\/strong> y <strong>Mireia Bol\u00edbar<\/strong>, de la misma instituci\u00f3n; <strong>Segundo Moyano<\/strong> y <strong>Sergi F\u00e0bregues<\/strong> de la <a href=\"https:\/\/www.uoc.edu\/portal\/es\/index.html\" data-type=\"URL\" data-id=\"https:\/\/www.uoc.edu\/portal\/es\/index.html\">Universitat Oberta de Catalunya<\/a>;  y por <strong>Joan Rodr\u00edguez-Soler<\/strong> y <strong>Alejandro Gonz\u00e1lez-Heras<\/strong> ambos tambi\u00e9n del QUIT. <\/p>\n\n\n\n<p><\/p>\n\n\n\n<p>El proyecto CAPENRISG est\u00e1 financiado por el Ministerio de Ciencia, Innovaci\u00f3n y Universidades con referencia PID2021-125218NB-I00.<\/p>\n","protected":false},"excerpt":{"rendered":"<p>La poblaci\u00f3n joven arrastra ya m\u00e1s de 15 a\u00f1os viviendo en un contexto especialmente dif\u00edcil de acceso al empleo, siendo aquellas personas con menor nivel de instrucci\u00f3n las que m\u00e1s padecen esta dificultad. En este contexto, el objetivo principal del proyecto CAPENRISG es comprobar si, para las personas j\u00f3venes desempleadas, se ha dado un efecto [&hellip;]<\/p>\n","protected":false},"author":2648,"featured_media":0,"parent":0,"menu_order":1,"comment_status":"closed","ping_status":"open","template":"","meta":{"footnotes":""},"class_list":["post-2","page","type-page","status-publish","hentry"],"_links":{"self":[{"href":"https:\/\/webs.uab.cat\/capenrisg\/wp-json\/wp\/v2\/pages\/2","targetHints":{"allow":["GET"]}}],"collection":[{"href":"https:\/\/webs.uab.cat\/capenrisg\/wp-json\/wp\/v2\/pages"}],"about":[{"href":"https:\/\/webs.uab.cat\/capenrisg\/wp-json\/wp\/v2\/types\/page"}],"author":[{"embeddable":true,"href":"https:\/\/webs.uab.cat\/capenrisg\/wp-json\/wp\/v2\/users\/2648"}],"replies":[{"embeddable":true,"href":"https:\/\/webs.uab.cat\/capenrisg\/wp-json\/wp\/v2\/comments?post=2"}],"version-history":[{"count":6,"href":"https:\/\/webs.uab.cat\/capenrisg\/wp-json\/wp\/v2\/pages\/2\/revisions"}],"predecessor-version":[{"id":246,"href":"https:\/\/webs.uab.cat\/capenrisg\/wp-json\/wp\/v2\/pages\/2\/revisions\/246"}],"wp:attachment":[{"href":"https:\/\/webs.uab.cat\/capenrisg\/wp-json\/wp\/v2\/media?parent=2"}],"curies":[{"name":"wp","href":"https:\/\/api.w.org\/{rel}","templated":true}]}}