{"id":53,"date":"2023-05-25T12:04:18","date_gmt":"2023-05-25T10:04:18","guid":{"rendered":"https:\/\/webs.uab.cat\/capenrisg\/?page_id=53"},"modified":"2024-07-30T10:55:59","modified_gmt":"2024-07-30T08:55:59","slug":"joan-miquel-verd","status":"publish","type":"page","link":"https:\/\/webs.uab.cat\/capenrisg\/equipo\/joan-miquel-verd\/","title":{"rendered":"Joan Miquel Verd"},"content":{"rendered":"\n<h2 class=\"wp-block-heading has-verd-tropic-color has-text-color has-normal-font-size\"><strong>JOAN MIQUEL VERD<\/strong> <strong>PERIC\u00c0S<\/strong><\/h2>\n\n\n\n<div class=\"wp-block-media-text has-media-on-the-right is-stacked-on-mobile\" style=\"grid-template-columns:auto 25%\"><div class=\"wp-block-media-text__content\">\n<p class=\"has-text-align-left has-small-font-size\">Director del Centre d\u2019Estudis Sociol\u00f2gics sobre la Vida Quotidiana y el Treball (QUIT) del Departamento de la Sociolog\u00eda de la UAB desde el a\u00f1o 2013 y miembro del Instituto de Estudios del Trabajo (IET) desde su fundaci\u00f3n en 2011.<\/p>\n<\/div><figure class=\"wp-block-media-text__media\"><img loading=\"lazy\" decoding=\"async\" width=\"1024\" height=\"1024\" src=\"https:\/\/webs.uab.cat\/capenrisg\/wp-content\/uploads\/sites\/423\/2023\/05\/Joan-Miquel-1024x1024.png\" alt=\"\" class=\"wp-image-25 size-large\" srcset=\"https:\/\/webs.uab.cat\/capenrisg\/wp-content\/uploads\/sites\/423\/2023\/05\/Joan-Miquel-1024x1024.png 1024w, https:\/\/webs.uab.cat\/capenrisg\/wp-content\/uploads\/sites\/423\/2023\/05\/Joan-Miquel-300x300.png 300w, https:\/\/webs.uab.cat\/capenrisg\/wp-content\/uploads\/sites\/423\/2023\/05\/Joan-Miquel-150x150.png 150w, https:\/\/webs.uab.cat\/capenrisg\/wp-content\/uploads\/sites\/423\/2023\/05\/Joan-Miquel-768x768.png 768w, https:\/\/webs.uab.cat\/capenrisg\/wp-content\/uploads\/sites\/423\/2023\/05\/Joan-Miquel-1200x1200.png 1200w, https:\/\/webs.uab.cat\/capenrisg\/wp-content\/uploads\/sites\/423\/2023\/05\/Joan-Miquel.png 1349w\" sizes=\"auto, (max-width: 1024px) 100vw, 1024px\" \/><\/figure><\/div>\n\n\n\n<p>Licenciado en Ciencias Pol\u00edticas y Sociolog\u00eda (1994) y en Ciencias Econ\u00f3micas y Empresariales (1996) por la Universidad Aut\u00f3noma de Barcelona. Doctor en Sociolog\u00eda (2002), con la tesis titulada \u201cItinerario biogr\u00e1fico, recursos formativos y empleo. Una aproximaci\u00f3n integrada de car\u00e1cter te\u00f3rico y metodol\u00f3gico\u201d.<\/p>\n\n\n\n<p>Es el director del Centre d\u2019Estudis Sociol\u00f2gics sobre la Vida Quotidiana y el Treball (QUIT) del Departamento de la Sociolog\u00eda de la UAB desde el a\u00f1o 2013 y miembro del Instituto de Estudios del Trabajo (IET) desde su fundaci\u00f3n en 2011. Profesor de Sociolog\u00eda y M\u00e9todos de Investigaci\u00f3n en la Universidad Aut\u00f3noma de Barcelona (UAB).<\/p>\n\n\n\n<p><\/p>\n\n\n\n<p class=\"has-verd-tropic-color has-text-color\"><strong>Intereses de investigaci\u00f3n<\/strong><\/p>\n\n\n\n<p>Sus intereses se centran en los campos de la sociolog\u00eda del trabajo y de los m\u00e9todos de investigaci\u00f3n social.<\/p>\n\n\n\n<p>En el primero de estos dos campos su investigaci\u00f3n se ha centrado en las relaciones entre empleo y protecci\u00f3n social; las trayectorias laborales de la poblaci\u00f3n ocupada, y particularmente de la poblaci\u00f3n joven; la organizaci\u00f3n de los procesos de trabajo; el papel del capital social y las redes sociales en el mercado de trabajo; y en la relaci\u00f3n entre formaci\u00f3n, competencias y empleo.<\/p>\n\n\n\n<p>Metodol\u00f3gicamente, sus intereses se centran en el an\u00e1lisis narrativo y biogr\u00e1fico; el an\u00e1lisis de textos y del discurso; el an\u00e1lisis de redes sociales; los dise\u00f1os y m\u00e9todos mixtos; el uso de herramientas inform\u00e1ticas en los an\u00e1lisis cualitativos; y en las aproximaciones etnogr\u00e1ficas al trabajo.<\/p>\n","protected":false},"excerpt":{"rendered":"<p>JOAN MIQUEL VERD PERIC\u00c0S Director del Centre d\u2019Estudis Sociol\u00f2gics sobre la Vida Quotidiana y el Treball (QUIT) del Departamento de la Sociolog\u00eda de la UAB desde el a\u00f1o 2013 y miembro del Instituto de Estudios del Trabajo (IET) desde su fundaci\u00f3n en 2011. Licenciado en Ciencias Pol\u00edticas y Sociolog\u00eda (1994) y en Ciencias Econ\u00f3micas y [&hellip;]<\/p>\n","protected":false},"author":2648,"featured_media":0,"parent":14,"menu_order":1,"comment_status":"closed","ping_status":"closed","template":"","meta":{"footnotes":""},"class_list":["post-53","page","type-page","status-publish","hentry"],"_links":{"self":[{"href":"https:\/\/webs.uab.cat\/capenrisg\/wp-json\/wp\/v2\/pages\/53","targetHints":{"allow":["GET"]}}],"collection":[{"href":"https:\/\/webs.uab.cat\/capenrisg\/wp-json\/wp\/v2\/pages"}],"about":[{"href":"https:\/\/webs.uab.cat\/capenrisg\/wp-json\/wp\/v2\/types\/page"}],"author":[{"embeddable":true,"href":"https:\/\/webs.uab.cat\/capenrisg\/wp-json\/wp\/v2\/users\/2648"}],"replies":[{"embeddable":true,"href":"https:\/\/webs.uab.cat\/capenrisg\/wp-json\/wp\/v2\/comments?post=53"}],"version-history":[{"count":6,"href":"https:\/\/webs.uab.cat\/capenrisg\/wp-json\/wp\/v2\/pages\/53\/revisions"}],"predecessor-version":[{"id":202,"href":"https:\/\/webs.uab.cat\/capenrisg\/wp-json\/wp\/v2\/pages\/53\/revisions\/202"}],"up":[{"embeddable":true,"href":"https:\/\/webs.uab.cat\/capenrisg\/wp-json\/wp\/v2\/pages\/14"}],"wp:attachment":[{"href":"https:\/\/webs.uab.cat\/capenrisg\/wp-json\/wp\/v2\/media?parent=53"}],"curies":[{"name":"wp","href":"https:\/\/api.w.org\/{rel}","templated":true}]}}