{"id":57,"date":"2023-05-25T12:08:43","date_gmt":"2023-05-25T10:08:43","guid":{"rendered":"https:\/\/webs.uab.cat\/capenrisg\/?page_id=57"},"modified":"2024-07-30T10:56:07","modified_gmt":"2024-07-30T08:56:07","slug":"oriol-barranco","status":"publish","type":"page","link":"https:\/\/webs.uab.cat\/capenrisg\/equipo\/oriol-barranco\/","title":{"rendered":"Oriol Barranco"},"content":{"rendered":"\n<h2 class=\"wp-block-heading has-verd-tropic-color has-text-color has-normal-font-size\"><strong>ORIOL BARRANCO FONT<\/strong><\/h2>\n\n\n\n<div class=\"wp-block-media-text has-media-on-the-right is-stacked-on-mobile\" style=\"grid-template-columns:auto 25%\"><div class=\"wp-block-media-text__content\">\n<p class=\"has-text-align-left has-small-font-size\">Es profesor del departamento de sociolog\u00eda de la UAB e investigador del Centro de Estudios Sociol\u00f3gicos sobre la Vida Cotidiana y el Trabajo (QUIT) y del Instituto de Estudios del Trabajo (IET).<\/p>\n<\/div><figure class=\"wp-block-media-text__media\"><img loading=\"lazy\" decoding=\"async\" width=\"1024\" height=\"1024\" src=\"https:\/\/webs.uab.cat\/capenrisg\/wp-content\/uploads\/sites\/423\/2023\/05\/Oriol-1-1024x1024.png\" alt=\"\" class=\"wp-image-27 size-large\" srcset=\"https:\/\/webs.uab.cat\/capenrisg\/wp-content\/uploads\/sites\/423\/2023\/05\/Oriol-1-1024x1024.png 1024w, https:\/\/webs.uab.cat\/capenrisg\/wp-content\/uploads\/sites\/423\/2023\/05\/Oriol-1-300x300.png 300w, https:\/\/webs.uab.cat\/capenrisg\/wp-content\/uploads\/sites\/423\/2023\/05\/Oriol-1-150x150.png 150w, https:\/\/webs.uab.cat\/capenrisg\/wp-content\/uploads\/sites\/423\/2023\/05\/Oriol-1-768x768.png 768w, https:\/\/webs.uab.cat\/capenrisg\/wp-content\/uploads\/sites\/423\/2023\/05\/Oriol-1-1200x1200.png 1200w, https:\/\/webs.uab.cat\/capenrisg\/wp-content\/uploads\/sites\/423\/2023\/05\/Oriol-1.png 1349w\" sizes=\"auto, (max-width: 1024px) 100vw, 1024px\" \/><\/figure><\/div>\n\n\n\n<p>Doctor en sociolog\u00eda por la Universitat Aut\u00f2noma de Barcelona (UAB) y por la \u00c9cole des hautes \u00e9tudes en sciences sociales (EHESS) -Paris, Francia.<\/p>\n\n\n\n<p>Ha realizado estancias de investigaci\u00f3n al Centro Maurice Halbwachs (ENTE, EHESS, CNRS \u2013Paris, Francia), en el Centro Nantais de Sociologie (Universidad de Nantes, Francia), al Institute for Research donde Labor and Employment (Universidad de California, Berkeley) y en el Centro for Research donde Socio-Cultural Change (Universidad de Manchester, Reino Unido).<\/p>\n\n\n\n<p>Imparte regularmente cursos de m\u00e9todos de investigaci\u00f3n social cualitativos y cuantitativos, as\u00ed como cursos de sociolog\u00eda del trabajo y de las relaciones laborales.<\/p>\n\n\n\n<p class=\"has-verd-tropic-color has-text-color\"><strong>Intereses de investigaci\u00f3n<\/strong><\/p>\n\n\n\n<p>Sus \u00e1reas de investigaci\u00f3n se encuentran en el campo de la sociolog\u00eda laboral (las nuevas formas de dominaci\u00f3n y resistencia laborales, los nuevos procesos de trabajo y la relaci\u00f3n primeras y el capital social), la reflexi\u00f3n metodol\u00f3gica (m\u00e9todos etnogr\u00e1ficos, m\u00e9todos mixtos y an\u00e1lisis de redes sociales) y los movimientos sociales (sindicalismo y movimiento contra los desahucios)<\/p>\n","protected":false},"excerpt":{"rendered":"<p>ORIOL BARRANCO FONT Es profesor del departamento de sociolog\u00eda de la UAB e investigador del Centro de Estudios Sociol\u00f3gicos sobre la Vida Cotidiana y el Trabajo (QUIT) y del Instituto de Estudios del Trabajo (IET). Doctor en sociolog\u00eda por la Universitat Aut\u00f2noma de Barcelona (UAB) y por la \u00c9cole des hautes \u00e9tudes en sciences sociales [&hellip;]<\/p>\n","protected":false},"author":2648,"featured_media":0,"parent":14,"menu_order":2,"comment_status":"closed","ping_status":"closed","template":"","meta":{"footnotes":""},"class_list":["post-57","page","type-page","status-publish","hentry"],"_links":{"self":[{"href":"https:\/\/webs.uab.cat\/capenrisg\/wp-json\/wp\/v2\/pages\/57","targetHints":{"allow":["GET"]}}],"collection":[{"href":"https:\/\/webs.uab.cat\/capenrisg\/wp-json\/wp\/v2\/pages"}],"about":[{"href":"https:\/\/webs.uab.cat\/capenrisg\/wp-json\/wp\/v2\/types\/page"}],"author":[{"embeddable":true,"href":"https:\/\/webs.uab.cat\/capenrisg\/wp-json\/wp\/v2\/users\/2648"}],"replies":[{"embeddable":true,"href":"https:\/\/webs.uab.cat\/capenrisg\/wp-json\/wp\/v2\/comments?post=57"}],"version-history":[{"count":4,"href":"https:\/\/webs.uab.cat\/capenrisg\/wp-json\/wp\/v2\/pages\/57\/revisions"}],"predecessor-version":[{"id":203,"href":"https:\/\/webs.uab.cat\/capenrisg\/wp-json\/wp\/v2\/pages\/57\/revisions\/203"}],"up":[{"embeddable":true,"href":"https:\/\/webs.uab.cat\/capenrisg\/wp-json\/wp\/v2\/pages\/14"}],"wp:attachment":[{"href":"https:\/\/webs.uab.cat\/capenrisg\/wp-json\/wp\/v2\/media?parent=57"}],"curies":[{"name":"wp","href":"https:\/\/api.w.org\/{rel}","templated":true}]}}