{"id":86,"date":"2023-06-12T12:36:59","date_gmt":"2023-06-12T10:36:59","guid":{"rendered":"https:\/\/webs.uab.cat\/capenrisg\/?page_id=86"},"modified":"2024-07-30T10:56:33","modified_gmt":"2024-07-30T08:56:33","slug":"sergi-fabregues","status":"publish","type":"page","link":"https:\/\/webs.uab.cat\/capenrisg\/equipo\/sergi-fabregues\/","title":{"rendered":"Sergi F\u00e0bregues"},"content":{"rendered":"\n<h2 class=\"wp-block-heading has-verd-tropic-color has-text-color has-normal-font-size\"><strong>SERGI F\u00c0BREGUES FEIJ\u00d3O<\/strong><\/h2>\n\n\n\n<div class=\"wp-block-media-text has-media-on-the-right is-stacked-on-mobile\" style=\"grid-template-columns:auto 25%\"><div class=\"wp-block-media-text__content\">\n<p class=\"has-text-align-left has-small-font-size\">Profesor agregado de M\u00e9todos de investigaci\u00f3n en el Departamento de Psicolog\u00eda y Ciencias de la Educaci\u00f3n de la Universitat Oberta de Catalunya (Barcelona, Espa\u00f1a).<\/p>\n<\/div><figure class=\"wp-block-media-text__media\"><img loading=\"lazy\" decoding=\"async\" width=\"1024\" height=\"1024\" src=\"https:\/\/webs.uab.cat\/capenrisg\/wp-content\/uploads\/sites\/423\/2023\/05\/Sergi-1024x1024.png\" alt=\"\" class=\"wp-image-31 size-large\" srcset=\"https:\/\/webs.uab.cat\/capenrisg\/wp-content\/uploads\/sites\/423\/2023\/05\/Sergi-1024x1024.png 1024w, https:\/\/webs.uab.cat\/capenrisg\/wp-content\/uploads\/sites\/423\/2023\/05\/Sergi-300x300.png 300w, https:\/\/webs.uab.cat\/capenrisg\/wp-content\/uploads\/sites\/423\/2023\/05\/Sergi-150x150.png 150w, https:\/\/webs.uab.cat\/capenrisg\/wp-content\/uploads\/sites\/423\/2023\/05\/Sergi-768x768.png 768w, https:\/\/webs.uab.cat\/capenrisg\/wp-content\/uploads\/sites\/423\/2023\/05\/Sergi-1200x1200.png 1200w, https:\/\/webs.uab.cat\/capenrisg\/wp-content\/uploads\/sites\/423\/2023\/05\/Sergi.png 1349w\" sizes=\"auto, (max-width: 1024px) 100vw, 1024px\" \/><\/figure><\/div>\n\n\n\n<p>Editor adjunto del Journal of Mixed Methods Research y PLOS ONE, y miembro asociado del Programa de M\u00e9todos Mixtos de la Universidad de Michigan.<\/p>\n\n\n\n<p>Ha dirigido varios seminarios internacionales. Ha trabajado de forma colaborativa en varios campos, en proyectos de investigaci\u00f3n financiados sobre temas como la nutrici\u00f3n, el abuso sexual infantil, el g\u00e9nero y las TIC, y las TIC en la educaci\u00f3n.<\/p>\n\n\n\n<p class=\"has-verd-tropic-color has-text-color\"><strong>Intereses de investigaci\u00f3n<\/strong><\/p>\n\n\n\n<p>Sus intereses en la investigaci\u00f3n con m\u00e9todos mixtos y cualitativos incluyen la evaluaci\u00f3n de la calidad, la integraci\u00f3n, el an\u00e1lisis y el proceso de llevar a cabo revisiones metodol\u00f3gicas sistem\u00e1ticas. Ha dirigido varios seminarios internacionales. Ha trabajado de forma colaborativa en varios campos, en proyectos de investigaci\u00f3n financiados sobre temas como la nutrici\u00f3n, el abuso sexual infantil, el g\u00e9nero y las TIC, y las TIC en la educaci\u00f3n.<\/p>\n","protected":false},"excerpt":{"rendered":"<p>SERGI F\u00c0BREGUES FEIJ\u00d3O Profesor agregado de M\u00e9todos de investigaci\u00f3n en el Departamento de Psicolog\u00eda y Ciencias de la Educaci\u00f3n de la Universitat Oberta de Catalunya (Barcelona, Espa\u00f1a). Editor adjunto del Journal of Mixed Methods Research y PLOS ONE, y miembro asociado del Programa de M\u00e9todos Mixtos de la Universidad de Michigan. Ha dirigido varios seminarios [&hellip;]<\/p>\n","protected":false},"author":2648,"featured_media":0,"parent":14,"menu_order":6,"comment_status":"closed","ping_status":"closed","template":"","meta":{"footnotes":""},"class_list":["post-86","page","type-page","status-publish","hentry"],"_links":{"self":[{"href":"https:\/\/webs.uab.cat\/capenrisg\/wp-json\/wp\/v2\/pages\/86","targetHints":{"allow":["GET"]}}],"collection":[{"href":"https:\/\/webs.uab.cat\/capenrisg\/wp-json\/wp\/v2\/pages"}],"about":[{"href":"https:\/\/webs.uab.cat\/capenrisg\/wp-json\/wp\/v2\/types\/page"}],"author":[{"embeddable":true,"href":"https:\/\/webs.uab.cat\/capenrisg\/wp-json\/wp\/v2\/users\/2648"}],"replies":[{"embeddable":true,"href":"https:\/\/webs.uab.cat\/capenrisg\/wp-json\/wp\/v2\/comments?post=86"}],"version-history":[{"count":3,"href":"https:\/\/webs.uab.cat\/capenrisg\/wp-json\/wp\/v2\/pages\/86\/revisions"}],"predecessor-version":[{"id":207,"href":"https:\/\/webs.uab.cat\/capenrisg\/wp-json\/wp\/v2\/pages\/86\/revisions\/207"}],"up":[{"embeddable":true,"href":"https:\/\/webs.uab.cat\/capenrisg\/wp-json\/wp\/v2\/pages\/14"}],"wp:attachment":[{"href":"https:\/\/webs.uab.cat\/capenrisg\/wp-json\/wp\/v2\/media?parent=86"}],"curies":[{"name":"wp","href":"https:\/\/api.w.org\/{rel}","templated":true}]}}