{"id":90,"date":"2023-06-12T12:45:19","date_gmt":"2023-06-12T10:45:19","guid":{"rendered":"https:\/\/webs.uab.cat\/capenrisg\/?page_id=90"},"modified":"2024-07-30T10:56:25","modified_gmt":"2024-07-30T08:56:25","slug":"segundo-moyano","status":"publish","type":"page","link":"https:\/\/webs.uab.cat\/capenrisg\/equipo\/segundo-moyano\/","title":{"rendered":"Segundo Moyano"},"content":{"rendered":"\n<h2 class=\"wp-block-heading has-verd-tropic-color has-text-color has-normal-font-size\"><strong>SEGUNDO MOYANO MANGAS<\/strong><\/h2>\n\n\n\n<div class=\"wp-block-media-text has-media-on-the-right is-stacked-on-mobile\" style=\"grid-template-columns:auto 25%\"><div class=\"wp-block-media-text__content\">\n<p class=\"has-text-align-left has-small-font-size\">Investigador principal del grupo de I+D+i LES (Laboratorio de Educaci\u00f3n Social) de la UOC.<\/p>\n<\/div><figure class=\"wp-block-media-text__media\"><img loading=\"lazy\" decoding=\"async\" width=\"1024\" height=\"1024\" src=\"https:\/\/webs.uab.cat\/capenrisg\/wp-content\/uploads\/sites\/423\/2023\/05\/Segundo-1024x1024.png\" alt=\"\" class=\"wp-image-30 size-large\" srcset=\"https:\/\/webs.uab.cat\/capenrisg\/wp-content\/uploads\/sites\/423\/2023\/05\/Segundo-1024x1024.png 1024w, https:\/\/webs.uab.cat\/capenrisg\/wp-content\/uploads\/sites\/423\/2023\/05\/Segundo-300x300.png 300w, https:\/\/webs.uab.cat\/capenrisg\/wp-content\/uploads\/sites\/423\/2023\/05\/Segundo-150x150.png 150w, https:\/\/webs.uab.cat\/capenrisg\/wp-content\/uploads\/sites\/423\/2023\/05\/Segundo-768x768.png 768w, https:\/\/webs.uab.cat\/capenrisg\/wp-content\/uploads\/sites\/423\/2023\/05\/Segundo-1200x1200.png 1200w, https:\/\/webs.uab.cat\/capenrisg\/wp-content\/uploads\/sites\/423\/2023\/05\/Segundo.png 1349w\" sizes=\"auto, (max-width: 1024px) 100vw, 1024px\" \/><\/figure><\/div>\n\n\n\n<p>Profesor de los&nbsp;Estudios de Psicolog\u00eda y Ciencias de la Educaci\u00f3n en la UOC.<\/p>\n\n\n\n<p>La actividad de I+D+i del investigador Segundo Moyano&nbsp; se centra en el estudio del campo de la educaci\u00f3n, desde un punto de vista hist\u00f3rico y pedag\u00f3gico, as\u00ed como sus articulaciones con la universidad, las entidades del tercer sector social y las pol\u00edticas sociales.<\/p>\n\n\n\n<p class=\"has-verd-tropic-color has-text-color\"><strong>Intereses de investigaci\u00f3n<\/strong><\/p>\n\n\n\n<p>Los \u00e1mbitos principales de su investigaci\u00f3n son la formaci\u00f3n de educadores sociales, la inserci\u00f3n laboral, el arte, los recorridos urbanos y la educaci\u00f3n social. Tambi\u00e9n est\u00e1 especializado en las redes de protecci\u00f3n a la infancia y en los recorridos actuales de la pedagog\u00eda social.<\/p>\n","protected":false},"excerpt":{"rendered":"<p>SEGUNDO MOYANO MANGAS Investigador principal del grupo de I+D+i LES (Laboratorio de Educaci\u00f3n Social) de la UOC. Profesor de los&nbsp;Estudios de Psicolog\u00eda y Ciencias de la Educaci\u00f3n en la UOC. La actividad de I+D+i del investigador Segundo Moyano&nbsp; se centra en el estudio del campo de la educaci\u00f3n, desde un punto de vista hist\u00f3rico y [&hellip;]<\/p>\n","protected":false},"author":2648,"featured_media":0,"parent":14,"menu_order":5,"comment_status":"closed","ping_status":"closed","template":"","meta":{"footnotes":""},"class_list":["post-90","page","type-page","status-publish","hentry"],"_links":{"self":[{"href":"https:\/\/webs.uab.cat\/capenrisg\/wp-json\/wp\/v2\/pages\/90","targetHints":{"allow":["GET"]}}],"collection":[{"href":"https:\/\/webs.uab.cat\/capenrisg\/wp-json\/wp\/v2\/pages"}],"about":[{"href":"https:\/\/webs.uab.cat\/capenrisg\/wp-json\/wp\/v2\/types\/page"}],"author":[{"embeddable":true,"href":"https:\/\/webs.uab.cat\/capenrisg\/wp-json\/wp\/v2\/users\/2648"}],"replies":[{"embeddable":true,"href":"https:\/\/webs.uab.cat\/capenrisg\/wp-json\/wp\/v2\/comments?post=90"}],"version-history":[{"count":2,"href":"https:\/\/webs.uab.cat\/capenrisg\/wp-json\/wp\/v2\/pages\/90\/revisions"}],"predecessor-version":[{"id":206,"href":"https:\/\/webs.uab.cat\/capenrisg\/wp-json\/wp\/v2\/pages\/90\/revisions\/206"}],"up":[{"embeddable":true,"href":"https:\/\/webs.uab.cat\/capenrisg\/wp-json\/wp\/v2\/pages\/14"}],"wp:attachment":[{"href":"https:\/\/webs.uab.cat\/capenrisg\/wp-json\/wp\/v2\/media?parent=90"}],"curies":[{"name":"wp","href":"https:\/\/api.w.org\/{rel}","templated":true}]}}