{"id":92,"date":"2023-06-12T12:47:32","date_gmt":"2023-06-12T10:47:32","guid":{"rendered":"https:\/\/webs.uab.cat\/capenrisg\/?page_id=92"},"modified":"2024-07-30T10:56:40","modified_gmt":"2024-07-30T08:56:40","slug":"joan-rodriguez","status":"publish","type":"page","link":"https:\/\/webs.uab.cat\/capenrisg\/equipo\/joan-rodriguez\/","title":{"rendered":"Joan Rodr\u00edguez-Soler"},"content":{"rendered":"\n<h2 class=\"wp-block-heading has-verd-tropic-color has-text-color has-normal-font-size\"><strong>JOAN RODR\u00cdGUEZ-SOLER<\/strong><\/h2>\n\n\n\n<div class=\"wp-block-media-text has-media-on-the-right is-stacked-on-mobile\" style=\"grid-template-columns:auto 25%\"><div class=\"wp-block-media-text__content\">\n<p>Joan Rodr\u00edguez-Soler es profesor asociado en la Universitat Aut\u00f2noma de Barcelona (UAB).<\/p>\n<\/div><figure class=\"wp-block-media-text__media\"><img loading=\"lazy\" decoding=\"async\" width=\"1024\" height=\"1024\" src=\"https:\/\/webs.uab.cat\/capenrisg\/wp-content\/uploads\/sites\/423\/2023\/05\/Joan-1024x1024.png\" alt=\"\" class=\"wp-image-33 size-large\" srcset=\"https:\/\/webs.uab.cat\/capenrisg\/wp-content\/uploads\/sites\/423\/2023\/05\/Joan-1024x1024.png 1024w, https:\/\/webs.uab.cat\/capenrisg\/wp-content\/uploads\/sites\/423\/2023\/05\/Joan-300x300.png 300w, https:\/\/webs.uab.cat\/capenrisg\/wp-content\/uploads\/sites\/423\/2023\/05\/Joan-150x150.png 150w, https:\/\/webs.uab.cat\/capenrisg\/wp-content\/uploads\/sites\/423\/2023\/05\/Joan-768x768.png 768w, https:\/\/webs.uab.cat\/capenrisg\/wp-content\/uploads\/sites\/423\/2023\/05\/Joan-1200x1200.png 1200w, https:\/\/webs.uab.cat\/capenrisg\/wp-content\/uploads\/sites\/423\/2023\/05\/Joan.png 1349w\" sizes=\"auto, (max-width: 1024px) 100vw, 1024px\" \/><\/figure><\/div>\n\n\n\n<p>Doctor y Licenciado en Sociolog\u00eda por la UAB. Ha sido becario de investigaci\u00f3n del programa de Formaci\u00f3n de profesorado universitario (FPU) del Ministerio de Educaci\u00f3n desde 2006 a 2010.<\/p>\n\n\n\n<p>Actualmente imparte docencia en la Facultad de Pol\u00edticas y Sociolog\u00eda y la Facultad de Derecho de la UAB. Es miembro del Centre d\u2019Estudis Sociol\u00f2gics Sobre la Vida Quotidiana i el Treball (QUIT) y del Institut d\u2019Estudis del Treball (IET).<\/p>\n\n\n\n<p class=\"has-verd-tropic-color has-text-color\"><strong>Intereses de investigaci\u00f3n<\/strong><\/p>\n\n\n\n<p>Sus intereses de investigaci\u00f3n se sit\u00faan en el \u00e1mbito de la Sociolog\u00eda del Trabajo. Ha participado en proyectos de investigaci\u00f3n en torno a las desigualdades en el mercado de trabajo, formaci\u00f3n profesional e innovaci\u00f3n, juventud y exclusi\u00f3n social, g\u00e9nero y condiciones laborales.<\/p>\n","protected":false},"excerpt":{"rendered":"<p>JOAN RODR\u00cdGUEZ-SOLER Joan Rodr\u00edguez-Soler es profesor asociado en la Universitat Aut\u00f2noma de Barcelona (UAB). Doctor y Licenciado en Sociolog\u00eda por la UAB. Ha sido becario de investigaci\u00f3n del programa de Formaci\u00f3n de profesorado universitario (FPU) del Ministerio de Educaci\u00f3n desde 2006 a 2010. Actualmente imparte docencia en la Facultad de Pol\u00edticas y Sociolog\u00eda y la [&hellip;]<\/p>\n","protected":false},"author":2648,"featured_media":0,"parent":14,"menu_order":7,"comment_status":"closed","ping_status":"closed","template":"","meta":{"footnotes":""},"class_list":["post-92","page","type-page","status-publish","hentry"],"_links":{"self":[{"href":"https:\/\/webs.uab.cat\/capenrisg\/wp-json\/wp\/v2\/pages\/92","targetHints":{"allow":["GET"]}}],"collection":[{"href":"https:\/\/webs.uab.cat\/capenrisg\/wp-json\/wp\/v2\/pages"}],"about":[{"href":"https:\/\/webs.uab.cat\/capenrisg\/wp-json\/wp\/v2\/types\/page"}],"author":[{"embeddable":true,"href":"https:\/\/webs.uab.cat\/capenrisg\/wp-json\/wp\/v2\/users\/2648"}],"replies":[{"embeddable":true,"href":"https:\/\/webs.uab.cat\/capenrisg\/wp-json\/wp\/v2\/comments?post=92"}],"version-history":[{"count":3,"href":"https:\/\/webs.uab.cat\/capenrisg\/wp-json\/wp\/v2\/pages\/92\/revisions"}],"predecessor-version":[{"id":208,"href":"https:\/\/webs.uab.cat\/capenrisg\/wp-json\/wp\/v2\/pages\/92\/revisions\/208"}],"up":[{"embeddable":true,"href":"https:\/\/webs.uab.cat\/capenrisg\/wp-json\/wp\/v2\/pages\/14"}],"wp:attachment":[{"href":"https:\/\/webs.uab.cat\/capenrisg\/wp-json\/wp\/v2\/media?parent=92"}],"curies":[{"name":"wp","href":"https:\/\/api.w.org\/{rel}","templated":true}]}}