{"id":94,"date":"2023-06-12T12:50:11","date_gmt":"2023-06-12T10:50:11","guid":{"rendered":"https:\/\/webs.uab.cat\/capenrisg\/?page_id=94"},"modified":"2024-07-30T10:56:45","modified_gmt":"2024-07-30T08:56:45","slug":"alejandro-gonzalez","status":"publish","type":"page","link":"https:\/\/webs.uab.cat\/capenrisg\/equipo\/alejandro-gonzalez\/","title":{"rendered":"Alejandro Gonz\u00e1lez"},"content":{"rendered":"\n<h2 class=\"wp-block-heading has-verd-tropic-color has-text-color has-normal-font-size\"><strong>ALEJANDRO GONZ\u00c1LEZ-HERAS<\/strong><\/h2>\n\n\n\n<div class=\"wp-block-media-text has-media-on-the-right is-stacked-on-mobile\" style=\"grid-template-columns:auto 25%\"><div class=\"wp-block-media-text__content\">\n<p>Alejandro est\u00e1 realizando su doctorado con una ayuda predoctoral FI dentro del proyecto \u00abLa acumulaci\u00f3n y el uso de capital social en los j\u00f3venes con trayectorias laborales de inestabilidad\u00bb en la Universitat Aut\u00f2noma de Barcelona<\/p>\n<\/div><figure class=\"wp-block-media-text__media\"><img loading=\"lazy\" decoding=\"async\" width=\"1024\" height=\"1024\" src=\"https:\/\/webs.uab.cat\/capenrisg\/wp-content\/uploads\/sites\/423\/2023\/05\/Alejandro-1024x1024.png\" alt=\"\" class=\"wp-image-34 size-large\" srcset=\"https:\/\/webs.uab.cat\/capenrisg\/wp-content\/uploads\/sites\/423\/2023\/05\/Alejandro-1024x1024.png 1024w, https:\/\/webs.uab.cat\/capenrisg\/wp-content\/uploads\/sites\/423\/2023\/05\/Alejandro-300x300.png 300w, https:\/\/webs.uab.cat\/capenrisg\/wp-content\/uploads\/sites\/423\/2023\/05\/Alejandro-150x150.png 150w, https:\/\/webs.uab.cat\/capenrisg\/wp-content\/uploads\/sites\/423\/2023\/05\/Alejandro-768x768.png 768w, https:\/\/webs.uab.cat\/capenrisg\/wp-content\/uploads\/sites\/423\/2023\/05\/Alejandro-1200x1200.png 1200w, https:\/\/webs.uab.cat\/capenrisg\/wp-content\/uploads\/sites\/423\/2023\/05\/Alejandro.png 1349w\" sizes=\"auto, (max-width: 1024px) 100vw, 1024px\" \/><\/figure><\/div>\n\n\n\n<p>Graduado en Sociolog\u00eda por la Universidad Rey Juan Carlos (2010 \u2013 2014).<\/p>\n\n\n\n<p>Master en M\u00e9todos de Investigaci\u00f3n Social: innovaciones y aplicaciones, en la Universidad Complutense de Madrid (2014 \u2013 2017).<\/p>\n\n\n\n<p>Durante dos a\u00f1os trabaj\u00f3 como&nbsp;<em>freelance<\/em>&nbsp;en proyectos de investigaci\u00f3n, principalmente en el marco de evaluaci\u00f3n de programas, colaborando en equipos peque\u00f1os (2015 \u2013 2017). Despu\u00e9s, durante casi tres a\u00f1os, trabaj\u00f3 en una empresa multinacional de investigaci\u00f3n de mercados (2017 \u2013 2020).<\/p>\n\n\n\n<p class=\"has-verd-tropic-color has-text-color\"><strong>Intereses de investigaci\u00f3n<\/strong><\/p>\n\n\n\n<p>Sus intereses de investigaci\u00f3n se centran en: M\u00e9todos de investigaci\u00f3n en ciencias sociales, Sociolog\u00eda del G\u00e9nero, de la Alimentaci\u00f3n y del Trabajo.<\/p>\n","protected":false},"excerpt":{"rendered":"<p>ALEJANDRO GONZ\u00c1LEZ-HERAS Alejandro est\u00e1 realizando su doctorado con una ayuda predoctoral FI dentro del proyecto \u00abLa acumulaci\u00f3n y el uso de capital social en los j\u00f3venes con trayectorias laborales de inestabilidad\u00bb en la Universitat Aut\u00f2noma de Barcelona Graduado en Sociolog\u00eda por la Universidad Rey Juan Carlos (2010 \u2013 2014). Master en M\u00e9todos de Investigaci\u00f3n Social: [&hellip;]<\/p>\n","protected":false},"author":2648,"featured_media":0,"parent":14,"menu_order":8,"comment_status":"closed","ping_status":"closed","template":"","meta":{"footnotes":""},"class_list":["post-94","page","type-page","status-publish","hentry"],"_links":{"self":[{"href":"https:\/\/webs.uab.cat\/capenrisg\/wp-json\/wp\/v2\/pages\/94","targetHints":{"allow":["GET"]}}],"collection":[{"href":"https:\/\/webs.uab.cat\/capenrisg\/wp-json\/wp\/v2\/pages"}],"about":[{"href":"https:\/\/webs.uab.cat\/capenrisg\/wp-json\/wp\/v2\/types\/page"}],"author":[{"embeddable":true,"href":"https:\/\/webs.uab.cat\/capenrisg\/wp-json\/wp\/v2\/users\/2648"}],"replies":[{"embeddable":true,"href":"https:\/\/webs.uab.cat\/capenrisg\/wp-json\/wp\/v2\/comments?post=94"}],"version-history":[{"count":2,"href":"https:\/\/webs.uab.cat\/capenrisg\/wp-json\/wp\/v2\/pages\/94\/revisions"}],"predecessor-version":[{"id":209,"href":"https:\/\/webs.uab.cat\/capenrisg\/wp-json\/wp\/v2\/pages\/94\/revisions\/209"}],"up":[{"embeddable":true,"href":"https:\/\/webs.uab.cat\/capenrisg\/wp-json\/wp\/v2\/pages\/14"}],"wp:attachment":[{"href":"https:\/\/webs.uab.cat\/capenrisg\/wp-json\/wp\/v2\/media?parent=94"}],"curies":[{"name":"wp","href":"https:\/\/api.w.org\/{rel}","templated":true}]}}