{"id":106,"date":"2021-08-22T12:16:38","date_gmt":"2021-08-22T10:16:38","guid":{"rendered":"https:\/\/blogs.uab.cat\/carmefont\/?page_id=106"},"modified":"2026-03-08T13:51:09","modified_gmt":"2026-03-08T11:51:09","slug":"service","status":"publish","type":"page","link":"https:\/\/webs.uab.cat\/carmefont\/service\/","title":{"rendered":"Service"},"content":{"rendered":"\n<p><strong>Editorial Boards&nbsp;<\/strong><\/p>\n\n\n\n<p>2023- Coordinator of the <a href=\"https:\/\/www.uab.cat\/ca\/doctorats\/filologia-anglesa\">Doctoral Program<\/a> in English Studies.<\/p>\n\n\n<div class=\"wp-block-image\">\n<figure class=\"alignleft size-full is-resized\"><img loading=\"lazy\" decoding=\"async\" width=\"424\" height=\"600\" src=\"https:\/\/webs.uab.cat\/carmefont\/wp-content\/uploads\/sites\/72\/2009\/05\/emww_leaflet_2.jpg\" alt=\"\" class=\"wp-image-362\" style=\"width:217px;height:307px\" srcset=\"https:\/\/webs.uab.cat\/carmefont\/wp-content\/uploads\/sites\/72\/2009\/05\/emww_leaflet_2.jpg 424w, https:\/\/webs.uab.cat\/carmefont\/wp-content\/uploads\/sites\/72\/2009\/05\/emww_leaflet_2-212x300.jpg 212w\" sizes=\"auto, (max-width: 424px) 100vw, 424px\" \/><\/figure>\n<\/div>\n\n\n<p>2020-. Series Editor of the <a rel=\"noreferrer noopener\" href=\"https:\/\/www.youtube.com\/watch?v=LwjM9VHiOgM\" target=\"_blank\">book series<\/a> Early Modern Women Writers in Europe: Texts, Debates, and Genealogies of Knowledge. Turnhout: Brepols.<\/p>\n\n\n\n<p>2022-. Associate Editor <em><a href=\"https:\/\/www.cambridge.org\/core\/journals\/european-review\/information\/about-this-journal\/editorial-board\">The European Review.<\/a><\/em> Cambridge University Press.<\/p>\n\n\n\n<p>2021-2026. Member of the Editorial Board of <a href=\"https:\/\/www.tandfonline.com\/action\/journalInformation?show=editorialBoard&amp;journalCode=fprs20\" target=\"_blank\" rel=\"noreferrer noopener\"><em>Prose Studies Journal<\/em><\/a>. Taylor&amp;Francis.<\/p>\n\n\n\n<p><strong>Faculty Service<\/strong><\/p>\n\n\n\n<p>2021-2026. Member of the UAB Commission on Research and Innovation. Membre titular de la Comissi\u00f3 de recerca, transfer\u00e8ncia i innovaci\u00f3.<\/p>\n\n\n\n<p>2020-. Comissi\u00f3 del M\u00e0ster en Estudis Anglesos Avan\u00e7ats. Coordination of the Literature Section &amp; TFM Coordination. Departament de Filologia Anglesa, Universitat Aut\u00f2noma de Barcelona.<\/p>\n\n\n\n<p>2017-. Third-year subjects coodinator. Departament de Filologia Anglesa. Universitat Aut\u00f2noma de Barcelona.<\/p>\n\n\n<div class=\"wp-block-image\">\n<figure class=\"alignright size-medium\"><img loading=\"lazy\" decoding=\"async\" width=\"211\" height=\"300\" src=\"https:\/\/webs.uab.cat\/carmefont\/wp-content\/uploads\/sites\/72\/2021\/08\/Prose-Studies-211x300.jpg\" alt=\"Prose Studies\" class=\"wp-image-102\" srcset=\"https:\/\/webs.uab.cat\/carmefont\/wp-content\/uploads\/sites\/72\/2021\/08\/Prose-Studies-211x300.jpg 211w, https:\/\/webs.uab.cat\/carmefont\/wp-content\/uploads\/sites\/72\/2021\/08\/Prose-Studies.jpg 500w\" sizes=\"auto, (max-width: 211px) 100vw, 211px\" \/><\/figure>\n<\/div>\n\n\n<p>2014-2016. First-year subjects coodinator. Departament de Filologia Anglesa. Universitat Aut\u00f2noma de Barcelona.<\/p>\n\n\n\n<p>2014-2016. Undergraduate Student Advisor Erasmus Coordinator (in-going students), Departament de Filologia Anglesa. Universitat Aut\u00f2noma de Barcelona.<\/p>\n\n\n\n<p>2014-. Service as member of&nbsp;MA evaluation committees. Master d&#8217;Estudis Anglesos Avan\u00e7ats. Departament de Filologia Anglesa. Universitat Aut\u00f2noma de Barcelona.<\/p>\n\n\n\n<p>2015-2017. Service as member of MA evaluation committees. Facultad de Educaci\u00f3n. Universidad Internacional de La Rioja.<\/p>\n\n\n\n<p><strong>Comissions of Trust&nbsp;<\/strong><\/p>\n\n\n<div class=\"wp-block-image\">\n<figure class=\"alignleft\"><img loading=\"lazy\" decoding=\"async\" width=\"150\" height=\"150\" src=\"https:\/\/webs.uab.cat\/carmefont\/wp-content\/uploads\/sites\/72\/2021\/08\/YAE-Logo-150x150.png\" alt=\"YAE Logo\" class=\"wp-image-103\" srcset=\"https:\/\/webs.uab.cat\/carmefont\/wp-content\/uploads\/sites\/72\/2021\/08\/YAE-Logo-150x150.png 150w, https:\/\/webs.uab.cat\/carmefont\/wp-content\/uploads\/sites\/72\/2021\/08\/YAE-Logo.png 240w\" sizes=\"auto, (max-width: 150px) 100vw, 150px\" \/><\/figure>\n<\/div>\n\n\n<p>2019-2024. Member of YAE (Young Academy of Europe). Working in Gender and Inclusion commission.<\/p>\n\n\n\n<p>2017-, I sit at The New Historia Scholars Council, team &#8220;Women and the struggle for inclusion&#8221;. The New School University, New York. Director: Gina Luria Walker.<\/p>\n\n\n\n<p>2017-, I am a member of the Institut d\u2019Estudis Medievals (IEM, UAB, Institut d\u2019Estudis Catalans).<\/p>\n\n\n\n<p>I have reviewed for&nbsp;the following refereed journals:<\/p>\n\n\n\n<ul class=\"wp-block-list\">\n<li>SEDERI Journal of the Spanish and Portuguese Society for English Renaissance Studies.<\/li>\n\n\n\n<li>Cogent Humanities, Taylor &amp; Francis Group.<\/li>\n\n\n\n<li>JES, Journal of English Studies.<\/li>\n\n\n\n<li>Prose Studies, Taylor&amp; Francis Group.<\/li>\n<\/ul>\n\n\n\n<p>Member of organizing and scientific committees for conferences (other than those for Project WINK):<\/p>\n\n\n\n<ul class=\"wp-block-list\">\n<li>&#8220;Simposio internacional \u00bfC\u00f3mo ser escritora? G\u00e9nero y autoridad en el campo literario contempor\u00e1neo&#8221;. Universidad de Alcal\u00e1, 28-20 October, 2020. online.<\/li>\n\n\n\n<li>&#8220;IV Congreso Internacional Los Textos del Cuerpo y Autor\u00edas Encarnadas\u201d, 16-18 April 2018, UAB.<\/li>\n\n\n\n<li>&#8220;Asyras 2017&#8221;, Association of Young Researchers on Anglophone Studies, 25-27 January 2017, UAB.<\/li>\n\n\n\n<li>&#8220;III Jornada Internacional sobre Traducci\u00f3: el Rostre del Traductor&#8221;, 2 December 2016, UAB-UPF.<\/li>\n\n\n\n<li>&#8220;Dante Visualizatto\u201d, 20-22 May 2015, UB-UAB, and&nbsp;22-24 August, UCLA-Getty.<\/li>\n<\/ul>\n\n\n\n<p>Co-organizer, with Joan Curbet, of the four-week exhibit on Catalan translations of Shakespeare\u2019s plays: <a href=\"https:\/\/www.bnc.cat\/Visita-ns\/Exposicions\/Shakespeare-entre-nosaltres\" target=\"_blank\" rel=\"noreferrer noopener\">Shakespeare entre nosaltres<\/a>, at Biblioteca de Catalunya. 13&nbsp;April-14&nbsp;May, 2016.<\/p>\n\n\n\n<div class=\"wp-block-media-text is-stacked-on-mobile\" style=\"grid-template-columns:59% auto\"><figure class=\"wp-block-media-text__media\"><a href=\"https:\/\/www.youtube.com\/watch?v=DARUZ-KpB7Y\" target=\"_blank\" rel=\"noreferrer noopener\"><img loading=\"lazy\" decoding=\"async\" width=\"1024\" height=\"573\" src=\"https:\/\/webs.uab.cat\/carmefont\/wp-content\/uploads\/sites\/72\/2021\/08\/Shakespeare-Video-Image-1024x573.jpg\" alt=\"Shakespeare Video\" class=\"wp-image-105 size-full\" srcset=\"https:\/\/webs.uab.cat\/carmefont\/wp-content\/uploads\/sites\/72\/2021\/08\/Shakespeare-Video-Image-1024x573.jpg 1024w, https:\/\/webs.uab.cat\/carmefont\/wp-content\/uploads\/sites\/72\/2021\/08\/Shakespeare-Video-Image-300x168.jpg 300w, https:\/\/webs.uab.cat\/carmefont\/wp-content\/uploads\/sites\/72\/2021\/08\/Shakespeare-Video-Image-768x430.jpg 768w, https:\/\/webs.uab.cat\/carmefont\/wp-content\/uploads\/sites\/72\/2021\/08\/Shakespeare-Video-Image-1200x672.jpg 1200w, https:\/\/webs.uab.cat\/carmefont\/wp-content\/uploads\/sites\/72\/2021\/08\/Shakespeare-Video-Image.jpg 1500w\" sizes=\"auto, (max-width: 1024px) 100vw, 1024px\" \/><\/a><\/figure><div class=\"wp-block-media-text__content\">\n<p class=\"has-text-align-center has-small-font-size\">Click on image for Video Clip<\/p>\n<\/div><\/div>\n","protected":false},"excerpt":{"rendered":"<p>Editorial Boards&nbsp; 2023- Coordinator of the Doctoral Program in English Studies. 2020-. Series Editor of the book series Early Modern Women Writers in Europe: Texts, Debates, and Genealogies of Knowledge. Turnhout: Brepols. 2022-. Associate Editor The European Review. Cambridge University Press. 2021-2026. Member of the Editorial Board of Prose Studies Journal. Taylor&amp;Francis. Faculty Service 2021-2026. [&hellip;]<\/p>\n","protected":false},"author":47,"featured_media":0,"parent":0,"menu_order":0,"comment_status":"closed","ping_status":"closed","template":"template-fullwidth.php","meta":{"footnotes":""},"class_list":["post-106","page","type-page","status-publish","hentry"],"_links":{"self":[{"href":"https:\/\/webs.uab.cat\/carmefont\/wp-json\/wp\/v2\/pages\/106","targetHints":{"allow":["GET"]}}],"collection":[{"href":"https:\/\/webs.uab.cat\/carmefont\/wp-json\/wp\/v2\/pages"}],"about":[{"href":"https:\/\/webs.uab.cat\/carmefont\/wp-json\/wp\/v2\/types\/page"}],"author":[{"embeddable":true,"href":"https:\/\/webs.uab.cat\/carmefont\/wp-json\/wp\/v2\/users\/47"}],"replies":[{"embeddable":true,"href":"https:\/\/webs.uab.cat\/carmefont\/wp-json\/wp\/v2\/comments?post=106"}],"version-history":[{"count":11,"href":"https:\/\/webs.uab.cat\/carmefont\/wp-json\/wp\/v2\/pages\/106\/revisions"}],"predecessor-version":[{"id":516,"href":"https:\/\/webs.uab.cat\/carmefont\/wp-json\/wp\/v2\/pages\/106\/revisions\/516"}],"wp:attachment":[{"href":"https:\/\/webs.uab.cat\/carmefont\/wp-json\/wp\/v2\/media?parent=106"}],"curies":[{"name":"wp","href":"https:\/\/api.w.org\/{rel}","templated":true}]}}