{"id":75,"date":"2021-08-15T12:30:24","date_gmt":"2021-08-15T10:30:24","guid":{"rendered":"https:\/\/blogs.uab.cat\/carmefont\/?page_id=75"},"modified":"2026-03-08T14:26:53","modified_gmt":"2026-03-08T12:26:53","slug":"grants-and-research-projects","status":"publish","type":"page","link":"https:\/\/webs.uab.cat\/carmefont\/grants-and-research-projects\/","title":{"rendered":"Grants and Research Projects"},"content":{"rendered":"<div class=\"wp-block-image\">\n<figure class=\"alignright is-resized\"><img loading=\"lazy\" decoding=\"async\" width=\"150\" height=\"150\" src=\"https:\/\/webs.uab.cat\/carmefont\/wp-content\/uploads\/sites\/72\/2021\/06\/logo_erc_0-150x150.jpg\" alt=\"ERC icon\" class=\"wp-image-20\" style=\"width:160px;height:160px\" srcset=\"https:\/\/webs.uab.cat\/carmefont\/wp-content\/uploads\/sites\/72\/2021\/06\/logo_erc_0-150x150.jpg 150w, https:\/\/webs.uab.cat\/carmefont\/wp-content\/uploads\/sites\/72\/2021\/06\/logo_erc_0-300x300.jpg 300w, https:\/\/webs.uab.cat\/carmefont\/wp-content\/uploads\/sites\/72\/2021\/06\/logo_erc_0.jpg 400w\" sizes=\"auto, (max-width: 150px) 100vw, 150px\" \/><\/figure>\n<\/div>\n\n\n<p><strong>Funded Research Project Grants (as PI)<\/strong><\/p>\n\n\n<div class=\"wp-block-image\">\n<figure class=\"alignleft size-full is-resized\"><img loading=\"lazy\" decoding=\"async\" width=\"567\" height=\"104\" src=\"https:\/\/webs.uab.cat\/carmefont\/wp-content\/uploads\/sites\/72\/2025\/12\/Logo-Ministerio.png\" alt=\"\" class=\"wp-image-484\" style=\"width:243px;height:auto\" srcset=\"https:\/\/webs.uab.cat\/carmefont\/wp-content\/uploads\/sites\/72\/2025\/12\/Logo-Ministerio.png 567w, https:\/\/webs.uab.cat\/carmefont\/wp-content\/uploads\/sites\/72\/2025\/12\/Logo-Ministerio-300x55.png 300w\" sizes=\"auto, (max-width: 567px) 100vw, 567px\" \/><\/figure>\n<\/div>\n\n\n<p>Proyectos de Generaci\u00f3n de Conocimiento 2024, MICIU. &#8220;The Woman Intellectual in Early Modern Narratives of Faith and Grace (<a href=\"https:\/\/webs.uab.cat\/in-gratia\/\">IN GRATIA<\/a>)&#8221;. Referencia: PID2024-158420NB-I00. IP-2, Joan Curbet. 2025-2029. <\/p>\n\n\n\n<p>ERC-Starting&nbsp;Grant 2018 with the project <a href=\"https:\/\/www.projectwink.eu\/\" target=\"_blank\" rel=\"noopener\">WINK<\/a>, \u201cWomen\u2019s Invisible Ink: Trans-Genre Writing and the Gendering of Intellectual Value in Early Modernity\u201d. European Research Council, 2019-2024. Ref. 805436.<\/p>\n\n\n<div class=\"wp-block-image\">\n<figure class=\"alignright size-full is-resized\"><img loading=\"lazy\" decoding=\"async\" width=\"480\" height=\"201\" src=\"https:\/\/webs.uab.cat\/carmefont\/wp-content\/uploads\/sites\/72\/2022\/07\/logo-icrea.png\" alt=\"\" class=\"wp-image-251\" style=\"width:181px;height:76px\" srcset=\"https:\/\/webs.uab.cat\/carmefont\/wp-content\/uploads\/sites\/72\/2022\/07\/logo-icrea.png 480w, https:\/\/webs.uab.cat\/carmefont\/wp-content\/uploads\/sites\/72\/2022\/07\/logo-icrea-300x126.png 300w\" sizes=\"auto, (max-width: 480px) 100vw, 480px\" \/><\/figure>\n<\/div>\n\n\n<p><a rel=\"noreferrer noopener\" href=\"https:\/\/www.icrea.cat\/en\/icrea-academia\" target=\"_blank\">ICREA Academia<\/a> Award 2021. Running from 2022 to 2026. Instituci\u00f3 Catalana de Recerca i Estudis Avan\u00e7ats.<\/p>\n\n\n\n<p><a href=\"https:\/\/webs.uab.cat\/cositextualitats\/\">GRC Cos i Textualitats<\/a>: Autories i Subjectivitats en Construcci\u00f3. Grup de Recerca Consolidat, Generalitat de Catalunya, 2022-2024. Ref. 2021 SGR 00736.<\/p>\n\n\n\n<p>Feminist Cultures in Europe: History, Values, and Social Transformation (<a href=\"https:\/\/erasmus-plus.ec.europa.eu\/projects\/search\/details\/101177035\">FemE<\/a>). Jean Monnet Action, European Commission, 2024-2027. Ref. 101177035.<\/p>\n\n\n\n<p>RESPIR. Study Tents for Women and Children in Crisis Areas: Turkey. Projectes de Cooperaci\u00f3 Universit\u00e0ria per la Just\u00edcia Global. XL Convocat\u00f2ria del Fons de Solidaritat de la UAB (L\u00ednia 1). Refer\u00e8ncia: CT619484 FSXL-06 Respir. Id. Oficial: 377005323. 15\/06\/2023 &#8211; 15\/06\/2024.<\/p>\n\n\n\n<hr class=\"wp-block-separator has-alpha-channel-opacity\" \/>\n\n\n\n<p><strong>Participation in Research Projects and Groups<\/strong><\/p>\n\n\n<div class=\"wp-block-image\">\n<figure class=\"alignleft size-full is-resized\"><img loading=\"lazy\" decoding=\"async\" width=\"567\" height=\"85\" src=\"https:\/\/webs.uab.cat\/carmefont\/wp-content\/uploads\/sites\/72\/2026\/03\/Imagen1.png\" alt=\"\" class=\"wp-image-532\" style=\"aspect-ratio:6.671814671814672;width:241px;height:auto\" srcset=\"https:\/\/webs.uab.cat\/carmefont\/wp-content\/uploads\/sites\/72\/2026\/03\/Imagen1.png 567w, https:\/\/webs.uab.cat\/carmefont\/wp-content\/uploads\/sites\/72\/2026\/03\/Imagen1-300x45.png 300w\" sizes=\"auto, (max-width: 567px) 100vw, 567px\" \/><\/figure>\n<\/div>\n\n\n<p>2024-2026. Appointment as Associate Research Fellow at the Virginia Fox Stern Center for the History of the Book in the Renaissance. Department of English, Johns Hopkins University, Baltimore. <a href=\"https:\/\/sterncenter.library.jhu.edu\/stern-center-fellows\/\">https:\/\/sterncenter.library.jhu.edu\/stern-center-fellows\/<\/a><\/p>\n\n\n<div class=\"wp-block-image\">\n<figure class=\"alignleft size-full is-resized\"><img loading=\"lazy\" decoding=\"async\" width=\"510\" height=\"133\" src=\"https:\/\/webs.uab.cat\/carmefont\/wp-content\/uploads\/sites\/72\/2026\/03\/Imagen2-4.png\" alt=\"\" class=\"wp-image-537\" style=\"aspect-ratio:3.8350370109270355;width:240px;height:auto\" srcset=\"https:\/\/webs.uab.cat\/carmefont\/wp-content\/uploads\/sites\/72\/2026\/03\/Imagen2-4.png 510w, https:\/\/webs.uab.cat\/carmefont\/wp-content\/uploads\/sites\/72\/2026\/03\/Imagen2-4-300x78.png 300w\" sizes=\"auto, (max-width: 510px) 100vw, 510px\" \/><\/figure>\n<\/div>\n\n\n<p>2021-2026. Member of &#8220;La Integral Dram\u00e1tica de Lope de Vega: Textos, M\u00e9todos, Problemas, Proyecci\u00f3n&#8221;. Ministerio de Ciencia, Innovaci\u00f3n y Universidades (MICINN), PID2024-155554NB-I00. Principal Investigator (PI): Gonzalo Pont\u00f3n. Funded. <\/p>\n\n\n\n<p>2019-2021. Member of Research Project \u201cPerceptions et expressions de la spiritualit\u00e9 f\u00e9minine dans les syst\u00e8mes religieux catholiques et protestants\u201d. GIS Institut du Genre. Institut des Sciences Humaines et Sociales du CNRS. GIS-SNRS2019-Per. Principal Investigator (PIs): Laurence Lux-Sterritt and Christine Orobitg, Aix-Marseille Universit\u00e9. Funded.<\/p>\n\n\n\n<p>2016-2019. Member of Research Project &#8220;La autor\u00eda en escena: an\u00e1lisis te\u00f3rico-metodol\u00f3gico de las representaciones intermediales del cuerpo\/corpus integral&#8221;. Ministerio de Econom\u00eda, Industria y Competitividad, FFI-2015-64978P. Principal Investigator (PI): Meri Torras. Funded.<\/p>\n\n\n\n<p>2011\u2013. Member of Research Group <a href=\"https:\/\/cositextualitat.uab.cat\/?page_id=117\" target=\"_blank\" rel=\"noopener\">Cos i Textualitat<\/a>. Grup de Recerca Consolidat (2014 SGR 1316 &amp; 2017 SGR 1207). Director: Meri Torras Franc\u00e8s, UAB. Funded.<\/p>\n\n\n\n<p>2016-2019. Collaborator in NEH&nbsp;Project \u201cIntertextual Networks: Reading and Citation in Women\u2019s Writing 1450-1850\u201d, by the National Endowment of the Humanities-Northeastern University (NEH), US. NEH Inter2016. <a href=\"https:\/\/www.wwp.northeastern.edu\/\" target=\"_blank\" rel=\"noopener\">Women Writers Project<\/a> (WWP). Principal Investigator (PI): Julia Flanders, Northeastern University.&nbsp;Funded.<\/p>\n\n\n\n<p>2016-2019. Member of Network DARIAH Working Group, <em>Women Writers in History<\/em>. Research Coordinator: Suzan van Dijk,&nbsp;The Huygens Instituut, NL.<\/p>\n\n\n\n<p>2015\u2013. Member of research network EMoDiR (Early Modern Religious Dissents and Radicalism). Coordinators: Xenia von Tippelskirch and Stefano Villani, coord. Universit\u00e0 di Verona.<\/p>\n\n\n\n<p>2015-2016. Co-beneficiary in Research Project ,\u201cEnvisioning the Word: Dante and the Visual Arts 1300-1500\u201d. The Samuel H. Kress Foundation, NY. Ref. Kress_AR20151223.&nbsp;Principal Investigator (PI): Massimo Ciavolella, UCLA-CMRS. Funded.<\/p>\n\n\n\n<p>2014-2017. Member of Research Group, &#8220;Dante e l&#8217;Arte&#8221;. Grup de Recerca Reconegut (GRC) de la Generalitat de Catalunya (2014 SGR 1598). Director: Rossend Arqu\u00e9s Corominas, UAB.<\/p>\n\n\n\n<p>2009-2013. Member of COST Action ISO901 \u201cWomen Writers in History: Toward a New Understanding of European Literary Culture\u201d. Participation in Working Group 1 \u201cAuthorship models and theories\u201d. Principal Investigator (PI): Suzan van Dijk, The Huygens Instituut, NL. Funded.<\/p>\n\n\n\n<p>2009-2012. Member of Research Group &#8220;Teatresit, Teatre Comparat It\u00e0lia-Europa&#8221;. Grup de Recerca de la Generalitat de Catalunya (2009 SGR 1417). Director: Rossend Arqu\u00e9s Corominas, UAB.<\/p>\n\n\n\n<hr class=\"wp-block-separator has-alpha-channel-opacity\" \/>\n\n\n\n<p><strong>Grants and Reseach Positions<\/strong><\/p>\n\n\n<div class=\"wp-block-image\">\n<figure class=\"alignright size-full is-resized\"><img loading=\"lazy\" decoding=\"async\" width=\"870\" height=\"290\" src=\"https:\/\/webs.uab.cat\/carmefont\/wp-content\/uploads\/sites\/72\/2022\/07\/Logo_UCLA-Center-for-Early-Global-Studies-a1.png\" alt=\"\" class=\"wp-image-318\" style=\"aspect-ratio:3.0003233107015843;width:287px;height:auto\" srcset=\"https:\/\/webs.uab.cat\/carmefont\/wp-content\/uploads\/sites\/72\/2022\/07\/Logo_UCLA-Center-for-Early-Global-Studies-a1.png 870w, https:\/\/webs.uab.cat\/carmefont\/wp-content\/uploads\/sites\/72\/2022\/07\/Logo_UCLA-Center-for-Early-Global-Studies-a1-300x100.png 300w, https:\/\/webs.uab.cat\/carmefont\/wp-content\/uploads\/sites\/72\/2022\/07\/Logo_UCLA-Center-for-Early-Global-Studies-a1-768x256.png 768w\" sizes=\"auto, (max-width: 870px) 100vw, 870px\" \/><\/figure>\n<\/div>\n\n\n<p>2015\u2013. Research Associate (Faculty). CMRS Center for Early Global Studies, University of California in los Angeles (UCLA).<\/p>\n\n\n\n<p>2015-2016. Grant Co-beneficiary, Principal Investigator (PI) Massimo Ciavolella. The Samuel H. Kress Foundation. <em>Dante and the Visual Arts, <\/em>CMRS-UCLA.<\/p>\n\n\n\n<p>2013-2014. Grant. The William Andrews Clark Memorial Library, The UCLA Center for 17th- and 18th- Century Studies, Los Angeles.<\/p>\n\n\n<div class=\"wp-block-image\">\n<figure class=\"alignleft is-resized\"><img loading=\"lazy\" decoding=\"async\" width=\"300\" height=\"225\" src=\"https:\/\/webs.uab.cat\/carmefont\/wp-content\/uploads\/sites\/72\/2021\/08\/Estanteria-Antigua-300x225.jpg\" alt=\"Estanter\u00eda Antigua\" class=\"wp-image-77\" style=\"aspect-ratio:1.3333597401568564;width:243px;height:auto\" srcset=\"https:\/\/webs.uab.cat\/carmefont\/wp-content\/uploads\/sites\/72\/2021\/08\/Estanteria-Antigua-300x225.jpg 300w, https:\/\/webs.uab.cat\/carmefont\/wp-content\/uploads\/sites\/72\/2021\/08\/Estanteria-Antigua-1024x768.jpg 1024w, https:\/\/webs.uab.cat\/carmefont\/wp-content\/uploads\/sites\/72\/2021\/08\/Estanteria-Antigua-768x576.jpg 768w, https:\/\/webs.uab.cat\/carmefont\/wp-content\/uploads\/sites\/72\/2021\/08\/Estanteria-Antigua-1536x1152.jpg 1536w, https:\/\/webs.uab.cat\/carmefont\/wp-content\/uploads\/sites\/72\/2021\/08\/Estanteria-Antigua-1200x900.jpg 1200w, https:\/\/webs.uab.cat\/carmefont\/wp-content\/uploads\/sites\/72\/2021\/08\/Estanteria-Antigua-1980x1485.jpg 1980w, https:\/\/webs.uab.cat\/carmefont\/wp-content\/uploads\/sites\/72\/2021\/08\/Estanteria-Antigua.jpg 2000w\" sizes=\"auto, (max-width: 300px) 100vw, 300px\" \/><\/figure>\n<\/div>\n\n\n<p>2012-2013. Grant. Katharine F. Pantzer Jr. Fellowship in Descriptive Bibliography, Houghton Library, Harvard University.<\/p>\n\n\n\n<p>2010. Grant (3 months). Chawton House Library Visiting Fellowship, University of Southampton. Chawton House Library, Chawton, UK.<\/p>\n\n\n\n<p>2009. Grant (2 months).&nbsp;AGAUR BE: Ag\u00e8ncia de Gesti\u00f3 d\u2019Ajuts Universitaris i de Recerca, Barcelona. Research carried out at The Women Writers Project, Brown Center for Digital Scholarship. Brown University.<\/p>\n\n\n\n<p>2009. Mobilitat Erasmus Grant (2 weeks funded in a 3 month stay), Programa LLP\/Erasmus, Ajuts per estades de mobilitat docent. Universitat Aut\u00f2noma de Barcelona, Loughborough University.<\/p>\n\n\n\n<p>2011. Travel Grant for Third Training School (1&nbsp;month) with COST Action &#8220;Women Writers in History&#8221; (European Cooperation in Science and Technology ISO901) and Huygens Instituut, NL.<\/p>\n\n\n\n<p>2009-2013. Member of Teaching Innovation Group &#8220;Reading Between the Lines: Comprehensive Reading of Literary Texts in a Foreign Language&#8221;. Ag\u00e8ncia de Gesti\u00f3 d\u2019Ajuts Universitaris i de Recerca (AGAUR), Generalitat de Catalunya. Project Coordinator: Andrew Monnickendam. UAB.<\/p>\n","protected":false},"excerpt":{"rendered":"<p>Funded Research Project Grants (as PI) Proyectos de Generaci\u00f3n de Conocimiento 2024, MICIU. &#8220;The Woman Intellectual in Early Modern Narratives of Faith and Grace (IN GRATIA)&#8221;. Referencia: PID2024-158420NB-I00. IP-2, Joan Curbet. 2025-2029. ERC-Starting&nbsp;Grant 2018 with the project WINK, \u201cWomen\u2019s Invisible Ink: Trans-Genre Writing and the Gendering of Intellectual Value in Early Modernity\u201d. European Research Council, [&hellip;]<\/p>\n","protected":false},"author":47,"featured_media":0,"parent":0,"menu_order":0,"comment_status":"closed","ping_status":"closed","template":"template-fullwidth.php","meta":{"footnotes":""},"class_list":["post-75","page","type-page","status-publish","hentry"],"_links":{"self":[{"href":"https:\/\/webs.uab.cat\/carmefont\/wp-json\/wp\/v2\/pages\/75","targetHints":{"allow":["GET"]}}],"collection":[{"href":"https:\/\/webs.uab.cat\/carmefont\/wp-json\/wp\/v2\/pages"}],"about":[{"href":"https:\/\/webs.uab.cat\/carmefont\/wp-json\/wp\/v2\/types\/page"}],"author":[{"embeddable":true,"href":"https:\/\/webs.uab.cat\/carmefont\/wp-json\/wp\/v2\/users\/47"}],"replies":[{"embeddable":true,"href":"https:\/\/webs.uab.cat\/carmefont\/wp-json\/wp\/v2\/comments?post=75"}],"version-history":[{"count":23,"href":"https:\/\/webs.uab.cat\/carmefont\/wp-json\/wp\/v2\/pages\/75\/revisions"}],"predecessor-version":[{"id":538,"href":"https:\/\/webs.uab.cat\/carmefont\/wp-json\/wp\/v2\/pages\/75\/revisions\/538"}],"wp:attachment":[{"href":"https:\/\/webs.uab.cat\/carmefont\/wp-json\/wp\/v2\/media?parent=75"}],"curies":[{"name":"wp","href":"https:\/\/api.w.org\/{rel}","templated":true}]}}