{"id":95,"date":"2021-08-15T22:23:59","date_gmt":"2021-08-15T20:23:59","guid":{"rendered":"https:\/\/blogs.uab.cat\/carmefont\/?page_id=95"},"modified":"2026-03-08T14:05:43","modified_gmt":"2026-03-08T12:05:43","slug":"teaching","status":"publish","type":"page","link":"https:\/\/webs.uab.cat\/carmefont\/teaching\/","title":{"rendered":"Teaching"},"content":{"rendered":"<div class=\"wp-block-image\">\n<figure class=\"alignright\"><img loading=\"lazy\" decoding=\"async\" width=\"199\" height=\"300\" src=\"https:\/\/webs.uab.cat\/carmefont\/wp-content\/uploads\/sites\/72\/2021\/08\/Manos-Arbol-199x300.jpg\" alt=\"Manos \u00c1rbol\" class=\"wp-image-97\" srcset=\"https:\/\/webs.uab.cat\/carmefont\/wp-content\/uploads\/sites\/72\/2021\/08\/Manos-Arbol-199x300.jpg 199w, https:\/\/webs.uab.cat\/carmefont\/wp-content\/uploads\/sites\/72\/2021\/08\/Manos-Arbol-678x1024.jpg 678w, https:\/\/webs.uab.cat\/carmefont\/wp-content\/uploads\/sites\/72\/2021\/08\/Manos-Arbol-768x1159.jpg 768w, https:\/\/webs.uab.cat\/carmefont\/wp-content\/uploads\/sites\/72\/2021\/08\/Manos-Arbol-1018x1536.jpg 1018w, https:\/\/webs.uab.cat\/carmefont\/wp-content\/uploads\/sites\/72\/2021\/08\/Manos-Arbol-1357x2048.jpg 1357w, https:\/\/webs.uab.cat\/carmefont\/wp-content\/uploads\/sites\/72\/2021\/08\/Manos-Arbol-1200x1811.jpg 1200w, https:\/\/webs.uab.cat\/carmefont\/wp-content\/uploads\/sites\/72\/2021\/08\/Manos-Arbol.jpg 1500w\" sizes=\"auto, (max-width: 199px) 100vw, 199px\" \/><\/figure>\n<\/div>\n\n\n<p>I have been Lecturer of English Literature in the Department de Filologia Anglesa i de German\u00edstica&nbsp;at the Universitat Aut\u00f2noma de Barcelona since 2005. As I understand it, university teaching and research enhance one another in ways that can engage students at all levels, both graduate and undergraduate.<\/p>\n\n\n\n<p>Over the years, and in different capacities at UAB and other universities,&nbsp;I have taught English, contemporary British fiction, Early Modern Women&#8217;s Poetry, Shakespeare, Medieval and Renaissance Literature, and the Eighteenth century.<br>I teach the following subjects in the academic year 2025-26:<\/p>\n\n\n\n<p>MA and Degree Practicum FemE and Body and Textualities.<\/p>\n\n\n\n<p><a href=\"https:\/\/webs.uab.cat\/carmefont\/supervision\/\" data-type=\"page\" data-id=\"91\">PhD Supervision<br>MA&nbsp;Supervision<\/a><br><a href=\"https:\/\/webs.uab.cat\/carmefont\/supervision\/\" data-type=\"page\" data-id=\"91\">TFG Supervision<\/a> (Degree Paper)<\/p>\n\n\n\n<p>MA en Literatura comparada: Estudis Literaris i culturals<\/p>\n\n\n\n<p>42316. Literatura comparada: tradicions liter\u00e0ries. Reescrituras feministas de Don Quijote &#8211; El Quijote en la genealog\u00eda de la ficci\u00f3n feminista: de Charlotte Lennox y Tabitha Tenney a Doris Lessing y Siri Hustvedt.<\/p>\n\n\n\n<p>Office hours: Wednesday&nbsp;(11:00-13:00); Tuesday&nbsp;and Thursday (12:00-14:00, by appointment). Online tutorials by appointment.<\/p>\n","protected":false},"excerpt":{"rendered":"<p>I have been Lecturer of English Literature in the Department de Filologia Anglesa i de German\u00edstica&nbsp;at the Universitat Aut\u00f2noma de Barcelona since 2005. As I understand it, university teaching and research enhance one another in ways that can engage students at all levels, both graduate and undergraduate. Over the years, and in different capacities at [&hellip;]<\/p>\n","protected":false},"author":47,"featured_media":0,"parent":0,"menu_order":0,"comment_status":"closed","ping_status":"closed","template":"template-fullwidth.php","meta":{"footnotes":""},"class_list":["post-95","page","type-page","status-publish","hentry"],"_links":{"self":[{"href":"https:\/\/webs.uab.cat\/carmefont\/wp-json\/wp\/v2\/pages\/95","targetHints":{"allow":["GET"]}}],"collection":[{"href":"https:\/\/webs.uab.cat\/carmefont\/wp-json\/wp\/v2\/pages"}],"about":[{"href":"https:\/\/webs.uab.cat\/carmefont\/wp-json\/wp\/v2\/types\/page"}],"author":[{"embeddable":true,"href":"https:\/\/webs.uab.cat\/carmefont\/wp-json\/wp\/v2\/users\/47"}],"replies":[{"embeddable":true,"href":"https:\/\/webs.uab.cat\/carmefont\/wp-json\/wp\/v2\/comments?post=95"}],"version-history":[{"count":7,"href":"https:\/\/webs.uab.cat\/carmefont\/wp-json\/wp\/v2\/pages\/95\/revisions"}],"predecessor-version":[{"id":523,"href":"https:\/\/webs.uab.cat\/carmefont\/wp-json\/wp\/v2\/pages\/95\/revisions\/523"}],"wp:attachment":[{"href":"https:\/\/webs.uab.cat\/carmefont\/wp-json\/wp\/v2\/media?parent=95"}],"curies":[{"name":"wp","href":"https:\/\/api.w.org\/{rel}","templated":true}]}}