{"id":21,"date":"2019-11-13T22:49:19","date_gmt":"2019-11-13T22:49:19","guid":{"rendered":"https:\/\/webs.uab.cat\/carmemangiron\/research-3\/"},"modified":"2026-01-27T11:41:07","modified_gmt":"2026-01-27T11:41:07","slug":"research-3","status":"publish","type":"page","link":"https:\/\/webs.uab.cat\/carmemangiron\/research-3\/","title":{"rendered":"Research"},"content":{"rendered":"\n<h2 class=\"wp-block-heading\"><strong>Research<\/strong><\/h2>\n\n\n\n<p>Member of the consolidated research group&nbsp;<a href=\"https:\/\/grupsderecerca.uab.cat\/transmedia\/\" target=\"_blank\" rel=\"noopener\">TransMedia Catalonia<\/a>&nbsp;&nbsp;(2017SGR113) since 2009.<\/p>\n\n\n\n<p>Adjunct member of the <a href=\"https:\/\/ctts.ie\/members\/\">Centre for Translation and Textual Studies<\/a> at Dublin City University since 2011.<\/p>\n\n\n\n<h2 class=\"wp-block-heading\"><strong>Participation in&nbsp;funded research projects<\/strong><\/h2>\n\n\n\n<p><a href=\"https:\/\/webs.uab.cat\/wel\/en\/\" data-type=\"link\" data-id=\"https:\/\/webs.uab.cat\/wel\/en\/\" target=\"_blank\" rel=\"noreferrer noopener\">WEL<\/a> (From written to oral texts in Easy Language: easy audios in cultural visits and video games). Ministerio de Ciencia, Innovaci\u00f3n y Universidades de Espa\u00f1a, PID2022-137058NB-I00. PIs: Carme Mangiron &amp; Anna Matamala, 2023-2026.<\/p>\n\n\n\n<p><a href=\"https:\/\/portalrecerca.uab.cat\/ca\/projects\/inclusivrity-empowering-secondary-teachers-with-vr-technologies-t\/\" data-type=\"link\" data-id=\"https:\/\/portalrecerca.uab.cat\/ca\/projects\/inclusivrity-empowering-secondary-teachers-with-vr-technologies-t\/\">InclusiVRity<\/a>: Empowering secondary teachers with VR technologies to foster a more inclusive environment for neurodiverse students. Education Audiovisual and Culture Executive Agency (EACEA), 2024-1-ES01-KA220-SCH-000246239, 25-27.<\/p>\n\n\n\n\n\n<p><a href=\"https:\/\/www.edf-feph.org\/projects\/athena-bringing-accessibility-and-design-for-all-into-higher-education-curricula\/\" target=\"_blank\" rel=\"noreferrer noopener\">ATHENA<\/a>: Bringing Accessibility and Design for All into Higher Education Curricula. Education Audiovisual and Culture Executive Agency (EACEA), European Commission, 2023-2025<\/p>\n\n\n\n<p>AD4Games: Can audio description make video gaming possible for blind and partially sighted players? University of Bristol, PI: Xiaochun Zhang, 2022-2023<\/p>\n\n\n\n<p><a href=\"https:\/\/pagines.uab.cat\/rad\/\" target=\"_blank\" rel=\"noopener\">RAD<\/a>&nbsp;(Researching Audio Description: Translation, Delivery and New Scenarios). Ministerio de Ciencia e Innovaci\u00f3n, PGC2018-096566-B-I00. PIs: Carme Mangiron &amp; Anna Matamala (UAB). 2019-2022.<\/p>\n\n\n\n<p><a href=\"https:\/\/pagines.uab.cat\/easit\/en\">EASIT<\/a> (Easy Access for Social Inclusion). Erasmus + Strategic partnerships, 2018-1-ES01-KA203-05275. PI: Anna Matamala. 2018-2021.<\/p>\n\n\n\n<p><a href=\"https:\/\/adlabpro.wordpress.com\/\" target=\"_blank\" rel=\"noopener\">ADLAB PRO<\/a>&nbsp;(Audio Description: A Laboratory for the Development of a New Professional Profile).&nbsp;Erasmus + Strategic Partnerships for Higher Education, 2016-1-IT02-K203-024311. PI: Elisa Perego (Univ. Trieste). 2016-2019.<\/p>\n\n\n\n<p><a href=\"https:\/\/pagines.uab.cat\/sastv\/\" target=\"_blank\" rel=\"noopener\">SASTV<\/a>. Serveis d&#8217;accessibilitat sensorial a les televisions catalanes: situaci\u00f3 actual, necessitats i propostes de futur. PI: Sara Rovira (UAB). 2017-2018. XI Convocat\u00f2ria per a la concessi\u00f3 d&#8217;ajuts a projectes de recerca sobre comunicaci\u00f3 audiovisual del Consell de l&#8217;Audiovisual de Catalunya (CAC) 2017.<\/p>\n\n\n\n<p>Red Espa\u00f1ola de Excelencia sobre I+D+ I Ciencia para videojuegos. PI: Antonio J. Fern\u00e1ndez Leiva (Universidad de M\u00e1laga). TIN2016-82007-REDT. 2017-2019.<\/p>\n\n\n\n<p><a href=\"https:\/\/www.hbb4all.eu\/\" target=\"_blank\" rel=\"noopener\">HBB4ALL&nbsp;<\/a>(Hybrid Broadcast Broadband For ALL).&nbsp;European Commission, FP7&nbsp;CIP-ICT-PSP.2013.5.1 #&nbsp;621014. PI: Pilar Orero (UAB). 2013-2106.<\/p>\n\n\n\n<p>Subtitulado para sordos y audiodescripci\u00f3n: nuevos formatos. Ministerio de Ciencia e Innovaci\u00f3n, FFI2012-39056-C02-01. PI: Pilar Orero (UAB), 2013 &#8211; 2015&nbsp;<\/p>\n\n\n\n<p>Tecnologies per a l&#8217;accessibilitat. Estrat\u00e8gies d&#8217;automatitzaci\u00f3 de la traducci\u00f3 i la locuci\u00f3 d&#8217;audiodescripcions.<strong>&nbsp;<\/strong>Aposta Prize 2011-010. 2011-2013. PI: Anna Matamala (UAB).&nbsp;<\/p>\n\n\n\n<p>La subtitulaci\u00f3n para sordos y la audiodescripci\u00f3n: pruebas objetivas y planes de futuro<em>.&nbsp;<\/em>Ministerio de Ciencia e Innovaci\u00f3n, FFI2009-0827, 2009-2012. PI&nbsp;:Pilar Orero (UAB).<\/p>\n\n\n\n<p>LAIA-CAT. Institut Catal\u00e0 de la Dona, ref. U-25\/10, 2010-2011. PI: Dra. Pilar Orero (UAB).<\/p>\n\n\n\n<p>SS\/AD. La subtitulaci\u00f3n para sordos y la audiodescripci\u00f3n: primeras aproximaciones cient\u00edficas y su aplicaci\u00f3n. Ministerio de Ciencia y Tecnolog\u00eda, HUM2006-03653FILO, 2006-2009. PI: Pilar Orero (UAB).<\/p>\n","protected":false},"excerpt":{"rendered":"<p>Research Member of the consolidated research group&nbsp;TransMedia Catalonia&nbsp;&nbsp;(2017SGR113) since 2009. Adjunct member of the Centre for Translation and Textual Studies at Dublin City University since 2011. Participation in&nbsp;funded research projects WEL (From written to oral texts in Easy Language: easy audios in cultural visits and video games). Ministerio de Ciencia, Innovaci\u00f3n y Universidades de Espa\u00f1a, [&hellip;]<\/p>\n","protected":false},"author":20,"featured_media":0,"parent":0,"menu_order":0,"comment_status":"closed","ping_status":"closed","template":"","meta":{"footnotes":""},"class_list":["post-21","page","type-page","status-publish","hentry"],"_links":{"self":[{"href":"https:\/\/webs.uab.cat\/carmemangiron\/wp-json\/wp\/v2\/pages\/21","targetHints":{"allow":["GET"]}}],"collection":[{"href":"https:\/\/webs.uab.cat\/carmemangiron\/wp-json\/wp\/v2\/pages"}],"about":[{"href":"https:\/\/webs.uab.cat\/carmemangiron\/wp-json\/wp\/v2\/types\/page"}],"author":[{"embeddable":true,"href":"https:\/\/webs.uab.cat\/carmemangiron\/wp-json\/wp\/v2\/users\/20"}],"replies":[{"embeddable":true,"href":"https:\/\/webs.uab.cat\/carmemangiron\/wp-json\/wp\/v2\/comments?post=21"}],"version-history":[{"count":8,"href":"https:\/\/webs.uab.cat\/carmemangiron\/wp-json\/wp\/v2\/pages\/21\/revisions"}],"predecessor-version":[{"id":278,"href":"https:\/\/webs.uab.cat\/carmemangiron\/wp-json\/wp\/v2\/pages\/21\/revisions\/278"}],"wp:attachment":[{"href":"https:\/\/webs.uab.cat\/carmemangiron\/wp-json\/wp\/v2\/media?parent=21"}],"curies":[{"name":"wp","href":"https:\/\/api.w.org\/{rel}","templated":true}]}}