{"id":15,"date":"2023-12-19T10:39:27","date_gmt":"2023-12-19T08:39:27","guid":{"rendered":"https:\/\/webs.uab.cat\/carreradual\/?page_id=15"},"modified":"2025-07-29T12:10:47","modified_gmt":"2025-07-29T10:10:47","slug":"formacion","status":"publish","type":"page","link":"https:\/\/webs.uab.cat\/carreradual\/formacion\/","title":{"rendered":"FORMATE EN CARRERA DUAL"},"content":{"rendered":"\n<div class=\"wp-block-media-text alignfull is-stacked-on-mobile\" style=\"grid-template-columns:41% auto\"><figure class=\"wp-block-media-text__media\"><img loading=\"lazy\" decoding=\"async\" width=\"1024\" height=\"683\" src=\"https:\/\/webs.uab.cat\/carreradual\/wp-content\/uploads\/sites\/525\/2024\/02\/pexels-startup-stock-photos-7096-1024x683.jpg\" alt=\"\" class=\"wp-image-142 size-full\" srcset=\"https:\/\/webs.uab.cat\/carreradual\/wp-content\/uploads\/sites\/525\/2024\/02\/pexels-startup-stock-photos-7096-1024x683.jpg 1024w, https:\/\/webs.uab.cat\/carreradual\/wp-content\/uploads\/sites\/525\/2024\/02\/pexels-startup-stock-photos-7096-300x200.jpg 300w, https:\/\/webs.uab.cat\/carreradual\/wp-content\/uploads\/sites\/525\/2024\/02\/pexels-startup-stock-photos-7096-768x512.jpg 768w, https:\/\/webs.uab.cat\/carreradual\/wp-content\/uploads\/sites\/525\/2024\/02\/pexels-startup-stock-photos-7096-1536x1024.jpg 1536w, https:\/\/webs.uab.cat\/carreradual\/wp-content\/uploads\/sites\/525\/2024\/02\/pexels-startup-stock-photos-7096-2048x1365.jpg 2048w, https:\/\/webs.uab.cat\/carreradual\/wp-content\/uploads\/sites\/525\/2024\/02\/pexels-startup-stock-photos-7096-1200x800.jpg 1200w, https:\/\/webs.uab.cat\/carreradual\/wp-content\/uploads\/sites\/525\/2024\/02\/pexels-startup-stock-photos-7096-1980x1320.jpg 1980w\" sizes=\"auto, (max-width: 1024px) 100vw, 1024px\" \/><\/figure><div class=\"wp-block-media-text__content\">\n<p class=\"has-large-font-size\"><strong>Un gestor de carrera dual es el profesional entiende al deportista de manera hol\u00edstica, reconociendo todos los \u00e1mbitos en los que se desarrolla. El asesoramiento de carrera deportiva es una nueva profesi\u00f3n en el mundo del deporte que requiere una formaci\u00f3n espec\u00edfica con visi\u00f3n integral. <\/strong><\/p>\n\n\n\n<p class=\"has-normal-font-size\">\u00bfQuieres formarte como gestor o asesor en carrera dual de deportistas?<\/p>\n\n\n\n<p>Descubre que programa formativos existen en las universidades espa\u00f1olas que pueden formarte en este perfil profesional y los contenidos sobre carrera dual en programas.<\/p>\n<\/div><\/div>\n\n\n\n<details class=\"wp-block-mamaduka-toggles wp-block-toggles\"><summary><strong>Programas de formaci\u00f3n<\/strong><\/summary><div class=\"wp-block-toggles__content\">\n<p class=\"has-text-align-left\">Consulta aqu\u00ed el listado de programas de formaci\u00f3n dirigidos a profesionales que trabajan en el acompa\u00f1amiento de deportistas en su carrera dual. Estas iniciativas, desarrolladas en diferentes puntos del territorio espa\u00f1ol, ofrecen herramientas pr\u00e1cticas y actualizadas para apoyar la compatibilidad entre la carrera deportiva y el desarrollo acad\u00e9mico o profesional.<\/p>\n\n\n\n<ul class=\"wp-block-list\">\n<li><strong>Instituto Nacional de Educaci\u00f3n F\u00edsica de Catalu\u00f1a<\/strong> (<a href=\"https:\/\/inefc.gencat.cat\/ca\/inici\/index.html\" data-type=\"link\" data-id=\"https:\/\/inefc.gencat.cat\/ca\/inici\/index.html\">web<\/a>)\n<ul class=\"wp-block-list\">\n<li><a href=\"https:\/\/inefc.gencat.cat\/es\/inefc\/estudiar_a_inefc\/grau_ciencies_activitat_fisica_i_esport\/index.html\">Grado en Ciencias de la Actividad F\u00edsica y el Deporte (CAFE)<\/a><\/li>\n\n\n\n<li><a href=\"https:\/\/doblegrauprimariacienciesesport.udl.cat\/ca\/pla-formatiu\/pla-estudis-guies-docents\/\">Doble grado en Educaci\u00f3n Primaria y CAFE <\/a><\/li>\n\n\n\n<li><a href=\"https:\/\/cafe-fisio.udl.cat\/ca\/pla-formatiu\/pla-estudis-guies-docents\/\">Doble grado en Fisioterapia y CAFE<\/a> <\/li>\n\n\n\n<li><a href=\"https:\/\/inefc.gencat.cat\/ca\/inefc\/estudiar_a_inefc\/masters-postgraus\/master-retan\/pla-estudis\/\">M\u00e1ster en Rendimiento Deportivo: Tecnificaci\u00f3n y Alto Nivel<\/a>\u00a0 <\/li>\n\n\n\n<li><a href=\"https:\/\/inefc.gencat.cat\/ca\/inefc\/estudiar_a_inefc\/masters-postgraus\/master-mafis\/pla-estudis\/\">M\u00e1ster en Actividad F\u00edsica y Salud <\/a><\/li>\n\n\n\n<li><a href=\"https:\/\/inefc.gencat.cat\/ca\/inefc\/estudiar_a_inefc\/masters-postgraus\/master-director-esportiu\/pla-formatiu\/\">M\u00e1ster en Direcci\u00f3n Deportiva<\/a><\/li>\n\n\n\n<li><a href=\"https:\/\/inefc.gencat.cat\/ca\/inefc\/estudiar_a_inefc\/masters-postgraus\/master-gestio-esportiva\/\">M\u00e1ster Universitario en Gesti\u00f3n Deportiva<\/a><\/li>\n\n\n\n<li><a href=\"https:\/\/web.ub.edu\/ca\/web\/estudis\/w\/masteruniversitari-M2002\">M\u00e1ster en Formaci\u00f3n de Profesorado ESO y Bachillerato, Formaci\u00f3n  Profesional\u00a0 <\/a><\/li>\n\n\n\n<li><a href=\"https:\/\/web.ub.edu\/ca\/web\/estudis\/w\/masteruniversitari-M2606\">M\u00e1ster en Actividad F\u00edsica y Educaci\u00f3n<\/a><br><\/li>\n<\/ul>\n<\/li>\n\n\n\n<li><strong>Universidad de Barcelona<\/strong>\n<ul class=\"wp-block-list\">\n<li><a href=\"https:\/\/www.ub.edu\/futurs\/tots-els-graus\/mestre-deducacio-primaria\">Grado en Educaci\u00f3n Primaria<\/a><\/li>\n\n\n\n<li><a href=\"https:\/\/www.ub.edu\/futurs\/tots-els-graus\/psicologia\">Grado en Psicolog\u00eda<\/a><br><\/li>\n<\/ul>\n<\/li>\n\n\n\n<li><strong>Universitat Aut\u00f2noma de Barcelona<\/strong>\n<ul class=\"wp-block-list\">\n<li><a href=\"https:\/\/www.uab.cat\/web\/estudiar\/llistat-de-graus\/informacio-general\/psicologia-1216708251447.html?param1=1264404718805\">Grado en Psicolog\u00eda<\/a><\/li>\n\n\n\n<li><a href=\"https:\/\/www.uab.cat\/web\/estudiar\/llistat-de-graus\/pla-d-estudis\/guies-docents\/educacio-primaria-1345467811508.html?param1=1229413437355\">Grado en Educaci\u00f3n Primaria<\/a><\/li>\n\n\n\n<li><a href=\"https:\/\/www.uab.cat\/web\/estudiar\/l-oferta-de-masters-oficials\/informacio-general\/psicologia-de-l-esport-i-de-l-activitat-fisica-1096480139517.html?param1=1345716414354\">M\u00e1ster en Psicolog\u00eda del  Deporte y de la Actividad F\u00edsica<\/a><br><\/li>\n<\/ul>\n<\/li>\n\n\n\n<li><strong>Universitat Oberta de Catalunya<\/strong>\n<ul class=\"wp-block-list\">\n<li><a href=\"https:\/\/www.uoc.edu\/ca\/estudis\/graus\/grau-psicologia-landmkt\">Grado Online de Psicolog\u00eda<\/a><\/li>\n\n\n\n<li><a href=\"https:\/\/www.uoc.edu\/ca\/estudis\/graus\/grau-educacio-primaria-landmkt\">Grado Online en Educaci\u00f3n Primaria<\/a><br><\/li>\n<\/ul>\n<\/li>\n\n\n\n<li>Universitat Ramon Llull\n<ul class=\"wp-block-list\">\n<li><a href=\"https:\/\/www.blanquerna.edu\/ca\/doble-grau-en-ciencies-de-lactivitat-fisica-i-de-lesport-i-fisioterapia\">Doble Grado en CAFE + Fisioterapia<\/a><\/li>\n\n\n\n<li><a href=\"https:\/\/www.blanquerna.edu\/ca\/doble-grau-en-educacio-i-psicologia\">Doble Grado en Educaci\u00f3n Infantil + Psicolog\u00eda<\/a><\/li>\n\n\n\n<li><a href=\"https:\/\/www.blanquerna.edu\/ca\/doble-grau-en-educacio-primaria-i-en-ciencies-de-lactivitat-fisica-i-de-lesport\">Doble Grado en Educaci\u00f3n Primaria+ CAFE<\/a><\/li>\n\n\n\n<li><a href=\"https:\/\/www.blanquerna.edu\/ca\/doble-grau-en-educacio-i-psicologia\">Doble Grado en Educaci\u00f3n Primaria+ Psicolog\u00eda<\/a><\/li>\n\n\n\n<li><a href=\"https:\/\/www.blanquerna.edu\/ca\/grau-en-ciencies-de-lactivitat-fisica-i-de-lesport\">Grado en CAFE<\/a><\/li>\n\n\n\n<li><a href=\"https:\/\/www.blanquerna.edu\/ca\/grau-en-educacio-primaria\">Grado en Educaci\u00f3n Primaria<\/a><\/li>\n\n\n\n<li><a href=\"https:\/\/www.blanquerna.edu\/ca\/grau-en-gestio-esportiva\">Grado de Gesti\u00f3n Deportiva<\/a><\/li>\n\n\n\n<li><a href=\"https:\/\/www.blanquerna.edu\/ca\/grau-en-psicologia\">Grado en Psicolog\u00eda<\/a><br><\/li>\n<\/ul>\n<\/li>\n\n\n\n<li><strong>Universidad Internacional de Catalunya<\/strong>\n<ul class=\"wp-block-list\">\n<li><a href=\"https:\/\/www.uic.es\/ca\/estudis-uic\/medicina-i-ciencies-de-la-salut\/grau-en-psicologia\">Grado en Psicolog\u00eda<\/a><\/li>\n\n\n\n<li><a href=\"https:\/\/www.uic.es\/ca\/estudis-uic\/educacio\/grau-en-educacio-primaria\">Grado en Educaci\u00f3n Primaria<\/a><\/li>\n\n\n\n<li><a href=\"https:\/\/www.uic.es\/ca\/estudis-uic\/educacio-medicina-i-ciencies-de-la-salut\/doble-grau-en-educacio-primaria-psicologia\">Doble Grado en Educaci\u00f3n Primaria y Psicolog\u00eda<\/a><br><\/li>\n<\/ul>\n<\/li>\n\n\n\n<li><strong>Universidad Abat Oliva<\/strong>\n<ul class=\"wp-block-list\">\n<li><a href=\"https:\/\/www.uaoceu.es\/ca\/grau-en-educaci%C3%B3-prim%C3%A0ria\">Grado de Educaci\u00f3n Primaria<\/a><\/li>\n\n\n\n<li><a href=\"https:\/\/www.uaoceu.es\/grado-en-psicolog%C3%ADa\">Grado en Psicolog\u00eda<\/a><\/li>\n\n\n\n<li><a href=\"https:\/\/www.uaoceu.es\/ca\/doble-grau-en-ed-infantil-ed-prim%C3%A0ria\">Doble Grado Educaci\u00f3n Infantil y Educaci\u00f3n Primaria<\/a><br><\/li>\n<\/ul>\n<\/li>\n\n\n\n<li><strong>Universidad de Girona<\/strong>\n<ul class=\"wp-block-list\">\n<li><a href=\"https:\/\/www.udg.edu\/ca\/estudia\/Oferta-formativa\/Graus\/Fitxes?IDE=1297&amp;ID=3159GD116\">Doble Titulaci\u00f3n Ciencias de la Actividad F\u00edsica y el Deporte y Fisioterapia<\/a><\/li>\n\n\n\n<li><a href=\"https:\/\/www.udg.edu\/ca\/estudia\/Oferta-formativa\/Graus\/Fitxes?IDE=1299&amp;ID=3159G0209\">Grado en Ciencias de la Actividad F\u00edsica y el Deporte<\/a><\/li>\n\n\n\n<li><a href=\"https:\/\/www.udg.edu\/ca\/estudia\/Oferta-formativa\/Graus\/Fitxes?IDE=1303&amp;ID=3101G0109\">Grado en Psicolog\u00eda<\/a><\/li>\n<\/ul>\n<\/li>\n<\/ul>\n<\/div><\/details>\n\n\n\n<p><\/p>\n","protected":false},"excerpt":{"rendered":"<p>Un gestor de carrera dual es el profesional entiende al deportista de manera hol\u00edstica, reconociendo todos los \u00e1mbitos en los que se desarrolla. El asesoramiento de carrera deportiva es una nueva profesi\u00f3n en el mundo del deporte que requiere una formaci\u00f3n espec\u00edfica con visi\u00f3n integral. \u00bfQuieres formarte como gestor o asesor en carrera dual de [&hellip;]<\/p>\n","protected":false},"author":756,"featured_media":0,"parent":0,"menu_order":0,"comment_status":"closed","ping_status":"closed","template":"","meta":{"footnotes":""},"class_list":["post-15","page","type-page","status-publish","hentry"],"_links":{"self":[{"href":"https:\/\/webs.uab.cat\/carreradual\/wp-json\/wp\/v2\/pages\/15","targetHints":{"allow":["GET"]}}],"collection":[{"href":"https:\/\/webs.uab.cat\/carreradual\/wp-json\/wp\/v2\/pages"}],"about":[{"href":"https:\/\/webs.uab.cat\/carreradual\/wp-json\/wp\/v2\/types\/page"}],"author":[{"embeddable":true,"href":"https:\/\/webs.uab.cat\/carreradual\/wp-json\/wp\/v2\/users\/756"}],"replies":[{"embeddable":true,"href":"https:\/\/webs.uab.cat\/carreradual\/wp-json\/wp\/v2\/comments?post=15"}],"version-history":[{"count":15,"href":"https:\/\/webs.uab.cat\/carreradual\/wp-json\/wp\/v2\/pages\/15\/revisions"}],"predecessor-version":[{"id":549,"href":"https:\/\/webs.uab.cat\/carreradual\/wp-json\/wp\/v2\/pages\/15\/revisions\/549"}],"wp:attachment":[{"href":"https:\/\/webs.uab.cat\/carreradual\/wp-json\/wp\/v2\/media?parent=15"}],"curies":[{"name":"wp","href":"https:\/\/api.w.org\/{rel}","templated":true}]}}