{"id":17,"date":"2023-12-19T10:39:27","date_gmt":"2023-12-19T08:39:27","guid":{"rendered":"https:\/\/webs.uab.cat\/carreradual\/?page_id=17"},"modified":"2025-05-26T23:59:57","modified_gmt":"2025-05-26T21:59:57","slug":"proyecto","status":"publish","type":"page","link":"https:\/\/webs.uab.cat\/carreradual\/proyecto\/","title":{"rendered":"PROYECTO"},"content":{"rendered":"\n<p>La\u00a0<strong>Red Tem\u00e1tica en Carreras Duales Saludables en el Deporte Espa\u00f1o<\/strong>l <strong>#HEDUCA(R)<\/strong> tiene como objetivo general definir una estrategia global de\u00a0<strong>prevenci\u00f3n de la salud mental de deportistas mediante la promoci\u00f3n de carreras duales<\/strong>, entendidas como aquella trayectoria que los y las deportistas deben desarrollar para poder compatibilizar de manera equilibrada el deporte y la educaci\u00f3n.<br><br>Establecida en 2022, la Red ha trabajado para:<\/p>\n\n\n\n<ul class=\"wp-block-list\">\n<li>Desarrollar un plan de promoci\u00f3n de la Carrera Dual orientado a entidades deportivas y a las familias de estudiantes-deportistas.<\/li>\n\n\n\n<li>Revisar y actualizar la presencia de contenidos formativos de Carrera Dual en las titulaciones vigentes del \u00e1mbito de las ciencias del deporte.<\/li>\n\n\n\n<li>Revisar de la presencia de pol\u00edticas y programas de promoci\u00f3n de carrera dual en organismos p\u00fablicos y privados del deporte espa\u00f1ol.<\/li>\n\n\n\n<li>Elaborar un informe general de la Carrera Dual en el deporte espa\u00f1ol.<\/li>\n<\/ul>\n\n\n\n<p>El proyecto ha sido financiado a trav\u00e9s de la convocatoria Redes de Investigaci\u00f3n 2022 del Ministerio de Ciencia e Innovaci\u00f3n dentro del Plan Estatal de Investigaci\u00f3n Cient\u00edfica y T\u00e9cnica y de Innovaci\u00f3n 2021-2023. Esta convocatoria tiene como finalidad la creaci\u00f3n de redes de investigaci\u00f3n para promover la complementariedad de capacidades y optimizar los recursos de investigaci\u00f3n existentes, y concretamente, mejorar los resultados obtenidos en convocatorias anteriores de proyectos del Plan Estatal de I+D+i.<\/p>\n\n\n<div class=\"wp-block-image\">\n<figure class=\"aligncenter size-large is-resized\"><img loading=\"lazy\" decoding=\"async\" width=\"1024\" height=\"373\" src=\"https:\/\/webs.uab.cat\/carreradual\/wp-content\/uploads\/sites\/525\/2025\/05\/micin-aei-1024x373.png\" alt=\"\" class=\"wp-image-316\" style=\"width:406px;height:auto\" srcset=\"https:\/\/webs.uab.cat\/carreradual\/wp-content\/uploads\/sites\/525\/2025\/05\/micin-aei-1024x373.png 1024w, https:\/\/webs.uab.cat\/carreradual\/wp-content\/uploads\/sites\/525\/2025\/05\/micin-aei-300x109.png 300w, https:\/\/webs.uab.cat\/carreradual\/wp-content\/uploads\/sites\/525\/2025\/05\/micin-aei-768x280.png 768w, https:\/\/webs.uab.cat\/carreradual\/wp-content\/uploads\/sites\/525\/2025\/05\/micin-aei-1200x437.png 1200w, https:\/\/webs.uab.cat\/carreradual\/wp-content\/uploads\/sites\/525\/2025\/05\/micin-aei.png 1365w\" sizes=\"auto, (max-width: 1024px) 100vw, 1024px\" \/><\/figure>\n<\/div>\n\n\n<div style=\"height:38px\" aria-hidden=\"true\" class=\"wp-block-spacer\"><\/div>\n\n\n\n<div class=\"wp-block-buttons alignwide is-content-justification-center is-layout-flex wp-container-core-buttons-is-layout-16018d1d wp-block-buttons-is-layout-flex\">\n<div class=\"wp-block-button is-style-fill\"><a class=\"wp-block-button__link has-text-align-center wp-element-button\" href=\"https:\/\/webs.uab.cat\/carreradual\/proyecto\/miembros-de-la-red\/\">sOBRE LAS ENTIDADES MIEMBROS DE LA RED HEDUCA(R)<\/a><\/div>\n<\/div>\n\n\n\n<p><\/p>\n","protected":false},"excerpt":{"rendered":"<p>La\u00a0Red Tem\u00e1tica en Carreras Duales Saludables en el Deporte Espa\u00f1ol #HEDUCA(R) tiene como objetivo general definir una estrategia global de\u00a0prevenci\u00f3n de la salud mental de deportistas mediante la promoci\u00f3n de carreras duales, entendidas como aquella trayectoria que los y las deportistas deben desarrollar para poder compatibilizar de manera equilibrada el deporte y la educaci\u00f3n. Establecida [&hellip;]<\/p>\n","protected":false},"author":756,"featured_media":0,"parent":0,"menu_order":0,"comment_status":"closed","ping_status":"closed","template":"","meta":{"footnotes":""},"class_list":["post-17","page","type-page","status-publish","hentry"],"_links":{"self":[{"href":"https:\/\/webs.uab.cat\/carreradual\/wp-json\/wp\/v2\/pages\/17","targetHints":{"allow":["GET"]}}],"collection":[{"href":"https:\/\/webs.uab.cat\/carreradual\/wp-json\/wp\/v2\/pages"}],"about":[{"href":"https:\/\/webs.uab.cat\/carreradual\/wp-json\/wp\/v2\/types\/page"}],"author":[{"embeddable":true,"href":"https:\/\/webs.uab.cat\/carreradual\/wp-json\/wp\/v2\/users\/756"}],"replies":[{"embeddable":true,"href":"https:\/\/webs.uab.cat\/carreradual\/wp-json\/wp\/v2\/comments?post=17"}],"version-history":[{"count":17,"href":"https:\/\/webs.uab.cat\/carreradual\/wp-json\/wp\/v2\/pages\/17\/revisions"}],"predecessor-version":[{"id":469,"href":"https:\/\/webs.uab.cat\/carreradual\/wp-json\/wp\/v2\/pages\/17\/revisions\/469"}],"wp:attachment":[{"href":"https:\/\/webs.uab.cat\/carreradual\/wp-json\/wp\/v2\/media?parent=17"}],"curies":[{"name":"wp","href":"https:\/\/api.w.org\/{rel}","templated":true}]}}