{"id":325,"date":"2025-05-22T12:03:16","date_gmt":"2025-05-22T10:03:16","guid":{"rendered":"https:\/\/webs.uab.cat\/carreradual\/?page_id=325"},"modified":"2025-05-26T23:52:49","modified_gmt":"2025-05-26T21:52:49","slug":"miembros-de-la-red","status":"publish","type":"page","link":"https:\/\/webs.uab.cat\/carreradual\/proyecto\/miembros-de-la-red\/","title":{"rendered":"Miembros de la Red"},"content":{"rendered":"\n<p>Las entidades y personal investigador miembro de la red son:<\/p>\n\n\n\n<div class=\"wp-block-media-text is-stacked-on-mobile\" style=\"grid-template-columns:20% auto\"><figure class=\"wp-block-media-text__media\"><img loading=\"lazy\" decoding=\"async\" width=\"1024\" height=\"176\" src=\"https:\/\/webs.uab.cat\/carreradual\/wp-content\/uploads\/sites\/525\/2025\/05\/logotip-versio-2-negre-1024x176.png\" alt=\"\" class=\"wp-image-439 size-full\" srcset=\"https:\/\/webs.uab.cat\/carreradual\/wp-content\/uploads\/sites\/525\/2025\/05\/logotip-versio-2-negre-1024x176.png 1024w, https:\/\/webs.uab.cat\/carreradual\/wp-content\/uploads\/sites\/525\/2025\/05\/logotip-versio-2-negre-300x51.png 300w, https:\/\/webs.uab.cat\/carreradual\/wp-content\/uploads\/sites\/525\/2025\/05\/logotip-versio-2-negre-768x132.png 768w, https:\/\/webs.uab.cat\/carreradual\/wp-content\/uploads\/sites\/525\/2025\/05\/logotip-versio-2-negre-1536x264.png 1536w, https:\/\/webs.uab.cat\/carreradual\/wp-content\/uploads\/sites\/525\/2025\/05\/logotip-versio-2-negre-2048x351.png 2048w, https:\/\/webs.uab.cat\/carreradual\/wp-content\/uploads\/sites\/525\/2025\/05\/logotip-versio-2-negre-1200x206.png 1200w, https:\/\/webs.uab.cat\/carreradual\/wp-content\/uploads\/sites\/525\/2025\/05\/logotip-versio-2-negre-1980x340.png 1980w\" sizes=\"auto, (max-width: 1024px) 100vw, 1024px\" \/><\/figure><div class=\"wp-block-media-text__content\">\n<p>Yago Ramis, coordinador de la Red<br>Miquel Torregrossa<br><em>Universitat Aut\u00f2noma de Barcelona (UAB)<\/em><br><\/p>\n<\/div><\/div>\n\n\n\n<div class=\"wp-block-media-text is-stacked-on-mobile\" style=\"grid-template-columns:20% auto\"><figure class=\"wp-block-media-text__media\"><img loading=\"lazy\" decoding=\"async\" width=\"1024\" height=\"582\" src=\"https:\/\/webs.uab.cat\/carreradual\/wp-content\/uploads\/sites\/525\/2025\/05\/CAR_logo-1024x582.jpg\" alt=\"\" class=\"wp-image-447 size-full\" srcset=\"https:\/\/webs.uab.cat\/carreradual\/wp-content\/uploads\/sites\/525\/2025\/05\/CAR_logo-1024x582.jpg 1024w, https:\/\/webs.uab.cat\/carreradual\/wp-content\/uploads\/sites\/525\/2025\/05\/CAR_logo-300x170.jpg 300w, https:\/\/webs.uab.cat\/carreradual\/wp-content\/uploads\/sites\/525\/2025\/05\/CAR_logo-768x436.jpg 768w, https:\/\/webs.uab.cat\/carreradual\/wp-content\/uploads\/sites\/525\/2025\/05\/CAR_logo-1200x681.jpg 1200w, https:\/\/webs.uab.cat\/carreradual\/wp-content\/uploads\/sites\/525\/2025\/05\/CAR_logo.jpg 1296w\" sizes=\"auto, (max-width: 1024px) 100vw, 1024px\" \/><\/figure><div class=\"wp-block-media-text__content\">\n<p>Susana Reg\u00fcela<br>Centro de Alto Rendimiento de Sant Cugat (CAR)<\/p>\n<\/div><\/div>\n\n\n\n<div class=\"wp-block-media-text is-stacked-on-mobile\" style=\"grid-template-columns:20% auto\"><figure class=\"wp-block-media-text__media\"><img loading=\"lazy\" decoding=\"async\" width=\"1024\" height=\"724\" src=\"https:\/\/webs.uab.cat\/carreradual\/wp-content\/uploads\/sites\/525\/2025\/05\/UCAM_LOGO-1024x724.png\" alt=\"\" class=\"wp-image-448 size-full\" srcset=\"https:\/\/webs.uab.cat\/carreradual\/wp-content\/uploads\/sites\/525\/2025\/05\/UCAM_LOGO-1024x724.png 1024w, https:\/\/webs.uab.cat\/carreradual\/wp-content\/uploads\/sites\/525\/2025\/05\/UCAM_LOGO-300x212.png 300w, https:\/\/webs.uab.cat\/carreradual\/wp-content\/uploads\/sites\/525\/2025\/05\/UCAM_LOGO-768x543.png 768w, https:\/\/webs.uab.cat\/carreradual\/wp-content\/uploads\/sites\/525\/2025\/05\/UCAM_LOGO.png 1200w\" sizes=\"auto, (max-width: 1024px) 100vw, 1024px\" \/><\/figure><div class=\"wp-block-media-text__content\">\n<p>Elena Conde<br>Universidad Cat\u00f3lica San Antonio de Murcia (UCAM): <\/p>\n<\/div><\/div>\n\n\n\n<div class=\"wp-block-media-text is-stacked-on-mobile\" style=\"grid-template-columns:20% auto\"><figure class=\"wp-block-media-text__media\"><img loading=\"lazy\" decoding=\"async\" width=\"732\" height=\"369\" src=\"https:\/\/webs.uab.cat\/carreradual\/wp-content\/uploads\/sites\/525\/2025\/05\/upm.png\" alt=\"\" class=\"wp-image-453 size-full\" srcset=\"https:\/\/webs.uab.cat\/carreradual\/wp-content\/uploads\/sites\/525\/2025\/05\/upm.png 732w, https:\/\/webs.uab.cat\/carreradual\/wp-content\/uploads\/sites\/525\/2025\/05\/upm-300x151.png 300w\" sizes=\"auto, (max-width: 732px) 100vw, 732px\" \/><\/figure><div class=\"wp-block-media-text__content\">\n<p>Cristina L\u00f3pez de Subijana<br>Universidad Polit\u00e9cnica de Madrid\u00a0(UPM)<\/p>\n<\/div><\/div>\n\n\n\n<div class=\"wp-block-media-text is-stacked-on-mobile\" style=\"grid-template-columns:20% auto\"><figure class=\"wp-block-media-text__media\"><img loading=\"lazy\" decoding=\"async\" width=\"1024\" height=\"1024\" src=\"https:\/\/webs.uab.cat\/carreradual\/wp-content\/uploads\/sites\/525\/2025\/05\/UGR-logo-1024x1024.png\" alt=\"\" class=\"wp-image-455 size-full\" srcset=\"https:\/\/webs.uab.cat\/carreradual\/wp-content\/uploads\/sites\/525\/2025\/05\/UGR-logo-1024x1024.png 1024w, https:\/\/webs.uab.cat\/carreradual\/wp-content\/uploads\/sites\/525\/2025\/05\/UGR-logo-300x300.png 300w, https:\/\/webs.uab.cat\/carreradual\/wp-content\/uploads\/sites\/525\/2025\/05\/UGR-logo-150x150.png 150w, https:\/\/webs.uab.cat\/carreradual\/wp-content\/uploads\/sites\/525\/2025\/05\/UGR-logo-768x768.png 768w, https:\/\/webs.uab.cat\/carreradual\/wp-content\/uploads\/sites\/525\/2025\/05\/UGR-logo-1536x1536.png 1536w, https:\/\/webs.uab.cat\/carreradual\/wp-content\/uploads\/sites\/525\/2025\/05\/UGR-logo-2048x2048.png 2048w, https:\/\/webs.uab.cat\/carreradual\/wp-content\/uploads\/sites\/525\/2025\/05\/UGR-logo-1200x1200.png 1200w, https:\/\/webs.uab.cat\/carreradual\/wp-content\/uploads\/sites\/525\/2025\/05\/UGR-logo-1980x1980.png 1980w\" sizes=\"auto, (max-width: 1024px) 100vw, 1024px\" \/><\/figure><div class=\"wp-block-media-text__content\">\n<p> Juan Gonz\u00e1lez<br>Universidad de Granada (UGR)<\/p>\n<\/div><\/div>\n\n\n\n<div class=\"wp-block-media-text is-stacked-on-mobile\" style=\"grid-template-columns:20% auto\"><figure class=\"wp-block-media-text__media\"><img loading=\"lazy\" decoding=\"async\" width=\"1024\" height=\"408\" src=\"https:\/\/webs.uab.cat\/carreradual\/wp-content\/uploads\/sites\/525\/2025\/05\/UIB-LOGO-1024x408.png\" alt=\"\" class=\"wp-image-456 size-full\" srcset=\"https:\/\/webs.uab.cat\/carreradual\/wp-content\/uploads\/sites\/525\/2025\/05\/UIB-LOGO-1024x408.png 1024w, https:\/\/webs.uab.cat\/carreradual\/wp-content\/uploads\/sites\/525\/2025\/05\/UIB-LOGO-300x119.png 300w, https:\/\/webs.uab.cat\/carreradual\/wp-content\/uploads\/sites\/525\/2025\/05\/UIB-LOGO-768x306.png 768w, https:\/\/webs.uab.cat\/carreradual\/wp-content\/uploads\/sites\/525\/2025\/05\/UIB-LOGO-1536x612.png 1536w, https:\/\/webs.uab.cat\/carreradual\/wp-content\/uploads\/sites\/525\/2025\/05\/UIB-LOGO-2048x816.png 2048w, https:\/\/webs.uab.cat\/carreradual\/wp-content\/uploads\/sites\/525\/2025\/05\/UIB-LOGO-1200x478.png 1200w, https:\/\/webs.uab.cat\/carreradual\/wp-content\/uploads\/sites\/525\/2025\/05\/UIB-LOGO-1980x789.png 1980w\" sizes=\"auto, (max-width: 1024px) 100vw, 1024px\" \/><\/figure><div class=\"wp-block-media-text__content\">\n<p>Joan Pons<br>Universitat de les Illes Balears (UIB)<br><\/p>\n<\/div><\/div>\n\n\n\n<div class=\"wp-block-media-text is-stacked-on-mobile\" style=\"grid-template-columns:20% auto\"><figure class=\"wp-block-media-text__media\"><img loading=\"lazy\" decoding=\"async\" width=\"1024\" height=\"362\" src=\"https:\/\/webs.uab.cat\/carreradual\/wp-content\/uploads\/sites\/525\/2025\/05\/logo-universitat-valencia-1024x362.png\" alt=\"\" class=\"wp-image-457 size-full\" srcset=\"https:\/\/webs.uab.cat\/carreradual\/wp-content\/uploads\/sites\/525\/2025\/05\/logo-universitat-valencia-1024x362.png 1024w, https:\/\/webs.uab.cat\/carreradual\/wp-content\/uploads\/sites\/525\/2025\/05\/logo-universitat-valencia-300x106.png 300w, https:\/\/webs.uab.cat\/carreradual\/wp-content\/uploads\/sites\/525\/2025\/05\/logo-universitat-valencia-768x271.png 768w, https:\/\/webs.uab.cat\/carreradual\/wp-content\/uploads\/sites\/525\/2025\/05\/logo-universitat-valencia-1536x543.png 1536w, https:\/\/webs.uab.cat\/carreradual\/wp-content\/uploads\/sites\/525\/2025\/05\/logo-universitat-valencia-1200x424.png 1200w, https:\/\/webs.uab.cat\/carreradual\/wp-content\/uploads\/sites\/525\/2025\/05\/logo-universitat-valencia.png 1607w\" sizes=\"auto, (max-width: 1024px) 100vw, 1024px\" \/><\/figure><div class=\"wp-block-media-text__content\">\n<p>Irene Checa<br>Universitat de Val\u00e8ncia (UV)<\/p>\n<\/div><\/div>\n\n\n\n<div class=\"wp-block-media-text is-stacked-on-mobile\" style=\"grid-template-columns:20% auto\"><figure class=\"wp-block-media-text__media\"><img loading=\"lazy\" decoding=\"async\" width=\"669\" height=\"582\" src=\"https:\/\/webs.uab.cat\/carreradual\/wp-content\/uploads\/sites\/525\/2025\/05\/US-marca-principal.png\" alt=\"\" class=\"wp-image-458 size-full\" srcset=\"https:\/\/webs.uab.cat\/carreradual\/wp-content\/uploads\/sites\/525\/2025\/05\/US-marca-principal.png 669w, https:\/\/webs.uab.cat\/carreradual\/wp-content\/uploads\/sites\/525\/2025\/05\/US-marca-principal-300x261.png 300w\" sizes=\"auto, (max-width: 669px) 100vw, 669px\" \/><\/figure><div class=\"wp-block-media-text__content\">\n<p>Roc\u00edo Boh\u00f3rquez<br>Universidad de Sevilla (US)<br><\/p>\n<\/div><\/div>\n\n\n\n<div class=\"wp-block-media-text is-stacked-on-mobile\" style=\"grid-template-columns:20% auto\"><figure class=\"wp-block-media-text__media\"><img loading=\"lazy\" decoding=\"async\" width=\"353\" height=\"143\" src=\"https:\/\/webs.uab.cat\/carreradual\/wp-content\/uploads\/sites\/525\/2025\/05\/UNI-EXTREMADURA.png\" alt=\"\" class=\"wp-image-459 size-full\" srcset=\"https:\/\/webs.uab.cat\/carreradual\/wp-content\/uploads\/sites\/525\/2025\/05\/UNI-EXTREMADURA.png 353w, https:\/\/webs.uab.cat\/carreradual\/wp-content\/uploads\/sites\/525\/2025\/05\/UNI-EXTREMADURA-300x122.png 300w\" sizes=\"auto, (max-width: 353px) 100vw, 353px\" \/><\/figure><div class=\"wp-block-media-text__content\">\n<p>Inmaculada Gonz\u00e1lez Ponce<br>Universidad de Extremadura (UNEX)<\/p>\n<\/div><\/div>\n\n\n\n<div class=\"wp-block-media-text is-stacked-on-mobile\" style=\"grid-template-columns:20% auto\"><figure class=\"wp-block-media-text__media\"><img loading=\"lazy\" decoding=\"async\" width=\"600\" height=\"389\" src=\"https:\/\/webs.uab.cat\/carreradual\/wp-content\/uploads\/sites\/525\/2025\/05\/asociacion.png\" alt=\"\" class=\"wp-image-460 size-full\" srcset=\"https:\/\/webs.uab.cat\/carreradual\/wp-content\/uploads\/sites\/525\/2025\/05\/asociacion.png 600w, https:\/\/webs.uab.cat\/carreradual\/wp-content\/uploads\/sites\/525\/2025\/05\/asociacion-300x195.png 300w\" sizes=\"auto, (max-width: 600px) 100vw, 600px\" \/><\/figure><div class=\"wp-block-media-text__content\">\n<p>Tom\u00e1s Garc\u00eda Calvo<br>Asociaci\u00f3n Espa\u00f1ola de Ciencias del Deporte<\/p>\n<\/div><\/div>\n","protected":false},"excerpt":{"rendered":"<p>Las entidades y personal investigador miembro de la red son: Yago Ramis, coordinador de la RedMiquel TorregrossaUniversitat Aut\u00f2noma de Barcelona (UAB) Susana Reg\u00fcelaCentro de Alto Rendimiento de Sant Cugat (CAR) Elena CondeUniversidad Cat\u00f3lica San Antonio de Murcia (UCAM): Cristina L\u00f3pez de SubijanaUniversidad Polit\u00e9cnica de Madrid\u00a0(UPM) Juan Gonz\u00e1lezUniversidad de Granada (UGR) Joan PonsUniversitat de les Illes [&hellip;]<\/p>\n","protected":false},"author":756,"featured_media":0,"parent":17,"menu_order":0,"comment_status":"closed","ping_status":"closed","template":"","meta":{"footnotes":""},"class_list":["post-325","page","type-page","status-publish","hentry"],"_links":{"self":[{"href":"https:\/\/webs.uab.cat\/carreradual\/wp-json\/wp\/v2\/pages\/325","targetHints":{"allow":["GET"]}}],"collection":[{"href":"https:\/\/webs.uab.cat\/carreradual\/wp-json\/wp\/v2\/pages"}],"about":[{"href":"https:\/\/webs.uab.cat\/carreradual\/wp-json\/wp\/v2\/types\/page"}],"author":[{"embeddable":true,"href":"https:\/\/webs.uab.cat\/carreradual\/wp-json\/wp\/v2\/users\/756"}],"replies":[{"embeddable":true,"href":"https:\/\/webs.uab.cat\/carreradual\/wp-json\/wp\/v2\/comments?post=325"}],"version-history":[{"count":9,"href":"https:\/\/webs.uab.cat\/carreradual\/wp-json\/wp\/v2\/pages\/325\/revisions"}],"predecessor-version":[{"id":461,"href":"https:\/\/webs.uab.cat\/carreradual\/wp-json\/wp\/v2\/pages\/325\/revisions\/461"}],"up":[{"embeddable":true,"href":"https:\/\/webs.uab.cat\/carreradual\/wp-json\/wp\/v2\/pages\/17"}],"wp:attachment":[{"href":"https:\/\/webs.uab.cat\/carreradual\/wp-json\/wp\/v2\/media?parent=325"}],"curies":[{"name":"wp","href":"https:\/\/api.w.org\/{rel}","templated":true}]}}