{"id":45,"date":"2023-12-19T12:31:04","date_gmt":"2023-12-19T10:31:04","guid":{"rendered":"https:\/\/webs.uab.cat\/carreradual\/?page_id=45"},"modified":"2025-07-29T13:41:08","modified_gmt":"2025-07-29T11:41:08","slug":"definimos-la-carrera-dual","status":"publish","type":"page","link":"https:\/\/webs.uab.cat\/carreradual\/carrera-dual\/definimos-la-carrera-dual\/","title":{"rendered":"Definimos la carrera dual"},"content":{"rendered":"\n<div class=\"wp-block-media-text alignfull is-stacked-on-mobile is-image-fill-element\" style=\"grid-template-columns:24% auto\"><figure class=\"wp-block-media-text__media\"><img loading=\"lazy\" decoding=\"async\" width=\"1024\" height=\"579\" src=\"https:\/\/webs.uab.cat\/carreradual\/wp-content\/uploads\/sites\/525\/2025\/05\/pexels-d0nmil0-935484-1024x579.jpg\" alt=\"\" class=\"wp-image-478 size-full\" style=\"object-position:50% 50%\" srcset=\"https:\/\/webs.uab.cat\/carreradual\/wp-content\/uploads\/sites\/525\/2025\/05\/pexels-d0nmil0-935484-1024x579.jpg 1024w, https:\/\/webs.uab.cat\/carreradual\/wp-content\/uploads\/sites\/525\/2025\/05\/pexels-d0nmil0-935484-300x170.jpg 300w, https:\/\/webs.uab.cat\/carreradual\/wp-content\/uploads\/sites\/525\/2025\/05\/pexels-d0nmil0-935484-768x434.jpg 768w, https:\/\/webs.uab.cat\/carreradual\/wp-content\/uploads\/sites\/525\/2025\/05\/pexels-d0nmil0-935484-1536x868.jpg 1536w, https:\/\/webs.uab.cat\/carreradual\/wp-content\/uploads\/sites\/525\/2025\/05\/pexels-d0nmil0-935484-1200x678.jpg 1200w, https:\/\/webs.uab.cat\/carreradual\/wp-content\/uploads\/sites\/525\/2025\/05\/pexels-d0nmil0-935484.jpg 1920w\" sizes=\"auto, (max-width: 1024px) 100vw, 1024px\" \/><\/figure><div class=\"wp-block-media-text__content\">\n<blockquote class=\"wp-block-quote is-layout-flow wp-block-quote-is-layout-flow\">\n<p class=\"has-text-align-left\">Cuando hablamos de carrera dual en el deporte nos referimos a la <strong>concepci\u00f3n <\/strong>seg\u00fan la cual<strong> la carrera deportiva, <\/strong>entendida como una trayectoria que se inicia desde la etapa formativa y se mantiene hasta la retirada del mundo competitivo, <strong>debe combinarse con una carrera acad\u00e9mica <\/strong>en las etapas de educaci\u00f3n obligatoria, secundaria y universitaria, <strong>y\/o con una dedicaci\u00f3n profesional<\/strong>. Una persona que desarrolla una carrera dual decide dedicarse en paralelo al deporte y a otra actividad acad\u00e9mica o vocacional.<\/p>\n\n\n\n<p>Las personas que deciden dedicarse al deporte en un momento dado optan por dedicar gran parte de su tiempo a una actividad que requiere de esfuerzos, dedicaci\u00f3n y priorizaci\u00f3n respecto a otros \u00e1mbitos de la vida. Aunque desde un punto de vista medi\u00e1tico el p\u00fablico solo conoce a una persona con un talento f\u00edsico, t\u00e9cnico o t\u00e1ctico que se desenvuelve muy bien en ese deporte, esa persona, la mayor\u00eda de las veces no ha dejado de seguir unos estudios reglados, tiene una vida social, unas obligaciones familiares y probablemente est\u00e1 prepar\u00e1ndose para un futuro incierto cuando el deporte ya no sea su dedicaci\u00f3n principal.<\/p>\n<\/blockquote>\n<\/div><\/div>\n\n\n\n<figure class=\"wp-block-embed is-type-video is-provider-youtube wp-block-embed-youtube wp-embed-aspect-16-9 wp-has-aspect-ratio\"><div class=\"wp-block-embed__wrapper\">\n<iframe loading=\"lazy\" title=\"Definici\u00f3n Carrera Dual\u200b\" width=\"580\" height=\"326\" src=\"https:\/\/www.youtube.com\/embed\/daoOhdfHpoc?feature=oembed\" frameborder=\"0\" allow=\"accelerometer; autoplay; clipboard-write; encrypted-media; gyroscope; picture-in-picture; web-share\" referrerpolicy=\"strict-origin-when-cross-origin\" allowfullscreen><\/iframe>\n<\/div><figcaption class=\"wp-element-caption\"><strong>Anna Jordana, Doctora en psicolog\u00eda del deporte e investigadora del GEPE-UAB, nos acerca a la definici\u00f3n de Carrera Dual.<\/strong> <\/figcaption><\/figure>\n\n\n\n<h2 class=\"wp-block-heading alignwide\">\u00bfCu\u00e1les son los beneficios de la Carrera Dual?<\/h2>\n\n\n\n<div class=\"wp-block-columns alignwide is-layout-flex wp-container-core-columns-is-layout-9d6595d7 wp-block-columns-is-layout-flex\">\n<div class=\"wp-block-column is-layout-flow wp-block-column-is-layout-flow\" style=\"flex-basis:400px\">\n<figure class=\"wp-block-embed is-type-video is-provider-youtube wp-block-embed-youtube wp-embed-aspect-16-9 wp-has-aspect-ratio\"><div class=\"wp-block-embed__wrapper\">\n<iframe loading=\"lazy\" title=\"Beneficios de la Carrera Dual para las deportistas, con J\u00falia Estevez, Asesora de Carrera Dual.\" width=\"580\" height=\"326\" src=\"https:\/\/www.youtube.com\/embed\/q0aWm3o6ulg?feature=oembed\" frameborder=\"0\" allow=\"accelerometer; autoplay; clipboard-write; encrypted-media; gyroscope; picture-in-picture; web-share\" referrerpolicy=\"strict-origin-when-cross-origin\" allowfullscreen><\/iframe>\n<\/div><\/figure>\n<\/div>\n\n\n\n<div class=\"wp-block-column is-layout-flow wp-block-column-is-layout-flow\">\n<p class=\"has-normal-font-size\"><br>J\u00falia Estevez, Asesora de Carrera Dual en el Centro de Alto Rendimiento de Sant Cugat, nos cuenta c\u00f3mo percibe que los y las deportistas se pueden beneficiar con el desarrollo de una Carrera Dual. Por ejemplo, mejorando sus oportunidades laborales y facilitando el afrontamiento de la transici\u00f3n de retirada.<br><br><\/p>\n<\/div>\n<\/div>\n\n\n\n<h2 class=\"wp-block-heading alignwide\">\u00bfQu\u00e9 competencias y habilidades son m\u00e1s valoradas en el entorno laboral?<\/h2>\n\n\n\n<div class=\"wp-block-columns alignwide is-layout-flex wp-container-core-columns-is-layout-9d6595d7 wp-block-columns-is-layout-flex\">\n<div class=\"wp-block-column is-layout-flow wp-block-column-is-layout-flow\" style=\"flex-basis:400px\">\n<figure class=\"wp-block-embed is-type-video is-provider-youtube wp-block-embed-youtube wp-embed-aspect-16-9 wp-has-aspect-ratio\"><div class=\"wp-block-embed__wrapper\">\n<iframe loading=\"lazy\" title=\"Competencias destacables de deportistas y ex-deportistas en el contexto laboral, con David Torell\u00f3\" width=\"580\" height=\"326\" src=\"https:\/\/www.youtube.com\/embed\/G341n8Uxo9g?feature=oembed\" frameborder=\"0\" allow=\"accelerometer; autoplay; clipboard-write; encrypted-media; gyroscope; picture-in-picture; web-share\" referrerpolicy=\"strict-origin-when-cross-origin\" allowfullscreen><\/iframe>\n<\/div><\/figure>\n<\/div>\n\n\n\n<div class=\"wp-block-column is-layout-flow wp-block-column-is-layout-flow\">\n<p class=\"has-normal-font-size\"><br>David Torell\u00f3, exdeportista y director de oficina en Nationale-Nederlanden, nos comparte las competencias y habilidades qu\u00e9 destacar\u00eda en los y las deportistas. <\/p>\n\n\n\n<blockquote class=\"wp-block-quote is-layout-flow wp-block-quote-is-layout-flow\">\n<p>Compromiso, actitud, empat\u00eda y orientaci\u00f3n a objetivos, es lo que tambi\u00e9n buscan en las personas que forman parte de su equipo.<\/p>\n<\/blockquote>\n<\/div>\n<\/div>\n","protected":false},"excerpt":{"rendered":"<p>\u00bfCu\u00e1les son los beneficios de la Carrera Dual? J\u00falia Estevez, Asesora de Carrera Dual en el Centro de Alto Rendimiento de Sant Cugat, nos cuenta c\u00f3mo percibe que los y las deportistas se pueden beneficiar con el desarrollo de una Carrera Dual. Por ejemplo, mejorando sus oportunidades laborales y facilitando el afrontamiento de la transici\u00f3n [&hellip;]<\/p>\n","protected":false},"author":756,"featured_media":0,"parent":12,"menu_order":0,"comment_status":"closed","ping_status":"closed","template":"","meta":{"footnotes":""},"class_list":["post-45","page","type-page","status-publish","hentry"],"_links":{"self":[{"href":"https:\/\/webs.uab.cat\/carreradual\/wp-json\/wp\/v2\/pages\/45","targetHints":{"allow":["GET"]}}],"collection":[{"href":"https:\/\/webs.uab.cat\/carreradual\/wp-json\/wp\/v2\/pages"}],"about":[{"href":"https:\/\/webs.uab.cat\/carreradual\/wp-json\/wp\/v2\/types\/page"}],"author":[{"embeddable":true,"href":"https:\/\/webs.uab.cat\/carreradual\/wp-json\/wp\/v2\/users\/756"}],"replies":[{"embeddable":true,"href":"https:\/\/webs.uab.cat\/carreradual\/wp-json\/wp\/v2\/comments?post=45"}],"version-history":[{"count":33,"href":"https:\/\/webs.uab.cat\/carreradual\/wp-json\/wp\/v2\/pages\/45\/revisions"}],"predecessor-version":[{"id":551,"href":"https:\/\/webs.uab.cat\/carreradual\/wp-json\/wp\/v2\/pages\/45\/revisions\/551"}],"up":[{"embeddable":true,"href":"https:\/\/webs.uab.cat\/carreradual\/wp-json\/wp\/v2\/pages\/12"}],"wp:attachment":[{"href":"https:\/\/webs.uab.cat\/carreradual\/wp-json\/wp\/v2\/media?parent=45"}],"curies":[{"name":"wp","href":"https:\/\/api.w.org\/{rel}","templated":true}]}}