{"id":145,"date":"2010-01-21T13:43:49","date_gmt":"2010-01-21T11:43:49","guid":{"rendered":"https:\/\/webs.uab.cat\/catalogomitos\/inici-3\/"},"modified":"2022-11-16T09:34:44","modified_gmt":"2022-11-16T07:34:44","slug":"inici-3","status":"publish","type":"page","link":"https:\/\/webs.uab.cat\/catalogomitos\/","title":{"rendered":"Inicio"},"content":{"rendered":"\n<figure class=\"wp-block-image is-resized\"><img loading=\"lazy\" decoding=\"async\" src=\"http:\/\/grupsderecerca.uab.cat\/catalogomitos\/sites\/grupsderecerca.uab.cat.catalogomitos\/files\/images\/catalogo1.gif\" alt=\"\" width=\"699\" height=\"117\"\/><\/figure>\n\n\n\n<p><span class=\"inline inline-left\"><\/span><em>Inventario de mitos prehisp\u00e1nicos en la literatura latinoamericana<\/em> (FFI2008-00775\/FILO) es un grupo de investigaci\u00f3n conformado por profesores e investigadores de distintas universidades espa\u00f1olas y extranjeras, que parte del intercambio entre estudiosos de distintas disciplinas, buscando crear un universo de conocimiento interdisciplinario y una red s\u00f3lida de trabajo multicultural. Constituido en el a\u00f1o 2003, vinculado al <a rel=\"noopener\" href=\"http:\/\/filescat.uab.cat\/filesp\/\" target=\"_blank\">Departamento de Filolog\u00eda Espa\u00f1ola de la Universidad Aut\u00f3noma de Barcelona<\/a>,\u00a0 fue fundado por la dra\u00a0<a href=\"https:\/\/webs.uab.cat\/catalogomitos\/helena-usandizaga\/\" data-type=\"page\" data-id=\"175\">Helena Usandizaga Lleonart<\/a>, quien ha sido su directora durante la mayor parte de su trayectoria. En la actualidad est\u00e1 dirigido por la dra <a href=\"https:\/\/webs.uab.cat\/catalogomitos\/beatriz-ferrus-anton\/\" data-type=\"page\" data-id=\"178\">Beatriz Ferr\u00fas Ant\u00f3n<\/a>. La labor principal que este grupo propone es la elaboraci\u00f3n de un inventario de mitos prehisp\u00e1nicos rele\u00eddos y reescritos en diferentes obras de la literatura latinoamericana. Para lograr este cometido, se parte de la noci\u00f3n, ya asumida y comprobada, de que la presencia de estos mitos en dicha literatura es m\u00e1s amplia, variada y compleja de lo que hasta ahora han mostrado los estudios parciales sobre el tema y de lo que hasta hace poco hab\u00eda determinado la historia de la literatura de Am\u00e9rica Latina. Ya sea desde el nacimiento de las primeras literaturas nacionales hasta las actuales, pasando por la literatura decimon\u00f3nica, las vanguardias y los diferentes hitos del siglo XX, los distintos mitos prehisp\u00e1nicos han venido cumpliendo una serie de funciones significativas, textuales, semi\u00f3ticas y discursivas, las que a su vez permiten acceder a una serie de funciones mucho m\u00e1s representativas, no s\u00f3lo reivindicativas y de conexi\u00f3n con la tradici\u00f3n, sino tambi\u00e9n simb\u00f3licas, estructurales, expresivas y cognoscitivas. De este modo, una labor de relectura y clasificaci\u00f3n de este material m\u00edtico puede determinar criterios de gran valor respecto a las fuentes del mito y a la proyecci\u00f3n de \u00e9stos en obras conocidas, as\u00ed como en otras de menor alcance hist\u00f3rico, menor difusi\u00f3n o \u2013aspecto importante\u2014, en cuyo contenido la presencia del mito sea menos evidente, pero igual de funcional en la configuraci\u00f3n del texto.<\/p>\n","protected":false},"excerpt":{"rendered":"<p>Inventario de mitos prehisp\u00e1nicos en la literatura latinoamericana (FFI2008-00775\/FILO) es un grupo de investigaci\u00f3n conformado por profesores e investigadores de distintas universidades espa\u00f1olas y extranjeras, que parte del intercambio entre estudiosos de distintas disciplinas, buscando crear un universo de conocimiento interdisciplinario y una red s\u00f3lida de trabajo multicultural. Constituido en el a\u00f1o 2003, vinculado al [&hellip;]<\/p>\n","protected":false},"author":20,"featured_media":0,"parent":0,"menu_order":0,"comment_status":"closed","ping_status":"closed","template":"","meta":{"footnotes":""},"class_list":["post-145","page","type-page","status-publish","hentry"],"_links":{"self":[{"href":"https:\/\/webs.uab.cat\/catalogomitos\/wp-json\/wp\/v2\/pages\/145","targetHints":{"allow":["GET"]}}],"collection":[{"href":"https:\/\/webs.uab.cat\/catalogomitos\/wp-json\/wp\/v2\/pages"}],"about":[{"href":"https:\/\/webs.uab.cat\/catalogomitos\/wp-json\/wp\/v2\/types\/page"}],"author":[{"embeddable":true,"href":"https:\/\/webs.uab.cat\/catalogomitos\/wp-json\/wp\/v2\/users\/20"}],"replies":[{"embeddable":true,"href":"https:\/\/webs.uab.cat\/catalogomitos\/wp-json\/wp\/v2\/comments?post=145"}],"version-history":[{"count":1,"href":"https:\/\/webs.uab.cat\/catalogomitos\/wp-json\/wp\/v2\/pages\/145\/revisions"}],"predecessor-version":[{"id":311,"href":"https:\/\/webs.uab.cat\/catalogomitos\/wp-json\/wp\/v2\/pages\/145\/revisions\/311"}],"wp:attachment":[{"href":"https:\/\/webs.uab.cat\/catalogomitos\/wp-json\/wp\/v2\/media?parent=145"}],"curies":[{"name":"wp","href":"https:\/\/api.w.org\/{rel}","templated":true}]}}