{"id":157,"date":"2010-01-21T14:04:58","date_gmt":"2010-01-21T12:04:58","guid":{"rendered":"https:\/\/webs.uab.cat\/catalogomitos\/proyecto-2-2009-2011\/"},"modified":"2022-11-16T09:46:08","modified_gmt":"2022-11-16T07:46:08","slug":"proyecto-2-2009-2011","status":"publish","type":"page","link":"https:\/\/webs.uab.cat\/catalogomitos\/proyecto-2-2009-2011\/","title":{"rendered":"Proyecto 2 (2009-2011)"},"content":{"rendered":"\n<p><strong>Proyecto 2: \u201cInventario de mitos prehisp\u00e1nicos en la literatura latinoamericana del siglo XX (hasta los a\u00f1os 70)\u201d (FFI2008-00775\/FILO). Del 01\/01\/09 al 31\/12\/11.<\/strong><\/p>\n\n\n\n<p>La labor principal que este proyecto propuso fue la elaboraci\u00f3n de un inventario de mitos prehisp\u00e1nicos, rele\u00eddos \u00e9stos, reescritos, y con una diversidad de funciones, en diferentes obras de la literatura latinoamericana del siglo XX hasta los a\u00f1os 70.<\/p>\n\n\n\n<p>Dicho inventario, que tuvo como antecedente la publicaci\u00f3n de sus fichas de trabajo en la web del grupo, se ha visto finalmente materializado en el libro: <em>Palimpsestos de la antigua palabra. Inventario de mitos prehisp\u00e1nicos en la literatura latinoamericana <\/em>(Usandizaga, H. (dir.), Berna: Peter Lang, 2013). En esta publicaci\u00f3n participaron algunos de los miembros directos del grupo de investigaci\u00f3n, con sede en la UAB, como Chiara Bolognese, Fernanda Bustamante, Magdalena Chocano, Beatriz Ferr\u00fas y Mauricio Zabalgoita, quienes ya desde hace tiempo han venido colaborando en el proceso de teorizaci\u00f3n general, junto con Helena Usandizaga, la investigadora principal y fundadora del grupo. Adem\u00e1s, otros miembros de \u00e9ste, y con sede en otras universidades, tambi\u00e9n han aportado valiosos trabajos: Marcin Kazmierczak e Ignacio \u00dazquiza. La publicaci\u00f3n adem\u00e1s ha contado con la participaci\u00f3n de diversos autores invitados, que han colaborado con el grupo en diversos eventos, como son: Edmer Calero del Mar, Javier Garc\u00eda Liendo, H\u00e9ctor G\u00f3mez Navarro, Dunia Gras y Rosa Serra.<\/p>\n\n\n\n<p>En el inventario se analizan los mitos prehisp\u00e1nicos presentes en la narrativa latinoamericana del siglo XX hasta los a\u00f1os 70, en particular en autores como Asturias, Carpentier, Rulfo, Churata, Arguedas, Roa Bastos, de Andrade, Men\u00e9ndez, Cort\u00e1zar, Castellanos, Garro, Lastarria, Donoso, Franz, Fuentes y Scorza. Cada texto, dedicado a un autor, una obra o a una serie de obras de uno o varios autores, toca uno o varios mitos prehisp\u00e1nicos, lo que demuestra un trabajo din\u00e1mico y espec\u00edfico en cada texto en cuanto a la relaci\u00f3n entre literatura, historia, cultura y mito.<\/p>\n\n\n\n<p>En t\u00e9rminos de una configuraci\u00f3n m\u00e1s o menos general, cada trabajo consta de un momento descriptivo y de una valoraci\u00f3n cr\u00edtica de acuerdo a los problemas planteados, que se refieren muchas veces a las contradicciones coloniales en las que la cultura antigua sufre una fractura y llega al mundo letrado s\u00f3lo indirectamente. En diferentes medidas, para cada autor estudiado se tuvieron en cuenta las fuentes de las que procede su conocimiento del mito y el grado de cercan\u00eda o lejan\u00eda de \u00e9stas con su primera enunciaci\u00f3n, as\u00ed como las relecturas m\u00e1s o menos interesadas del mito que se dan en esas fuentes y la presencia del mismo, tras la conquista, en im\u00e1genes y discursos sociales construidos sobre \u00e9l. De ah\u00ed que muchas de las presencias y funciones m\u00edticas terminen lig\u00e1ndose, en los diversos estudios del Inventario, con lo nacional, con categor\u00edas remarcadas, como la otredad y la identidad, o con modos alternos del estudio de los fen\u00f3menos discursivos latinoamericanos, entre los que destacan la transculturaci\u00f3n de \u00c1ngel Rama, la heterogeneidad de Antonio Cornejo Polar o la noci\u00f3n de literatura alternativa de Martin Lienhard.&nbsp;<\/p>\n\n\n\n<p><a href=\"https:\/\/webs.uab.cat\/catalogomitos\/proyecto2-leer-mas\/\" data-type=\"page\" data-id=\"195\">\u00a0\u201cLeer m\u00e1s\u201d<\/a><\/p>\n","protected":false},"excerpt":{"rendered":"<p>Proyecto 2: \u201cInventario de mitos prehisp\u00e1nicos en la literatura latinoamericana del siglo XX (hasta los a\u00f1os 70)\u201d (FFI2008-00775\/FILO). Del 01\/01\/09 al 31\/12\/11. La labor principal que este proyecto propuso fue la elaboraci\u00f3n de un inventario de mitos prehisp\u00e1nicos, rele\u00eddos \u00e9stos, reescritos, y con una diversidad de funciones, en diferentes obras de la literatura latinoamericana del [&hellip;]<\/p>\n","protected":false},"author":20,"featured_media":0,"parent":0,"menu_order":0,"comment_status":"closed","ping_status":"closed","template":"","meta":{"footnotes":""},"class_list":["post-157","page","type-page","status-publish","hentry"],"_links":{"self":[{"href":"https:\/\/webs.uab.cat\/catalogomitos\/wp-json\/wp\/v2\/pages\/157","targetHints":{"allow":["GET"]}}],"collection":[{"href":"https:\/\/webs.uab.cat\/catalogomitos\/wp-json\/wp\/v2\/pages"}],"about":[{"href":"https:\/\/webs.uab.cat\/catalogomitos\/wp-json\/wp\/v2\/types\/page"}],"author":[{"embeddable":true,"href":"https:\/\/webs.uab.cat\/catalogomitos\/wp-json\/wp\/v2\/users\/20"}],"replies":[{"embeddable":true,"href":"https:\/\/webs.uab.cat\/catalogomitos\/wp-json\/wp\/v2\/comments?post=157"}],"version-history":[{"count":1,"href":"https:\/\/webs.uab.cat\/catalogomitos\/wp-json\/wp\/v2\/pages\/157\/revisions"}],"predecessor-version":[{"id":321,"href":"https:\/\/webs.uab.cat\/catalogomitos\/wp-json\/wp\/v2\/pages\/157\/revisions\/321"}],"wp:attachment":[{"href":"https:\/\/webs.uab.cat\/catalogomitos\/wp-json\/wp\/v2\/media?parent=157"}],"curies":[{"name":"wp","href":"https:\/\/api.w.org\/{rel}","templated":true}]}}