{"id":159,"date":"2010-01-21T14:07:13","date_gmt":"2010-01-21T12:07:13","guid":{"rendered":"https:\/\/webs.uab.cat\/catalogomitos\/publicaciones-0\/"},"modified":"2022-11-16T09:47:37","modified_gmt":"2022-11-16T07:47:37","slug":"publicaciones-0","status":"publish","type":"page","link":"https:\/\/webs.uab.cat\/catalogomitos\/publicaciones-0\/","title":{"rendered":"Publicaciones"},"content":{"rendered":"\n<p><strong><br><span class=\"inline inline-none\"><img loading=\"lazy\" decoding=\"async\" class=\"image image-_original \" style=\"float: left; margin-left: 10px; margin-right: 10px;\" title=\"\" src=\"http:\/\/grupsderecerca.uab.cat\/catalogomitos\/sites\/grupsderecerca.uab.cat.catalogomitos\/files\/images\/S\u00f3lo%20cubierta_Fragmentos%20un%20nuevo%20pasado.preview_0.jpg\" alt=\"\" width=\"150\" height=\"200\"><\/span>Fragmentos de un nuevo pasado. Inventario de mitos prehisp\u00e1nicos en la literatura latinoamericana actual<\/strong><\/p>\n\n\n\n<p><strong><strong>Helena Usandizaga y Beatriz Ferr\u00fas (eds.)<\/strong><\/strong><\/p>\n\n\n\n<p><strong><strong>ISBN: 978-3-0343-1852-5<br>Peter Lang, Berna, 2014<\/strong><\/strong><\/p>\n\n\n\n<p><strong><strong>\u00a0<a href=\"https:\/\/webs.uab.cat\/catalogomitos\/wp-content\/uploads\/sites\/271\/2016\/11\/ndice-y-Prologo_Fragmentos-de-un-nuevo-pasado.pdf\" data-type=\"attachment\" data-id=\"165\" target=\"_blank\" rel=\"noreferrer noopener\">\u00cdndice y Pr\u00f3logo<\/a><\/strong><\/strong><\/p>\n\n\n\n<p><strong><span style=\"line-height: 20.7999992370605px;\">&nbsp;<\/span><\/strong><\/p>\n\n\n\n<p><strong><span style=\"line-height: 20.7999992370605px;\">&nbsp;<\/span><\/strong><\/p>\n\n\n\n<figure class=\"wp-block-image\"><img decoding=\"async\" src=\"http:\/\/grupsderecerca.uab.cat\/catalogomitos\/sites\/grupsderecerca.uab.cat.catalogomitos\/files\/images\/palimpestos.png\" alt=\"\"\/><\/figure>\n\n\n\n<p><strong><strong><strong><a href=\"http:\/\/peterlangoxford.wordpress.com\/2013\/09\/24\/palimpsestos-de-la-antigua-palabra\/\" target=\"_blank\" rel=\"noopener\">Palimpsestos de la antigua palabra. Inventario de mitos prehisp\u00e1nicos en la literatura latinoamericana actual<\/a><\/strong><\/strong><\/strong><\/p>\n\n\n\n<p><strong><strong>Helena Usandizaga (ed.)<\/strong><\/strong><\/p>\n\n\n\n<p><strong><strong>ISBN: 978-3-0343-0967-7<br>Peter Lang, Berna, 2013<\/strong><\/strong><\/p>\n\n\n\n<p><strong><strong>&nbsp;<\/strong><a href=\"http:\/\/www.peterlang.com\/index.cfm?event=cmp.ccc.seitenstruktur.detailseiten&amp;seitentyp=produkt&amp;pk=74025&amp;concordeid=430967\" target=\"_blank\" rel=\"noopener\"><strong>\u00cdndice y pr\u00f3logo<\/strong><\/a><\/strong><\/p>\n\n\n\n<p><strong><strong><strong><img loading=\"lazy\" decoding=\"async\" style=\"float: left; margin-left: 10px; margin-right: 10px;\" src=\"http:\/\/grupsderecerca.uab.cat\/catalogomitos\/sites\/grupsderecerca.uab.cat.catalogomitos\/files\/images\/Portada-este-ves.jpg\" alt=\"\" width=\"150\" height=\"200\"><\/strong><\/strong><strong><strong><a href=\"http:\/\/icariaeditorial.com\/libros.php?id=1287\" target=\"_blank\" rel=\"noopener\">\u00c9ste que ves, enga\u00f1o colorido&#8230;<\/a><br>Literaturas, culturas y sujetos alternos en Am\u00e9rica Latina<\/strong><\/strong><\/strong><\/p>\n\n\n\n<p><strong><strong>Chiara Bolognese, Fernanda Bustamante y Mauricio Zabalgoitia (eds.)<\/strong><\/strong><\/p>\n\n\n\n<p><strong><strong> ISBN: 978-84-9888-413-5<br>Icaria, Barcelona, 2012<\/strong><\/strong><\/p>\n\n\n\n<p><strong><strong>\u00a0<a href=\"https:\/\/webs.uab.cat\/catalogomitos\/wp-content\/uploads\/sites\/271\/2016\/11\/PORTADA1.pdf\" data-type=\"attachment\" data-id=\"160\" target=\"_blank\" rel=\"noreferrer noopener\">\u00cdndice y presentaci\u00f3n<\/a><\/strong><\/strong><\/p>\n\n\n\n<p><strong><strong><strong>\u00a0<a href=\"https:\/\/webs.uab.cat\/catalogomitos\/wp-content\/uploads\/sites\/271\/2016\/11\/Resena-este-que-ves.pdf\" data-type=\"attachment\" data-id=\"164\" target=\"_blank\" rel=\"noreferrer noopener\">Rese\u00f1as<\/a><\/strong><\/strong><\/strong><\/p>\n\n\n\n<p><strong><strong><strong><img loading=\"lazy\" decoding=\"async\" style=\"float: left; margin-left: 10px; margin-right: 10px;\" src=\"http:\/\/grupsderecerca.uab.cat\/catalogomitos\/sites\/grupsderecerca.uab.cat.catalogomitos\/files\/images\/Portada-huellas.jpg\" alt=\"\" width=\"150\" height=\"200\"><a href=\"http:\/\/www.iberoamericanalibros.com\/cgi-bin\/infodetail.cgi?doknr=521547&amp;lang=es&amp;txt=beschreibung\" target=\"_blank\" rel=\"noopener\">Huellas del mito prehisp\u00e1nico en la literatura latinoamericana<\/a><\/strong><\/strong><\/strong><\/p>\n\n\n\n<p><strong><strong>Magdalena Chocano, William Rowe y Helena Usandizaga (eds.)<\/strong><\/strong><\/p>\n\n\n\n<p><strong><strong> ISBN: 978-84-8489-547-3 (Iberoamericana)<br>ISBN: 978-3-86527-586-8 (Vervuert)<br>Iberoamericana-Vervuert, Madrid, 2011<\/strong><\/strong><\/p>\n\n\n\n<p><strong><strong>&nbsp;<\/strong><strong><a href=\"http:\/\/www.iberoamericanalibros.com\/files\/pdf\/Indice_521547.pdf\" target=\"_blank\" rel=\"noopener\">\u00cdndice y presentaci\u00f3n<\/a><\/strong><\/strong><\/p>\n\n\n\n<p><strong><strong><strong><img loading=\"lazy\" decoding=\"async\" style=\"float: left; margin-left: 10px; margin-right: 10px;\" src=\"http:\/\/grupsderecerca.uab.cat\/catalogomitos\/sites\/grupsderecerca.uab.cat.catalogomitos\/files\/images\/Portada-palabra.jpg\" alt=\"\" width=\"150\" height=\"200\"><a href=\"http:\/\/www.iberoamericanalibros.com\/cgi-bin\/infodetail.cgi?isbn=9788484892885&amp;doknr=521288&amp;lang=es&amp;txt=beschreibung\" target=\"_blank\" rel=\"noopener\">La palabra recuperada<\/a><br>Mitos prehisp\u00e1nicos en la literatura latinoamericana<\/strong><\/strong><\/strong><\/p>\n\n\n\n<p><strong><strong>Helena Usandizaga (ed.)<\/strong><\/strong><\/p>\n\n\n\n<p><strong><strong>ISBN: 978-84-8489-288-3 (Iberoamericana)<br>Iberoamericana-Vervuert, Madrid, 2006<\/strong><\/strong><\/p>\n\n\n\n<p><strong><strong>&nbsp;<a href=\"http:\/\/www.iberoamericanalibros.com\/cgi-bin\/infodetail.cgi?doknr=521288&amp;lang=es&amp;txt=inhalt\" target=\"_blank\" rel=\"noopener\">\u00cdndice y presentaci\u00f3n<\/a><\/strong><\/strong><\/p>\n\n\n\n<p><strong><span class=\"inline inline-left\"><span class=\"caption\" style=\"width: 403px;\"><strong>Cubierta Fragmentos de un antiguo pasado<\/strong><\/span><\/span><\/strong><\/p>\n","protected":false},"excerpt":{"rendered":"<p>Fragmentos de un nuevo pasado. Inventario de mitos prehisp\u00e1nicos en la literatura latinoamericana actual Helena Usandizaga y Beatriz Ferr\u00fas (eds.) ISBN: 978-3-0343-1852-5Peter Lang, Berna, 2014 \u00a0\u00cdndice y Pr\u00f3logo &nbsp; &nbsp; Palimpsestos de la antigua palabra. Inventario de mitos prehisp\u00e1nicos en la literatura latinoamericana actual Helena Usandizaga (ed.) ISBN: 978-3-0343-0967-7Peter Lang, Berna, 2013 &nbsp;\u00cdndice y pr\u00f3logo [&hellip;]<\/p>\n","protected":false},"author":20,"featured_media":0,"parent":0,"menu_order":0,"comment_status":"closed","ping_status":"closed","template":"","meta":{"footnotes":""},"class_list":["post-159","page","type-page","status-publish","hentry"],"_links":{"self":[{"href":"https:\/\/webs.uab.cat\/catalogomitos\/wp-json\/wp\/v2\/pages\/159","targetHints":{"allow":["GET"]}}],"collection":[{"href":"https:\/\/webs.uab.cat\/catalogomitos\/wp-json\/wp\/v2\/pages"}],"about":[{"href":"https:\/\/webs.uab.cat\/catalogomitos\/wp-json\/wp\/v2\/types\/page"}],"author":[{"embeddable":true,"href":"https:\/\/webs.uab.cat\/catalogomitos\/wp-json\/wp\/v2\/users\/20"}],"replies":[{"embeddable":true,"href":"https:\/\/webs.uab.cat\/catalogomitos\/wp-json\/wp\/v2\/comments?post=159"}],"version-history":[{"count":2,"href":"https:\/\/webs.uab.cat\/catalogomitos\/wp-json\/wp\/v2\/pages\/159\/revisions"}],"predecessor-version":[{"id":324,"href":"https:\/\/webs.uab.cat\/catalogomitos\/wp-json\/wp\/v2\/pages\/159\/revisions\/324"}],"wp:attachment":[{"href":"https:\/\/webs.uab.cat\/catalogomitos\/wp-json\/wp\/v2\/media?parent=159"}],"curies":[{"name":"wp","href":"https:\/\/api.w.org\/{rel}","templated":true}]}}