{"id":167,"date":"2010-01-21T14:08:04","date_gmt":"2010-01-21T12:08:04","guid":{"rendered":"https:\/\/webs.uab.cat\/catalogomitos\/actividades-academicas\/"},"modified":"2022-11-16T09:48:50","modified_gmt":"2022-11-16T07:48:50","slug":"actividades-academicas","status":"publish","type":"page","link":"https:\/\/webs.uab.cat\/catalogomitos\/actividades-academicas\/","title":{"rendered":"Actividades acad\u00e9micas"},"content":{"rendered":"\n<p><strong>Workshop:\u00a0Postdictadura, memoria y duelo en Chile y Argentina.<\/strong><\/p>\n\n\n\n<p>A cargo del profesor\u00a0Dr. Jens Andermann\u00a0(Universit\u00e4t Z\u00fcrich)<br>28 de mayo\u00a0de 2014<br>Organizadores<\/p>\n\n\n\n<p><strong><strong>Charla: Historia de las ideas latinoamericanas y formas de autorizaci\u00f3n del discurso intelectual: el caso de la &#8220;izquierda modernista&#8221; en la Argentina.<\/strong><br><\/strong>A cargo de&nbsp;Marcos Olalla&nbsp;(CONICET-Universidad Nacional de Cuyo,&nbsp;Mendoza, Argentina).<br>2 de abril de 2014.<br>Organizadores<\/p>\n\n\n\n<p><strong><strong>IV Congreso Internacional Mito Prehisp\u00e1nico en la Literatura Latinoamericana<\/strong><br><\/strong>9, 10 y 11 de octubre de 2013, Facultad de Letras y Ciencias Humanas, Universidad Nacional Mayor de San Marcos, Per\u00fa<br>Participaci\u00f3n de Helena Usandizaga, miembro del comit\u00e9 acad\u00e9mico, encargada de la conferencia inaugural, &#8220;Trayectos del mito en la literatura latinoamericana&#8221;, y de la comunicaci\u00f3n &#8220;El viaje cham\u00e1nico en <em>El pez de oro<\/em>&#8220;<\/p>\n\n\n\n<p><strong><a href=\"https:\/\/webs.uab.cat\/catalogomitos\/wp-content\/uploads\/sites\/271\/2016\/11\/Programa-Jornadas-_difusion-alumnos_.pdf\" data-type=\"attachment\" data-id=\"168\" target=\"_blank\" rel=\"noreferrer noopener\"><strong>I Jornadas de mitolog\u00edas latinoamericanas: voces ind\u00edgenas, bienes prehisp\u00e1nicos y literaturas alternativas (finales de siglo XX a siglo XXI)<\/strong><\/a><br>8, 9 y 10 de mayo de 2013, Facultat de Filosofia i Lletres, UAB<br><\/strong>Organizadores<\/p>\n\n\n\n<p><strong><strong>Seminario Mito y poes\u00eda<\/strong><br><\/strong>27 de abril de 2012, Biblioteca de Humanidades, UAB.<br>Organizadores<\/p>\n\n\n\n<p><strong><strong>III Congreso Internacional Mitos Prehisp\u00e1nicos en la Literatura Latinoamericana. Homenaje a Jos\u00e9 Mar\u00eda Arguedas en su centenario<\/strong><br><\/strong>21 al 23 de noviembre de 2011, Universidad de Alicante. Participaci\u00f3n de Helena Usandizaga en conferencia plenaria: \u201cMitos andinos en&nbsp;<em>El pez de oro<\/em>, de Gamaliel Churata\u201d. Participaci\u00f3n de integrantes del grupo en la mesa redonda: \u201cPresencia de mitos prehisp\u00e1nicos en la literatura contempor\u00e1nea de Am\u00e9rica Latina. Inventario de mitos prehisp\u00e1nicos\u201d<br>Colaboradores: Helena Usandizaga miembro del comit\u00e9 asesor y Chiara Bolognese miembro del comit\u00e9 organizador.<\/p>\n\n\n\n<p><strong><a href=\"http:\/\/pagines.uab.cat\/jmarguedas\/\" target=\"_blank\" rel=\"noopener\"><strong>Seminario Homenaje a Jos\u00e9 Mar\u00eda Arguedas<\/strong><\/a><br><\/strong>22 de septiembre de 2011, Biblioteca de Humanidades UAB.<br>Organizadores<\/p>\n\n\n\n<p><strong><strong>Exposici\u00f3n virtual y muestra bibliogr\u00e1fica de Jos\u00e9 Mar\u00eda Arguedas<\/strong><br><\/strong>Septiembre de 2011, Biblioteca de Humanidades UAB.<br>Organizadores junto a la Biblioteca de Humanidades UAB.<\/p>\n\n\n\n<p><strong><strong>Coloquio Leer Latinoam\u00e9rica hoy: \u00bfuna descolonizaci\u00f3n imposible? Desaf\u00edos de poscolonialidad, otredad, representaci\u00f3n y subalternidad<\/strong><br><\/strong>11 al 13 de mayo de 2011, Facultat de Lletres UAB<br>Organizadores<\/p>\n\n\n\n<p><strong><strong>Seminario Leer el relato latinoamericano hoy. Formas de identidad de la posmodernidad a la situaci\u00f3n postnacional<\/strong><br><\/strong>25 de febrero de 2010, Biblioteca de Humanidades UAB<br>Organizadores&nbsp;<\/p>\n\n\n\n<p><strong><strong>Seminario pensamiento ind\u00edgena: encrucijada colonial y realidad contempor\u00e1nea<\/strong><br><\/strong>23 y 24 de abril de 2009, Biblioteca de Humanidades UAB<br>Organizadores<\/p>\n\n\n\n<p><strong><strong>Leer poes\u00eda II. Segundas jornadas internacionales sobre pensamiento po\u00e9tico<\/strong><br><\/strong>14 de abril de 2009, Biblioteca de Humanidades UAB<br>Organizadores<\/p>\n\n\n\n<p><strong><strong>II Congreso Internacional Mitos Prehisp\u00e1nicos en la Literatura Latinoamericana<\/strong><br><\/strong>1 al 4 de julio de 2008, Universidad de Liverpool, Reino Unido<br>Participaci\u00f3n de Helena Usandizaga en conferencia plenaria: &#8220;El mundo oscuro y la m\u00fasica en mitos andinos&#8221;.<br>Helena Usandizaga miembro del comit\u00e9 organizador.<\/p>\n\n\n\n<p><strong><strong>Seminario Leer poes\u00eda (ciclo de conferencias y taller de lectura y cr\u00edtica: reflexiones en torno al sujeto po\u00e9tico)<\/strong><br><\/strong>Febrero, marzo, abril y mayo de 2008, Departamento de Filolog\u00eda Espa\u00f1ola, UAB<br>Coordinadores<\/p>\n\n\n\n<p><strong><strong>I Congreso Internacional Mitos Prehisp\u00e1nicos en la Literatura Latinoamericana. Reflejos, ecos, transmutaciones, recuperaciones, revisiones, apropiaciones del mito prehisp\u00e1nico en la literatura latinoamericana<\/strong><br><\/strong>23 al 25 de noviembre de 2006, Facultat de Lletres UAB<br>Organizadores<\/p>\n","protected":false},"excerpt":{"rendered":"<p>Workshop:\u00a0Postdictadura, memoria y duelo en Chile y Argentina. A cargo del profesor\u00a0Dr. Jens Andermann\u00a0(Universit\u00e4t Z\u00fcrich)28 de mayo\u00a0de 2014Organizadores Charla: Historia de las ideas latinoamericanas y formas de autorizaci\u00f3n del discurso intelectual: el caso de la &#8220;izquierda modernista&#8221; en la Argentina.A cargo de&nbsp;Marcos Olalla&nbsp;(CONICET-Universidad Nacional de Cuyo,&nbsp;Mendoza, Argentina).2 de abril de 2014.Organizadores IV Congreso Internacional Mito [&hellip;]<\/p>\n","protected":false},"author":20,"featured_media":0,"parent":0,"menu_order":0,"comment_status":"closed","ping_status":"closed","template":"","meta":{"footnotes":""},"class_list":["post-167","page","type-page","status-publish","hentry"],"_links":{"self":[{"href":"https:\/\/webs.uab.cat\/catalogomitos\/wp-json\/wp\/v2\/pages\/167","targetHints":{"allow":["GET"]}}],"collection":[{"href":"https:\/\/webs.uab.cat\/catalogomitos\/wp-json\/wp\/v2\/pages"}],"about":[{"href":"https:\/\/webs.uab.cat\/catalogomitos\/wp-json\/wp\/v2\/types\/page"}],"author":[{"embeddable":true,"href":"https:\/\/webs.uab.cat\/catalogomitos\/wp-json\/wp\/v2\/users\/20"}],"replies":[{"embeddable":true,"href":"https:\/\/webs.uab.cat\/catalogomitos\/wp-json\/wp\/v2\/comments?post=167"}],"version-history":[{"count":1,"href":"https:\/\/webs.uab.cat\/catalogomitos\/wp-json\/wp\/v2\/pages\/167\/revisions"}],"predecessor-version":[{"id":325,"href":"https:\/\/webs.uab.cat\/catalogomitos\/wp-json\/wp\/v2\/pages\/167\/revisions\/325"}],"wp:attachment":[{"href":"https:\/\/webs.uab.cat\/catalogomitos\/wp-json\/wp\/v2\/media?parent=167"}],"curies":[{"name":"wp","href":"https:\/\/api.w.org\/{rel}","templated":true}]}}