{"id":175,"date":"2012-11-30T17:25:28","date_gmt":"2012-11-30T15:25:28","guid":{"rendered":"https:\/\/webs.uab.cat\/catalogomitos\/helena-usandizaga\/"},"modified":"2022-11-16T09:35:39","modified_gmt":"2022-11-16T07:35:39","slug":"helena-usandizaga","status":"publish","type":"page","link":"https:\/\/webs.uab.cat\/catalogomitos\/helena-usandizaga\/","title":{"rendered":"Helena Usandizaga"},"content":{"rendered":"\n<p>Helena Usandizaga se doctor\u00f3 en Semi\u00f3tica en la \u00c9cole des Hautes \u00c9tudes en Sciences Sociales de Par\u00eds con una tesis dirigida por A.J. Greimas, y es tambi\u00e9n doctora en Filolog\u00eda Rom\u00e1nica. Desde 1994, ha sido profesora titular de Literatura Hispanoamericana en la Universitat Aut\u00f2noma de Barcelona. Sus l\u00edneas de investigaci\u00f3n son la poes\u00eda peruana contempor\u00e1nea y la literatura andina. Ha publicado numerosos art\u00edculos y cap\u00edtulos de libro sobre estos temas, entre los que se destacan los dedicados a Vallejo, Moro, Eielson y Blanca Varela, por un lado, y a Arguedas y Gamaliel Churata, por otro. Es editora y coautora, con un trabajo sobre los mitos en Gamaliel Churata, del libro <em>La palabra recuperada<\/em> y de <em>Palimpsestos de la antigua palabra<\/em>, con diferentes trabajos sobre los mitos en la literatura latinoamericana.&nbsp; Ha aparecido en 2012 su edici\u00f3n de <em>El Pez de Oro<\/em>, de Gamaliel Churata (editorial C\u00e1tedra), y prepara un libro sobre poes\u00eda peruana. Ha sido investigadora principal en varios proyectos sobre mitolog\u00eda prehisp\u00e1nica en la literatura latinoamericana, incluido el proyecto\/grupo \u201cInventario de Mitos prehisp\u00e1nicos en la literatura latinoamericana (de los a\u00f1os 80 al presente)\u201d. Es directora de <em>Mitolog\u00edas hoy. Revista de pensamiento, cr\u00edtica y estudios literarios latinoamericanos<\/em>.<\/p>\n\n\n\n<p><img loading=\"lazy\" decoding=\"async\" title=\"\" width=\"50\" height=\"46\" src=\"http:\/\/grupsderecerca.uab.cat\/catalogomitos\/sites\/grupsderecerca.uab.cat.catalogomitos\/files\/images\/llibre.gif\" alt=\"\"><a href=\"https:\/\/webs.uab.cat\/catalogomitos\/publicaciones-de-helena-usandizaga\/\" data-type=\"page\" data-id=\"185\">PUBLICACIONES<\/a><\/p>\n","protected":false},"excerpt":{"rendered":"<p>Helena Usandizaga se doctor\u00f3 en Semi\u00f3tica en la \u00c9cole des Hautes \u00c9tudes en Sciences Sociales de Par\u00eds con una tesis dirigida por A.J. Greimas, y es tambi\u00e9n doctora en Filolog\u00eda Rom\u00e1nica. Desde 1994, ha sido profesora titular de Literatura Hispanoamericana en la Universitat Aut\u00f2noma de Barcelona. Sus l\u00edneas de investigaci\u00f3n son la poes\u00eda peruana contempor\u00e1nea [&hellip;]<\/p>\n","protected":false},"author":20,"featured_media":0,"parent":0,"menu_order":0,"comment_status":"closed","ping_status":"closed","template":"","meta":{"footnotes":""},"class_list":["post-175","page","type-page","status-publish","hentry"],"_links":{"self":[{"href":"https:\/\/webs.uab.cat\/catalogomitos\/wp-json\/wp\/v2\/pages\/175","targetHints":{"allow":["GET"]}}],"collection":[{"href":"https:\/\/webs.uab.cat\/catalogomitos\/wp-json\/wp\/v2\/pages"}],"about":[{"href":"https:\/\/webs.uab.cat\/catalogomitos\/wp-json\/wp\/v2\/types\/page"}],"author":[{"embeddable":true,"href":"https:\/\/webs.uab.cat\/catalogomitos\/wp-json\/wp\/v2\/users\/20"}],"replies":[{"embeddable":true,"href":"https:\/\/webs.uab.cat\/catalogomitos\/wp-json\/wp\/v2\/comments?post=175"}],"version-history":[{"count":1,"href":"https:\/\/webs.uab.cat\/catalogomitos\/wp-json\/wp\/v2\/pages\/175\/revisions"}],"predecessor-version":[{"id":313,"href":"https:\/\/webs.uab.cat\/catalogomitos\/wp-json\/wp\/v2\/pages\/175\/revisions\/313"}],"wp:attachment":[{"href":"https:\/\/webs.uab.cat\/catalogomitos\/wp-json\/wp\/v2\/media?parent=175"}],"curies":[{"name":"wp","href":"https:\/\/api.w.org\/{rel}","templated":true}]}}