{"id":176,"date":"2012-11-30T17:27:39","date_gmt":"2012-11-30T15:27:39","guid":{"rendered":"https:\/\/webs.uab.cat\/catalogomitos\/chiara-bolognese\/"},"modified":"2022-11-16T09:36:03","modified_gmt":"2022-11-16T07:36:03","slug":"chiara-bolognese","status":"publish","type":"page","link":"https:\/\/webs.uab.cat\/catalogomitos\/chiara-bolognese\/","title":{"rendered":"Chiara Bolognese"},"content":{"rendered":"\n<p>Es licenciada en Lenguas y Literaturas Extranjeras por la Universit\u00e0 Cattolica de Mil\u00e1n (2001) y doctora en Literatura Hispanoamericana por la Universidad Aut\u00f3noma de Madrid (2007), con una tesis sobre Temas postmodernos en la obra de Roberto Bola\u00f1o. Ha sido becaria posdoctoral MEC-Fulbright en el Centre de Recherches Latino-Am\u00e9ricaines de Poitiers (2007-2008), en la Universidad de Santiago de Chile (2008-2009) y la Universitat Aut\u00f2noma de Barcelona. Actualmente es investigadora posdoctoral en la Universitat Aut\u00f2noma de Barcelona, como miembro del Grupo de Investigaci\u00f3n \u201cInventario de Mitos Prehisp\u00e1nicos\u201d y profesora de la Universitat de Girona. Se dedica, en particular, a investigar sobre la herencia prehisp\u00e1nica en la literatura latinoamericana actual, la narrativa y la poes\u00eda chilenas contempor\u00e1neas, la literatura argentina de la dictadura, la literatura venezolana contempor\u00e1nea, y narrativa cubana actual. Ha publicado art\u00edculos y ensayos acerca de Roberto Bola\u00f1o y sobre autores chilenos, argentinos, venezolanos y cubanos; es autora del libro Pistas de un naufragio. Cartograf\u00eda de Roberto Bola\u00f1o; y co-editora del libro \u00c9ste que ves, enga\u00f1o colorido\u2026 Literaturas, culturas y sujetos alternos en Am\u00e9rica Latina (Barcelona, Icaria).<\/p>\n\n\n\n<p><img loading=\"lazy\" decoding=\"async\" title=\"\" width=\"50\" height=\"46\" src=\"http:\/\/grupsderecerca.uab.cat\/catalogomitos\/sites\/grupsderecerca.uab.cat.catalogomitos\/files\/images\/llibre.gif\" alt=\"\"><a href=\"https:\/\/webs.uab.cat\/catalogomitos\/publicaciones-de-chiara-bolognese\/\" data-type=\"page\" data-id=\"186\">PUBLICACIONES<\/a><\/p>\n","protected":false},"excerpt":{"rendered":"<p>Es licenciada en Lenguas y Literaturas Extranjeras por la Universit\u00e0 Cattolica de Mil\u00e1n (2001) y doctora en Literatura Hispanoamericana por la Universidad Aut\u00f3noma de Madrid (2007), con una tesis sobre Temas postmodernos en la obra de Roberto Bola\u00f1o. Ha sido becaria posdoctoral MEC-Fulbright en el Centre de Recherches Latino-Am\u00e9ricaines de Poitiers (2007-2008), en la Universidad [&hellip;]<\/p>\n","protected":false},"author":20,"featured_media":0,"parent":0,"menu_order":0,"comment_status":"closed","ping_status":"closed","template":"","meta":{"footnotes":""},"class_list":["post-176","page","type-page","status-publish","hentry"],"_links":{"self":[{"href":"https:\/\/webs.uab.cat\/catalogomitos\/wp-json\/wp\/v2\/pages\/176","targetHints":{"allow":["GET"]}}],"collection":[{"href":"https:\/\/webs.uab.cat\/catalogomitos\/wp-json\/wp\/v2\/pages"}],"about":[{"href":"https:\/\/webs.uab.cat\/catalogomitos\/wp-json\/wp\/v2\/types\/page"}],"author":[{"embeddable":true,"href":"https:\/\/webs.uab.cat\/catalogomitos\/wp-json\/wp\/v2\/users\/20"}],"replies":[{"embeddable":true,"href":"https:\/\/webs.uab.cat\/catalogomitos\/wp-json\/wp\/v2\/comments?post=176"}],"version-history":[{"count":1,"href":"https:\/\/webs.uab.cat\/catalogomitos\/wp-json\/wp\/v2\/pages\/176\/revisions"}],"predecessor-version":[{"id":314,"href":"https:\/\/webs.uab.cat\/catalogomitos\/wp-json\/wp\/v2\/pages\/176\/revisions\/314"}],"wp:attachment":[{"href":"https:\/\/webs.uab.cat\/catalogomitos\/wp-json\/wp\/v2\/media?parent=176"}],"curies":[{"name":"wp","href":"https:\/\/api.w.org\/{rel}","templated":true}]}}