{"id":177,"date":"2012-11-30T17:28:19","date_gmt":"2012-11-30T15:28:19","guid":{"rendered":"https:\/\/webs.uab.cat\/catalogomitos\/fernanda-bustamante-escalona\/"},"modified":"2022-11-16T09:43:47","modified_gmt":"2022-11-16T07:43:47","slug":"fernanda-bustamante-escalona","status":"publish","type":"page","link":"https:\/\/webs.uab.cat\/catalogomitos\/fernanda-bustamante-escalona\/","title":{"rendered":"Fernanda Bustamante Escalona"},"content":{"rendered":"\n<p>Es licenciada en Letras Hisp\u00e1nicas (2007) por la Pontificia Universidad Cat\u00f3lica de Chile y diplomada en Administraci\u00f3n Cultural (2008), por la misma instituci\u00f3n. Curs\u00f3, becada por Becas Chile, el M\u00e1ster en Estudios Latinoamericanos (Universitat de Barcelona, Universitat Aut\u00f2noma de Barcelona y Universitat Pompeu Fabra (2010). Actualmente es becaria predoctoral PIF (Profesional Investigador en Formaci\u00f3n) de la \u201cC\u00e1tedra Jos\u00e9 Agust\u00edn Goytisolo\u201d de la Facultat de Lletras de la Universitat Aut\u00f2noma de Barcelona dentro del Doctorado en Teor\u00eda de la Literatura y Literatura Comparada. Es miembro del grupo de investigaci\u00f3n \u201cInventario de Mitos prehisp\u00e1nicos en la literatura latinoamericana\u201d de la UAB y forma parte del comit\u00e9 editorial de <em>Mitolog\u00edas hoy. Revista de pensamiento, cr\u00edtica y estudios literarios latinoamericanos<\/em>. Ha participado en congresos internacionales y publicado art\u00edculos en revistas especializadas centrados en la narrativa reciente del Caribe insular hispanohablante. Es co-editora y autora del libro <em>\u00c9ste que ves, enga\u00f1o colorido\u2026 Literaturas, culturas y sujetos alternos en Am\u00e9rica Latina<\/em> (Barcelona, Icaria, 2012). Paralelamente, ha trabajado en las editoriales Cuarto Propio, Chile (2008) e Icaria editorial, Barcelona (2008-2012).<\/p>\n\n\n\n<p><img loading=\"lazy\" decoding=\"async\" title=\"\" width=\"50\" height=\"46\" src=\"http:\/\/grupsderecerca.uab.cat\/catalogomitos\/sites\/grupsderecerca.uab.cat.catalogomitos\/files\/images\/llibre.gif\" alt=\"\"><a href=\"https:\/\/webs.uab.cat\/catalogomitos\/publicaciones-de-fernanda-bustamante-escalona\/\" data-type=\"page\" data-id=\"187\">PUBLICACIONES<\/a> <\/p>\n","protected":false},"excerpt":{"rendered":"<p>Es licenciada en Letras Hisp\u00e1nicas (2007) por la Pontificia Universidad Cat\u00f3lica de Chile y diplomada en Administraci\u00f3n Cultural (2008), por la misma instituci\u00f3n. Curs\u00f3, becada por Becas Chile, el M\u00e1ster en Estudios Latinoamericanos (Universitat de Barcelona, Universitat Aut\u00f2noma de Barcelona y Universitat Pompeu Fabra (2010). Actualmente es becaria predoctoral PIF (Profesional Investigador en Formaci\u00f3n) de [&hellip;]<\/p>\n","protected":false},"author":20,"featured_media":0,"parent":0,"menu_order":0,"comment_status":"closed","ping_status":"closed","template":"","meta":{"footnotes":""},"class_list":["post-177","page","type-page","status-publish","hentry"],"_links":{"self":[{"href":"https:\/\/webs.uab.cat\/catalogomitos\/wp-json\/wp\/v2\/pages\/177","targetHints":{"allow":["GET"]}}],"collection":[{"href":"https:\/\/webs.uab.cat\/catalogomitos\/wp-json\/wp\/v2\/pages"}],"about":[{"href":"https:\/\/webs.uab.cat\/catalogomitos\/wp-json\/wp\/v2\/types\/page"}],"author":[{"embeddable":true,"href":"https:\/\/webs.uab.cat\/catalogomitos\/wp-json\/wp\/v2\/users\/20"}],"replies":[{"embeddable":true,"href":"https:\/\/webs.uab.cat\/catalogomitos\/wp-json\/wp\/v2\/comments?post=177"}],"version-history":[{"count":2,"href":"https:\/\/webs.uab.cat\/catalogomitos\/wp-json\/wp\/v2\/pages\/177\/revisions"}],"predecessor-version":[{"id":316,"href":"https:\/\/webs.uab.cat\/catalogomitos\/wp-json\/wp\/v2\/pages\/177\/revisions\/316"}],"wp:attachment":[{"href":"https:\/\/webs.uab.cat\/catalogomitos\/wp-json\/wp\/v2\/media?parent=177"}],"curies":[{"name":"wp","href":"https:\/\/api.w.org\/{rel}","templated":true}]}}