{"id":178,"date":"2012-11-30T17:29:45","date_gmt":"2012-11-30T15:29:45","guid":{"rendered":"https:\/\/webs.uab.cat\/catalogomitos\/beatriz-ferrus-anton\/"},"modified":"2022-11-16T09:44:07","modified_gmt":"2022-11-16T07:44:07","slug":"beatriz-ferrus-anton","status":"publish","type":"page","link":"https:\/\/webs.uab.cat\/catalogomitos\/beatriz-ferrus-anton\/","title":{"rendered":"Beatriz Ferr\u00fas Ant\u00f3n"},"content":{"rendered":"\n<p>Es doctora en Literatura Espa\u00f1ola e Hispanoamericana por la Universitat de Val\u00e8ncia y profesora titular de la Universitat Aut\u00f2noma de Barcelona, con especialidad en Literatura Hispanoamericana: de las literaturas prehisp\u00e1nicas al siglo XIX. Entre sus publicaciones m\u00e1s importantes se encuentran las monograf\u00edas <em>Discursos cautivos: vida, escritura y convento <\/em>y<em>&nbsp;Heredar la palabra: cuerpo y escritura de mujeres<\/em>, dedicadas al estudio de la relaci\u00f3n entre mujer, cuerpo y escritura en la Am\u00e9rica Virreinal y <em>La monja de \u00c1greda: historia y leyenda de la Dama Azul en Norteam\u00e9rica<\/em>, donde analiza el v\u00ednculo entre los mitos de los conquistadores y los prehisp\u00e1nicos; as\u00ed como <em>Mujer y literatura de viajes en el siglo XIX: Entre Espa\u00f1a y las Am\u00e9ricas<\/em>. Edit\u00f3 junto con la Dra. Nuria Girona, <em>La Vida de la Sor Francisca Josefa de Castillo<\/em> para la Biblioteca Indiana de Vervuet y con la dra Alba del Pozo <em>Miscel\u00e1neas<\/em> de Juana Manuela Gorriti para las Obras Completas de la autora. Entre sus numerosas publicaciones hay trabajos sobre distintas figuras de la literatura latinoamericana: Westphalen, Flora Trist\u00e1n, Dulce Mar\u00eda Loynaz etc. Es miembro de la AEELH. En 2010 recibi\u00f3 el Premio a la Excelencia Acad\u00e9mica de la UAB. Dirige los proyesctos de investigaci\u00f3n&nbsp;<em>Inventario de mitos prehisp\u00e1nicos en la literatura latinoamericana (De los a\u00f1os 80 al presente)<\/em> y&nbsp;<em>Las primeras escritoras y artistas profesionales<\/em> (Instituto Franklin)<\/p>\n\n\n\n<p><img loading=\"lazy\" decoding=\"async\" title=\"\" width=\"50\" height=\"46\" src=\"http:\/\/grupsderecerca.uab.cat\/catalogomitos\/sites\/grupsderecerca.uab.cat.catalogomitos\/files\/images\/llibre.gif\" alt=\"\"><a href=\"https:\/\/webs.uab.cat\/catalogomitos\/publicaciones-de-beatriz-ferrus-anton\/\" data-type=\"page\" data-id=\"188\">PUBLICACIONES<\/a><\/p>\n","protected":false},"excerpt":{"rendered":"<p>Es doctora en Literatura Espa\u00f1ola e Hispanoamericana por la Universitat de Val\u00e8ncia y profesora titular de la Universitat Aut\u00f2noma de Barcelona, con especialidad en Literatura Hispanoamericana: de las literaturas prehisp\u00e1nicas al siglo XIX. Entre sus publicaciones m\u00e1s importantes se encuentran las monograf\u00edas Discursos cautivos: vida, escritura y convento y&nbsp;Heredar la palabra: cuerpo y escritura de [&hellip;]<\/p>\n","protected":false},"author":20,"featured_media":0,"parent":0,"menu_order":0,"comment_status":"closed","ping_status":"closed","template":"","meta":{"footnotes":""},"class_list":["post-178","page","type-page","status-publish","hentry"],"_links":{"self":[{"href":"https:\/\/webs.uab.cat\/catalogomitos\/wp-json\/wp\/v2\/pages\/178","targetHints":{"allow":["GET"]}}],"collection":[{"href":"https:\/\/webs.uab.cat\/catalogomitos\/wp-json\/wp\/v2\/pages"}],"about":[{"href":"https:\/\/webs.uab.cat\/catalogomitos\/wp-json\/wp\/v2\/types\/page"}],"author":[{"embeddable":true,"href":"https:\/\/webs.uab.cat\/catalogomitos\/wp-json\/wp\/v2\/users\/20"}],"replies":[{"embeddable":true,"href":"https:\/\/webs.uab.cat\/catalogomitos\/wp-json\/wp\/v2\/comments?post=178"}],"version-history":[{"count":1,"href":"https:\/\/webs.uab.cat\/catalogomitos\/wp-json\/wp\/v2\/pages\/178\/revisions"}],"predecessor-version":[{"id":317,"href":"https:\/\/webs.uab.cat\/catalogomitos\/wp-json\/wp\/v2\/pages\/178\/revisions\/317"}],"wp:attachment":[{"href":"https:\/\/webs.uab.cat\/catalogomitos\/wp-json\/wp\/v2\/media?parent=178"}],"curies":[{"name":"wp","href":"https:\/\/api.w.org\/{rel}","templated":true}]}}