{"id":179,"date":"2012-11-30T17:30:11","date_gmt":"2012-11-30T15:30:11","guid":{"rendered":"https:\/\/webs.uab.cat\/catalogomitos\/marcin-kazmierczak\/"},"modified":"2022-11-16T09:44:17","modified_gmt":"2022-11-16T07:44:17","slug":"marcin-kazmierczak","status":"publish","type":"page","link":"https:\/\/webs.uab.cat\/catalogomitos\/marcin-kazmierczak\/","title":{"rendered":"Marcin Kazmierczak"},"content":{"rendered":"\n<p>Marcin Kazmierczak, actual Vicerrector de Investigaci\u00f3n y Relaciones Internacionales de la Universitat Abat Oliba, es doctor en Teor\u00eda de la Literatura y Literatura Comparada por la Universidad Aut\u00f3noma de Barcelona, donde defendi\u00f3 su tesis doctoral dirigida por Helena Usandizaga en 2001. Desde sus estudios de licenciatura en Filolog\u00eda Espa\u00f1ola en Cracovia, sus intereses se han centrado en distintos fen\u00f3menos de la literatura hispanoamericana; desde mitos precolombinos hasta hitos del siglo XX como Borges y Ernesto S\u00e1bato (sobre los cuales ha llevado a cabo numerosos estudios), trabajados a partir de variados enfoques te\u00f3ricos y anal\u00edticos. Forma parte del grupo de investigaci\u00f3n \u201cInventario de Mitos prehisp\u00e1nicos en la literatura latinoamericana\u201d desde sus inicios. Es autor de <em>La metafisica idealista en los relatos de Jorge Luis Borges<\/em> y contribuyente en el libro <em>La palabra recuperada. Mitos prehisp\u00e1nicos en la literatura hispanoamericana<\/em>, as\u00ed como en <em>Huellas de la mitolog\u00eda prehisp\u00e1nica en la literatura latinoamericana <\/em>y&nbsp;<em>Palimpsestos de la antigua palabra<\/em>.<\/p>\n","protected":false},"excerpt":{"rendered":"<p>Marcin Kazmierczak, actual Vicerrector de Investigaci\u00f3n y Relaciones Internacionales de la Universitat Abat Oliba, es doctor en Teor\u00eda de la Literatura y Literatura Comparada por la Universidad Aut\u00f3noma de Barcelona, donde defendi\u00f3 su tesis doctoral dirigida por Helena Usandizaga en 2001. Desde sus estudios de licenciatura en Filolog\u00eda Espa\u00f1ola en Cracovia, sus intereses se han [&hellip;]<\/p>\n","protected":false},"author":20,"featured_media":0,"parent":0,"menu_order":0,"comment_status":"closed","ping_status":"closed","template":"","meta":{"footnotes":""},"class_list":["post-179","page","type-page","status-publish","hentry"],"_links":{"self":[{"href":"https:\/\/webs.uab.cat\/catalogomitos\/wp-json\/wp\/v2\/pages\/179","targetHints":{"allow":["GET"]}}],"collection":[{"href":"https:\/\/webs.uab.cat\/catalogomitos\/wp-json\/wp\/v2\/pages"}],"about":[{"href":"https:\/\/webs.uab.cat\/catalogomitos\/wp-json\/wp\/v2\/types\/page"}],"author":[{"embeddable":true,"href":"https:\/\/webs.uab.cat\/catalogomitos\/wp-json\/wp\/v2\/users\/20"}],"replies":[{"embeddable":true,"href":"https:\/\/webs.uab.cat\/catalogomitos\/wp-json\/wp\/v2\/comments?post=179"}],"version-history":[{"count":1,"href":"https:\/\/webs.uab.cat\/catalogomitos\/wp-json\/wp\/v2\/pages\/179\/revisions"}],"predecessor-version":[{"id":318,"href":"https:\/\/webs.uab.cat\/catalogomitos\/wp-json\/wp\/v2\/pages\/179\/revisions\/318"}],"wp:attachment":[{"href":"https:\/\/webs.uab.cat\/catalogomitos\/wp-json\/wp\/v2\/media?parent=179"}],"curies":[{"name":"wp","href":"https:\/\/api.w.org\/{rel}","templated":true}]}}