{"id":180,"date":"2012-11-30T17:30:34","date_gmt":"2012-11-30T15:30:34","guid":{"rendered":"https:\/\/webs.uab.cat\/catalogomitos\/william-rowe\/"},"modified":"2012-11-30T17:30:34","modified_gmt":"2012-11-30T15:30:34","slug":"william-rowe","status":"publish","type":"page","link":"https:\/\/webs.uab.cat\/catalogomitos\/william-rowe\/","title":{"rendered":"William Rowe"},"content":{"rendered":"<p align=\"justify\">Es profesor de po\u00e9tica en el Departamento de Espa\u00f1ol en el Colegio de Ingl\u00e9s y Humanidades del Birbeck College, en la Universidad de Londres. Ha publicado seis libros y cerca de ochenta art\u00edculos sobre literatura y cultura latinoamericanas. Memory and Modernity: Popular Culture in Latin America, publicado por Verso en 1991. Poets of Contemporary Latin America: History and the Inner Life, publicado por Oxford University Press en el a\u00f1o 2000. Rowe ha realizado trabajos sobre antropolog\u00eda y estudios culturales y recientemente ha estado explorando distintos aspectos de la poes\u00eda decimon\u00f3nica, interpretada en un amplio sentido e incluyendo sus formas culturales, y en relaci\u00f3n espec\u00edfica con las vanguardias. Rowe est\u00e1 especialmente interesado en el estudio de la poes\u00eda moderna tanto de los EEUU como de Am\u00e9rica Latina. Tambi\u00e9n ha publicado traducciones de variados poetas latinoamericanos y sus intereses de investigaci\u00f3n incluyen la aplicaci\u00f3n pr\u00e1ctica y te\u00f3rica de la traducci\u00f3n literaria. En su Departamento, dirige trabajos y proyectos de investigaci\u00f3n sobre poes\u00eda americana y brit\u00e1nica del siglo XIX.<\/p>\n","protected":false},"excerpt":{"rendered":"<p>Es profesor de po\u00e9tica en el Departamento de Espa\u00f1ol en el Colegio de Ingl\u00e9s y Humanidades del Birbeck College, en la Universidad de Londres. Ha publicado seis libros y cerca de ochenta art\u00edculos sobre literatura y cultura latinoamericanas. Memory and Modernity: Popular Culture in Latin America, publicado por Verso en 1991. Poets of Contemporary Latin [&hellip;]<\/p>\n","protected":false},"author":20,"featured_media":0,"parent":0,"menu_order":0,"comment_status":"closed","ping_status":"closed","template":"","meta":{"footnotes":""},"class_list":["post-180","page","type-page","status-publish","hentry"],"_links":{"self":[{"href":"https:\/\/webs.uab.cat\/catalogomitos\/wp-json\/wp\/v2\/pages\/180","targetHints":{"allow":["GET"]}}],"collection":[{"href":"https:\/\/webs.uab.cat\/catalogomitos\/wp-json\/wp\/v2\/pages"}],"about":[{"href":"https:\/\/webs.uab.cat\/catalogomitos\/wp-json\/wp\/v2\/types\/page"}],"author":[{"embeddable":true,"href":"https:\/\/webs.uab.cat\/catalogomitos\/wp-json\/wp\/v2\/users\/20"}],"replies":[{"embeddable":true,"href":"https:\/\/webs.uab.cat\/catalogomitos\/wp-json\/wp\/v2\/comments?post=180"}],"version-history":[{"count":0,"href":"https:\/\/webs.uab.cat\/catalogomitos\/wp-json\/wp\/v2\/pages\/180\/revisions"}],"wp:attachment":[{"href":"https:\/\/webs.uab.cat\/catalogomitos\/wp-json\/wp\/v2\/media?parent=180"}],"curies":[{"name":"wp","href":"https:\/\/api.w.org\/{rel}","templated":true}]}}