{"id":181,"date":"2012-11-30T17:31:10","date_gmt":"2012-11-30T15:31:10","guid":{"rendered":"https:\/\/webs.uab.cat\/catalogomitos\/jose-ignacio-uzquiza\/"},"modified":"2012-11-30T17:31:10","modified_gmt":"2012-11-30T15:31:10","slug":"jose-ignacio-uzquiza","status":"publish","type":"page","link":"https:\/\/webs.uab.cat\/catalogomitos\/jose-ignacio-uzquiza\/","title":{"rendered":"Jos\u00e9 Ignacio \u00dazquiza"},"content":{"rendered":"<p align=\"justify\">Ignacio \u00dazquiza es doctor en Filolog\u00eda Rom\u00e1nica por la Universidad de Salamanca y es Profesor titular de Literatura hispanoamericana en la Universidad de Extremadura. Entre sus intereses de estudio e investigaci\u00f3n sobresalen aspectos de la literatura latinoamericana relacionados con el mestizaje cultural y distintas relaciones entre antropolog\u00eda y literatura. Destacan sus aproximaciones a la obra de C\u00e9sar Vallejo y Jos\u00e9 Mar\u00eda Arguedas. Una compleja revisi\u00f3n de los mitos mayas plasmados en el&nbsp;<em>Popol Vuh<\/em>&nbsp;y la proyecci\u00f3n de \u00e9stos en otras culturas y literaturas es su aportaci\u00f3n a&nbsp;<em>La palabra recuperada<\/em>, primera publicaci\u00f3n conjunta del grupo, del cual es miembro desde sus inicios. Cabe agregar que un trabajo m\u00e1s profundo y extenso sobre el tema de los mitos mayas apareci\u00f3 en 2008 como libro (<em>E<\/em><em>n el coraz\u00f3n del cielo: un viaje al misterio maya del Popol Vuh<\/em>). Forma parte del grupo de investigaci\u00f3n \u201cInventario de Mitos prehisp\u00e1nicos en la literatura latinoamericana\u201d y ha contribuido tambi\u00e9n en el libro <em>Huellas de la mitolog\u00eda prehisp\u00e1nica en la literatura latinoamericana<\/em> (2011); es adem\u00e1s autor de la edici\u00f3n del <em>Manuscrito de Huarochir\u00ed<\/em><em>: Libro sagrado de los Andes peruanos<\/em> (2011).<\/p>\n","protected":false},"excerpt":{"rendered":"<p>Ignacio \u00dazquiza es doctor en Filolog\u00eda Rom\u00e1nica por la Universidad de Salamanca y es Profesor titular de Literatura hispanoamericana en la Universidad de Extremadura. Entre sus intereses de estudio e investigaci\u00f3n sobresalen aspectos de la literatura latinoamericana relacionados con el mestizaje cultural y distintas relaciones entre antropolog\u00eda y literatura. Destacan sus aproximaciones a la obra [&hellip;]<\/p>\n","protected":false},"author":20,"featured_media":0,"parent":0,"menu_order":0,"comment_status":"closed","ping_status":"closed","template":"","meta":{"footnotes":""},"class_list":["post-181","page","type-page","status-publish","hentry"],"_links":{"self":[{"href":"https:\/\/webs.uab.cat\/catalogomitos\/wp-json\/wp\/v2\/pages\/181","targetHints":{"allow":["GET"]}}],"collection":[{"href":"https:\/\/webs.uab.cat\/catalogomitos\/wp-json\/wp\/v2\/pages"}],"about":[{"href":"https:\/\/webs.uab.cat\/catalogomitos\/wp-json\/wp\/v2\/types\/page"}],"author":[{"embeddable":true,"href":"https:\/\/webs.uab.cat\/catalogomitos\/wp-json\/wp\/v2\/users\/20"}],"replies":[{"embeddable":true,"href":"https:\/\/webs.uab.cat\/catalogomitos\/wp-json\/wp\/v2\/comments?post=181"}],"version-history":[{"count":0,"href":"https:\/\/webs.uab.cat\/catalogomitos\/wp-json\/wp\/v2\/pages\/181\/revisions"}],"wp:attachment":[{"href":"https:\/\/webs.uab.cat\/catalogomitos\/wp-json\/wp\/v2\/media?parent=181"}],"curies":[{"name":"wp","href":"https:\/\/api.w.org\/{rel}","templated":true}]}}