{"id":182,"date":"2012-11-30T17:31:35","date_gmt":"2012-11-30T15:31:35","guid":{"rendered":"https:\/\/webs.uab.cat\/catalogomitos\/mauricio-zabalgoitia-herrera\/"},"modified":"2022-11-16T09:44:48","modified_gmt":"2022-11-16T07:44:48","slug":"mauricio-zabalgoitia-herrera","status":"publish","type":"page","link":"https:\/\/webs.uab.cat\/catalogomitos\/mauricio-zabalgoitia-herrera\/","title":{"rendered":"Mauricio Zabalgoitia Herrera"},"content":{"rendered":"\n<p>Mauricio Zabalgoitia Herrera es licenciado en Letras Hisp\u00e1nicas por la Universidad de Guadalajara (M\u00e9xico) y doctor en Filolog\u00eda Espa\u00f1ola por la Universitat Aut\u00f2noma de Barcelona; actualmente es profesor postdoctoral en esta universidad. Es especialista en temas de literatura, poscolonialismo, subalternidad, representaci\u00f3n, subjetividad y espacios alternos en Am\u00e9rica Latina. Ha publicado numerosos art\u00edculos en publicaciones especializadas (<em>Prosopopeya<\/em>, <em>Castilla<\/em>, <em>Hispan\u00f3fila, 452\u00baF, Anthropos<\/em>), as\u00ed como diversos cap\u00edtulos de libro en publicaciones espa\u00f1olas y mexicanas. En 2012 ha co-editado los vol\u00famenes <em>\u00c9ste que ves, enga\u00f1o colorido\u2026 Literaturas, culturas y sujetos alternos en Am\u00e9rica Latina<\/em> (Barcelona: Icaria) y <em>La subalternidad revisitada: Am\u00e9rica Latina en la encrucijada subjetiva<\/em> (Valencia: Revista Prosopopeya). Ha sido co-director del \u00abI Congreso Internacional Leer Latinoam\u00e9rica Hoy\u00bb (Barcelona, UAB, 11-13 de mayo de 2011). Ha realizado viajes y estancias de investigaci\u00f3n a Londres, Per\u00fa y M\u00e9xico. Se encuentra en prensa su libro <em>Fantasma, l\u00edmite, fracaso. \u00d3rdenes y des\u00f3rdenes en la construcci\u00f3n de Am\u00e9rica Latina <\/em>(Barcelona: Icaria). Es co-editor de <em>Mitolog\u00edas<\/em> <em>hoy. Revista de pensamiento, cr\u00edtica y estudios literarios latinoamericanos<\/em> y es miembro del grupo de investigaci\u00f3n \u00abInventario de mitos prehisp\u00e1nicos en la literatura latinoamericana\u00bb (UAB) desde 2008.<\/p>\n\n\n\n<p><img loading=\"lazy\" decoding=\"async\" title=\"\" width=\"50\" height=\"46\" src=\"http:\/\/grupsderecerca.uab.cat\/catalogomitos\/sites\/grupsderecerca.uab.cat.catalogomitos\/files\/images\/llibre.gif\" alt=\"\"><a href=\"https:\/\/webs.uab.cat\/catalogomitos\/publicaciones-de-mauricio-zabalgoitia-herrera-0\/\" data-type=\"page\" data-id=\"190\">PUBLICACIONES<\/a><\/p>\n","protected":false},"excerpt":{"rendered":"<p>Mauricio Zabalgoitia Herrera es licenciado en Letras Hisp\u00e1nicas por la Universidad de Guadalajara (M\u00e9xico) y doctor en Filolog\u00eda Espa\u00f1ola por la Universitat Aut\u00f2noma de Barcelona; actualmente es profesor postdoctoral en esta universidad. Es especialista en temas de literatura, poscolonialismo, subalternidad, representaci\u00f3n, subjetividad y espacios alternos en Am\u00e9rica Latina. Ha publicado numerosos art\u00edculos en publicaciones especializadas [&hellip;]<\/p>\n","protected":false},"author":20,"featured_media":0,"parent":0,"menu_order":0,"comment_status":"closed","ping_status":"closed","template":"","meta":{"footnotes":""},"class_list":["post-182","page","type-page","status-publish","hentry"],"_links":{"self":[{"href":"https:\/\/webs.uab.cat\/catalogomitos\/wp-json\/wp\/v2\/pages\/182","targetHints":{"allow":["GET"]}}],"collection":[{"href":"https:\/\/webs.uab.cat\/catalogomitos\/wp-json\/wp\/v2\/pages"}],"about":[{"href":"https:\/\/webs.uab.cat\/catalogomitos\/wp-json\/wp\/v2\/types\/page"}],"author":[{"embeddable":true,"href":"https:\/\/webs.uab.cat\/catalogomitos\/wp-json\/wp\/v2\/users\/20"}],"replies":[{"embeddable":true,"href":"https:\/\/webs.uab.cat\/catalogomitos\/wp-json\/wp\/v2\/comments?post=182"}],"version-history":[{"count":1,"href":"https:\/\/webs.uab.cat\/catalogomitos\/wp-json\/wp\/v2\/pages\/182\/revisions"}],"predecessor-version":[{"id":319,"href":"https:\/\/webs.uab.cat\/catalogomitos\/wp-json\/wp\/v2\/pages\/182\/revisions\/319"}],"wp:attachment":[{"href":"https:\/\/webs.uab.cat\/catalogomitos\/wp-json\/wp\/v2\/media?parent=182"}],"curies":[{"name":"wp","href":"https:\/\/api.w.org\/{rel}","templated":true}]}}