{"id":200,"date":"2013-02-07T16:42:33","date_gmt":"2013-02-07T14:42:33","guid":{"rendered":"https:\/\/webs.uab.cat\/catalogomitos\/otras-publicaciones-en-las-que-participan-miembros-del-grupo\/"},"modified":"2022-11-16T09:56:13","modified_gmt":"2022-11-16T07:56:13","slug":"otras-publicaciones-en-las-que-participan-miembros-del-grupo","status":"publish","type":"page","link":"https:\/\/webs.uab.cat\/catalogomitos\/otras-publicaciones-en-las-que-participan-miembros-del-grupo\/","title":{"rendered":"Otras publicaciones en las que participan miembros del grupo"},"content":{"rendered":"\n<div class=\"wp-block-media-text is-stacked-on-mobile\" style=\"grid-template-columns:30% auto\"><figure class=\"wp-block-media-text__media\"><img decoding=\"async\" src=\"http:\/\/grupsderecerca.uab.cat\/catalogomitos\/sites\/grupsderecerca.uab.cat.catalogomitos\/files\/images\/fernanda.jpg\" alt=\"\"\/><\/figure><div class=\"wp-block-media-text__content\">\n<p class=\"has-small-font-size\">Fernanda Bustamante. <a rel=\"noreferrer noopener\" href=\"http:\/\/www.cuartopropio.cl\/index.php\/catalogo\/ensayo-humanidades\/literatura\/item\/804-a-ritmo-desenfadado-narrativas-dominicanas-del-nuevo-milenio\" target=\"_blank\">A ritmo desenfadado : narrativas dominicanas del nuevo milenio<\/a>. Editorial Cuarto Propio, 2014, ISBN: 9789562606929<\/p>\n<\/div><\/div>\n\n\n\n<p><\/p>\n\n\n\n<div class=\"wp-block-media-text is-stacked-on-mobile\" style=\"grid-template-columns:30% auto\"><figure class=\"wp-block-media-text__media\"><img loading=\"lazy\" decoding=\"async\" width=\"431\" height=\"686\" src=\"https:\/\/webs.uab.cat\/catalogomitos\/wp-content\/uploads\/sites\/271\/2013\/02\/mauricio.gif\" alt=\"\" class=\"wp-image-198 size-full\"\/><\/figure><div class=\"wp-block-media-text__content\">\n<p class=\"has-small-font-size\">Mauricio Zabalgoitia Herrera. <a rel=\"noreferrer noopener\" href=\"http:\/\/www.icariaeditorial.com\/libros.php?id=1456\" target=\"_blank\">Fantasmas de la nueva palabra : representaci\u00f3n y l\u00edmite en literaturas de Am\u00e9rica latina<\/a>. Icaria Editorial, 2014, ISBN: 9788498884487<\/p>\n<\/div><\/div>\n\n\n\n<div class=\"wp-block-media-text is-stacked-on-mobile\" style=\"grid-template-columns:30% auto\"><figure class=\"wp-block-media-text__media\"><img decoding=\"async\" src=\"http:\/\/grupsderecerca.uab.cat\/catalogomitos\/sites\/grupsderecerca.uab.cat.catalogomitos\/files\/images\/espa%C3%B1ol.png\" alt=\"\"\/><\/figure><div class=\"wp-block-media-text__content\">\n<p class=\"has-small-font-size\">Beatriz Ferr\u00fas y Dolores Poch (eds.) <a rel=\"noreferrer noopener\" href=\"http:\/\/www.iberoamericanalibros.com\/cgi-bin\/infodetail.cgi?isbn=9788484898481&amp;doknr=521848&amp;lang=es&amp;txt=beschreibung\" target=\"_blank\"><strong>El espa\u00f1ol entre dos mundos. Estudios de ELE en Lengua y Literatura<\/strong><\/a>. Iberoamericana \/ Vervuert Verlag, 2014, ISBN: 9788484898481<\/p>\n<\/div><\/div>\n\n\n\n<p><\/p>\n\n\n\n<div class=\"wp-block-media-text is-stacked-on-mobile\" style=\"grid-template-columns:30% auto\"><figure class=\"wp-block-media-text__media\"><img decoding=\"async\" src=\"http:\/\/grupsderecerca.uab.cat\/catalogomitos\/sites\/grupsderecerca.uab.cat.catalogomitos\/files\/images\/portada1.png\" alt=\"\"\/><\/figure><div class=\"wp-block-media-text__content\">\n<p class=\"has-small-font-size\"><a href=\"http:\/\/grupsderecerca.uab.cat\/catalogomitos\/content\/beatriz-ferr%C3%BAs-ant%C3%B3n\">Beatriz Ferr\u00fas<\/a> y Alba del Pozo editan el tercer volumen de las <strong>Obras completas<\/strong> de Juana Manuela Gorriti,en <a rel=\"noreferrer noopener\" href=\"http:\/\/www.lacrujiaediciones.com.ar\/\" target=\"_blank\">La Cruj\u00eda Ediciones<\/a>, Colecci\u00f3n: ICRJ Biblioteca del norte<\/p>\n<\/div><\/div>\n\n\n\n<p><\/p>\n\n\n\n<div class=\"wp-block-media-text is-stacked-on-mobile\" style=\"grid-template-columns:30% auto\"><figure class=\"wp-block-media-text__media\"><img loading=\"lazy\" decoding=\"async\" width=\"1268\" height=\"1882\" src=\"https:\/\/webs.uab.cat\/catalogomitos\/wp-content\/uploads\/sites\/271\/2013\/02\/La-critica-como-sabotaje-copia.jpg\" alt=\"\" class=\"wp-image-199 size-full\" srcset=\"https:\/\/webs.uab.cat\/catalogomitos\/wp-content\/uploads\/sites\/271\/2013\/02\/La-critica-como-sabotaje-copia.jpg 1268w, https:\/\/webs.uab.cat\/catalogomitos\/wp-content\/uploads\/sites\/271\/2013\/02\/La-critica-como-sabotaje-copia-202x300.jpg 202w, https:\/\/webs.uab.cat\/catalogomitos\/wp-content\/uploads\/sites\/271\/2013\/02\/La-critica-como-sabotaje-copia-690x1024.jpg 690w, https:\/\/webs.uab.cat\/catalogomitos\/wp-content\/uploads\/sites\/271\/2013\/02\/La-critica-como-sabotaje-copia-768x1140.jpg 768w, https:\/\/webs.uab.cat\/catalogomitos\/wp-content\/uploads\/sites\/271\/2013\/02\/La-critica-como-sabotaje-copia-1035x1536.jpg 1035w, https:\/\/webs.uab.cat\/catalogomitos\/wp-content\/uploads\/sites\/271\/2013\/02\/La-critica-como-sabotaje-copia-1200x1781.jpg 1200w\" sizes=\"auto, (max-width: 1268px) 100vw, 1268px\" \/><\/figure><div class=\"wp-block-media-text__content\">\n<p class=\"has-small-font-size\">-Beatriz Ferr\u00fas y Mauricio Zabalgoitia coordinan la publicaci\u00f3n <a rel=\"noreferrer noopener\" href=\"http:\/\/www.anthropos-editorial.com\/DETALLE\/LA-CRITICA-COMO-SABOTAJE-DE-MANUEL-ASENSI-RA237\" target=\"_blank\">La cr\u00edtica como sabotaje de Manuel Asensi<\/a>.\u00a0Editorial Anthropos, 2013, ISBN:\u00a01137363600237<\/p>\n<\/div><\/div>\n\n\n\n<p><\/p>\n\n\n\n<div class=\"wp-block-media-text is-stacked-on-mobile\" style=\"grid-template-columns:30% auto\"><figure class=\"wp-block-media-text__media\"><img decoding=\"async\" src=\"http:\/\/grupsderecerca.uab.cat\/catalogomitos\/sites\/grupsderecerca.uab.cat.catalogomitos\/files\/images\/Otros4_0.jpg\" alt=\"\"\/><\/figure><div class=\"wp-block-media-text__content\">\n<p class=\"has-small-font-size\">Investigadores del grupo Inventario de mitos prehisp\u00e1nicos participan en <a rel=\"noreferrer noopener\" href=\"http:\/\/www.iberoamericanalibros.com\/cgi-bin\/infodetail.cgi?isbn=9788484897125&amp;doknr=521712&amp;lang=es&amp;txt=beschreibung\" target=\"_blank\">Mito palabra e historia en la tradici\u00f3n latinoamericana<\/a> . El libro recoge los trabajos \u201c<em>Mitos andinos en El pez de oro, de Gamaliel Churata<\/em>\u201d de <a href=\"https:\/\/webs.uab.cat\/catalogomitos\/helena-usandizaga\/\" data-type=\"page\" data-id=\"175\">Helena Usandizaga<\/a>, \u201c<em>Presencias m\u00edticas en la literatura chilena, desde su fundaci\u00f3n hasta hoy<\/em>\u201d de <a href=\"https:\/\/webs.uab.cat\/catalogomitos\/chiara-bolognese\/\" data-type=\"page\" data-id=\"176\">Chiara Bolognese<\/a>, \u201c<em>La biograf\u00eda difusa de Sombra Casta\u00f1eda: se oyen las carcajadas de los extinguidos entre una difusa oficialidad de fondo<\/em>\u201d de <a href=\"https:\/\/webs.uab.cat\/catalogomitos\/fernanda-bustamante-escalona\/\" data-type=\"page\" data-id=\"177\">Fernanda Bustamante Escalona<\/a> y \u201c<em>Leyenda y mito: la Baronesa de Wilson y las Maravillas americanas&#8221;<\/em> de <a href=\"https:\/\/webs.uab.cat\/catalogomitos\/beatriz-ferrus-anton\/\" data-type=\"page\" data-id=\"178\">Beatriz Ferr\u00fas Ant\u00f3n<\/a>.<\/p>\n<\/div><\/div>\n\n\n\n<p><\/p>\n\n\n\n<div class=\"wp-block-media-text is-stacked-on-mobile\" style=\"grid-template-columns:30% auto\"><figure class=\"wp-block-media-text__media\"><img decoding=\"async\" src=\"http:\/\/grupsderecerca.uab.cat\/catalogomitos\/sites\/grupsderecerca.uab.cat.catalogomitos\/files\/images\/Otros3_0.jpg\" alt=\"\"\/><\/figure><div class=\"wp-block-media-text__content\">\n<p class=\"has-small-font-size\"><a rel=\"noreferrer noopener\" href=\"http:\/\/www.catedra.com\/\" target=\"_blank\">Editorial C\u00e1tedra<\/a>, dentro de su colecci\u00f3n Letras hisp\u00e1nicas, presenta la reedici\u00f3n del libro\u00a0<a rel=\"noreferrer noopener\" href=\"http:\/\/www.catedra.com\/cgigeneral\/newFichaProducto.pl?obrcod=1982725&amp;id_sello_editorial_web=01&amp;id_sello_VisualizarDatos=01\" target=\"_blank\"><em>El pez de oro\u00a0<\/em>(2012 [1957])<\/a>, del escritor peruano Gamaliel Churata (1897-1969). La edici\u00f3n cr\u00edtica fue realizada por la Dra. <a href=\"https:\/\/webs.uab.cat\/catalogomitos\/helena-usandizaga\/\" data-type=\"page\" data-id=\"175\">Helena Usandizaga<\/a>.<\/p>\n<\/div><\/div>\n\n\n\n<ul class=\"wp-block-list\"><li>Entrevista de Jos\u00e9 Ignacio Padilla a <a href=\"https:\/\/webs.uab.cat\/catalogomitos\/helena-usandizaga\/\" data-type=\"page\" data-id=\"175\">Helena Uzandizaga<\/a>, responsable de la reciente edici\u00f3n de <strong><em>El pez de oro<\/em><\/strong>, de Gamaliel Churata:<br><a rel=\"noopener\" href=\"http:\/\/blog.ibero-americana.net\/2013\/02\/28\/helena-usandizaga-cuestionario-la-presencia-de-lo-indigena-en-la-literatura-latinoamericana\/\" target=\"_blank\">&#8220;La presencia de lo ind\u00edgena en la literatura latinoamericana&#8221;<\/a>, 28\/02\/2013 <p>\u00a0<\/p> <p>\u00a0<\/p> <p>\u00a0<\/p> <\/li><li>Rese\u00f1a de Mauricio Zabalgoitia de <em>El pez de oro<\/em> (C\u00e1tedra, 2012), en <a rel=\"noopener\" href=\"http:\/\/grupsderecerca.uab.cat\/catalogomitos\/sites\/grupsderecerca.uab.cat.catalogomitos\/files\/Rese\u00f1a%20El%20Pez%20de%20oro_Mauricio%20Zabalgoitia.pdf\" target=\"_blank\"><em>Anales de la literatura hispanoamericana<\/em>, 2013, vol. 43, pp. 421-452<\/a>. <p>\u00a0<\/p> <\/li><\/ul>\n","protected":false},"excerpt":{"rendered":"<p>Fernanda Bustamante. A ritmo desenfadado : narrativas dominicanas del nuevo milenio. Editorial Cuarto Propio, 2014, ISBN: 9789562606929 Mauricio Zabalgoitia Herrera. Fantasmas de la nueva palabra : representaci\u00f3n y l\u00edmite en literaturas de Am\u00e9rica latina. Icaria Editorial, 2014, ISBN: 9788498884487 Beatriz Ferr\u00fas y Dolores Poch (eds.) El espa\u00f1ol entre dos mundos. Estudios de ELE en Lengua [&hellip;]<\/p>\n","protected":false},"author":20,"featured_media":0,"parent":0,"menu_order":0,"comment_status":"closed","ping_status":"closed","template":"","meta":{"footnotes":""},"class_list":["post-200","page","type-page","status-publish","hentry"],"_links":{"self":[{"href":"https:\/\/webs.uab.cat\/catalogomitos\/wp-json\/wp\/v2\/pages\/200","targetHints":{"allow":["GET"]}}],"collection":[{"href":"https:\/\/webs.uab.cat\/catalogomitos\/wp-json\/wp\/v2\/pages"}],"about":[{"href":"https:\/\/webs.uab.cat\/catalogomitos\/wp-json\/wp\/v2\/types\/page"}],"author":[{"embeddable":true,"href":"https:\/\/webs.uab.cat\/catalogomitos\/wp-json\/wp\/v2\/users\/20"}],"replies":[{"embeddable":true,"href":"https:\/\/webs.uab.cat\/catalogomitos\/wp-json\/wp\/v2\/comments?post=200"}],"version-history":[{"count":2,"href":"https:\/\/webs.uab.cat\/catalogomitos\/wp-json\/wp\/v2\/pages\/200\/revisions"}],"predecessor-version":[{"id":330,"href":"https:\/\/webs.uab.cat\/catalogomitos\/wp-json\/wp\/v2\/pages\/200\/revisions\/330"}],"wp:attachment":[{"href":"https:\/\/webs.uab.cat\/catalogomitos\/wp-json\/wp\/v2\/media?parent=200"}],"curies":[{"name":"wp","href":"https:\/\/api.w.org\/{rel}","templated":true}]}}