{"id":205,"date":"2014-01-09T12:24:40","date_gmt":"2014-01-09T10:24:40","guid":{"rendered":"https:\/\/webs.uab.cat\/catalogomitos\/noticias\/"},"modified":"2022-11-16T09:52:13","modified_gmt":"2022-11-16T07:52:13","slug":"noticias","status":"publish","type":"page","link":"https:\/\/webs.uab.cat\/catalogomitos\/noticias\/","title":{"rendered":"Noticias"},"content":{"rendered":"\n<p><strong>DEL 29 DE AGOSTO AL 3 DE SEPTIEMBRE<\/strong><br><strong>\u201cCONGRESO DE LAS ARTES HOMENAJE A JORGE EDUARDO EIELSON\u201d<\/strong><br><strong>CELEBRA LOS 90 A\u00d1OS DEL POETA DE LA GENERACI\u00d3N DEL 50<\/strong><\/p>\n\n\n\n<figure class=\"wp-block-image size-large\"><img loading=\"lazy\" decoding=\"async\" width=\"683\" height=\"1024\" src=\"https:\/\/webs.uab.cat\/catalogomitos\/wp-content\/uploads\/sites\/271\/2014\/01\/aficheeielson-683x1024.jpg\" alt=\"Congreso JORGE EDUARDO EIELSON\" class=\"wp-image-204\" srcset=\"https:\/\/webs.uab.cat\/catalogomitos\/wp-content\/uploads\/sites\/271\/2014\/01\/aficheeielson-683x1024.jpg 683w, https:\/\/webs.uab.cat\/catalogomitos\/wp-content\/uploads\/sites\/271\/2014\/01\/aficheeielson-200x300.jpg 200w, https:\/\/webs.uab.cat\/catalogomitos\/wp-content\/uploads\/sites\/271\/2014\/01\/aficheeielson-768x1152.jpg 768w, https:\/\/webs.uab.cat\/catalogomitos\/wp-content\/uploads\/sites\/271\/2014\/01\/aficheeielson-1024x1536.jpg 1024w, https:\/\/webs.uab.cat\/catalogomitos\/wp-content\/uploads\/sites\/271\/2014\/01\/aficheeielson-1366x2048.jpg 1366w, https:\/\/webs.uab.cat\/catalogomitos\/wp-content\/uploads\/sites\/271\/2014\/01\/aficheeielson-1200x1800.jpg 1200w, https:\/\/webs.uab.cat\/catalogomitos\/wp-content\/uploads\/sites\/271\/2014\/01\/aficheeielson-1980x2969.jpg 1980w, https:\/\/webs.uab.cat\/catalogomitos\/wp-content\/uploads\/sites\/271\/2014\/01\/aficheeielson-scaled.jpg 1707w\" sizes=\"auto, (max-width: 683px) 100vw, 683px\" \/><\/figure>\n\n\n\n<p><strong>Congreso JORGE EDUARDO EIELSON<\/strong><\/p>\n\n\n\n<p>La Escuela de Artes Esc\u00e9nicas y Literatura de la Universidad Cient\u00edfica del Sur invita a la comunidad acad\u00e9mica a participar en el&nbsp;<em>Congreso de las Artes Homenaje a Jorge Eduardo Eielson<\/em>, conmemorando&nbsp;los noventa a\u00f1os de su natalicio. &nbsp;<\/p>\n\n\n\n<p>Este encuentro propone revalorar a Jorge Eduardo Eielson, una de las figuras m\u00e1s representativas e influyentes de la literatura y el arte peruano, a partir de la reflexi\u00f3n sobre su multifac\u00e9tica obra. Durante el Congreso se llevar\u00e1n a cabo ponencias, conferencias magistrales&nbsp;a cargo de especialistas de primer nivel&nbsp;y presentaciones de libros (novedades editoriales sobre la obra de Eielson y trabajos de investigaci\u00f3n). Adem\u00e1s, se proyectar\u00e1 un documental in\u00e9dito, se inaugurar\u00e1 una exposici\u00f3n bibliogr\u00e1fica y diversas intervenciones art\u00edsticas (performance, recital po\u00e9tico, lectura dram\u00e1tica, poes\u00eda y multimedia).&nbsp;<\/p>\n\n\n\n<p>El Centro Cultural de Espa\u00f1a, el Instituto Cultural Peruano Norteamericano, el Centro Cultural Inca Garcilaso del Ministerio de Relaciones Exteriores, y la Casa de la Literatura Peruana ser\u00e1n las sedes del Congreso que se realizar\u00e1 en la ciudad de Lima del 29 de agosto al 3 de septiembre de 2014.<\/p>\n\n\n\n<p>Las ponencias pueden ser enviadas al siguiente correo electr\u00f3nico hasta el 15 de julio del a\u00f1o en curso:&nbsp;<a href=\"mailto:congresodelasarteseielson@cientifica.edu.pe\" target=\"_blank\" rel=\"noreferrer noopener\">congresodelasarteseielson@cientifica.edu.pe<\/a><\/p>\n\n\n\n<p>M\u00e1s detalles del homenaje en el siguiente&nbsp;<a href=\"https:\/\/www.facebook.com\/congresodelasarteseielson\" target=\"_blank\" rel=\"noreferrer noopener\">enlace<\/a>.<\/p>\n\n\n\n<p>Aqu\u00ed pueden descargar las&nbsp;<a href=\"http:\/\/www.cientifica.edu.pe\/congreso_artes_eielson\/c.php?h=&amp;sc=&amp;nv=0&amp;id=558\" target=\"_blank\" rel=\"noreferrer noopener\">bases de la convocatoria<\/a>&nbsp;para ponentes.<\/p>\n\n\n\n<div>&nbsp;<\/div>\n\n\n\n<div>&nbsp;<\/div>\n\n\n\n<div>&nbsp;<\/div>\n\n\n\n<div>&nbsp;<\/div>\n\n\n\n<div>&nbsp;<\/div>\n\n\n\n<div>&nbsp;<\/div>\n","protected":false},"excerpt":{"rendered":"<p>DEL 29 DE AGOSTO AL 3 DE SEPTIEMBRE\u201cCONGRESO DE LAS ARTES HOMENAJE A JORGE EDUARDO EIELSON\u201dCELEBRA LOS 90 A\u00d1OS DEL POETA DE LA GENERACI\u00d3N DEL 50 Congreso JORGE EDUARDO EIELSON La Escuela de Artes Esc\u00e9nicas y Literatura de la Universidad Cient\u00edfica del Sur invita a la comunidad acad\u00e9mica a participar en el&nbsp;Congreso de las Artes [&hellip;]<\/p>\n","protected":false},"author":20,"featured_media":0,"parent":0,"menu_order":0,"comment_status":"closed","ping_status":"closed","template":"","meta":{"footnotes":""},"class_list":["post-205","page","type-page","status-publish","hentry"],"_links":{"self":[{"href":"https:\/\/webs.uab.cat\/catalogomitos\/wp-json\/wp\/v2\/pages\/205","targetHints":{"allow":["GET"]}}],"collection":[{"href":"https:\/\/webs.uab.cat\/catalogomitos\/wp-json\/wp\/v2\/pages"}],"about":[{"href":"https:\/\/webs.uab.cat\/catalogomitos\/wp-json\/wp\/v2\/types\/page"}],"author":[{"embeddable":true,"href":"https:\/\/webs.uab.cat\/catalogomitos\/wp-json\/wp\/v2\/users\/20"}],"replies":[{"embeddable":true,"href":"https:\/\/webs.uab.cat\/catalogomitos\/wp-json\/wp\/v2\/comments?post=205"}],"version-history":[{"count":1,"href":"https:\/\/webs.uab.cat\/catalogomitos\/wp-json\/wp\/v2\/pages\/205\/revisions"}],"predecessor-version":[{"id":328,"href":"https:\/\/webs.uab.cat\/catalogomitos\/wp-json\/wp\/v2\/pages\/205\/revisions\/328"}],"wp:attachment":[{"href":"https:\/\/webs.uab.cat\/catalogomitos\/wp-json\/wp\/v2\/media?parent=205"}],"curies":[{"name":"wp","href":"https:\/\/api.w.org\/{rel}","templated":true}]}}