{"id":123,"date":"2020-07-19T19:10:28","date_gmt":"2020-07-19T19:10:28","guid":{"rendered":"https:\/\/webs.uab.cat\/catedraeducomunitaria\/miembros\/"},"modified":"2020-07-19T20:21:16","modified_gmt":"2020-07-19T20:21:16","slug":"miembros","status":"publish","type":"page","link":"https:\/\/webs.uab.cat\/catedraeducomunitaria\/es\/miembros\/","title":{"rendered":"Miembros"},"content":{"rendered":"<blockquote>\n<p><span style=\"color:#FF8C00;\"><strong>Miquel \u00c0ngel Essomba Gelabert (director)<\/strong><\/span><br \/>\nmiquelangel.essomba@uab.cat<\/p>\n<\/blockquote>\n<p><img loading=\"lazy\" decoding=\"async\" class=\" size-full wp-image-79\" alt=\"\" height=\"200\" src=\"https:\/\/webs.uab.cat\/catedraeducomunitaria\/wp-content\/uploads\/sites\/153\/2020\/07\/miquel_cercle_0.png\" style=\"float:left\" width=\"227\" \/>Doctor en pedagog\u00eda, m\u00e1ster en psicolog\u00eda de la educaci\u00f3n y postgrado en pedagog\u00eda intercultural. Investigador y profesor en la Universidad Aut\u00f3noma de Barcelona (UAB), experto en el \u00e1mbito de la educaci\u00f3n intercultural, la educaci\u00f3n inclusiva y la educaci\u00f3n comunitaria.<\/p>\n<p>Ha dirigido y \/ o participado en 64 proyectos de investigaci\u00f3n: 41 en convocatorias competitivas de organismos p\u00fablicos y 23 no competitivas. Esto se complementa con un perfil de gesti\u00f3n de la investigaci\u00f3n, que se inicia como vicedecano de investigaci\u00f3n de su facultad de educaci\u00f3n para el periodo 2002-2005, y que contin\u00faa como director del Centro UNESCO de Catalu\u00f1a y presidente del Instituto Linguapax entre 2008-2012, director de la red de an\u00e1lisis de pol\u00edticas educativas europea SIRIUS (Comisi\u00f3n Europea) en el periodo 2012-2015, y m\u00e1s recientemente como comisionado de educaci\u00f3n y universidades del Ayuntamiento de Barcelona entre 2015 y 2019.<\/p>\n<p>Su actividad en congresos internacionales y redes de investigaci\u00f3n ha sido constante. Participa de manera habitual en los congresos internacionales de su \u00e1rea ECER (Europa) y ICER (mundial), y ha sido profesor invitado en varias universidades extranjeras para cursos de grado y doctorado.<\/p>\n<p>Ha realizado 199 publicaciones sin contar las resultantes de congresos. En cuanto a los libros, dispone de 96 obras: en 15 ha actuado como editor, 19 son libros completos y 62 son cap\u00edtulos de libro.<\/p>\n<p>Su posici\u00f3n como consultor cient\u00edfico internacional y experto acad\u00e9mico se ha consolidado en la \u00faltima d\u00e9cada. Durante este periodo ha estado desarrollando orientaci\u00f3n cient\u00edfica y edici\u00f3n de documentos para organizaciones internacionales como: el Consejo de Europa, la OCDE, la UNESCO, la Organizaci\u00f3n de Estados Iberoamericanos, la Fundaci\u00f3n Anna Lindh o la Comisi\u00f3n Europea, y los ministerios de Educaci\u00f3n de Ecuador o M\u00e9jico.<\/p>\n<p>&nbsp;<\/p>\n<blockquote>\n<p><span style=\"color:#FF8C00;\"><strong>Katia Ver\u00f3nica Pozos P\u00e9rez<\/strong><\/span><br \/>\nkatiaveronica.pozos@uab.cat<\/p>\n<\/blockquote>\n<p><img loading=\"lazy\" decoding=\"async\" class=\" size-full wp-image-81\" alt=\"\" height=\"200\" src=\"https:\/\/webs.uab.cat\/catedraeducomunitaria\/wp-content\/uploads\/sites\/153\/2020\/07\/katia2_cercle.png\" style=\"float:left\" width=\"227\" \/>Doctora en Educaci\u00f3n y Master de Iniciaci\u00f3n a la Investigaci\u00f3n por la UAB. Master en Educaci\u00f3n y Nuevas Tecnolog\u00edas Aplicadas a la Educaci\u00f3n por la Universidad An\u00e1huac y Lic. en Dise\u00f1o de la Comunicaci\u00f3n Gr\u00e1fica por la Universidad Aut\u00f3noma Metropolitana en M\u00e9xico, donde ha sido coordinadora de Pedagog\u00eda y Dise\u00f1o Instruccional del Centro de Tecnolog\u00edas para la Educaci\u00f3n del ITAM y profesora de la Divisi\u00f3n de Ciencias y Artes para el Dise\u00f1o de la Universidad Aut\u00f3noma Metropolitana .<\/p>\n<p>Actualmente es miembro del grupo de investigaci\u00f3n ERDISC y colabora en la Plataforma de Acci\u00f3n Social Kabua con la UAB y la Direcci\u00f3n General de Juventud. Es profesora asociada del Departamento de Pedagog\u00eda Aplicada de la UAB. Ha sido coordinadora de Proyectos Europeos del grupo ERDISC y tambi\u00e9n ha participado en diversos proyectos de investigaci\u00f3n competitivos y de acci\u00f3n social en Catalu\u00f1a y Espa\u00f1a como el Programa Social para el Apoyo Familiar en el \u00c9xito Educativo con Obra Social la Caixa. Miembro de la C\u00e1tedra de Educaci\u00f3n Comunitaria. Paralelamente complementa su desarrollo profesional con la Gesti\u00f3n de Proyectos Socioeducativos en la Asociaci\u00f3n Educativa Integral del Raval.<\/p>\n<p>Sus l\u00edneas de investigaci\u00f3n son: el empoderamiento y acci\u00f3n social, TIC para la Educaci\u00f3n; Formaci\u00f3n del profesorado universitario en Competencia Digital; diversidad, inclusi\u00f3n y TIC, investigaci\u00f3n-acci\u00f3n.<\/p>\n<p>&nbsp;<\/p>\n<blockquote>\n<p><span style=\"color:#FF8C00;\"><strong>Pere Gran\u00e9 Feliu<\/strong><\/span><br \/>\nperegranefeliu@gmail.com<\/p>\n<\/blockquote>\n<p><img loading=\"lazy\" decoding=\"async\" class=\" size-full wp-image-83\" alt=\"\" height=\"200\" src=\"https:\/\/webs.uab.cat\/catedraeducomunitaria\/wp-content\/uploads\/sites\/153\/2020\/07\/pere2_cercle.png\" style=\"float:left\" width=\"227\" \/>Doctor en Ciencias de la Educaci\u00f3n por la Universidad Aut\u00f3noma de Barcelona con la tesis \u00abJ\u00f3venes, Arte urbano y Educaci\u00f3n Comunitaria: Investigaci\u00f3n-Acci\u00f3n y Etnograf\u00eda Visual en el Distrito Collblanc &#8211; La Torrassa (Hospitalet de Llobregat)\u00bb, dirigida por Miquel \u00c1ngel Essomba y Montserrat Rif\u00e0. M\u00e1ster Universitario de Formaci\u00f3n de Profesorado de Educaci\u00f3n Secundaria Obligatoria y Bachillerato, especialidad en Geograf\u00eda e Historia por la Universidad de Barcelona (UB). Licenciado en Sociolog\u00eda por la UB. Premio Extraordinario de Primer y Segundo Ciclo de las Ense\u00f1anzas Oficiales y Propios de la UB.<\/p>\n<p>Actualmente, se dedica a la b\u00fasqueda de procesos de educaci\u00f3n a trav\u00e9s de las artes. Sus l\u00edneas de investigaci\u00f3n principales son: la educaci\u00f3n comunitaria, la educaci\u00f3n intercultural y la sociolog\u00eda urbana.<\/p>\n<p>Ha colaborado como investigador en diversos proyectos: Koinos &#8211; Portfolio Europeo de Pr\u00e1cticas (Erasmus +, 2015-2017), el Programa Social para el Apoyo Familiar al \u00c9xito Eductiu (Obra Social La Caixa, 2013 a 2017) y la red SIRIUS &#8211; European Policy Network on the education of children and young people with a migrante background (Comisi\u00f3n Europea, 2012-2014).<\/p>\n<p>&nbsp;<\/p>\n<blockquote>\n<p><span style=\"color:#FF8C00;\"><strong>Anna Tarr\u00e9s Vallesp\u00ed<\/strong><\/span><br \/>\nanna.tarres@uab.cat<\/p>\n<\/blockquote>\n<p><img loading=\"lazy\" decoding=\"async\" class=\" size-full wp-image-85\" alt=\"\" height=\"200\" src=\"https:\/\/webs.uab.cat\/catedraeducomunitaria\/wp-content\/uploads\/sites\/153\/2020\/07\/anna_cercle.png\" style=\"float:left\" width=\"227\" \/><br \/>\nDoctora en Sociolog\u00eda por la Universidad Aut\u00f3noma de Barcelona y licenciada en Ciencias de la Comunicaci\u00f3n. Realizando la tesis doctoral \u201cAlumnado de incorporaci\u00f3n Tard\u00eda y vinculaci\u00f3n educativa. Un estudio sobre trayectorias educativas en Catalu\u00f1a\u201d dirigida por el doctor en Sociolog\u00eda Xavier Bonal (UAB).<\/p>\n<p>Coordinadora de la C\u00e1tedra de Educaci\u00f3n Comunitaria y investigadora en el grupo ERDISC del Departamento de Pedagog\u00eda Aplicada de la Universidad Aut\u00f3noma de Barcelona. Docente en el Departamento de Sociolog\u00eda de la UAB, en el M\u00e1ster de Secundaria de la UAB y en la UOC.<br \/>\nDel 2002 al 2012, ha trabajado en el equipo de coordinaci\u00f3n del Panel de Desigualdades Sociales en Catalu\u00f1a de la Fundaci\u00f3n Jaume Bofill.<\/p>\n<p>&nbsp;<\/p>\n<p>&nbsp;<\/p>\n<blockquote>\n<p><span style=\"color:#FF8C00;\"><strong>Josep Guardiola Salinas<\/strong><\/span><br \/>\njguardio@gmail.com<\/p>\n<\/blockquote>\n<p><img loading=\"lazy\" decoding=\"async\" class=\" size-full wp-image-87\" alt=\"\" height=\"200\" src=\"https:\/\/webs.uab.cat\/catedraeducomunitaria\/wp-content\/uploads\/sites\/153\/2020\/07\/pep_cercle.png\" style=\"float:left\" width=\"227\" \/>Grado en Geograf\u00eda e Historia -especialidad en Historia contempor\u00e1nea- por la Universidad de Barcelona.<\/p>\n<p>Docente y tutor en educaci\u00f3n secundaria desde el a\u00f1o 1988. Ha sido portavoz, colaborador del \u00e1rea pedag\u00f3gica y miembro de la direcci\u00f3n a nivel estatal de SOS Racismo (1996-2003). Tambi\u00e9n ha colaborado con otras organizaciones. Ha sido Delegado en Educaci\u00f3n y Cooperaci\u00f3n Internacional en UNESCO Catalu\u00f1a (2008-2013) donde ha coordinado diferentes proyectos y responsable de la publicaci\u00f3n de algunas gu\u00edas did\u00e1cticas. Formador por el Ayuntamiento de Barcelona sobre el tema de la Extrema Derecha Europea.<\/p>\n<p>Profesor de Master Desarrollo Humano Sostenible en la Universidad de Girona. Formador y coordinador de voluntarios del proyecto europeo Empowering the Future (2011-14). Formador y asesor pedag\u00f3gico del proyecto europeo Erasmus + FamilyEduNet -Familia for Educational Success (2014-16) liderado por FAPAC. Colaborador del proyecto Mapa de Educaci\u00f3n Comunitaria de Barcelona.<\/p>\n<p>&nbsp;<\/p>\n<blockquote>\n<p><span style=\"color:#FF8C00;\"><strong>Txell Argelagu\u00e9s Besson<\/strong><\/span><br \/>\ntxellu54@gmail.com<\/p>\n<\/blockquote>\n<p><img loading=\"lazy\" decoding=\"async\" class=\" size-full wp-image-89\" alt=\"\" height=\"200\" src=\"https:\/\/webs.uab.cat\/catedraeducomunitaria\/wp-content\/uploads\/sites\/153\/2020\/07\/txell_cercle.png\" style=\"float:left\" width=\"227\" \/>Master en Pol\u00edticas P\u00fablicas y Sociales por la Universidad Pompeu Fabra y licenciada en Sociolog\u00eda por la Universidad de Barcelona.<\/p>\n<p>Investigadora en el grupo ERDISC y miembro de la C\u00e1tedra de Educaci\u00f3n Comunitaria desde el a\u00f1o 2013. Actualmente, compatibiliza su labor como investigadora en la UAB con varias colaboraciones en diversas instituciones, entre las que destaca la Asociaci\u00f3n Educativa Integral del Raval, la Fundaci\u00f3 Jaume Bofill y el Observatorio Socioecon\u00f3mico de Osona. Desde el a\u00f1o 2003 y hasta 2012 form\u00f3 parte del equipo de coordinaci\u00f3n del Panel de Desigualdades Sociales de Catalu\u00f1a impulsado por la Fundaci\u00f3n Jaume Bofill,&nbsp; donde ejerci\u00f3 de t\u00e9cnica de proyectos y coordinadora.<\/p>\n<p>&nbsp;<\/p>\n<p>&nbsp;<\/p>\n","protected":false},"excerpt":{"rendered":"<p>Miquel \u00c0ngel Essomba Gelabert (director) miquelangel.essomba@uab.cat Doctor en pedagog\u00eda, m\u00e1ster en psicolog\u00eda de la educaci\u00f3n y postgrado en pedagog\u00eda intercultural. Investigador y profesor en la Universidad Aut\u00f3noma de Barcelona (UAB), experto en el \u00e1mbito de la educaci\u00f3n intercultural, la educaci\u00f3n inclusiva y la educaci\u00f3n comunitaria. Ha dirigido y \/ o participado en 64 proyectos de [&hellip;]<\/p>\n","protected":false},"author":20,"featured_media":0,"parent":0,"menu_order":0,"comment_status":"closed","ping_status":"closed","template":"","meta":{"footnotes":""},"class_list":["post-123","page","type-page","status-publish","hentry"],"_links":{"self":[{"href":"https:\/\/webs.uab.cat\/catedraeducomunitaria\/es\/wp-json\/wp\/v2\/pages\/123","targetHints":{"allow":["GET"]}}],"collection":[{"href":"https:\/\/webs.uab.cat\/catedraeducomunitaria\/es\/wp-json\/wp\/v2\/pages"}],"about":[{"href":"https:\/\/webs.uab.cat\/catedraeducomunitaria\/es\/wp-json\/wp\/v2\/types\/page"}],"author":[{"embeddable":true,"href":"https:\/\/webs.uab.cat\/catedraeducomunitaria\/es\/wp-json\/wp\/v2\/users\/20"}],"replies":[{"embeddable":true,"href":"https:\/\/webs.uab.cat\/catedraeducomunitaria\/es\/wp-json\/wp\/v2\/comments?post=123"}],"version-history":[{"count":0,"href":"https:\/\/webs.uab.cat\/catedraeducomunitaria\/es\/wp-json\/wp\/v2\/pages\/123\/revisions"}],"wp:attachment":[{"href":"https:\/\/webs.uab.cat\/catedraeducomunitaria\/es\/wp-json\/wp\/v2\/media?parent=123"}],"curies":[{"name":"wp","href":"https:\/\/api.w.org\/{rel}","templated":true}]}}