{"id":124,"date":"2020-07-19T19:13:56","date_gmt":"2020-07-19T19:13:56","guid":{"rendered":"https:\/\/webs.uab.cat\/catedraeducomunitaria\/proyectos\/"},"modified":"2022-08-11T07:22:43","modified_gmt":"2022-08-11T07:22:43","slug":"proyectos","status":"publish","type":"page","link":"https:\/\/webs.uab.cat\/catedraeducomunitaria\/es\/proyectos\/","title":{"rendered":"Proyectos"},"content":{"rendered":"\n<h2 class=\"wp-block-heading\"><strong><strong>Programa Social para el Apoyo Familiar al \u00c9xito Educativo (2013-2020)<\/strong><\/strong><\/h2>\n\n\n\n<div class=\"wp-block-media-text is-stacked-on-mobile\" style=\"grid-template-columns:25% auto\"><figure class=\"wp-block-media-text__media\"><img loading=\"lazy\" decoding=\"async\" width=\"226\" height=\"209\" src=\"https:\/\/webs.uab.cat\/catedraeducomunitaria\/wp-content\/uploads\/sites\/153\/2020\/07\/fap_cercle.png\" alt=\"\" class=\"wp-image-92 size-full\"\/><\/figure><div class=\"wp-block-media-text__content\">\n<p class=\"has-small-font-size\">Financiaci\u00f3n de l\u2019Obra Social la Caixa. La C\u00e1tedra es el investigador principal y coordinador de este proyecto pionero que pretende fortalecer los v\u00ednculos entre las familias, la escuela y la comunidad para mejorar el \u00e9xito educativo de ni\u00f1os y j\u00f3venes y que se ha desarrollado en 8 ciudades de 9 comunidades aut\u00f3nomas del estado espa\u00f1ol.\u00a0 Importe (2013-2020): 430.000 euros. M\u00e1s informaci\u00f3n: <a rel=\"noopener\" href=\"https:\/\/pagines.uab.cat\/exitoeducativo\/\" target=\"_blank\">https:\/\/pagines.uab.cat\/exitoeducativo\/<\/a><\/p>\n<\/div><\/div>\n\n\n\n<p><\/p>\n\n\n\n<h2 class=\"wp-block-heading\"><strong>Wungu: g\u00e8nere i diversitat cultural a l&#8217;escola (2020)<\/strong><\/h2>\n\n\n\n<div class=\"wp-block-media-text is-stacked-on-mobile\" style=\"grid-template-columns:25% auto\"><figure class=\"wp-block-media-text__media\"><img loading=\"lazy\" decoding=\"async\" width=\"226\" height=\"209\" src=\"https:\/\/webs.uab.cat\/catedraeducomunitaria\/wp-content\/uploads\/sites\/153\/2020\/07\/wungu_cercle.png\" alt=\"\" class=\"wp-image-94 size-full\"\/><\/figure><div class=\"wp-block-media-text__content\">\n<p class=\"has-small-font-size\">Financiaci\u00f3n de la Generalitat de Catalunya. La C\u00e1tedra es el investigador principal de este proyecto innovador que se lleva a cabo en 4 escuelas de educaci\u00f3n primaria del \u00e1rea metropolitana de Barcelona. Importe: 26.000 euros.<\/p>\n<\/div><\/div>\n\n\n\n<h2 class=\"wp-block-heading\"><strong>Modelo de intervenci\u00f3n educativa intercultural en contexto ind\u00edgena (2019)<\/strong><\/h2>\n\n\n\n<div class=\"wp-block-media-text is-stacked-on-mobile\" style=\"grid-template-columns:25% auto\"><figure class=\"wp-block-media-text__media\"><img loading=\"lazy\" decoding=\"async\" width=\"226\" height=\"209\" src=\"https:\/\/webs.uab.cat\/catedraeducomunitaria\/wp-content\/uploads\/sites\/153\/2020\/07\/indigena_cercle.png\" alt=\"\" class=\"wp-image-96 size-full\"\/><\/figure><div class=\"wp-block-media-text__content\">\n<p class=\"has-small-font-size\">Financiaci\u00f3n del Gobierno de Chile. La C\u00e1tedra ha realizado un asesoramiento cient\u00edfico en el dise\u00f1o metodol\u00f3gico y colaboraci\u00f3n en el dise\u00f1o de instrumentos de recogida de informaci\u00f3n. Importe: recursos propios. M\u00e1s informaci\u00f3n: <a rel=\"noreferrer noopener\" href=\"http:\/\/inatuzugumew.uct.cl\/wp-content\/uploads\/2019\/04\/INTERVENCION-WEB.pdf\" target=\"_blank\">http:\/\/inatuzugumew.uct.cl\/wp-content\/uploads\/2019\/04\/INTERVENCION-WEB.pdf<\/a><\/p>\n<\/div><\/div>\n\n\n\n<h2 class=\"wp-block-heading\"><strong>SIRIUS 2.0 Policy Network on Migrant Education (2018)<\/strong><\/h2>\n\n\n\n<div class=\"wp-block-media-text is-stacked-on-mobile\" style=\"grid-template-columns:25% auto\"><figure class=\"wp-block-media-text__media\"><img loading=\"lazy\" decoding=\"async\" width=\"226\" height=\"209\" src=\"https:\/\/webs.uab.cat\/catedraeducomunitaria\/wp-content\/uploads\/sites\/153\/2020\/07\/sirius_cercle.png\" alt=\"\" class=\"wp-image-98 size-full\"\/><\/figure><div class=\"wp-block-media-text__content\">\n<p class=\"has-small-font-size\">Financiaci\u00f3n de la Comisi\u00f3n Europea. La C\u00e1tedra ha realizado una investigaci\u00f3n sobre la acogida comunitaria del alumnado extranjero en Barcelona (2019), y otra investigaci\u00f3n sobre educaci\u00f3n no formal en contextos comunitarios y participaci\u00f3n de j\u00f3venes de origen extranjero, todo en el marco de una red europea de investigadores de 15 pa\u00edses de la UE. Importe: 15.000 euros. M\u00e1s informaci\u00f3n: <a rel=\"noreferrer noopener\" href=\"http:\/\/www.sirius-migrationeducation.org\/news\/sirius-2-0-policy-network-on-migrant-education\/\" target=\"_blank\">http:\/\/www.sirius-migrationeducation.org\/news\/sirius-2-0-policy-network-on-migrant-education\/<\/a><\/p>\n<\/div><\/div>\n\n\n\n<h2 class=\"wp-block-heading\">Dispositivo Formativo en Interculturalidad para t\u00e9cnicos LIC (2018)<\/h2>\n\n\n\n<div class=\"wp-block-media-text is-stacked-on-mobile\" style=\"grid-template-columns:25% auto\"><figure class=\"wp-block-media-text__media\"><img loading=\"lazy\" decoding=\"async\" width=\"226\" height=\"209\" src=\"https:\/\/webs.uab.cat\/catedraeducomunitaria\/wp-content\/uploads\/sites\/153\/2020\/07\/lic_cercle.png\" alt=\"\" class=\"wp-image-100 size-full\"\/><\/figure><div class=\"wp-block-media-text__content\">\n<p>Financiado por parte del Gobierno de la Generalidad, Departamento de Educaci\u00f3n. La C\u00e1tedra ha participado en este proyecto en las dos fases del mismo: elaboraci\u00f3n de los materiales did\u00e1cticos en torno al tema de la Interculturalidad dirigidos a los asesores LIC del Departamento de Educaci\u00f3n de la Generalidad de Catalu\u00f1a; asesoramiento y formaci\u00f3n de los asesores LIC mediante la coordinaci\u00f3n y dinamizaci\u00f3n de un grupo de trabajo. El importe total de las dos fases ha sido de 10.000 euros. M\u00e1s informaci\u00f3n: <a rel=\"noreferrer noopener\" href=\"http:\/\/xtec.gencat.cat\/web\/.content\/projectes\/intercultural\/documentacio\/Enllac-dispositius-en-interculturalitat.pdf\" target=\"_blank\">http:\/\/xtec.gencat.cat\/web\/.content\/projectes\/intercultural\/documentacio\/Enllac-dispositius-en-interculturalitat.pdf<\/a><\/p>\n<\/div><\/div>\n\n\n\n<h2 class=\"wp-block-heading\"><strong>Against the odds &#8211; resilient immigrant and minority Language students and how they succeed (focus on high Achievers with vulnerable soci-economic backgrounds (2018)<\/strong><\/h2>\n\n\n\n<div class=\"wp-block-media-text is-stacked-on-mobile\" style=\"grid-template-columns:25% auto\"><figure class=\"wp-block-media-text__media\"><img loading=\"lazy\" decoding=\"async\" width=\"226\" height=\"209\" src=\"https:\/\/webs.uab.cat\/catedraeducomunitaria\/wp-content\/uploads\/sites\/153\/2020\/07\/aodds_cercle.png\" alt=\"\" class=\"wp-image-102 size-full\"\/><\/figure><div class=\"wp-block-media-text__content\">\n<p class=\"has-small-font-size\">Financiaci\u00f3n de la Comisi\u00f3n Europea. La C\u00e1tedra ha actuado en calidad de consultor\u00eda internacional en el marco de esta investigaci\u00f3n al equipo investigador brit\u00e1nico. Importe: 2.000 euros.<\/p>\n<\/div><\/div>\n\n\n\n<h2 class=\"wp-block-heading\">ALFIRK: Collaborative networks for migrant parent empowerment (2018)<\/h2>\n\n\n\n<div class=\"wp-block-media-text is-stacked-on-mobile\" style=\"grid-template-columns:25% auto\"><figure class=\"wp-block-media-text__media\"><img loading=\"lazy\" decoding=\"async\" width=\"226\" height=\"209\" src=\"https:\/\/webs.uab.cat\/catedraeducomunitaria\/wp-content\/uploads\/sites\/153\/2020\/07\/alfirk_cercle.png\" alt=\"\" class=\"wp-image-104 size-full\"\/><\/figure><div class=\"wp-block-media-text__content\">\n<p class=\"has-small-font-size\">Financiaci\u00f3n de la Comisi\u00f3n Europea. La C\u00e1tedra ha desarrollado una investigaci\u00f3n sobre la educaci\u00f3n comunitaria y la participaci\u00f3n de familias extranjeras en la escuela en Espa\u00f1a, en el marco de una red europea de investigadores. Importe: 18.000 euros. M\u00e1s informaci\u00f3n: <a rel=\"noreferrer noopener\" href=\"http:\/\/www.multikulti.bg\/alfirk\/es-about\" target=\"_blank\">http:\/\/www.multikulti.bg\/alfirk\/es-about<\/a><\/p>\n<\/div><\/div>\n\n\n\n<h2 class=\"wp-block-heading\">Mapa de la educaci\u00f3n comunitaria de Barcelona (2017 y 2018)<\/h2>\n\n\n\n<div class=\"wp-block-media-text is-stacked-on-mobile\" style=\"grid-template-columns:25% auto\"><figure class=\"wp-block-media-text__media\"><img loading=\"lazy\" decoding=\"async\" width=\"226\" height=\"209\" src=\"https:\/\/webs.uab.cat\/catedraeducomunitaria\/wp-content\/uploads\/sites\/153\/2020\/07\/mapaec_cercle.png\" alt=\"\" class=\"wp-image-106 size-full\"\/><\/figure><div class=\"wp-block-media-text__content\">\n<p class=\"has-small-font-size\">Financiado por el Ayuntamiento de Barcelona. La C\u00e1tedra ha actuado en el asesoramiento y acompa\u00f1amiento del grupo de investigaci\u00f3n del ICE-UAB que ha llevado a cabo el mapa en dos ediciones, 2017 y 2018. Importe: recursos propios. M\u00e1s informaci\u00f3n: <a rel=\"noreferrer noopener\" href=\"https:\/\/pagines.uab.cat\/mapaeducaciocomunitariabarcelona\/\" target=\"_blank\">https:\/\/pagines.uab.cat\/mapaeducaciocomunitariabarcelona\/<\/a><\/p>\n<\/div><\/div>\n\n\n\n<h2 class=\"wp-block-heading\"><strong>Koinos &#8211; European portfoli of plurilingual literacy practices (2017)<\/strong><\/h2>\n\n\n\n<div class=\"wp-block-media-text is-stacked-on-mobile\" style=\"grid-template-columns:25% auto\"><figure class=\"wp-block-media-text__media\"><img loading=\"lazy\" decoding=\"async\" width=\"226\" height=\"209\" src=\"https:\/\/webs.uab.cat\/catedraeducomunitaria\/wp-content\/uploads\/sites\/153\/2020\/07\/koinos_cercle.png\" alt=\"\" class=\"wp-image-108 size-full\"\/><\/figure><div class=\"wp-block-media-text__content\">\n<p class=\"has-small-font-size\">Financiaci\u00f3n de la Comisi\u00f3n Europea. La C\u00e1tedra ha actuado de impulsor del proyecto, y tambi\u00e9n ha realizado una Investigaci\u00f3n sobre la educaci\u00f3n pluriling\u00fce en entornos comunitarios con fuerte presencia de poblaci\u00f3n extranjera, en el marco de una red europea de investigadores. Importe: 44.000 euros.<\/p>\n<\/div><\/div>\n\n\n\n<h2 class=\"wp-block-heading\">Migrant Education Monitoring and Assessment (2016)<\/h2>\n\n\n\n<div class=\"wp-block-media-text is-stacked-on-mobile\" style=\"grid-template-columns:25% auto\"><figure class=\"wp-block-media-text__media\"><img loading=\"lazy\" decoding=\"async\" width=\"226\" height=\"209\" src=\"https:\/\/webs.uab.cat\/catedraeducomunitaria\/wp-content\/uploads\/sites\/153\/2020\/07\/mema_cercle.png\" alt=\"\" class=\"wp-image-110 size-full\"\/><\/figure><div class=\"wp-block-media-text__content\">\n<p class=\"has-small-font-size\">Financiaci\u00f3n del Parlamento Europeo. La C\u00e1tedra ha actuado como investigador principal de una red de investigadores en 21 pa\u00edses de la UE sobre la evaluaci\u00f3n de pol\u00edticas educativas dirigidas al alumnado de familia extranjera en Europa. Importe: 46.500 euros. M\u00e1s informaci\u00f3n: <a rel=\"noreferrer noopener\" href=\"https:\/\/www.integrated-project.eu\/index.php\/2018\/07\/27\/migrant-education-monitoring-and-assessment-research-for-the-european-parliament\/\" target=\"_blank\">https:\/\/www.integrated-project.eu\/index.php\/2018\/07\/27\/migrant-education-monitoring-and-assessment-research-for-the-european-parliament\/<\/a><\/p>\n<\/div><\/div>\n\n\n\n<h2 class=\"wp-block-heading\"> <strong>Study on the diversity within the teaching profession with particular focus on migrant and \/ or minority background (2015)<\/strong><\/h2>\n\n\n\n<div class=\"wp-block-media-text is-stacked-on-mobile\" style=\"grid-template-columns:25% auto\"><figure class=\"wp-block-media-text__media\"><img loading=\"lazy\" decoding=\"async\" width=\"226\" height=\"209\" src=\"https:\/\/webs.uab.cat\/catedraeducomunitaria\/wp-content\/uploads\/sites\/153\/2020\/07\/teachmigra_cercle.png\" alt=\"\" class=\"wp-image-112 size-full\"\/><\/figure><div class=\"wp-block-media-text__content\">\n<p class=\"has-small-font-size\">Financiaci\u00f3n de la Comisi\u00f3n Europea. La C\u00e1tedra ha actuado en calidad de consultoria internacional en el marco de esta investigaci\u00f3n al equipo investigador brit\u00e1nico. Importe: 2.000 euros. M\u00e1s informaci\u00f3n: <a rel=\"noreferrer noopener\" href=\"https:\/\/op.europa.eu\/en\/publication-detail\/-\/publication\/9f27c61d-2ba9-11e6-b616-01aa75ed71a1\" target=\"_blank\">https:\/\/op.europa.eu\/en\/publication-detail\/-\/publication\/9f27c61d-2ba9-11e6-b616-01aa75ed71a1<\/a><\/p>\n<\/div><\/div>\n\n\n\n<h2 class=\"wp-block-heading\">FAMILYEDUNET &#8211; Families for educational success (2015)<\/h2>\n\n\n\n<div class=\"wp-block-media-text is-stacked-on-mobile\" style=\"grid-template-columns:25% auto\"><figure class=\"wp-block-media-text__media\"><img loading=\"lazy\" decoding=\"async\" width=\"226\" height=\"209\" src=\"https:\/\/webs.uab.cat\/catedraeducomunitaria\/wp-content\/uploads\/sites\/153\/2020\/07\/famedunet_cercle.png\" alt=\"\" class=\"wp-image-114 size-full\"\/><\/figure><div class=\"wp-block-media-text__content\">\n<p class=\"has-small-font-size\">Financiaci\u00f3n de la Comisi\u00f3n Europea. La C\u00e1tedra ha realizado una investigaci\u00f3n sobre la educaci\u00f3n comunitaria y la participaci\u00f3n de familias en la escuela en Espa\u00f1a, en el marco de una red europea de investigadores. Importe: 14.000 euros. M\u00e1s informaci\u00f3n: <a rel=\"noreferrer noopener\" href=\"https:\/\/euparents.eu\/project\/familyedunet\/\" target=\"_blank\">https:\/\/euparents.eu\/project\/familyedunet\/<\/a><\/p>\n<\/div><\/div>\n\n\n<div class=\"wp-block-image\">\n<figure class=\"aligncenter size-large is-resized\"><img loading=\"lazy\" decoding=\"async\" src=\"https:\/\/webs.uab.cat\/catedraeducomunitaria\/wp-content\/uploads\/sites\/153\/2020\/07\/obra-social-la-caixa-1024x452.jpg\" alt=\"Finan\u00e7at per...\" class=\"wp-image-119\" width=\"256\" height=\"113\" srcset=\"https:\/\/webs.uab.cat\/catedraeducomunitaria\/wp-content\/uploads\/sites\/153\/2020\/07\/obra-social-la-caixa-1024x452.jpg 1024w, https:\/\/webs.uab.cat\/catedraeducomunitaria\/wp-content\/uploads\/sites\/153\/2020\/07\/obra-social-la-caixa-300x133.jpg 300w, https:\/\/webs.uab.cat\/catedraeducomunitaria\/wp-content\/uploads\/sites\/153\/2020\/07\/obra-social-la-caixa-768x339.jpg 768w, https:\/\/webs.uab.cat\/catedraeducomunitaria\/wp-content\/uploads\/sites\/153\/2020\/07\/obra-social-la-caixa.jpg 1200w\" sizes=\"auto, (max-width: 256px) 100vw, 256px\" \/><\/figure>\n<\/div>","protected":false},"excerpt":{"rendered":"<p>Programa Social para el Apoyo Familiar al \u00c9xito Educativo (2013-2020) Financiaci\u00f3n de l\u2019Obra Social la Caixa. La C\u00e1tedra es el investigador principal y coordinador de este proyecto pionero que pretende fortalecer los v\u00ednculos entre las familias, la escuela y la comunidad para mejorar el \u00e9xito educativo de ni\u00f1os y j\u00f3venes y que se ha desarrollado [&hellip;]<\/p>\n","protected":false},"author":20,"featured_media":0,"parent":0,"menu_order":0,"comment_status":"closed","ping_status":"closed","template":"","meta":{"footnotes":""},"class_list":["post-124","page","type-page","status-publish","hentry"],"_links":{"self":[{"href":"https:\/\/webs.uab.cat\/catedraeducomunitaria\/es\/wp-json\/wp\/v2\/pages\/124","targetHints":{"allow":["GET"]}}],"collection":[{"href":"https:\/\/webs.uab.cat\/catedraeducomunitaria\/es\/wp-json\/wp\/v2\/pages"}],"about":[{"href":"https:\/\/webs.uab.cat\/catedraeducomunitaria\/es\/wp-json\/wp\/v2\/types\/page"}],"author":[{"embeddable":true,"href":"https:\/\/webs.uab.cat\/catedraeducomunitaria\/es\/wp-json\/wp\/v2\/users\/20"}],"replies":[{"embeddable":true,"href":"https:\/\/webs.uab.cat\/catedraeducomunitaria\/es\/wp-json\/wp\/v2\/comments?post=124"}],"version-history":[{"count":2,"href":"https:\/\/webs.uab.cat\/catedraeducomunitaria\/es\/wp-json\/wp\/v2\/pages\/124\/revisions"}],"predecessor-version":[{"id":266,"href":"https:\/\/webs.uab.cat\/catedraeducomunitaria\/es\/wp-json\/wp\/v2\/pages\/124\/revisions\/266"}],"wp:attachment":[{"href":"https:\/\/webs.uab.cat\/catedraeducomunitaria\/es\/wp-json\/wp\/v2\/media?parent=124"}],"curies":[{"name":"wp","href":"https:\/\/api.w.org\/{rel}","templated":true}]}}