{"id":22,"date":"2009-05-08T11:14:38","date_gmt":"2009-05-08T11:14:38","guid":{"rendered":"https:\/\/webs.uab.cat\/catedrajagoytisolo\/inicio\/"},"modified":"2022-08-11T07:34:50","modified_gmt":"2022-08-11T07:34:50","slug":"inicio","status":"publish","type":"page","link":"https:\/\/webs.uab.cat\/catedrajagoytisolo\/","title":{"rendered":"Inicio"},"content":{"rendered":"<div class=\"wp-block-image\">\n<figure class=\"aligncenter is-resized\"><img loading=\"lazy\" decoding=\"async\" src=\"http:\/\/pagines.uab.cat\/catedrajagoytisolo\/sites\/pagines.uab.cat.catedrajagoytisolo\/files\/images\/JAGInicio.png\" alt=\"\" width=\"389\" height=\"287\" title=\"\"\/><\/figure>\n<\/div>\n\n\n<p><span class=\"inline inline-left\"><\/span>Desde el 27 de febrero de 2002 la Universitat Aut\u00f2noma de Barcelona acoge los fondos documentales del poeta Jos\u00e9 Agust\u00edn Goytisolo, en la \u201cSala Goytisolo\u201d de la Biblioteca de Humanitats de la Universitat Aut\u00f2noma de Barcelona. El legado incluye manuscritos, correspondencia, archivo fotogr\u00e1fico y textos impresos que han sido cedidos por la esposa del poeta, Asunci\u00f3n Carandell y por su hija, Julia Goytisolo Carandell.<\/p>\n\n\n\n<p>La <strong>C\u00e1tedra<\/strong> <strong>Goytisolo <\/strong>tiene como misi\u00f3n potenciar y difundir la obra de Jos\u00e9 Agust\u00edn Goytisolo y &nbsp;la de su generaci\u00f3n. Para ello, en el momento de su creaci\u00f3n, los objetivos prioritarios se concretaron en la ordenaci\u00f3n y catalogaci\u00f3n de su legado y en una edici\u00f3n cr\u00edtica de su poes\u00eda completa. Ambos prop\u00f3sitos han sido ya realizados en gran medida: al cumplirse el d\u00e9cimo aniversario de la muerte de Jos\u00e9 Agust\u00edn Goytisolo se public\u00f3 la edici\u00f3n cr\u00edtica de la <em>Poes\u00eda Completa <\/em>(Lumen, 2009) y gracias a diversas ayudas del Ministerio de Cultura pudo ser informatizado la mayor parte del legado, despu\u00e9s de ordenado y catalogado. Adem\u00e1s, la C\u00e1tedra adquiri\u00f3 el compromiso de organizar congresos, simposios, exposiciones para dar a conocer la obra de Jos\u00e9 Agust\u00edn Goytisolo y la de su generaci\u00f3n. Hasta el momento se han llevado a cabo seis Congresos Internacionales y dos important\u00edsimas exposiciones.<\/p>\n\n\n\n<p>La <strong>C\u00e1tedra Goytisolo<\/strong> est\u00e1 vinculada a la Facultad de Filosof\u00eda y Letras, m\u00e1s concretamente al Departamento de Filolog\u00eda Espa\u00f1ola, y su directora es la profesora Dra. Carme Riera.<\/p>\n\n\n\n<p><a href=\"https:\/\/webs.uab.cat\/catedrajagoytisolo\/texto-de-carme-riera-la-evocacion-perdura-no-la-vida\/\" data-type=\"page\" data-id=\"46\"><span style=\"text-decoration: underline;\">Texto de Carme Riera: &#8220;La Evocaci\u00f3n perdura, no la vida&#8221;\u00a0<\/span><\/a><\/p>\n\n\n\n<p><span style=\"text-decoration: underline;\"><a href=\"https:\/\/webs.uab.cat\/catedrajagoytisolo\/texto-de-fernando-valls-para-la-inauguracion-de-la-catedra\/\" data-type=\"page\" data-id=\"47\">Texto de Fernando Valls para la inauguraci\u00f3n de la C\u00e1tedra<\/a>\u00a0<\/span><\/p>\n","protected":false},"excerpt":{"rendered":"<p>Desde el 27 de febrero de 2002 la Universitat Aut\u00f2noma de Barcelona acoge los fondos documentales del poeta Jos\u00e9 Agust\u00edn Goytisolo, en la \u201cSala Goytisolo\u201d de la Biblioteca de Humanitats de la Universitat Aut\u00f2noma de Barcelona. El legado incluye manuscritos, correspondencia, archivo fotogr\u00e1fico y textos impresos que han sido cedidos por la esposa del poeta, [&hellip;]<\/p>\n","protected":false},"author":20,"featured_media":0,"parent":0,"menu_order":0,"comment_status":"closed","ping_status":"closed","template":"","meta":{"footnotes":""},"class_list":["post-22","page","type-page","status-publish","hentry"],"_links":{"self":[{"href":"https:\/\/webs.uab.cat\/catedrajagoytisolo\/wp-json\/wp\/v2\/pages\/22","targetHints":{"allow":["GET"]}}],"collection":[{"href":"https:\/\/webs.uab.cat\/catedrajagoytisolo\/wp-json\/wp\/v2\/pages"}],"about":[{"href":"https:\/\/webs.uab.cat\/catedrajagoytisolo\/wp-json\/wp\/v2\/types\/page"}],"author":[{"embeddable":true,"href":"https:\/\/webs.uab.cat\/catedrajagoytisolo\/wp-json\/wp\/v2\/users\/20"}],"replies":[{"embeddable":true,"href":"https:\/\/webs.uab.cat\/catedrajagoytisolo\/wp-json\/wp\/v2\/comments?post=22"}],"version-history":[{"count":1,"href":"https:\/\/webs.uab.cat\/catedrajagoytisolo\/wp-json\/wp\/v2\/pages\/22\/revisions"}],"predecessor-version":[{"id":91,"href":"https:\/\/webs.uab.cat\/catedrajagoytisolo\/wp-json\/wp\/v2\/pages\/22\/revisions\/91"}],"wp:attachment":[{"href":"https:\/\/webs.uab.cat\/catedrajagoytisolo\/wp-json\/wp\/v2\/media?parent=22"}],"curies":[{"name":"wp","href":"https:\/\/api.w.org\/{rel}","templated":true}]}}