{"id":24,"date":"2009-05-08T11:23:04","date_gmt":"2009-05-08T11:23:04","guid":{"rendered":"https:\/\/webs.uab.cat\/catedrajagoytisolo\/actividades-academicas\/"},"modified":"2022-08-11T07:42:20","modified_gmt":"2022-08-11T07:42:20","slug":"actividades-academicas","status":"publish","type":"page","link":"https:\/\/webs.uab.cat\/catedrajagoytisolo\/actividades-academicas\/","title":{"rendered":"ACTIVIDADES ACAD\u00c9MICAS"},"content":{"rendered":"\n<div class=\"wp-block-media-text is-stacked-on-mobile\" style=\"grid-template-columns:41% auto\"><figure class=\"wp-block-media-text__media\"><img decoding=\"async\" src=\"http:\/\/pagines.uab.cat\/catedrajagoytisolo\/sites\/pagines.uab.cat.catedrajagoytisolo\/files\/images\/JAGAcademicas.png\" alt=\"\"\/><\/figure><div class=\"wp-block-media-text__content\">\n<p class=\"has-accent-background-color has-background has-small-font-size\"><strong>La C\u00e1tedra tiene entre sus objetivos promover el estudio de la obra y po\u00e9tica de Jos\u00e9 Agust\u00edn Goytisolo y la de su generaci\u00f3n, propiciando espacios de discusi\u00f3n y di\u00e1logo en el \u00e1mbito acad\u00e9mico y a la vez difundiendo entre el p\u00fablico su obra. Resultado de ese doble inter\u00e9s han sido las siguientes actividades:\u00a0<\/strong><\/p>\n<\/div><\/div>\n\n\n\n<p><strong><strong>VII Congreso Internacional &nbsp;<strong>\u00ab<\/strong><\/strong><strong>Jos\u00e9 Agust\u00edn Goytisolo y su generaci\u00f3n: la relaci\u00f3n entre m\u00fasica y poes\u00eda<strong>\u00bb<\/strong><\/strong><\/strong><br>14, 15 i 16 d&#8217;octubre de 2019<br>Universitat Aut\u00f2noma de Barcelona<br><a href=\"http:\/\/pagines.uab.cat\/catedrajagoytisolo\/sites\/pagines.uab.cat.catedrajagoytisolo\/files\/programa_congreso_goytisolo_2019.pdf\" target=\"_blank\" rel=\"noopener\">Programa VII Congreso JAG (pdf)<\/a><\/p>\n\n\n\n<p><strong><strong>VI&nbsp;<\/strong><strong>Congreso Internacional&nbsp;<strong>\u00ab<\/strong><\/strong><strong>Jos\u00e9 Agust\u00edn Goytisolo y su Generaci\u00f3n: la relaci\u00f3n con la Am\u00e9rica Hispana<strong>\u00bb<\/strong><\/strong><\/strong><br>13, 14 y 15 de marzo de 2014<br>Universitat Aut\u00f2noma de Barcelona, Reial Acad\u00e8mia&nbsp;de Bones Lletres<br>Direcci\u00f3n del congreso: Carme Riera<br><a href=\"http:\/\/pagines.uab.cat\/catedrajagoytisolo\/sites\/pagines.uab.cat.catedrajagoytisolo\/files\/3h%20Programa%20VI%20Congreso%20JAG%20(baja).pdf%20.pdf\" target=\"_blank\" rel=\"noopener\">Programa VI Congreso JAG (pdf)<\/a><\/p>\n\n\n\n<p><strong>\u00abJos\u00e9 Agust\u00edn Goytisolo visita les biblioteques de Barcelona\u00bb<\/strong><br>Mayo-junio de 2012<br>Universitat Aut\u00f2noma de Barcelona, Biblioteques de Barcelona, Diputaci\u00f3 de Barcelona, Ayuntament de Barcelona<br><span style=\"text-decoration: underline;\"><a href=\"http:\/\/pagines.uab.cat\/catedrajagoytisolo\/sites\/pagines.uab.cat.catedrajagoytisolo\/files\/03e%20Programa%20de%20visita%20JAG%20a%20bibliotecas%20(baja)_0.pdf\" target=\"_blank\" rel=\"noopener\">Programa en bibliotecas (pdf)<\/a><\/span><\/p>\n\n\n\n<p><strong>Exposici\u00f3n \u00abJos\u00e9 Agust\u00edn Goytisolo, m\u00e1s cerca\u00bb<\/strong><br><span style=\"line-height: 20px;\">Marzo-octubre de 2009<\/span><br>Fundaci\u00f3 C\u00edrculo de Lectores, Barcelona<br><a href=\"http:\/\/pagines.uab.cat\/catedrajagoytisolo\/sites\/pagines.uab.cat.catedrajagoytisolo\/files\/03f%20Exposici\u00f3n%20c\u00edrculo%20de%20lectores%20(baja).pdf\" target=\"_blank\" rel=\"noopener\"><span style=\"text-decoration: underline;\">Fotograf\u00edas de la exposici\u00f3n (pdf)<\/span><\/a><br><a href=\"http:\/\/www.circulo.es\/buscador\/resultado.aspx\" target=\"_blank\" rel=\"noopener\">http:\/\/www.circulo.es\/buscador\/resultado.aspx<\/a><\/p>\n\n\n\n<p><strong>V Congreso Internacional \u00abJos\u00e9 Agust\u00edn Goytisolo\u00bb<\/strong><br>24 al 26 de marzo de 2009, Universitat Aut\u00f2noma de Barcelona e Instituto de Cultura del Ayuntamiento de Barcelona<br>Direcci\u00f3n del congreso: Carme Riera<br><a href=\"http:\/\/pagines.uab.cat\/catedrajagoytisolo\/sites\/pagines.uab.cat.catedrajagoytisolo\/files\/03d%20Programa%20V%20Congreso%20Internacional%20JAG_0.pdf\" target=\"_blank\" rel=\"noopener\">Programa V Congreso JAG (pdf)<\/a><\/p>\n\n\n\n<p><strong>IV Congreso Internacional \u00abJos\u00e9 Agust\u00edn Goytisolo: Asturias entre versos\u00bb<\/strong><br>10-14 de marzo de 2008, Universidad Aut\u00f3noma de Barcelona, Universidad de Oviedo, Tribuna Ciudadana de Oviedo<br>Direcci\u00f3n del congreso: Carme Riera; coordinaci\u00f3n: Ram\u00f3n Garc\u00eda Mateos y Lola Fd\u00e9z Lucio<br><span style=\"text-decoration: underline;\"><a href=\"http:\/\/pagines.uab.cat\/catedrajagoytisolo\/sites\/pagines.uab.cat.catedrajagoytisolo\/files\/03c%20Programa%20IV%20Congreso%20JAG%20Oviedo%20(baja)_0.pdf\" target=\"_blank\" rel=\"noopener\">Programa IV Congreso JAG (pdf)<\/a><\/span><\/p>\n\n\n\n<p><strong>III Congreso Internacional \u00abJos\u00e9 Agust\u00edn Goytisolo\u00bb<\/strong><br>24-26 de marzo de 2005<br>Universidad Aut\u00f3noma de Barcelona y&nbsp;<span style=\"line-height: 20px;\">Ayuntamiento de Cambrils (Tarragona)<br>Direcci\u00f3n del congreso y coordinaci\u00f3n: Carme Riera y&nbsp;Ram\u00f3n Garc\u00eda Mateos<br><span style=\"text-decoration: underline;\"><a href=\"http:\/\/pagines.uab.cat\/catedrajagoytisolo\/sites\/pagines.uab.cat.catedrajagoytisolo\/files\/3g%20Programa%20III%20Congreso%20JAG%20Cambrils%20(baja)_0.pdf\" target=\"_blank\" rel=\"noopener\">Programa III Congreso JAG (pdf)<\/a><\/span><\/span><\/p>\n\n\n\n<p><strong>II Simposio Internacional \u00abJos\u00e9 Agust\u00edn Goytisolo: Poes\u00eda y m\u00fasica\u00bb<\/strong><br>2004,&nbsp;Universitat Aut\u00f2noma de Barcelona<br>Direcci\u00f3n del congreso: Carme Riera<\/p>\n\n\n\n<p><strong>I Simposio Internacional Jos\u00e9 Agust\u00edn Goytisolo<\/strong><br>17- 19 de marzo de 2003,&nbsp;Universitat Aut\u00f2noma de Barcelona<br>Direcci\u00f3n del congreso: Carme Riera&nbsp;<br><a href=\"http:\/\/pagines.uab.cat\/catedrajagoytisolo\/sites\/pagines.uab.cat.catedrajagoytisolo\/files\/03b2%20Programa%20I%20Simposio%20JAG%20(baja).pdf\" target=\"_blank\" rel=\"noopener\">Programa I Simposio JAG (pdf)<\/a><\/p>\n\n\n\n<p><strong>Exposici\u00f3n \u00abPartidarios de la felicidad. El grupo catal\u00e1n de los cincuenta\u00bb<\/strong><br>Febrero- abril de 2002<br>Fundaci\u00f3n C\u00edrculo de Lectores, Barcelona<br>Comisaria: Carme Riera<\/p>\n\n\n\n<p><strong>Inauguraci\u00f3n \u201cEspacio Jos\u00e9 Agust\u00edn Goytisolo\u201d<\/strong><br>Febrero de 2002, Biblioteca de Humanidades, Universitat Aut\u00f3noma de Barcelona<\/p>\n","protected":false},"excerpt":{"rendered":"<p>La C\u00e1tedra tiene entre sus objetivos promover el estudio de la obra y po\u00e9tica de Jos\u00e9 Agust\u00edn Goytisolo y la de su generaci\u00f3n, propiciando espacios de discusi\u00f3n y di\u00e1logo en el \u00e1mbito acad\u00e9mico y a la vez difundiendo entre el p\u00fablico su obra. Resultado de ese doble inter\u00e9s han sido las siguientes actividades:\u00a0 VII Congreso [&hellip;]<\/p>\n","protected":false},"author":20,"featured_media":0,"parent":0,"menu_order":0,"comment_status":"closed","ping_status":"closed","template":"","meta":{"footnotes":""},"class_list":["post-24","page","type-page","status-publish","hentry"],"_links":{"self":[{"href":"https:\/\/webs.uab.cat\/catedrajagoytisolo\/wp-json\/wp\/v2\/pages\/24","targetHints":{"allow":["GET"]}}],"collection":[{"href":"https:\/\/webs.uab.cat\/catedrajagoytisolo\/wp-json\/wp\/v2\/pages"}],"about":[{"href":"https:\/\/webs.uab.cat\/catedrajagoytisolo\/wp-json\/wp\/v2\/types\/page"}],"author":[{"embeddable":true,"href":"https:\/\/webs.uab.cat\/catedrajagoytisolo\/wp-json\/wp\/v2\/users\/20"}],"replies":[{"embeddable":true,"href":"https:\/\/webs.uab.cat\/catedrajagoytisolo\/wp-json\/wp\/v2\/comments?post=24"}],"version-history":[{"count":2,"href":"https:\/\/webs.uab.cat\/catedrajagoytisolo\/wp-json\/wp\/v2\/pages\/24\/revisions"}],"predecessor-version":[{"id":101,"href":"https:\/\/webs.uab.cat\/catedrajagoytisolo\/wp-json\/wp\/v2\/pages\/24\/revisions\/101"}],"wp:attachment":[{"href":"https:\/\/webs.uab.cat\/catedrajagoytisolo\/wp-json\/wp\/v2\/media?parent=24"}],"curies":[{"name":"wp","href":"https:\/\/api.w.org\/{rel}","templated":true}]}}