{"id":37,"date":"2013-03-04T19:59:35","date_gmt":"2013-03-04T19:59:35","guid":{"rendered":"https:\/\/webs.uab.cat\/catedrajagoytisolo\/fondo-personal-jag\/"},"modified":"2022-08-11T07:46:01","modified_gmt":"2022-08-11T07:46:01","slug":"fondo-personal-jag","status":"publish","type":"page","link":"https:\/\/webs.uab.cat\/catedrajagoytisolo\/fondo-personal-jag\/","title":{"rendered":"Fondo personal JAG"},"content":{"rendered":"\n<p>En el momento de la creaci\u00f3n de la C\u00e1tedra Jos\u00e9 Agust\u00edn Goytisolo se habilit\u00f3 un espacio con el nombre de \u201cJos\u00e9 Agust\u00edn Goytisolo\u201d en la tercera planta de la Biblioteca de Humanidades de la UAB, para albergar el fondo cedido.<br>En el siguiente enlace se puede consultar el inventario del <a href=\"http:\/\/www.bib.uab.cat\/human\/fonspersonals\/goytisolo\/\" target=\"_blank\" rel=\"noopener\">Fondo Jos\u00e9 Agust\u00edn Goytisolo<\/a>, su contenido y organizaci\u00f3n:<\/p>\n\n\n\n<figure class=\"wp-block-image is-resized\"><img loading=\"lazy\" decoding=\"async\" src=\"http:\/\/pagines.uab.cat\/catedrajagoytisolo\/sites\/pagines.uab.cat.catedrajagoytisolo\/files\/images\/fonsgoytisolo.png\" alt=\"F\" width=\"700\" height=\"144\"\/><\/figure>\n\n\n\n<p><a title=\"Fons personal Jos\u00e9 Agust\u00edn Goytisolo\" href=\"http:\/\/www.uab.cat\/biblioteques\/goytisolo\" target=\"_blank\" rel=\"noopener\"><span class=\"inline inline-left\"><\/span><\/a><\/p>\n","protected":false},"excerpt":{"rendered":"<p>En el momento de la creaci\u00f3n de la C\u00e1tedra Jos\u00e9 Agust\u00edn Goytisolo se habilit\u00f3 un espacio con el nombre de \u201cJos\u00e9 Agust\u00edn Goytisolo\u201d en la tercera planta de la Biblioteca de Humanidades de la UAB, para albergar el fondo cedido.En el siguiente enlace se puede consultar el inventario del Fondo Jos\u00e9 Agust\u00edn Goytisolo, su contenido [&hellip;]<\/p>\n","protected":false},"author":20,"featured_media":0,"parent":0,"menu_order":0,"comment_status":"closed","ping_status":"closed","template":"","meta":{"footnotes":""},"class_list":["post-37","page","type-page","status-publish","hentry"],"_links":{"self":[{"href":"https:\/\/webs.uab.cat\/catedrajagoytisolo\/wp-json\/wp\/v2\/pages\/37","targetHints":{"allow":["GET"]}}],"collection":[{"href":"https:\/\/webs.uab.cat\/catedrajagoytisolo\/wp-json\/wp\/v2\/pages"}],"about":[{"href":"https:\/\/webs.uab.cat\/catedrajagoytisolo\/wp-json\/wp\/v2\/types\/page"}],"author":[{"embeddable":true,"href":"https:\/\/webs.uab.cat\/catedrajagoytisolo\/wp-json\/wp\/v2\/users\/20"}],"replies":[{"embeddable":true,"href":"https:\/\/webs.uab.cat\/catedrajagoytisolo\/wp-json\/wp\/v2\/comments?post=37"}],"version-history":[{"count":1,"href":"https:\/\/webs.uab.cat\/catedrajagoytisolo\/wp-json\/wp\/v2\/pages\/37\/revisions"}],"predecessor-version":[{"id":104,"href":"https:\/\/webs.uab.cat\/catedrajagoytisolo\/wp-json\/wp\/v2\/pages\/37\/revisions\/104"}],"wp:attachment":[{"href":"https:\/\/webs.uab.cat\/catedrajagoytisolo\/wp-json\/wp\/v2\/media?parent=37"}],"curies":[{"name":"wp","href":"https:\/\/api.w.org\/{rel}","templated":true}]}}