{"id":38,"date":"2013-03-04T20:02:13","date_gmt":"2013-03-04T20:02:13","guid":{"rendered":"https:\/\/webs.uab.cat\/catedrajagoytisolo\/noticias\/"},"modified":"2013-03-04T20:02:13","modified_gmt":"2013-03-04T20:02:13","slug":"noticias","status":"publish","type":"page","link":"https:\/\/webs.uab.cat\/catedrajagoytisolo\/noticias\/","title":{"rendered":"Noticias"},"content":{"rendered":"<p class=\"rtejustify\"><a href=\"http:\/\/www.canalnorte.org\/videos\/6028\/proximo-homenaje-poetico-a-jose-agustin-goytisolo\" target=\"_blank\" rel=\"noopener\">Homenaje po\u00e9tico a Jos\u00e9 Agust\u00edn Goytisolo: s\u00e1bado 23 de marzo en San Sebasti\u00e1n de los Reyes<\/a>&nbsp; (<strong><a href=\"http:\/\/www.radioutopia.org.es\/sabado-23-marzo-2019-12-00-h-acto-homenaje-jose-agustin-goytisolo\/\" target=\"_blank\" rel=\"noopener\">audio<\/a><\/strong> de la jornada de homenaje)<\/p>\n<p class=\"rtejustify\"><a href=\"https:\/\/www.ivoox.com\/15-3-19-homenaje-a-jose-agustin-goytisolo-el-audios-mp3_rf_33427617_1.html\" target=\"_blank\" rel=\"noopener\">15-3-19: Homenaje a Jos\u00e9 Agust\u00edn Goytisolo en el 20 aniversario de su muerte (con Carme Riera)<\/a>&nbsp;&#8211; tamb\u00e9 disponible clicant aquest <strong><a href=\"https:\/\/archive.org\/details\/OLVIDATUEQUIPAJEhomenajegoytisolo15319\" target=\"_blank\" rel=\"noopener\">enlla\u00e7<\/a><\/strong><\/p>\n","protected":false},"excerpt":{"rendered":"<p>Homenaje po\u00e9tico a Jos\u00e9 Agust\u00edn Goytisolo: s\u00e1bado 23 de marzo en San Sebasti\u00e1n de los Reyes&nbsp; (audio de la jornada de homenaje) 15-3-19: Homenaje a Jos\u00e9 Agust\u00edn Goytisolo en el 20 aniversario de su muerte (con Carme Riera)&nbsp;&#8211; tamb\u00e9 disponible clicant aquest enlla\u00e7<\/p>\n","protected":false},"author":20,"featured_media":0,"parent":0,"menu_order":0,"comment_status":"closed","ping_status":"closed","template":"","meta":{"footnotes":""},"class_list":["post-38","page","type-page","status-publish","hentry"],"_links":{"self":[{"href":"https:\/\/webs.uab.cat\/catedrajagoytisolo\/wp-json\/wp\/v2\/pages\/38","targetHints":{"allow":["GET"]}}],"collection":[{"href":"https:\/\/webs.uab.cat\/catedrajagoytisolo\/wp-json\/wp\/v2\/pages"}],"about":[{"href":"https:\/\/webs.uab.cat\/catedrajagoytisolo\/wp-json\/wp\/v2\/types\/page"}],"author":[{"embeddable":true,"href":"https:\/\/webs.uab.cat\/catedrajagoytisolo\/wp-json\/wp\/v2\/users\/20"}],"replies":[{"embeddable":true,"href":"https:\/\/webs.uab.cat\/catedrajagoytisolo\/wp-json\/wp\/v2\/comments?post=38"}],"version-history":[{"count":0,"href":"https:\/\/webs.uab.cat\/catedrajagoytisolo\/wp-json\/wp\/v2\/pages\/38\/revisions"}],"wp:attachment":[{"href":"https:\/\/webs.uab.cat\/catedrajagoytisolo\/wp-json\/wp\/v2\/media?parent=38"}],"curies":[{"name":"wp","href":"https:\/\/api.w.org\/{rel}","templated":true}]}}