{"id":40,"date":"2013-03-04T20:03:10","date_gmt":"2013-03-04T20:03:10","guid":{"rendered":"https:\/\/webs.uab.cat\/catedrajagoytisolo\/contacto\/"},"modified":"2013-03-04T20:03:10","modified_gmt":"2013-03-04T20:03:10","slug":"contacto","status":"publish","type":"page","link":"https:\/\/webs.uab.cat\/catedrajagoytisolo\/contacto\/","title":{"rendered":"Contacto"},"content":{"rendered":"<p><strong>EQUIPO<\/strong><\/p>\n<p>\nDirectora: Carme Riera<br \/>\nGestoras del fondo:&nbsp;<span style=\"line-height: 20px;\">Merc\u00e8 Bausili y Montserrat Guti\u00e9rrez<br \/>\n<span>Becario: <\/span><\/span><span style=\"line-height: 20px;\"><span>Francisco Javier Ayala Gallardo<\/span><\/span><\/p>\n<p><span style=\"line-height: 20px;\"><span>La C\u00e1tedra quiere agradecer la colaboraci\u00f3n inestimable de Asunci\u00f3n Carandell y Julia Goytisolo Carandell<br \/>\n&nbsp; &nbsp; &nbsp; &nbsp; &nbsp; &nbsp; &nbsp;&nbsp;<\/span><\/span><\/p>\n<p>&nbsp;<\/p>\n<p><strong>C\u00c1TEDRA JOS\u00c9 AGUST\u00cdN GOYTISOLO<\/strong><\/p>\n<p>Departamento de Filolog\u00eda Espa\u00f1ola<br \/>\nFacultad de Letras<br \/>\nUniversitat Aut\u00f2noma de Barcelona (UAB)<br \/>\nEdificio B, 08193 Bellaterra<br \/>\nTel. 93 581 12 16<br \/>\nFax. 93 581 16 86<\/p>\n<p><a href=\"mailto:catedra.jagoytisolo@uab.es\">catedra.jagoytisolo@uab.es<\/a><\/p>\n","protected":false},"excerpt":{"rendered":"<p>EQUIPO Directora: Carme Riera Gestoras del fondo:&nbsp;Merc\u00e8 Bausili y Montserrat Guti\u00e9rrez Becario: Francisco Javier Ayala Gallardo La C\u00e1tedra quiere agradecer la colaboraci\u00f3n inestimable de Asunci\u00f3n Carandell y Julia Goytisolo Carandell &nbsp; &nbsp; &nbsp; &nbsp; &nbsp; &nbsp; &nbsp;&nbsp; &nbsp; C\u00c1TEDRA JOS\u00c9 AGUST\u00cdN GOYTISOLO Departamento de Filolog\u00eda Espa\u00f1ola Facultad de Letras Universitat Aut\u00f2noma de Barcelona (UAB) Edificio [&hellip;]<\/p>\n","protected":false},"author":20,"featured_media":0,"parent":0,"menu_order":0,"comment_status":"closed","ping_status":"closed","template":"","meta":{"footnotes":""},"class_list":["post-40","page","type-page","status-publish","hentry"],"_links":{"self":[{"href":"https:\/\/webs.uab.cat\/catedrajagoytisolo\/wp-json\/wp\/v2\/pages\/40","targetHints":{"allow":["GET"]}}],"collection":[{"href":"https:\/\/webs.uab.cat\/catedrajagoytisolo\/wp-json\/wp\/v2\/pages"}],"about":[{"href":"https:\/\/webs.uab.cat\/catedrajagoytisolo\/wp-json\/wp\/v2\/types\/page"}],"author":[{"embeddable":true,"href":"https:\/\/webs.uab.cat\/catedrajagoytisolo\/wp-json\/wp\/v2\/users\/20"}],"replies":[{"embeddable":true,"href":"https:\/\/webs.uab.cat\/catedrajagoytisolo\/wp-json\/wp\/v2\/comments?post=40"}],"version-history":[{"count":0,"href":"https:\/\/webs.uab.cat\/catedrajagoytisolo\/wp-json\/wp\/v2\/pages\/40\/revisions"}],"wp:attachment":[{"href":"https:\/\/webs.uab.cat\/catedrajagoytisolo\/wp-json\/wp\/v2\/media?parent=40"}],"curies":[{"name":"wp","href":"https:\/\/api.w.org\/{rel}","templated":true}]}}