{"id":47,"date":"2013-03-18T15:22:00","date_gmt":"2013-03-18T15:22:00","guid":{"rendered":"https:\/\/webs.uab.cat\/catedrajagoytisolo\/texto-de-fernando-valls-para-la-inauguracion-de-la-catedra\/"},"modified":"2022-08-11T07:36:20","modified_gmt":"2022-08-11T07:36:20","slug":"texto-de-fernando-valls-para-la-inauguracion-de-la-catedra","status":"publish","type":"page","link":"https:\/\/webs.uab.cat\/catedrajagoytisolo\/texto-de-fernando-valls-para-la-inauguracion-de-la-catedra\/","title":{"rendered":"Texto de Fernando Valls para la inauguraci\u00f3n de la C\u00e1tedra"},"content":{"rendered":"\n<blockquote class=\"wp-block-quote is-layout-flow wp-block-quote-is-layout-flow\"><p><strong>Homenaje a Jos\u00e9 Agust\u00edn Goytisolo en la UAB<\/strong><\/p><p><em>Texto de Fernando Valls pronunciado por el Rector de la UAB<\/em><\/p><p><em>\u00a0en el acto de inauguraci\u00f3n de la C\u00e1tedra Jos\u00e9 Agust\u00edn Goytisolo<\/em><\/p><\/blockquote>\n\n\n\n<p><em>&nbsp;<\/em><span style=\"line-height: 20px;\">&nbsp;<\/span><\/p>\n\n\n\n<p>Muy pocos poetas han logrado alcanzar la popularidad y el cari\u00f1o cosechados por Jos\u00e9 Agust\u00edn Goytisolo. Buena prueba de las simpat\u00edas que logr\u00f3 despertar son los numerosos homenajes que se le han dedicado desde su muerte. A \u00e9l le gustaba relatar que cuando o\u00eda a alguien tararear alguno de sus poemas (aquellos que musicaron Rosa Le\u00f3n, Mercedes Sosa, Amancio Prada o Paco Ib\u00e1\u00f1ez), disfrutaba pregunt\u00e1ndole si sab\u00eda de qui\u00e9n era. La mejor respuesta, la que m\u00e1s le satisfac\u00eda, era que le contestaran que no ten\u00edan autor, que eran de tradici\u00f3n popular&#8230;<\/p>\n\n\n\n<p>Cuando se habla de Jos\u00e9 Agust\u00edn Goytisolo no deben olvidarse aquellos factores que condicionaron su existencia y su obra literaria como poeta, traductor, articulista o autor de libros infantiles. M\u00e1s de la mitad de su vida transcurri\u00f3 durante lo que \u00e9l llamaba \u201clos a\u00f1os impuros\u201d del franquismo, en los que hizo poes\u00eda pol\u00edtica o civil, y no poes\u00eda social, como le gustaba aclarar. Su compromiso, su militancia, pero tambi\u00e9n la persecuci\u00f3n de la felicidad, objetivo prioritario de toda la Escuela de Barcelona, sobre la que ha llamado la atenci\u00f3n Carme Riera, est\u00e1 muy presente en toda su obra. Y quiz\u00e1 por ello, dos de sus vetas principales sean la poes\u00eda sat\u00edrica y la amorosa. En esta \u00faltima, su maestro fue siempre el Pedro Salinas de <em>La voz a ti debida<\/em>.<\/p>\n\n\n\n<p>No menos determinante fue su amistad (si de algo le gustaba presumir era de tener amigos) con Carlos Barral, Gabriel Ferrater, Alfonso Costafreda o Jaime Gil de Biedma, por s\u00f3lo recordar unos pocos nombres; as\u00ed como el encuentro en Madrid con los j\u00f3venes poetas hispanoamericanos, con quienes comparti\u00f3 Colegio Mayor, alcohol y nicotina. Quiz\u00e1s ello explique su imprescindible labor como divulgador de la poes\u00eda catalana, hispanoamericana e italiana. Entre los poetas catalanes que verti\u00f3 al castellano hay algunos tan importantes como Josep Carner, Carles Riba, Bartomeu Rosell\u00f2-Porcel, Salvador Espriu, Mari\u00e0 Manent, Joan Vinyoli y Gabriel Ferrater, entre otros muchos.<\/p>\n\n\n\n<p>S\u00f3lo hay que releer su obra para darse cuenta de que la imagen que lo define mejor quiz\u00e1 sea la del rey mendigo, la del monarca despose\u00eddo del reino afortunado que fue su infancia, tras la muerte de Julia Gay, su madre, durante un bombardeo en Barcelona de la aviaci\u00f3n italiana, durante la guerra civil.<\/p>\n\n\n\n<p>Los cr\u00edticos que se han ocupado de su obra han se\u00f1alado que si algo la caracteriza es el tono eleg\u00edaco e ir\u00f3nico; el empe\u00f1o por dar, en ese constante trabajo de reescritura al que somet\u00eda sus textos, con un tono de \u201cdif\u00edcil sencillez\u201d que siempre buscaba. Un tono, en suma, conversacional, que tanto le deb\u00eda al lenguaje hablado, para el que pose\u00eda un excelente o\u00eddo.<\/p>\n\n\n\n<p>Nada m\u00e1s natural que la Universidad Aut\u00f3noma de Barcelona acoja hoy su legado. Dos razones se me ocurren: su frecuente presencia en nuestras aulas, en las clases de poes\u00eda contempor\u00e1nea, y la especial vinculaci\u00f3n mantenida con algunos de los profesores del Departamento de Filolog\u00eda Espa\u00f1ola. Amistosa relaci\u00f3n representada por la que mantuvo con la profesora Carme Riera, quien le ha dedicado numerosos e imprescindibles trabajos para la mejor comprensi\u00f3n de su obra.<\/p>\n\n\n\n<p>Recordar que la Universidad actual no s\u00f3lo debe ocuparse de los cl\u00e1sicos es llamar la atenci\u00f3n sobre una pr\u00e1ctica ya com\u00fan, al menos en la nuestra, donde tanta presencia tienen tambi\u00e9n los autores vivos. La poes\u00eda de Jos\u00e9 Agust\u00edn Goytisolo se oy\u00f3 en numerosas ocasiones en nuestras aulas y hoy, como ayer, sigue estando viva. Esta celebraci\u00f3n, por tanto, no s\u00f3lo responde a la natural din\u00e1mica universitaria sino que se erige sobre todo como un acto de justicia con un ciudadano catal\u00e1n que hizo su obra en castellano y que tanto contribuy\u00f3, en tiempos de miseria, a la difusi\u00f3n de la cultura catalana.&nbsp;&nbsp;&nbsp;&nbsp;&nbsp;&nbsp;&nbsp;&nbsp;&nbsp;<\/p>\n\n\n\n<p>Fernando Valls<\/p>\n\n\n\n<p>&nbsp;<\/p>\n\n\n\n<p>&nbsp;<\/p>\n\n\n\n<p>&nbsp;<\/p>\n","protected":false},"excerpt":{"rendered":"<p>Homenaje a Jos\u00e9 Agust\u00edn Goytisolo en la UAB Texto de Fernando Valls pronunciado por el Rector de la UAB \u00a0en el acto de inauguraci\u00f3n de la C\u00e1tedra Jos\u00e9 Agust\u00edn Goytisolo &nbsp;&nbsp; Muy pocos poetas han logrado alcanzar la popularidad y el cari\u00f1o cosechados por Jos\u00e9 Agust\u00edn Goytisolo. Buena prueba de las simpat\u00edas que logr\u00f3 despertar [&hellip;]<\/p>\n","protected":false},"author":20,"featured_media":0,"parent":0,"menu_order":0,"comment_status":"closed","ping_status":"closed","template":"","meta":{"footnotes":""},"class_list":["post-47","page","type-page","status-publish","hentry"],"_links":{"self":[{"href":"https:\/\/webs.uab.cat\/catedrajagoytisolo\/wp-json\/wp\/v2\/pages\/47","targetHints":{"allow":["GET"]}}],"collection":[{"href":"https:\/\/webs.uab.cat\/catedrajagoytisolo\/wp-json\/wp\/v2\/pages"}],"about":[{"href":"https:\/\/webs.uab.cat\/catedrajagoytisolo\/wp-json\/wp\/v2\/types\/page"}],"author":[{"embeddable":true,"href":"https:\/\/webs.uab.cat\/catedrajagoytisolo\/wp-json\/wp\/v2\/users\/20"}],"replies":[{"embeddable":true,"href":"https:\/\/webs.uab.cat\/catedrajagoytisolo\/wp-json\/wp\/v2\/comments?post=47"}],"version-history":[{"count":1,"href":"https:\/\/webs.uab.cat\/catedrajagoytisolo\/wp-json\/wp\/v2\/pages\/47\/revisions"}],"predecessor-version":[{"id":93,"href":"https:\/\/webs.uab.cat\/catedrajagoytisolo\/wp-json\/wp\/v2\/pages\/47\/revisions\/93"}],"wp:attachment":[{"href":"https:\/\/webs.uab.cat\/catedrajagoytisolo\/wp-json\/wp\/v2\/media?parent=47"}],"curies":[{"name":"wp","href":"https:\/\/api.w.org\/{rel}","templated":true}]}}