{"id":72,"date":"2009-05-08T11:14:38","date_gmt":"2009-05-08T11:14:38","guid":{"rendered":"https:\/\/webs.uab.cat\/catedrajordiarbones\/inici-2\/"},"modified":"2026-03-19T13:20:36","modified_gmt":"2026-03-19T13:20:36","slug":"inici-2","status":"publish","type":"page","link":"https:\/\/webs.uab.cat\/catedrajordiarbones\/es\/","title":{"rendered":"C\u00e1tedra Jordi Arbon\u00e8s"},"content":{"rendered":"<div class=\"wp-block-image\">\n<figure class=\"alignright size-full is-resized\"><img loading=\"lazy\" decoding=\"async\" width=\"880\" height=\"1209\" src=\"https:\/\/webs.uab.cat\/catedrajordiarbones\/wp-content\/uploads\/sites\/149\/2026\/03\/Jordi-Arbones-G-1.png\" alt=\"Jordi Arbon\u00e8s\" class=\"wp-image-587\" style=\"aspect-ratio:0.727921498661909;width:287px;height:auto\" srcset=\"https:\/\/webs.uab.cat\/catedrajordiarbones\/wp-content\/uploads\/sites\/149\/2026\/03\/Jordi-Arbones-G-1.png 880w, https:\/\/webs.uab.cat\/catedrajordiarbones\/wp-content\/uploads\/sites\/149\/2026\/03\/Jordi-Arbones-G-1-218x300.png 218w, https:\/\/webs.uab.cat\/catedrajordiarbones\/wp-content\/uploads\/sites\/149\/2026\/03\/Jordi-Arbones-G-1-745x1024.png 745w, https:\/\/webs.uab.cat\/catedrajordiarbones\/wp-content\/uploads\/sites\/149\/2026\/03\/Jordi-Arbones-G-1-768x1055.png 768w\" sizes=\"auto, (max-width: 880px) 100vw, 880px\" \/><\/figure>\n<\/div>\n\n\n<p>La <strong>C\u00e0tedra Jordi Arbon\u00e8s<\/strong> <strong>de Traducci\u00f3<\/strong>, de car\u00e0cter honor\u00edfic, va ser creada per la <strong><a href=\"https:\/\/www.uab.cat\/traducciointerpretacio\/\" target=\"_blank\" rel=\"noreferrer noopener\">Facultat de Traducci\u00f3 i d&#8217;Interpretaci\u00f3<\/a> <\/strong>i el <strong><a href=\"https:\/\/www.uab.cat\/departament\/traduccio\/\" target=\"_blank\" rel=\"noreferrer noopener\">D<\/a><a href=\"https:\/\/www.uab.cat\/departament\/traduccio\/%20Departament%20de%20Traducci%C3%B3%20i%20d'Interpretaci%C3%B3%20i%20d'Estudis%20de%20l'%C3%80sia%20Oriental\">epartament de Traducci\u00f3 i d&#8217;Interpretaci\u00f3 i d&#8217;Estudis de l&#8217;\u00c0sia Oriental<\/a>\u00a0<\/strong>de la Universitat Aut\u00f2noma de Barcelona, en un <strong><a href=\"http:\/\/pagines.uab.cat\/catedrajordiarbones\/ca\/content\/acte-inaugural-de-la-c%C3%A0tedra-jordi-arbon%C3%A8s\">acte inaugural<\/a> <\/strong>solemne, el 21 de maig de 2003, arran de la cessi\u00f3 del llegat d&#8217;aquest traductor, mort dos anys abans. Jordi Arbon\u00e8s constitueix un cas especial en la hist\u00f2ria de la traducci\u00f3 i la literatura recents, perqu\u00e8, d&#8217;una banda, va donar a con\u00e8ixer al lector catal\u00e0 grans noms de la literatura anglosaxona i, de l&#8217;altra, va dur a terme una obra de creaci\u00f3 en gaireb\u00e9 tots els g\u00e8neres, encara poc coneguda.<\/p>\n\n\n\n<p>L&#8217;any 2015 l&#8217;Institut de Projecci\u00f3 Exterior de la Cultura Catalana va concedir a t\u00edtol p\u00f2stum el <a href=\"http:\/\/ipecc.cat\/novaweb\/lipecc-lliura-el-premi-josep-maria-batista-i-roca-memorial-enric-garriga-trullols-2015-a-10-catalans-de-lexterior\/\" target=\"_blank\" rel=\"noreferrer noopener\"><strong>premi \u00abJosep Maria Batista i Roca &#8211; Memorial Enric Garriga Trullols\u00bb a Jordi Arbon\u00e8s<\/strong><\/a>.<\/p>\n\n\n\n<p>Des de la seva creaci\u00f3, la c\u00e0tedra ha rebut tamb\u00e9 els llegats de l&#8217;editor dels <em>Llibres de l&#8217;Ossa Menor<\/em>, Josep Pedreira, i del traductor nord-americ\u00e0 David Rosenthal.<\/p>\n\n\n<div class=\"wp-block-image\">\n<figure class=\"alignright size-full is-resized\"><img loading=\"lazy\" decoding=\"async\" width=\"1202\" height=\"880\" src=\"https:\/\/webs.uab.cat\/catedrajordiarbones\/wp-content\/uploads\/sites\/149\/2026\/03\/jordi-arbones-catedra-uab-a-2-1.png\" alt=\"Jordi Arbon\u00e8s\" class=\"wp-image-590\" style=\"aspect-ratio:1.3664596273291925;width:394px;height:auto\" srcset=\"https:\/\/webs.uab.cat\/catedrajordiarbones\/wp-content\/uploads\/sites\/149\/2026\/03\/jordi-arbones-catedra-uab-a-2-1.png 1202w, https:\/\/webs.uab.cat\/catedrajordiarbones\/wp-content\/uploads\/sites\/149\/2026\/03\/jordi-arbones-catedra-uab-a-2-1-300x220.png 300w, https:\/\/webs.uab.cat\/catedrajordiarbones\/wp-content\/uploads\/sites\/149\/2026\/03\/jordi-arbones-catedra-uab-a-2-1-1024x750.png 1024w, https:\/\/webs.uab.cat\/catedrajordiarbones\/wp-content\/uploads\/sites\/149\/2026\/03\/jordi-arbones-catedra-uab-a-2-1-768x562.png 768w, https:\/\/webs.uab.cat\/catedrajordiarbones\/wp-content\/uploads\/sites\/149\/2026\/03\/jordi-arbones-catedra-uab-a-2-1-1200x879.png 1200w\" sizes=\"auto, (max-width: 1202px) 100vw, 1202px\" \/><\/figure>\n<\/div>\n\n\n<p>La C\u00e0tedra, mitjan\u00e7ant una <strong><a href=\"https:\/\/webs.uab.cat\/catedrajordiarbones\/content\/comissi%C3%B3\">comissi\u00f3<\/a><\/strong>, es proposa vetllar per la conservaci\u00f3, la difusi\u00f3 i l&#8217;estudi d&#8217;aquest llegats i alhora promoure la recerca sobre traducci\u00f3 i literatura catalana. Aix\u00ed doncs, la C\u00e0tedra Jordi Arbon\u00e8s, la primera de tot l&#8217;Estat espanyol dedicada a un traductor, representa un reconeixement del m\u00f3n acad\u00e8mic a la tasca de la traducci\u00f3 en un moment en qu\u00e8 es constata un inter\u00e8s cada vegada m\u00e9s gran de la comunitat universit\u00e0ria per aquesta disciplina, paral\u00b7lel a l&#8217;inter\u00e8s social per tota mena de transvasaments culturals.<\/p>\n\n\n\n<p>La seu de la C\u00e0tedra \u00e9s a la <strong>Facultat de Traducci\u00f3 i d\u2019Interpretaci\u00f3<\/strong>..<\/p>\n\n\n\n<figure class=\"wp-block-image size-large\"><img loading=\"lazy\" decoding=\"async\" width=\"1024\" height=\"775\" src=\"https:\/\/webs.uab.cat\/catedrajordiarbones\/wp-content\/uploads\/sites\/149\/2023\/02\/Jordi-arbones-Arb_0285-1024x775.jpg\" alt=\"Jordi Arbon\u00e8s rebent el premi a la millor traducci\u00f3 de mans del Conseller de la Generalitat Joan Guitart\" class=\"wp-image-434\" srcset=\"https:\/\/webs.uab.cat\/catedrajordiarbones\/wp-content\/uploads\/sites\/149\/2023\/02\/Jordi-arbones-Arb_0285-1024x775.jpg 1024w, https:\/\/webs.uab.cat\/catedrajordiarbones\/wp-content\/uploads\/sites\/149\/2023\/02\/Jordi-arbones-Arb_0285-300x227.jpg 300w, https:\/\/webs.uab.cat\/catedrajordiarbones\/wp-content\/uploads\/sites\/149\/2023\/02\/Jordi-arbones-Arb_0285-768x581.jpg 768w, https:\/\/webs.uab.cat\/catedrajordiarbones\/wp-content\/uploads\/sites\/149\/2023\/02\/Jordi-arbones-Arb_0285-1536x1163.jpg 1536w, https:\/\/webs.uab.cat\/catedrajordiarbones\/wp-content\/uploads\/sites\/149\/2023\/02\/Jordi-arbones-Arb_0285-1200x908.jpg 1200w, https:\/\/webs.uab.cat\/catedrajordiarbones\/wp-content\/uploads\/sites\/149\/2023\/02\/Jordi-arbones-Arb_0285-1980x1499.jpg 1980w, https:\/\/webs.uab.cat\/catedrajordiarbones\/wp-content\/uploads\/sites\/149\/2023\/02\/Jordi-arbones-Arb_0285.jpg 2008w\" sizes=\"auto, (max-width: 1024px) 100vw, 1024px\" \/><figcaption class=\"wp-element-caption\">Jordi Arbon\u00e8s rebent el premi a la millor traducci\u00f3 de mans del Conseller de la Generalitat Joan Guitart.<\/figcaption><\/figure>\n\n\n\n<h2 class=\"wp-block-heading\">LLEGAT<\/h2>\n\n\n\n<p>La fam\u00edlia de Jordi Arbon\u00e8s, conscient de la import\u00e0ncia de la difusi\u00f3 i l&#8217;estudi d&#8217;una de les obres m\u00e9s extenses en el camp de la traducci\u00f3 de la segona meitat del segle XX, va cedir el llegat del traductor a la Universitat Aut\u00f2noma de Barcelona.<\/p>\n\n\n\n<p>Aquest llegat consisteix en un gran nombre de traduccions pr\u00f2pies o originals editats com tamb\u00e9 en la seva biblioteca particular, en la qual, entre d&#8217;altre material, hi ha llibres que destaquen pel valor de ser dedicats per diversos autors rellevants o per ser primeres edicions o edicions molt antigues; tamb\u00e9 inclou una gran quantitat de manuscrits in\u00e8dits (narrativa, poesia, assaig, traduccions\u2026) i una copiosa correspond\u00e8ncia que mantingu\u00e9 al llarg de la seva vida amb nombroses personalitats de les lletres i de la cultura catalanes; a m\u00e9s a m\u00e9s, hi trobem abundant material de premsa (articles, cr\u00edtiques, entrevistes, etc.) de gran valor testimonial.<\/p>\n\n\n\n<p>El fons Jordi Arbon\u00e8s es conserva a la Biblioteca d&#8217;Humanitats de la Universitat Aut\u00f2noma de Barcelona.<\/p>\n\n\n\n<h3 class=\"wp-block-heading\">El podeu consultar aqu\u00ed:&nbsp;<strong><a rel=\"noreferrer noopener\" href=\"http:\/\/www.bib.uab.cat\/human\/fonspersonals\/arbones\/\" target=\"_blank\">Fons personal de Jordi Arbon\u00e8s<\/a><\/strong><br><\/h3>\n\n\n\n<figure class=\"wp-block-image size-full is-resized\"><a href=\"https:\/\/www.uab.cat\/traducciointerpretacio\/\" target=\"_blank\" rel=\" noreferrer noopener\"><img loading=\"lazy\" decoding=\"async\" width=\"1401\" height=\"476\" src=\"https:\/\/webs.uab.cat\/catedrajordiarbones\/wp-content\/uploads\/sites\/149\/2026\/03\/logofacultat-p-traduccio-v3-vertical-2lin-gran-verd_WEB.png\" alt=\"traduccio FTI\" class=\"wp-image-562\" style=\"aspect-ratio:2.9437159572321967;width:271px;height:auto\" srcset=\"https:\/\/webs.uab.cat\/catedrajordiarbones\/wp-content\/uploads\/sites\/149\/2026\/03\/logofacultat-p-traduccio-v3-vertical-2lin-gran-verd_WEB.png 1401w, https:\/\/webs.uab.cat\/catedrajordiarbones\/wp-content\/uploads\/sites\/149\/2026\/03\/logofacultat-p-traduccio-v3-vertical-2lin-gran-verd_WEB-300x102.png 300w, https:\/\/webs.uab.cat\/catedrajordiarbones\/wp-content\/uploads\/sites\/149\/2026\/03\/logofacultat-p-traduccio-v3-vertical-2lin-gran-verd_WEB-1024x348.png 1024w, https:\/\/webs.uab.cat\/catedrajordiarbones\/wp-content\/uploads\/sites\/149\/2026\/03\/logofacultat-p-traduccio-v3-vertical-2lin-gran-verd_WEB-768x261.png 768w, https:\/\/webs.uab.cat\/catedrajordiarbones\/wp-content\/uploads\/sites\/149\/2026\/03\/logofacultat-p-traduccio-v3-vertical-2lin-gran-verd_WEB-1200x408.png 1200w\" sizes=\"auto, (max-width: 1401px) 100vw, 1401px\" \/><\/a><\/figure>\n\n\n\n<p class=\"has-small-font-size\"><strong>Facultat de Traducci\u00f3 i d&#8217;Interpretaci\u00f3<\/strong><\/p>\n\n\n\n<p class=\"has-small-font-size\"><strong>Departament de Traducci\u00f3 i d&#8217;Interpretaci\u00f3 i d&#8217;Estudis de l&#8217;\u00c0sia Oriental<\/strong><\/p>\n\n\n\n<p class=\"has-small-font-size\"><strong>Universitat Aut\u00f2noma de Barcelona<\/strong><\/p>\n","protected":false},"excerpt":{"rendered":"<p>La C\u00e0tedra Jordi Arbon\u00e8s de Traducci\u00f3, de car\u00e0cter honor\u00edfic, va ser creada per la Facultat de Traducci\u00f3 i d&#8217;Interpretaci\u00f3 i el Departament de Traducci\u00f3 i d&#8217;Interpretaci\u00f3 i d&#8217;Estudis de l&#8217;\u00c0sia Oriental\u00a0de la Universitat Aut\u00f2noma de Barcelona, en un acte inaugural solemne, el 21 de maig de 2003, arran de la cessi\u00f3 del llegat d&#8217;aquest traductor, [&hellip;]<\/p>\n","protected":false},"author":20,"featured_media":0,"parent":0,"menu_order":0,"comment_status":"closed","ping_status":"closed","template":"","meta":{"footnotes":""},"class_list":["post-72","page","type-page","status-publish","hentry"],"_links":{"self":[{"href":"https:\/\/webs.uab.cat\/catedrajordiarbones\/es\/wp-json\/wp\/v2\/pages\/72","targetHints":{"allow":["GET"]}}],"collection":[{"href":"https:\/\/webs.uab.cat\/catedrajordiarbones\/es\/wp-json\/wp\/v2\/pages"}],"about":[{"href":"https:\/\/webs.uab.cat\/catedrajordiarbones\/es\/wp-json\/wp\/v2\/types\/page"}],"author":[{"embeddable":true,"href":"https:\/\/webs.uab.cat\/catedrajordiarbones\/es\/wp-json\/wp\/v2\/users\/20"}],"replies":[{"embeddable":true,"href":"https:\/\/webs.uab.cat\/catedrajordiarbones\/es\/wp-json\/wp\/v2\/comments?post=72"}],"version-history":[{"count":9,"href":"https:\/\/webs.uab.cat\/catedrajordiarbones\/es\/wp-json\/wp\/v2\/pages\/72\/revisions"}],"predecessor-version":[{"id":697,"href":"https:\/\/webs.uab.cat\/catedrajordiarbones\/es\/wp-json\/wp\/v2\/pages\/72\/revisions\/697"}],"wp:attachment":[{"href":"https:\/\/webs.uab.cat\/catedrajordiarbones\/es\/wp-json\/wp\/v2\/media?parent=72"}],"curies":[{"name":"wp","href":"https:\/\/api.w.org\/{rel}","templated":true}]}}