{"id":116,"date":"2019-09-04T18:44:54","date_gmt":"2019-09-04T18:44:54","guid":{"rendered":"https:\/\/webs.uab.cat\/catedrajordiarbones\/enllacos-4\/"},"modified":"2026-03-19T11:22:12","modified_gmt":"2026-03-19T11:22:12","slug":"enllacos-4","status":"publish","type":"page","link":"https:\/\/webs.uab.cat\/catedrajordiarbones\/enllacos-4\/","title":{"rendered":"Enlla\u00e7os"},"content":{"rendered":"\n<div class=\"wp-block-media-text has-media-on-the-right is-stacked-on-mobile\" style=\"grid-template-columns:auto 33%\"><div class=\"wp-block-media-text__content\">\n<p><a href=\"https:\/\/www.rac1.cat\/programes\/via-lliure\/20191205\/472066663853\/jordi-arbones-juli-albaladejo-cartes-gloria-arbones-marta-albaladejo.html\" target=\"_blank\" rel=\"noopener\">Entrevista a Gl\u00f2ria Arbon\u00e8s i a Marta Albaladejo sobre la correspond\u00e8ncia dels seus pares a RAC1<\/a><\/p>\n\n\n\n<p><a href=\"http:\/\/www.bib.uab.cat\/human\/fonspersonals\/arbones\/\">Fons personal de Jordi Arbon\u00e8s<\/a><\/p>\n\n\n\n<p><a href=\"http:\/\/grupsderecerca.uab.cat\/getcc\/\">Grup d&#8217;Estudi de la Traducci\u00f3 Catalana Contempor\u00e0nia<\/a><\/p>\n<\/div><figure class=\"wp-block-media-text__media\"><img loading=\"lazy\" decoding=\"async\" width=\"300\" height=\"296\" src=\"https:\/\/webs.uab.cat\/catedrajordiarbones\/wp-content\/uploads\/sites\/149\/2019\/09\/466fotoarbones6_p.jpg\" alt=\"Jordi Arbones\" class=\"wp-image-113 size-full\" \/><\/figure><\/div>\n\n\n\n<p><a href=\"http:\/\/estudisdegenere.uvic.cat\/\">Grup de recerca en Estudis de G\u00e8nere: Traducci\u00f3, Literatura, Hist\u00f2ria i Comunicaci\u00f3<\/a><\/p>\n\n\n\n<p><a href=\"http:\/\/ddd.uab.cat\/record\/40\">Quaderns. Revista de Traducci\u00f3<\/a><\/p>\n\n\n\n<p><a href=\"http:\/\/www.visat.cat\/\">Visat. Revista digital de literatura i traducci\u00f3 del PEN catal\u00e0<\/a><\/p>\n\n\n\n<p><a href=\"http:\/\/www.escriptors.cat\/\">Associaci\u00f3 d&#8217;Escriptors en Llengua Catalana<\/a><\/p>\n\n\n\n<p>&nbsp;<\/p>\n","protected":false},"excerpt":{"rendered":"<p>Entrevista a Gl\u00f2ria Arbon\u00e8s i a Marta Albaladejo sobre la correspond\u00e8ncia dels seus pares a RAC1 Fons personal de Jordi Arbon\u00e8s Grup d&#8217;Estudi de la Traducci\u00f3 Catalana Contempor\u00e0nia Grup de recerca en Estudis de G\u00e8nere: Traducci\u00f3, Literatura, Hist\u00f2ria i Comunicaci\u00f3 Quaderns. Revista de Traducci\u00f3 Visat. Revista digital de literatura i traducci\u00f3 del PEN catal\u00e0 Associaci\u00f3 [&hellip;]<\/p>\n","protected":false},"author":20,"featured_media":0,"parent":0,"menu_order":0,"comment_status":"closed","ping_status":"closed","template":"","meta":{"footnotes":""},"class_list":["post-116","page","type-page","status-publish","hentry"],"_links":{"self":[{"href":"https:\/\/webs.uab.cat\/catedrajordiarbones\/wp-json\/wp\/v2\/pages\/116","targetHints":{"allow":["GET"]}}],"collection":[{"href":"https:\/\/webs.uab.cat\/catedrajordiarbones\/wp-json\/wp\/v2\/pages"}],"about":[{"href":"https:\/\/webs.uab.cat\/catedrajordiarbones\/wp-json\/wp\/v2\/types\/page"}],"author":[{"embeddable":true,"href":"https:\/\/webs.uab.cat\/catedrajordiarbones\/wp-json\/wp\/v2\/users\/20"}],"replies":[{"embeddable":true,"href":"https:\/\/webs.uab.cat\/catedrajordiarbones\/wp-json\/wp\/v2\/comments?post=116"}],"version-history":[{"count":4,"href":"https:\/\/webs.uab.cat\/catedrajordiarbones\/wp-json\/wp\/v2\/pages\/116\/revisions"}],"predecessor-version":[{"id":658,"href":"https:\/\/webs.uab.cat\/catedrajordiarbones\/wp-json\/wp\/v2\/pages\/116\/revisions\/658"}],"wp:attachment":[{"href":"https:\/\/webs.uab.cat\/catedrajordiarbones\/wp-json\/wp\/v2\/media?parent=116"}],"curies":[{"name":"wp","href":"https:\/\/api.w.org\/{rel}","templated":true}]}}