{"id":31,"date":"2009-05-08T11:23:04","date_gmt":"2009-05-08T11:23:04","guid":{"rendered":"https:\/\/webs.uab.cat\/catedrajordiarbones\/acte-inaugural-de-la-catedra-jordi-arbones\/"},"modified":"2026-03-19T11:15:57","modified_gmt":"2026-03-19T11:15:57","slug":"acte-inaugural-de-la-catedra-jordi-arbones","status":"publish","type":"page","link":"https:\/\/webs.uab.cat\/catedrajordiarbones\/acte-inaugural-de-la-catedra-jordi-arbones\/","title":{"rendered":"Acte inaugural de la C\u00e0tedra Jordi Arbon\u00e8s. 21 de maig de 2003"},"content":{"rendered":"\n<p>L&#8217;acte d&#8217;inauguraci\u00f3 de la C\u00e0tedra Jordi Arbon\u00e8s va celebrar-se el 21 de maig de 2003 a la Facultat de Traducci\u00f3 i d&#8217;Interpretaci\u00f3 de la Universitat Aut\u00f2noma de Barcelona. Van obrir la sessi\u00f3 el Vicerector d&#8217;Investigaci\u00f3, Josep Santal\u00f3, i el Deg\u00e0 de la Facultat de Traducci\u00f3, Joan Fontcuberta. Seguidament, l&#8217;escriptor Joaquim Carb\u00f3 va glossar el perfil biogr\u00e0fic de Jordi Arbon\u00e8s, i el poeta i traductor Francesc Parcerisas va dissertar sobre l&#8217;activitat traductora de l&#8217;homenatjat.<\/p>\n\n\n\n<p>Com a cloenda, l&#8217;actriu Rosa Novell va fer una lectura de diversos fragments d&#8217;obres tradu\u00efdes per Jordi Arbon\u00e8s i els m\u00fasics Marcel Casellas i Mohamed Soulimane van oferir una breu actuaci\u00f3.<\/p>\n\n\n\n<p>Tamb\u00e9 van participar en l&#8217;acte els fills, Gl\u00f2ria i Xavier Arbon\u00e8s, que van adre\u00e7ar unes paraules d&#8217;agra\u00efment al p\u00fablic. A l&#8217;\u00faltim, es va descobrir una placa conmemorativa a la Sala de Juntes de la Facultat de Traducci\u00f3 i d&#8217;Interpretaci\u00f3, que ha passat a denominar-se Sala Jordi Arbon\u00e8s.<\/p>\n\n\n\n<div class=\"wp-block-media-text is-stacked-on-mobile\" style=\"grid-template-columns:36% auto\"><figure class=\"wp-block-media-text__media\"><img loading=\"lazy\" decoding=\"async\" width=\"250\" height=\"179\" src=\"https:\/\/webs.uab.cat\/catedrajordiarbones\/wp-content\/uploads\/sites\/149\/2009\/06\/xavier-gloria-arbones.jpg\" alt=\"Xavier Arbon\u00e8s y Gloria Arbon\u00e8s\" class=\"wp-image-186 size-full\" \/><\/figure><div class=\"wp-block-media-text__content\">\n<p>Xavier Arbon\u00e8s i Gloria Arbon\u00e8s<\/p>\n<\/div><\/div>\n\n\n\n<div class=\"wp-block-media-text is-stacked-on-mobile\" style=\"grid-template-columns:36% auto\"><figure class=\"wp-block-media-text__media\"><img loading=\"lazy\" decoding=\"async\" width=\"255\" height=\"180\" src=\"https:\/\/webs.uab.cat\/catedrajordiarbones\/wp-content\/uploads\/sites\/149\/2009\/06\/oradores2.jpg\" alt=\"oradores2\" class=\"wp-image-182 size-full\" \/><\/figure><div class=\"wp-block-media-text__content\">\n<p>Joaquim Carb\u00f3 i Francesc Parcerisas<\/p>\n<\/div><\/div>\n\n\n\n<div class=\"wp-block-media-text is-stacked-on-mobile\" style=\"grid-template-columns:36% auto\"><figure class=\"wp-block-media-text__media\"><img loading=\"lazy\" decoding=\"async\" width=\"255\" height=\"190\" src=\"https:\/\/webs.uab.cat\/catedrajordiarbones\/wp-content\/uploads\/sites\/149\/2009\/06\/oradores1.jpg\" alt=\"oradores1\" class=\"wp-image-178 size-full\" \/><\/figure><div class=\"wp-block-media-text__content\">\n<p>Vicerector d\u2019Investigaci\u00f3, Josep Santal\u00f3, i el Deg\u00e0 de la Facultat de Traducci\u00f3, Joan Fontcuberta<\/p>\n<\/div><\/div>\n\n\n\n<p><\/p>\n","protected":false},"excerpt":{"rendered":"<p>L&#8217;acte d&#8217;inauguraci\u00f3 de la C\u00e0tedra Jordi Arbon\u00e8s va celebrar-se el 21 de maig de 2003 a la Facultat de Traducci\u00f3 i d&#8217;Interpretaci\u00f3 de la Universitat Aut\u00f2noma de Barcelona. Van obrir la sessi\u00f3 el Vicerector d&#8217;Investigaci\u00f3, Josep Santal\u00f3, i el Deg\u00e0 de la Facultat de Traducci\u00f3, Joan Fontcuberta. Seguidament, l&#8217;escriptor Joaquim Carb\u00f3 va glossar el perfil [&hellip;]<\/p>\n","protected":false},"author":20,"featured_media":0,"parent":0,"menu_order":0,"comment_status":"closed","ping_status":"closed","template":"","meta":{"footnotes":""},"class_list":["post-31","page","type-page","status-publish","hentry"],"_links":{"self":[{"href":"https:\/\/webs.uab.cat\/catedrajordiarbones\/wp-json\/wp\/v2\/pages\/31","targetHints":{"allow":["GET"]}}],"collection":[{"href":"https:\/\/webs.uab.cat\/catedrajordiarbones\/wp-json\/wp\/v2\/pages"}],"about":[{"href":"https:\/\/webs.uab.cat\/catedrajordiarbones\/wp-json\/wp\/v2\/types\/page"}],"author":[{"embeddable":true,"href":"https:\/\/webs.uab.cat\/catedrajordiarbones\/wp-json\/wp\/v2\/users\/20"}],"replies":[{"embeddable":true,"href":"https:\/\/webs.uab.cat\/catedrajordiarbones\/wp-json\/wp\/v2\/comments?post=31"}],"version-history":[{"count":3,"href":"https:\/\/webs.uab.cat\/catedrajordiarbones\/wp-json\/wp\/v2\/pages\/31\/revisions"}],"predecessor-version":[{"id":651,"href":"https:\/\/webs.uab.cat\/catedrajordiarbones\/wp-json\/wp\/v2\/pages\/31\/revisions\/651"}],"wp:attachment":[{"href":"https:\/\/webs.uab.cat\/catedrajordiarbones\/wp-json\/wp\/v2\/media?parent=31"}],"curies":[{"name":"wp","href":"https:\/\/api.w.org\/{rel}","templated":true}]}}