{"id":74,"date":"2013-11-18T12:54:08","date_gmt":"2013-11-18T12:54:08","guid":{"rendered":"https:\/\/webs.uab.cat\/catedrajordiarbones\/enllacos\/"},"modified":"2013-11-18T12:54:08","modified_gmt":"2013-11-18T12:54:08","slug":"enllacos","status":"publish","type":"page","link":"https:\/\/webs.uab.cat\/catedrajordiarbones\/enllacos\/","title":{"rendered":"Enlla\u00e7os"},"content":{"rendered":"<p><a href=\"http:\/\/www.bib.uab.cat\/human\/fonspersonals\/arbones\/\"><span style=\"line-height: 20.8px;\">Fons personal de Jordi Arbon\u00e8s<\/span><\/a><\/p>\n<p><a href=\"http:\/\/grupsderecerca.uab.cat\/getcc\/\">Grup d&#8217;Estudi de la Traducci\u00f3 Catalana Contempor\u00e0nia<\/a><\/p>\n<p><a href=\"http:\/\/estudisdegenere.uvic.cat\/\">Grup de recerca en Estudis de G\u00e8nere: Traducci\u00f3, Literatura, Hist\u00f2ria i Comunicaci\u00f3. <\/a><\/p>\n<p><a href=\"http:\/\/ddd.uab.cat\/record\/40\">Quaderns. Revista de Traducci\u00f3<\/a><\/p>\n<p><a href=\"http:\/\/www.visat.cat\/\">Visat. Revista digital de literatura i traducci\u00f3 del PEN catal\u00e0<\/a><\/p>\n<p><a href=\"http:\/\/www.escriptors.cat\/\">Associaci\u00f3 d&#8217;Escriptors en Llengua Catalana<\/a><\/p>\n<p>&nbsp;<\/p>\n","protected":false},"excerpt":{"rendered":"<p>Fons personal de Jordi Arbon\u00e8s Grup d&#8217;Estudi de la Traducci\u00f3 Catalana Contempor\u00e0nia Grup de recerca en Estudis de G\u00e8nere: Traducci\u00f3, Literatura, Hist\u00f2ria i Comunicaci\u00f3. Quaderns. Revista de Traducci\u00f3 Visat. Revista digital de literatura i traducci\u00f3 del PEN catal\u00e0 Associaci\u00f3 d&#8217;Escriptors en Llengua Catalana &nbsp;<\/p>\n","protected":false},"author":20,"featured_media":0,"parent":0,"menu_order":0,"comment_status":"closed","ping_status":"closed","template":"","meta":{"footnotes":""},"class_list":["post-74","page","type-page","status-publish","hentry"],"_links":{"self":[{"href":"https:\/\/webs.uab.cat\/catedrajordiarbones\/wp-json\/wp\/v2\/pages\/74","targetHints":{"allow":["GET"]}}],"collection":[{"href":"https:\/\/webs.uab.cat\/catedrajordiarbones\/wp-json\/wp\/v2\/pages"}],"about":[{"href":"https:\/\/webs.uab.cat\/catedrajordiarbones\/wp-json\/wp\/v2\/types\/page"}],"author":[{"embeddable":true,"href":"https:\/\/webs.uab.cat\/catedrajordiarbones\/wp-json\/wp\/v2\/users\/20"}],"replies":[{"embeddable":true,"href":"https:\/\/webs.uab.cat\/catedrajordiarbones\/wp-json\/wp\/v2\/comments?post=74"}],"version-history":[{"count":0,"href":"https:\/\/webs.uab.cat\/catedrajordiarbones\/wp-json\/wp\/v2\/pages\/74\/revisions"}],"wp:attachment":[{"href":"https:\/\/webs.uab.cat\/catedrajordiarbones\/wp-json\/wp\/v2\/media?parent=74"}],"curies":[{"name":"wp","href":"https:\/\/api.w.org\/{rel}","templated":true}]}}