{"id":42,"date":"2013-07-27T16:47:19","date_gmt":"2013-07-27T16:47:19","guid":{"rendered":"https:\/\/webs.uab.cat\/catedrajosesaramago\/publicaciones\/"},"modified":"2013-07-27T16:47:19","modified_gmt":"2013-07-27T16:47:19","slug":"publicaciones","status":"publish","type":"page","link":"https:\/\/webs.uab.cat\/catedrajosesaramago\/es\/publicaciones\/","title":{"rendered":"Publicaciones"},"content":{"rendered":"<ul>\n<li style=\"text-align: justify;\">MART\u00cdNEZ-GIL, V\u00edctor (Ed.). <em>Uns apartats germans: Portugal i Catalunya.<\/em> Lleonard Muntaner, Editor. 1\u00aa ed., septiembre 2010<\/li>\n<\/ul>\n<ul style=\"text-align: justify;\">\n<li>SALVAD\u00d3 CORRETGER, Gloria. Espectres <em>Del cinema portugu\u00eas contemporani. Hist\u00f2ria i Fantasma en les Imatges<\/em>. Lleonard Muntaner, Editor. 1\u00aa ed., diciembre 2012<\/li>\n<\/ul>\n<ul style=\"text-align: justify;\">\n<li>VVAA.. <em>Diccionari de Paranys de Traducci\u00f3. <\/em><em>Portugu\u00e8s-Catal\u00e0 (falsos amigos). <\/em>Diccionaris d&#8217;Enciclop\u00e8dia Catalana. 1\u00aa ed., junio de 2012<\/li>\n<\/ul>\n<ul>\n<li style=\"text-align: justify;\">VVAA.. <em>Atl\u00e2ntico Imaginado: fronteiras, migra\u00e7\u00f5es e encontros. <\/em>Ministerio de Trabajo y Inmigraci\u00f3n. 2012<\/li>\n<\/ul>\n","protected":false},"excerpt":{"rendered":"<p>MART\u00cdNEZ-GIL, V\u00edctor (Ed.). Uns apartats germans: Portugal i Catalunya. Lleonard Muntaner, Editor. 1\u00aa ed., septiembre 2010 SALVAD\u00d3 CORRETGER, Gloria. Espectres Del cinema portugu\u00eas contemporani. Hist\u00f2ria i Fantasma en les Imatges. Lleonard Muntaner, Editor. 1\u00aa ed., diciembre 2012 VVAA.. Diccionari de Paranys de Traducci\u00f3. Portugu\u00e8s-Catal\u00e0 (falsos amigos). Diccionaris d&#8217;Enciclop\u00e8dia Catalana. 1\u00aa ed., junio de 2012 VVAA.. [&hellip;]<\/p>\n","protected":false},"author":20,"featured_media":0,"parent":0,"menu_order":0,"comment_status":"closed","ping_status":"closed","template":"","meta":{"footnotes":""},"class_list":["post-42","page","type-page","status-publish","hentry"],"_links":{"self":[{"href":"https:\/\/webs.uab.cat\/catedrajosesaramago\/es\/wp-json\/wp\/v2\/pages\/42","targetHints":{"allow":["GET"]}}],"collection":[{"href":"https:\/\/webs.uab.cat\/catedrajosesaramago\/es\/wp-json\/wp\/v2\/pages"}],"about":[{"href":"https:\/\/webs.uab.cat\/catedrajosesaramago\/es\/wp-json\/wp\/v2\/types\/page"}],"author":[{"embeddable":true,"href":"https:\/\/webs.uab.cat\/catedrajosesaramago\/es\/wp-json\/wp\/v2\/users\/20"}],"replies":[{"embeddable":true,"href":"https:\/\/webs.uab.cat\/catedrajosesaramago\/es\/wp-json\/wp\/v2\/comments?post=42"}],"version-history":[{"count":0,"href":"https:\/\/webs.uab.cat\/catedrajosesaramago\/es\/wp-json\/wp\/v2\/pages\/42\/revisions"}],"wp:attachment":[{"href":"https:\/\/webs.uab.cat\/catedrajosesaramago\/es\/wp-json\/wp\/v2\/media?parent=42"}],"curies":[{"name":"wp","href":"https:\/\/api.w.org\/{rel}","templated":true}]}}