{"id":47,"date":"2013-09-18T12:11:46","date_gmt":"2013-09-18T12:11:46","guid":{"rendered":"https:\/\/webs.uab.cat\/catedrajosesaramago\/fondo-bibliografico-cjs\/"},"modified":"2013-09-18T12:11:46","modified_gmt":"2013-09-18T12:11:46","slug":"fondo-bibliografico-cjs","status":"publish","type":"page","link":"https:\/\/webs.uab.cat\/catedrajosesaramago\/es\/fondo-bibliografico-cjs\/","title":{"rendered":"Fondo bibliogr\u00e1fico CJS"},"content":{"rendered":"<p style=\"text-align: justify;\">La C\u00e1tedra Jos\u00e9 Saramago cuenta con un fondo bibliogr\u00e1fico catalogado y actualizado con m\u00e1s de doscientos ejemplares de la obra de Jos\u00e9 Saramago. Se trata de ediciones originales y traducciones que engloban los diferentes universos tem\u00e1ticos que aborda el autor.<\/p>\n<p style=\"text-align: justify;\">Este fondo bibliogr\u00e1fico se encuentra disponible tanto para los alumnos y professores de Grado, M\u00e1ster y Doctorado de la Facultat de Traducci\u00f3 i d&#8217;Interpretaci\u00f3 de la UAB como para toda la comunidad acad\u00e9mica de esta universidad.<\/p>\n<p style=\"text-align: justify;\">Puede consultar <a href=\"http:\/\/www.scribd.com\/doc\/96930873\/Acervo-Catedra-Jose-Saramago-Actualizado-13-06-2012?secret_password=1tfs0vk1hawmcw0joxfo#fullscreen\" target=\"_blank\" rel=\"noopener\"><span style=\"text-decoration: underline;\"><\/span>aqu\u00ed<\/a> el fondo bibliogr\u00e1fico.<\/p>\n","protected":false},"excerpt":{"rendered":"<p>La C\u00e1tedra Jos\u00e9 Saramago cuenta con un fondo bibliogr\u00e1fico catalogado y actualizado con m\u00e1s de doscientos ejemplares de la obra de Jos\u00e9 Saramago. Se trata de ediciones originales y traducciones que engloban los diferentes universos tem\u00e1ticos que aborda el autor. Este fondo bibliogr\u00e1fico se encuentra disponible tanto para los alumnos y professores de Grado, M\u00e1ster [&hellip;]<\/p>\n","protected":false},"author":20,"featured_media":0,"parent":0,"menu_order":0,"comment_status":"closed","ping_status":"closed","template":"","meta":{"footnotes":""},"class_list":["post-47","page","type-page","status-publish","hentry"],"_links":{"self":[{"href":"https:\/\/webs.uab.cat\/catedrajosesaramago\/es\/wp-json\/wp\/v2\/pages\/47","targetHints":{"allow":["GET"]}}],"collection":[{"href":"https:\/\/webs.uab.cat\/catedrajosesaramago\/es\/wp-json\/wp\/v2\/pages"}],"about":[{"href":"https:\/\/webs.uab.cat\/catedrajosesaramago\/es\/wp-json\/wp\/v2\/types\/page"}],"author":[{"embeddable":true,"href":"https:\/\/webs.uab.cat\/catedrajosesaramago\/es\/wp-json\/wp\/v2\/users\/20"}],"replies":[{"embeddable":true,"href":"https:\/\/webs.uab.cat\/catedrajosesaramago\/es\/wp-json\/wp\/v2\/comments?post=47"}],"version-history":[{"count":0,"href":"https:\/\/webs.uab.cat\/catedrajosesaramago\/es\/wp-json\/wp\/v2\/pages\/47\/revisions"}],"wp:attachment":[{"href":"https:\/\/webs.uab.cat\/catedrajosesaramago\/es\/wp-json\/wp\/v2\/media?parent=47"}],"curies":[{"name":"wp","href":"https:\/\/api.w.org\/{rel}","templated":true}]}}