{"id":48,"date":"2013-09-18T12:14:47","date_gmt":"2013-09-18T12:14:47","guid":{"rendered":"https:\/\/webs.uab.cat\/catedrajosesaramago\/multimedia-2\/"},"modified":"2013-09-18T12:14:47","modified_gmt":"2013-09-18T12:14:47","slug":"multimedia-2","status":"publish","type":"page","link":"https:\/\/webs.uab.cat\/catedrajosesaramago\/es\/multimedia-2\/","title":{"rendered":"Multimedia"},"content":{"rendered":"<p>&nbsp;<\/p>\n<ul>\n<li><a href=\"http:\/\/mickey2.uab.cat\/rectorat2\/ComIPromUAB\/Saramago.rar\">Conferencia de Saramago en la UAB<\/a><\/li>\n<\/ul>\n<ul>\n<li><a href=\"https:\/\/www.youtube.com\/watch?v=X0tNzq6PXyA\">Tr\u00e1iler de \u201c<em>Jos\u00e9 e Pila<\/em>r\u201d<\/a><\/li>\n<\/ul>\n<ul>\n<li><em><a href=\"https:\/\/www.youtube.com\/watch?v=ac9XG_lGrSA\">A Maior Flor do Mundo<\/a><\/em> (La flor m\u00e1s grande del mundo)<\/li>\n<\/ul>\n<ul>\n<li><a href=\"https:\/\/www.youtube.com\/watch?v=Px5LBgsKuiI\">Tr\u00e1iler <em>Blindness<\/em><\/a> (Ensayo sobre la ceguera)<\/li>\n<\/ul>\n<ul>\n<li><a href=\"https:\/\/www.youtube.com\/watch?v=EwiA_MF5QLE\">Tr\u00e1iler A<em> Jangada de Pedra<\/em><\/a> (La balsa de piedra)<\/li>\n<\/ul>\n<ul>\n<li><a href=\"http:\/\/noticias.sapo.pt\/especial\/jose_saramago\/biografia\/artigo\/1073012.html\"><em>De como a Personagem Foi Mestre e o Autor Seu Aprendiz<\/em> (discurso de Jos\u00e9 Saramago en la Academia Sueca)<\/a><\/li>\n<\/ul>\n<p>&nbsp;<\/p>\n<p>&nbsp;<\/p>\n<p>&nbsp;<\/p>\n<p><em><br \/><\/em><\/p>\n<p>&nbsp;<\/p>\n","protected":false},"excerpt":{"rendered":"<p>&nbsp; Conferencia de Saramago en la UAB Tr\u00e1iler de \u201cJos\u00e9 e Pilar\u201d A Maior Flor do Mundo (La flor m\u00e1s grande del mundo) Tr\u00e1iler Blindness (Ensayo sobre la ceguera) Tr\u00e1iler A Jangada de Pedra (La balsa de piedra) De como a Personagem Foi Mestre e o Autor Seu Aprendiz (discurso de Jos\u00e9 Saramago en la [&hellip;]<\/p>\n","protected":false},"author":20,"featured_media":0,"parent":0,"menu_order":0,"comment_status":"closed","ping_status":"closed","template":"","meta":{"footnotes":""},"class_list":["post-48","page","type-page","status-publish","hentry"],"_links":{"self":[{"href":"https:\/\/webs.uab.cat\/catedrajosesaramago\/es\/wp-json\/wp\/v2\/pages\/48","targetHints":{"allow":["GET"]}}],"collection":[{"href":"https:\/\/webs.uab.cat\/catedrajosesaramago\/es\/wp-json\/wp\/v2\/pages"}],"about":[{"href":"https:\/\/webs.uab.cat\/catedrajosesaramago\/es\/wp-json\/wp\/v2\/types\/page"}],"author":[{"embeddable":true,"href":"https:\/\/webs.uab.cat\/catedrajosesaramago\/es\/wp-json\/wp\/v2\/users\/20"}],"replies":[{"embeddable":true,"href":"https:\/\/webs.uab.cat\/catedrajosesaramago\/es\/wp-json\/wp\/v2\/comments?post=48"}],"version-history":[{"count":0,"href":"https:\/\/webs.uab.cat\/catedrajosesaramago\/es\/wp-json\/wp\/v2\/pages\/48\/revisions"}],"wp:attachment":[{"href":"https:\/\/webs.uab.cat\/catedrajosesaramago\/es\/wp-json\/wp\/v2\/media?parent=48"}],"curies":[{"name":"wp","href":"https:\/\/api.w.org\/{rel}","templated":true}]}}