{"id":60,"date":"2014-02-13T13:34:20","date_gmt":"2014-02-13T13:34:20","guid":{"rendered":"https:\/\/webs.uab.cat\/catedrajosesaramago\/obras-ganadoras-2001-2016\/"},"modified":"2014-02-13T13:34:20","modified_gmt":"2014-02-13T13:34:20","slug":"obras-ganadoras-2001-2016","status":"publish","type":"page","link":"https:\/\/webs.uab.cat\/catedrajosesaramago\/es\/obras-ganadoras-2001-2016\/","title":{"rendered":"Obras ganadoras 2001-2016"},"content":{"rendered":"<p><span class=\"inline inline-left\"><img loading=\"lazy\" decoding=\"async\" class=\"image image-_original \" style=\"float: left; border: 2px solid black; margin-left: 25px; margin-right: 25px; margin-top: 27px; margin-bottom: 27px;\" title=\"\" src=\"http:\/\/pagines.uab.cat\/catedrajosesaramago\/sites\/pagines.uab.cat.catedrajosesaramago\/files\/images\/el-manual-dels-inquisidors-9788429744040.jpg\" alt=\"\" width=\"115\" height=\"179\"><\/span><\/p>\n<p><strong><span><br \/><\/span><\/strong><\/p>\n<p><span style=\"text-decoration: underline;\">I Premio Giovanni Pontiero (2001)<\/span><strong><br \/><\/strong><\/p>\n<p><strong>Xavier P\u00e0mies<\/strong><\/p>\n<p>por la traducci\u00f3n al catal\u00e1n de<\/p>\n<p><em>El manual dels inquisidors <\/em>[<em>O manual dos inquisidores<\/em>] de Ant\u00f3nio Lobo Antunes (Barcelona: Edicions 62, 1998).<strong> <br \/><\/strong><\/p>\n<p style=\"text-align: justify;\">Personalidad homenajeada: <strong>Giovanni Pontiero<\/strong><span style=\"text-decoration: underline;\"><\/span><\/p>\n<p style=\"text-align: justify;\">&nbsp;<\/p>\n<p style=\"text-align: justify;\">&nbsp;<\/p>\n<p style=\"text-align: justify;\">&nbsp;<span style=\"text-decoration: underline;\"><img loading=\"lazy\" decoding=\"async\" style=\"float: left; border: 2px solid black; margin-top: 27px; margin-bottom: 27px; margin-left: 25px; margin-right: 25px;\" src=\"http:\/\/pagines.uab.cat\/catedrajosesaramago\/sites\/pagines.uab.cat.catedrajosesaramago\/files\/images\/El%20testamento%20del%20se%C3%B1or%20Napumoceno%20da%20Silva%20Ara%C3%BAjo._0.jpg\" alt=\"\" width=\"115\" height=\"191\"><\/span><\/p>\n<p style=\"text-align: justify;\"><span style=\"text-decoration: underline;\">II <span style=\"text-decoration: underline;\">Premio <\/span>Giovanni Pontiero (2002)<strong><br \/><\/strong><\/span><\/p>\n<p style=\"text-align: justify;\"><strong>Jordi Cerd\u00e0<\/strong><\/p>\n<p style=\"text-align: justify;\">por la traducci\u00f3n al castellano de<\/p>\n<p style=\"text-align: justify;\"><em>El testamento del se\u00f1or Napumoceno da Silva Ara\u00fajo [O Testamento do Senhor Napumoceno da Silva Ara\u00fajo] <\/em>de Germano Almeida (Barcelona: Ediciones del Bronce, 2002).<\/p>\n<p style=\"text-align: justify;\">Personalidad homenajeada: <strong>Bas\u00edlio Losada<\/strong><\/p>\n<p style=\"text-align: justify;\">&nbsp;<\/p>\n<p style=\"text-align: justify;\">&nbsp;<\/p>\n<p style=\"text-align: justify;\"><span style=\"text-decoration: underline;\"><img loading=\"lazy\" decoding=\"async\" style=\"float: left; border: 2px solid black; margin-top: 27px; margin-bottom: 27px; margin-left: 25px; margin-right: 25px;\" src=\"http:\/\/pagines.uab.cat\/catedrajosesaramago\/sites\/pagines.uab.cat.catedrajosesaramago\/files\/images\/No%20entris.jpg\" alt=\"\" width=\"115\" height=\"194\"><\/span><\/p>\n<p style=\"text-align: justify;\"><span style=\"text-decoration: underline;\"><br \/><\/span><\/p>\n<p style=\"text-align: justify;\"><span style=\"text-decoration: underline;\">III <span style=\"text-decoration: underline;\">Premio <\/span>Giovanni Pontiero (2003)<\/span><strong><br \/><\/strong><\/p>\n<p style=\"text-align: justify;\"><strong>Joan Casas i Fuster<\/strong><\/p>\n<p style=\"text-align: justify;\">por la traducci\u00f3n al catal\u00e1n de<\/p>\n<p style=\"text-align: justify;\"><em>No entris tan de pressa en aquesta nit obscura [N\u00e3o entres t\u00e3o depressa nessa noite escura] <\/em>de Ant\u00f3nio Lobo Antunes (Barcelona: Editorial Proa, 2002).<\/p>\n<p style=\"text-align: justify;\">Personalidad homenajeada:&nbsp;<strong>Germano Almeida<\/strong><\/p>\n<p style=\"text-align: justify;\"><strong><br \/><\/strong><\/p>\n<p style=\"text-align: justify;\"><strong><br \/><\/strong><\/p>\n<p style=\"text-align: justify;\"><span style=\"text-decoration: underline;\"><img loading=\"lazy\" decoding=\"async\" style=\"float: left; border: 2px solid black; margin-top: 27px; margin-bottom: 27px; margin-left: 25px; margin-right: 25px;\" src=\"http:\/\/pagines.uab.cat\/catedrajosesaramago\/sites\/pagines.uab.cat.catedrajosesaramago\/files\/images\/Libro%20del%20desasosiego.jpg\" alt=\"\" width=\"115\" height=\"175\"><\/span><\/p>\n<p style=\"text-align: justify;\"><span style=\"text-decoration: underline;\"><br \/><\/span><\/p>\n<p style=\"text-align: justify;\"><span style=\"text-decoration: underline;\">IV <span style=\"text-decoration: underline;\">Premio <\/span>Giovanni Pontiero (2004)<\/span><\/p>\n<p style=\"text-align: justify;\"><strong>Perfecto Cuadrado<\/strong><\/p>\n<p style=\"text-align: justify;\">por la traducci\u00f3n al castellano de<\/p>\n<p style=\"text-align: justify;\"><em>Libro del desasosiego [Livro do desassossego] <\/em>de Fernando Pessoa (Barcelona: Acantilado, 2003).<\/p>\n<p style=\"text-align: justify;\">Personalidad homenajeada:&nbsp;<strong>Ant\u00f3nio Lobo Antunes<\/strong><\/p>\n<p style=\"text-align: justify;\"><strong><br \/><\/strong><\/p>\n<p style=\"text-align: justify;\"><span style=\"text-decoration: underline;\"><br \/><\/span><\/p>\n<p style=\"text-align: justify;\"><span style=\"text-decoration: underline;\"><img loading=\"lazy\" decoding=\"async\" style=\"float: left; border: 2px solid black; margin-top: 27px; margin-bottom: 27px; margin-left: 25px; margin-right: 25px;\" src=\"http:\/\/pagines.uab.cat\/catedrajosesaramago\/sites\/pagines.uab.cat.catedrajosesaramago\/files\/images\/baltasar_lopes_chiquinho_b_01.jpg\" alt=\"\" width=\"115\" height=\"177\"><\/span><\/p>\n<p style=\"text-align: justify;\"><span style=\"text-decoration: underline;\"><br \/><\/span><\/p>\n<p style=\"text-align: justify;\"><span style=\"text-decoration: underline;\">V <span style=\"text-decoration: underline;\">Premio <\/span>Giovanni Pontiero (2005)<strong><br \/><\/strong><\/span><\/p>\n<p style=\"text-align: justify;\"><strong>Pere Comellas<\/strong><\/p>\n<p style=\"text-align: justify;\">por la traducci\u00f3n al catal\u00e1n de<\/p>\n<p style=\"text-align: justify;\"><em>Chiquinho [Chiquinho] <\/em>de Baltasar Lopes (Barcelona: Edicions La Campana, 2003).<\/p>\n<p style=\"text-align: justify;\">Personalidad homenajeada:&nbsp;<strong>Ray-G\u00fcde Martin<\/strong><\/p>\n<p style=\"text-align: justify;\"><strong><span style=\"text-decoration: underline;\"><br \/><\/span><\/strong><\/p>\n<p style=\"text-align: justify;\"><span style=\"text-decoration: underline;\"><br \/><\/span><\/p>\n<p style=\"text-align: justify;\"><span style=\"text-decoration: underline;\"><img loading=\"lazy\" decoding=\"async\" style=\"float: left; border: 2px solid black; margin-top: 27px; margin-bottom: 27px; margin-left: 25px; margin-right: 25px;\" src=\"http:\/\/pagines.uab.cat\/catedrajosesaramago\/sites\/pagines.uab.cat.catedrajosesaramago\/files\/images\/nocturno.gif\" alt=\"\" width=\"115\" height=\"190\"><\/span><\/p>\n<p style=\"text-align: justify;\"><span style=\"text-decoration: underline;\"><br \/><\/span><\/p>\n<p style=\"text-align: justify;\"><span style=\"text-decoration: underline;\">VI <span style=\"text-decoration: underline;\">Premio <\/span>Giovanni Pontiero (2006)<\/span><\/p>\n<p style=\"text-align: justify;\"><strong>\u00c1ngel Campos P\u00e1mpano<\/strong><\/p>\n<p style=\"text-align: justify;\">por la traducci\u00f3n al castellano de<\/p>\n<p style=\"text-align: justify;\"><em>Nocturno Mediod\u00eda. Antolog\u00eda Po\u00e9tica (1944-2001) [Nocturno Mediodia. Antologia Po\u00e9tica (1944-2001)] <\/em>de Sophia de Mello Breyner Andresen (Barcelona, Galaxia Gutenberg, 2004).<\/p>\n<p style=\"text-align: justify;\">Personalidad homenajeada:&nbsp;<strong>Pilar del R\u00edo<\/strong> e <strong>Jos\u00e9 Saramago<\/strong><\/p>\n<p style=\"text-align: justify;\">&nbsp;<\/p>\n<p style=\"text-align: justify;\">&nbsp;<\/p>\n<p style=\"text-align: justify;\"><span style=\"text-decoration: underline;\"><img loading=\"lazy\" decoding=\"async\" style=\"float: left; border: 2px solid black; margin-top: 27px; margin-bottom: 27px; margin-left: 25px; margin-right: 25px;\" src=\"http:\/\/pagines.uab.cat\/catedrajosesaramago\/sites\/pagines.uab.cat.catedrajosesaramago\/files\/images\/fetge.JPG\" alt=\"\" width=\"115\" height=\"200\"><\/span><\/p>\n<p style=\"text-align: justify;\"><span style=\"text-decoration: underline;\"><br \/><\/span><\/p>\n<p style=\"text-align: justify;\"><span style=\"text-decoration: underline;\">VII <span style=\"text-decoration: underline;\">Premio <\/span>Giovanni Pontiero (2007)<strong><br \/><\/strong><\/span><\/p>\n<p style=\"text-align: justify;\"><strong>Gabriel de la S.T. Sampol<\/strong><\/p>\n<p style=\"text-align: justify;\">por la traducci\u00f3n al catal\u00e1n de<\/p>\n<p style=\"text-align: justify;\"><em>Fetge de tigre [F\u00edgados de Tigre] <\/em>de Francisco Gomes de Amorim (Pollen\u00e7a: El Gall Editor, 2006).<\/p>\n<p style=\"text-align: justify;\">Personalidad homenajeada:&nbsp;<strong>Presidentes respetivamente <\/strong>do<strong> Instituto Cam\u00f5es (Simonetta Luz Afonso) <\/strong>e do<strong> Institut Ramon Llull (Josep Bargall\u00f3)<\/strong><\/p>\n<p style=\"text-align: justify;\">&nbsp;<\/p>\n<p style=\"text-align: justify;\">&nbsp;<\/p>\n<p style=\"text-align: justify;\"><span style=\"text-decoration: underline;\"><img loading=\"lazy\" decoding=\"async\" style=\"float: left; border: 2px solid black; margin-top: 27px; margin-bottom: 27px; margin-left: 25px; margin-right: 25px;\" src=\"http:\/\/pagines.uab.cat\/catedrajosesaramago\/sites\/pagines.uab.cat.catedrajosesaramago\/files\/images\/La%20pelirroja_0.jpg\" alt=\"\" width=\"115\" height=\"186\"><\/span><span style=\"text-decoration: underline;\"><\/span><\/p>\n<p style=\"text-align: justify;\"><span style=\"text-decoration: underline;\"><br \/><\/span><\/p>\n<p style=\"text-align: justify;\"><span style=\"text-decoration: underline;\">VIII <span style=\"text-decoration: underline;\">Premio <\/span>Giovanni Pontiero (2008)<\/span><\/p>\n<p style=\"text-align: justify;\"><strong>Antonio S\u00e1ez Delgado<\/strong><\/p>\n<p style=\"text-align: justify;\">por la traducci\u00f3n al castellano de<\/p>\n<p style=\"text-align: justify;\"><em>La pelirroja [A Ruiva] <\/em>de Fialho de Almeida (C\u00e1ceres: Editorial Perif\u00e9rica, 2006).<\/p>\n<p style=\"text-align: justify;\">Personalidad homenajeada:&nbsp;<strong>N\u00e9voa<\/strong> (catal\u00e3 autora, tradutora e cantora de Fados)<\/p>\n<p style=\"text-align: justify;\"><strong><br \/><\/strong><\/p>\n<p style=\"text-align: justify;\"><strong><br \/><\/strong><\/p>\n<p style=\"text-align: justify;\"><span style=\"text-decoration: underline;\"><img loading=\"lazy\" decoding=\"async\" style=\"float: left; border: 2px solid black; margin-top: 27px; margin-bottom: 27px; margin-left: 25px; margin-right: 25px;\" src=\"http:\/\/pagines.uab.cat\/catedrajosesaramago\/sites\/pagines.uab.cat.catedrajosesaramago\/files\/images\/viatge.jpg\" alt=\"\" width=\"115\" height=\"199\"><\/span><\/p>\n<p style=\"text-align: justify;\">&nbsp;<\/p>\n<p style=\"text-align: justify;\"><span style=\"text-decoration: underline;\">IX <span style=\"text-decoration: underline;\">Premio <\/span>Giovanni Pontiero (2009)<strong><br \/><\/strong><\/span><\/p>\n<p style=\"text-align: justify;\"><strong>N\u00faria Prats<\/strong><\/p>\n<p style=\"text-align: justify;\">por la traducci\u00f3n al catal\u00e1n de<\/p>\n<p style=\"text-align: justify;\"><em>El viatge de l&#8217;elefant [O viagem do elefante] <\/em>de Jos\u00e9 Saramago (Barcelona, Edicions 62, 2008).<\/p>\n<p style=\"text-align: justify;\">Personalidad homenajeada:&nbsp;<strong>Associa\u00e7\u00e3o \u00abAmics de Giovanni Pontiero\u00bb (Pilar Orero, Marcl Ort\u00edn, Joan Sellent <\/strong>i<strong> Joan Torruella)<\/strong><\/p>\n<p style=\"text-align: justify;\"><strong><br \/><\/strong><\/p>\n<p style=\"text-align: justify;\"><strong><br \/><\/strong><\/p>\n<p style=\"text-align: justify;\">&nbsp;<br \/><span style=\"text-decoration: underline;\"><img loading=\"lazy\" decoding=\"async\" style=\"border: 2px solid black; margin-top: 27px; margin-bottom: 27px; margin-left: 25px; margin-right: 25px; float: left;\" src=\"http:\/\/pagines.uab.cat\/catedrajosesaramago\/sites\/pagines.uab.cat.catedrajosesaramago\/files\/images\/Alma%20minha%20gentil_0.jpg\" alt=\"\" width=\"115\" height=\"188\"><\/span><\/p>\n<p style=\"text-align: justify;\">&nbsp;<\/p>\n<p style=\"text-align: justify;\"><span style=\"text-decoration: underline;\">X <span style=\"text-decoration: underline;\">Premio <\/span>Giovanni Pontiero (2010)<\/span><\/p>\n<p style=\"text-align: justify;\"><strong>Carlos Clementson<\/strong><\/p>\n<p style=\"text-align: justify;\">por la traducci\u00f3n al castellano de<\/p>\n<p style=\"text-align: justify;\"><em>Alma Minha gentil. Antolog\u00eda general de la poes\u00eda portuguesa (Edici\u00f3n bibling\u00fce) <\/em>(Madrid: Editorial Eneida, 2009).<\/p>\n<p style=\"text-align: justify;\">Personalidad homenajeada:&nbsp;<strong>\u00c1ngel Crespo<\/strong><\/p>\n<p style=\"text-align: justify;\"><strong><br \/><\/strong><\/p>\n<p style=\"text-align: justify;\"><span style=\"text-decoration: underline;\"><br \/><\/span><\/p>\n<p style=\"text-align: justify;\"><span style=\"text-decoration: underline;\"><img loading=\"lazy\" decoding=\"async\" style=\"float: left; border: 2px solid black; margin-top: 27px; margin-bottom: 27px; margin-left: 25px; margin-right: 25px;\" src=\"http:\/\/pagines.uab.cat\/catedrajosesaramago\/sites\/pagines.uab.cat.catedrajosesaramago\/files\/images\/llibre.jpg\" alt=\"\" width=\"115\" height=\"174\"><\/span><\/p>\n<p style=\"text-align: justify;\"><span style=\"text-decoration: underline;\"><br \/><\/span><\/p>\n<p style=\"text-align: justify;\"><span style=\"text-decoration: underline;\"><br \/><\/span><\/p>\n<p style=\"text-align: justify;\"><span style=\"text-decoration: underline;\">XI <span style=\"text-decoration: underline;\">Premio <\/span>Giovanni Pontiero (2011)<strong><br \/><\/strong><\/span><\/p>\n<p style=\"text-align: justify;\"><strong>Premio desierto.<br \/><\/strong><\/p>\n<p style=\"text-align: justify;\"><strong><br \/><\/strong><\/p>\n<p style=\"text-align: justify;\"><strong><br \/><\/strong><\/p>\n<p style=\"text-align: justify;\"><strong><br \/><\/strong><\/p>\n<p style=\"text-align: justify;\"><strong><br \/><\/strong><\/p>\n<p style=\"text-align: justify;\"><span style=\"text-decoration: underline;\"><img loading=\"lazy\" decoding=\"async\" style=\"float: left; border: 2px solid black; margin-top: 27px; margin-bottom: 27px; margin-left: 25px; margin-right: 25px;\" src=\"http:\/\/pagines.uab.cat\/catedrajosesaramago\/sites\/pagines.uab.cat.catedrajosesaramago\/files\/images\/Queridas%20mias.png\" alt=\"\" width=\"115\" height=\"184\"><\/span><\/p>\n<p style=\"text-align: justify;\"><span style=\"text-decoration: underline;\"><br \/><\/span><\/p>\n<p style=\"text-align: justify;\"><span style=\"text-decoration: underline;\">XII <span style=\"text-decoration: underline;\">Premio <\/span>Giovanni Pontiero (2012)<\/span><\/p>\n<p style=\"text-align: justify;\"><strong>Elena Losada<\/strong><\/p>\n<p style=\"text-align: justify;\">por la traducci\u00f3n al castellano de<\/p>\n<p style=\"text-align: justify;\"><em>Queridas m\u00edas [Minhas Queridas] <\/em>(Madrid, Ediciones Siruela, 2010).<\/p>\n<p style=\"text-align: justify;\">Personalidad homenajeada: <strong>Javier Moro<\/strong><\/p>\n<p style=\"text-align: justify;\">&nbsp;<\/p>\n<p style=\"text-align: justify;\">&nbsp;<\/p>\n<p style=\"text-align: justify;\"><span style=\"text-decoration: underline;\"><img loading=\"lazy\" decoding=\"async\" style=\"float: left; border: 2px solid black; margin-top: 27px; margin-bottom: 27px; margin-left: 25px; margin-right: 25px;\" src=\"http:\/\/pagines.uab.cat\/catedrajosesaramago\/sites\/pagines.uab.cat.catedrajosesaramago\/files\/images\/Vides%20seques.jpg\" alt=\"\" width=\"115\" height=\"185\"><\/span><\/p>\n<p style=\"text-align: justify;\"><span style=\"text-decoration: underline;\"><br \/><\/span><\/p>\n<p style=\"text-align: justify;\"><span style=\"text-decoration: underline;\">XIII <span style=\"text-decoration: underline;\">Premio <\/span>Giovanni Pontiero (2013)<strong><br \/><\/strong><\/span><\/p>\n<p style=\"text-align: justify;\"><strong>Josep Dom\u00e8nech Ponsat\u00ed<\/strong><\/p>\n<p style=\"text-align: justify;\">por la traducci\u00f3n al catal\u00e1n de<\/p>\n<p style=\"text-align: justify;\"><em>Vides seques [Vidas Secas] <\/em>de Graciliano Ramos (Martorell: Adesiara Editorial, 2010).<\/p>\n<p style=\"text-align: justify;\">Personalidad homenajeada:&nbsp;<strong>Joaquim Sala-Sanahuja<\/strong><\/p>\n<p style=\"text-align: justify;\"><strong><br \/><\/strong><\/p>\n<p style=\"text-align: justify;\"><strong><br \/><\/strong><\/p>\n<p style=\"text-align: justify;\"><span style=\"line-height: 20.8px; text-decoration: underline;\"><span class=\"inline inline-none\"><a href=\"\/catedrajosesaramago\/content\/2014\"><img loading=\"lazy\" decoding=\"async\" class=\"image image-_original \" style=\"float: left; border: 2px solid black; margin-top: 27px; margin-bottom: 27px; margin-left: 25px; margin-right: 25px;\" title=\"Antolog\u00eda\" src=\"http:\/\/pagines.uab.cat\/catedrajosesaramago\/sites\/pagines.uab.cat.catedrajosesaramago\/files\/images\/2014.jpg\" alt=\"\" width=\"115\" height=\"185\"><\/a><br \/><\/span><\/span><\/p>\n<p><span style=\"text-decoration: underline;\"><span class=\"inline inline-none\">X<\/span>IV Premio Giovanni Pontiero (2014)<\/span><\/p>\n<p><strong style=\"line-height: 20.8px;\">Cristian De N\u00e1poli<\/strong><\/p>\n<p><span style=\"line-height: 20.8px;\">por la traducci\u00f3n al castellano de<\/span><\/p>\n<p><span style=\"line-height: 20.8px;\"><\/span><em style=\"line-height: 20.8px;\">Antolog\u00eda sustancial de poemas y canciones (Edici\u00f3n biling\u00fce)&nbsp;<\/em>de Vinicius de Moraes&nbsp;(Buenos Aires: Adriana Hidalgo Editora, 2013).<\/p>\n<p>Personalidad homenajeada:&nbsp;<strong>Helena Tanqueiro<\/strong><\/p>\n<p style=\"text-align: justify;\">&nbsp;<\/p>\n<p style=\"text-align: justify;\"><span style=\"line-height: 20.8px; text-decoration: underline;\"><span class=\"inline inline-none\"><br \/><\/span><\/span><\/p>\n<p style=\"text-align: justify;\"><span style=\"line-height: 20.8px; text-decoration: underline;\"><span class=\"inline inline-none\"><span class=\"inline inline-none\"><a href=\"\/catedrajosesaramago\/content\/2015\"><img loading=\"lazy\" decoding=\"async\" class=\"image image-_original \" style=\"float: left; border: 2px solid black; margin-top: 27px; margin-bottom: 27px; margin-left: 25px; margin-right: 25px;\" title=\"La meva planta de taronja llima\" src=\"http:\/\/pagines.uab.cat\/catedrajosesaramago\/sites\/pagines.uab.cat.catedrajosesaramago\/files\/images\/2015.jpg\" alt=\"\" width=\"115\" height=\"185\"><\/a><br \/><\/span><\/span><\/span><\/p>\n<p style=\"text-align: justify;\"><span style=\"line-height: 20.8px; text-decoration: underline;\"><span class=\"inline inline-none\"><span class=\"inline inline-none\">XV Premio Giovanni Pontiero (2015)<\/span><\/span><\/span><\/p>\n<p style=\"text-align: justify;\"><strong>Carles Sans<\/strong><\/p>\n<p style=\"text-align: justify;\">por la traducci\u00f3n al catal\u00e1n de<\/p>\n<p style=\"text-align: justify;\"><em style=\"line-height: 20.8px;\">La meva planta de taronja llima&nbsp;[O meu p\u00e9 de laranja lima]&nbsp;<\/em><span style=\"line-height: 20.8px;\">de Jos\u00e9 Mauro de Vasconcelos (Barcelona: Libros del Asteroide, 2014).<\/span><\/p>\n<p style=\"text-align: justify;\">Personalidad homenajeada:&nbsp;<strong>Nuno J\u00fadice<\/strong><\/p>\n<p style=\"text-align: justify;\">&nbsp;<\/p>\n<p style=\"text-align: justify;\"><strong><br \/><\/strong><\/p>\n<p style=\"text-align: justify;\"><strong><br \/><\/strong><\/p>\n<p style=\"text-align: justify;\"><strong><span class=\"inline inline-left\"><img loading=\"lazy\" decoding=\"async\" class=\"image image-preview \" style=\"float: left; border: 2px solid black; margin-top: 27px; margin-bottom: 27px; margin-left: 25px; margin-right: 25px;\" title=\"El pa\u00eds de los otros\" src=\"http:\/\/pagines.uab.cat\/catedrajosesaramago\/sites\/pagines.uab.cat.catedrajosesaramago\/files\/images\/Vencedor_0_0.preview.jpg\" alt=\"El pa\u00eds de los otros\" width=\"115\" height=\"185\"><\/span><\/strong><\/p>\n<p style=\"text-align: justify;\"><strong><br \/><\/strong><\/p>\n<p style=\"text-align: justify;\"><span style=\"text-decoration: underline;\">XVI Premio Giovanni Pontiero (2016)<\/span><\/p>\n<p><strong>Luis Mar\u00eda Marina Bravo<\/strong><\/p>\n<p>por la traducci\u00f3n al castellano de<\/p>\n<p><em>El pa\u00eds de los otros (Antolog\u00eda po\u00e9tica) [O pa\u00eds dos outros]<\/em> de Rui Knopfli (M\u00e9rida: Editora Regional de Extremadura, 2015).<\/p>\n<p>Personalidad homenajeada:<strong> \u00c1ngel Marcos de Dios<\/strong><\/p>\n<p style=\"text-align: justify;\"><strong><br \/><\/strong><\/p>\n","protected":false},"excerpt":{"rendered":"<p>I Premio Giovanni Pontiero (2001) Xavier P\u00e0mies por la traducci\u00f3n al catal\u00e1n de El manual dels inquisidors [O manual dos inquisidores] de Ant\u00f3nio Lobo Antunes (Barcelona: Edicions 62, 1998). Personalidad homenajeada: Giovanni Pontiero &nbsp; &nbsp; &nbsp; II Premio Giovanni Pontiero (2002) Jordi Cerd\u00e0 por la traducci\u00f3n al castellano de El testamento del se\u00f1or Napumoceno da [&hellip;]<\/p>\n","protected":false},"author":20,"featured_media":0,"parent":0,"menu_order":0,"comment_status":"closed","ping_status":"closed","template":"","meta":{"footnotes":""},"class_list":["post-60","page","type-page","status-publish","hentry"],"_links":{"self":[{"href":"https:\/\/webs.uab.cat\/catedrajosesaramago\/es\/wp-json\/wp\/v2\/pages\/60","targetHints":{"allow":["GET"]}}],"collection":[{"href":"https:\/\/webs.uab.cat\/catedrajosesaramago\/es\/wp-json\/wp\/v2\/pages"}],"about":[{"href":"https:\/\/webs.uab.cat\/catedrajosesaramago\/es\/wp-json\/wp\/v2\/types\/page"}],"author":[{"embeddable":true,"href":"https:\/\/webs.uab.cat\/catedrajosesaramago\/es\/wp-json\/wp\/v2\/users\/20"}],"replies":[{"embeddable":true,"href":"https:\/\/webs.uab.cat\/catedrajosesaramago\/es\/wp-json\/wp\/v2\/comments?post=60"}],"version-history":[{"count":0,"href":"https:\/\/webs.uab.cat\/catedrajosesaramago\/es\/wp-json\/wp\/v2\/pages\/60\/revisions"}],"wp:attachment":[{"href":"https:\/\/webs.uab.cat\/catedrajosesaramago\/es\/wp-json\/wp\/v2\/media?parent=60"}],"curies":[{"name":"wp","href":"https:\/\/api.w.org\/{rel}","templated":true}]}}