{"id":34,"date":"2013-07-26T12:00:09","date_gmt":"2013-07-26T12:00:09","guid":{"rendered":"https:\/\/webs.uab.cat\/catedrajosesaramago\/counect\/"},"modified":"2013-07-26T12:00:09","modified_gmt":"2013-07-26T12:00:09","slug":"counect","status":"publish","type":"page","link":"https:\/\/webs.uab.cat\/catedrajosesaramago\/counect\/","title":{"rendered":"COUNECT"},"content":{"rendered":"<p style=\"text-align: justify;\">La <em>Coopera\u00e7\u00e3o Universit\u00e1ria Entre C\u00e1tedras<\/em> (<strong><a href=\"http:\/\/www.counect.org\/\" target=\"_blank\" rel=\"noopener\">COUNECT<\/a><\/strong>) neix amb el desig que diferents universos creatius intereactuin en un context acad\u00e8mic.<\/p>\n<p style=\"text-align: justify;\">Es tracta d&#8217;un projecte transversal i col\u00b7lectiu, <a href=\"http:\/\/www.counect.org\/home\/call-for-papers\">obert a escriptors, m\u00fasics, cineastes, artistes pl\u00e0stics, investigadors i estudiants.<\/a> Mitjan\u00e7ant la presentaci\u00f3 d&#8217;interpretacions, lectures i perspectives sobre un tema en concret, aquest espai pret\u00e9n promoure contactes i ser un punt de trobada on hi tingui cabuda un ampli ventall d&#8217;idees i pensaments.<\/p>\n<p style=\"text-align: justify;\">L&#8217;estrena d&#8217;aquesta plataforma \u00e9s un homenatge a dos grans escriptors portuguesos en el moment en qu\u00e8 es commemora el 90\u00e8 aniversari del naixement de Jos\u00e9 Saramago i el 125\u00e8 de Fernando Pessoa. Comptem amb la col\u00b7laboraci\u00f3 de la C\u00e0tedra Fernando Pessoa de la Universidad de Los Andes (Bogot\u00e1), i aprofitem la realitzaci\u00f3 de la <em>Feira do Livro<\/em> en aquesta ciutat (FiLBo2013, en qu\u00e8 Portugal n&#8217;\u00e9s el pa\u00eds convidat), per a donar forma a aquest projecte que desitgem que, d\u00eda a d\u00eda, continu\u00ef creixent.<\/p>\n<p style=\"text-align: justify;\">Suscitar inquietuts properes a ambd\u00f3s autors, aprofundir en algunes d&#8217;aquestes q\u00fcestions per a portar-les m\u00e9s enll\u00e0. Dos espirals en constant desenvolupament, creant i establint punts de contacte. Benvinguts a COUNECT.<\/p>\n<p style=\"text-align: justify;\">&nbsp;<\/p>\n<p align=\"right\">&#8211; Helena Tanqueiro, Coordinadora de la C\u00e0tedra Jos\u00e9 Saramago.<\/p>\n","protected":false},"excerpt":{"rendered":"<p>La Coopera\u00e7\u00e3o Universit\u00e1ria Entre C\u00e1tedras (COUNECT) neix amb el desig que diferents universos creatius intereactuin en un context acad\u00e8mic. Es tracta d&#8217;un projecte transversal i col\u00b7lectiu, obert a escriptors, m\u00fasics, cineastes, artistes pl\u00e0stics, investigadors i estudiants. Mitjan\u00e7ant la presentaci\u00f3 d&#8217;interpretacions, lectures i perspectives sobre un tema en concret, aquest espai pret\u00e9n promoure contactes i ser [&hellip;]<\/p>\n","protected":false},"author":20,"featured_media":0,"parent":0,"menu_order":0,"comment_status":"closed","ping_status":"closed","template":"","meta":{"footnotes":""},"class_list":["post-34","page","type-page","status-publish","hentry"],"_links":{"self":[{"href":"https:\/\/webs.uab.cat\/catedrajosesaramago\/wp-json\/wp\/v2\/pages\/34","targetHints":{"allow":["GET"]}}],"collection":[{"href":"https:\/\/webs.uab.cat\/catedrajosesaramago\/wp-json\/wp\/v2\/pages"}],"about":[{"href":"https:\/\/webs.uab.cat\/catedrajosesaramago\/wp-json\/wp\/v2\/types\/page"}],"author":[{"embeddable":true,"href":"https:\/\/webs.uab.cat\/catedrajosesaramago\/wp-json\/wp\/v2\/users\/20"}],"replies":[{"embeddable":true,"href":"https:\/\/webs.uab.cat\/catedrajosesaramago\/wp-json\/wp\/v2\/comments?post=34"}],"version-history":[{"count":0,"href":"https:\/\/webs.uab.cat\/catedrajosesaramago\/wp-json\/wp\/v2\/pages\/34\/revisions"}],"wp:attachment":[{"href":"https:\/\/webs.uab.cat\/catedrajosesaramago\/wp-json\/wp\/v2\/media?parent=34"}],"curies":[{"name":"wp","href":"https:\/\/api.w.org\/{rel}","templated":true}]}}