{"id":57,"date":"2014-02-13T12:48:17","date_gmt":"2014-02-13T12:48:17","guid":{"rendered":"https:\/\/webs.uab.cat\/catedrajosesaramago\/premi-giovanni-pontiero-0\/"},"modified":"2014-02-13T12:48:17","modified_gmt":"2014-02-13T12:48:17","slug":"premi-giovanni-pontiero-0","status":"publish","type":"page","link":"https:\/\/webs.uab.cat\/catedrajosesaramago\/premi-giovanni-pontiero-0\/","title":{"rendered":"Premi Giovanni Pontiero"},"content":{"rendered":"<p style=\"text-align: justify;\">Per tal de retre homenatge a la figura de l\u2019il\u00b7lustre traductor Giovanni Pontiero, el Centro de L\u00edngua Portuguesa \/ Cam\u00f5es, IP em Barcelona i la Facultat de Traducci\u00f3 i d\u2019Interpretaci\u00f3 de la Universitat Aut\u00f2noma de Barcelona, convoquen cada any el lliurament del Premi de Traducci\u00f3 Giovanni Pontiero.<\/p>\n<p style=\"text-align: justify;\">Els anys imparells es poden presentar al premi les traduccions al catal\u00e0 d\u2019obres liter\u00e0ries de qualsevol g\u00e8nere, escrites originalment en portugu\u00e8s i publicades dos anys abans de l\u2019entrega del premi.<\/p>\n<p style=\"text-align: justify;\">Els anys parells, el premi est\u00e0 obert a les traduccions al castell\u00e0 de qualsevol g\u00e8nere, escrites originalment en portugu\u00e8s i publicades tamb\u00e9 dos anys abans de l\u2019entrega del premi.<\/p>\n<p style=\"text-align: justify;\">El valor del premi \u00e9s de 4000 euros per al traductor.<\/p>\n<p style=\"text-align: justify;\">Per a m\u00e9s informaci\u00f3 o consultes sobre el premi, podeu contactar amb el Centro de L\u00edngua Portuguesa \/ Cam\u00f5es, IP em Barcelona trucant al (+34) 935 868 841, enviant un correu electr\u00f2nic a <a href=\"mailto:i.camoes.fti@uab.cat\">i.camoes.fti@uab.cat<\/a> o tamb\u00e9 podeu consultar la informaci\u00f3 disponible al nostre lloc web.<\/p>\n<p style=\"text-align: justify;\">Discurs del guanyador de l\u2019edici\u00f3 n\u00famero XVI, Lu\u00eds Mar\u00eda Marina, a l\u2019entrega del premi Giovanni Pontiero: <a href=\"http:\/\/pagines.uab.cat\/catedrajosesaramago\/content\/discurso-de-luis-mar%C3%ADa-marina-en-la-entrega-del-xvi-pr%C3%A9mio-giovanni-pontiero\" target=\"_blank\" rel=\"noopener\">http:\/\/pagines.uab.cat\/catedrajosesaramago\/content\/discurso-de-luis-mar%C3%ADa-marina-en-la-entrega-del-xvi-pr%C3%A9mio-giovanni-pontiero<\/a><\/p>\n","protected":false},"excerpt":{"rendered":"<p>Per tal de retre homenatge a la figura de l\u2019il\u00b7lustre traductor Giovanni Pontiero, el Centro de L\u00edngua Portuguesa \/ Cam\u00f5es, IP em Barcelona i la Facultat de Traducci\u00f3 i d\u2019Interpretaci\u00f3 de la Universitat Aut\u00f2noma de Barcelona, convoquen cada any el lliurament del Premi de Traducci\u00f3 Giovanni Pontiero. Els anys imparells es poden presentar al premi [&hellip;]<\/p>\n","protected":false},"author":20,"featured_media":0,"parent":0,"menu_order":0,"comment_status":"closed","ping_status":"closed","template":"","meta":{"footnotes":""},"class_list":["post-57","page","type-page","status-publish","hentry"],"_links":{"self":[{"href":"https:\/\/webs.uab.cat\/catedrajosesaramago\/wp-json\/wp\/v2\/pages\/57","targetHints":{"allow":["GET"]}}],"collection":[{"href":"https:\/\/webs.uab.cat\/catedrajosesaramago\/wp-json\/wp\/v2\/pages"}],"about":[{"href":"https:\/\/webs.uab.cat\/catedrajosesaramago\/wp-json\/wp\/v2\/types\/page"}],"author":[{"embeddable":true,"href":"https:\/\/webs.uab.cat\/catedrajosesaramago\/wp-json\/wp\/v2\/users\/20"}],"replies":[{"embeddable":true,"href":"https:\/\/webs.uab.cat\/catedrajosesaramago\/wp-json\/wp\/v2\/comments?post=57"}],"version-history":[{"count":0,"href":"https:\/\/webs.uab.cat\/catedrajosesaramago\/wp-json\/wp\/v2\/pages\/57\/revisions"}],"wp:attachment":[{"href":"https:\/\/webs.uab.cat\/catedrajosesaramago\/wp-json\/wp\/v2\/media?parent=57"}],"curies":[{"name":"wp","href":"https:\/\/api.w.org\/{rel}","templated":true}]}}