{"id":178,"date":"2010-01-21T13:42:13","date_gmt":"2010-01-21T11:42:13","guid":{"rendered":"https:\/\/webs.uab.cat\/catsynanomat\/former-members\/"},"modified":"2025-01-29T10:00:07","modified_gmt":"2025-01-29T08:00:07","slug":"former-members","status":"publish","type":"page","link":"https:\/\/webs.uab.cat\/catsynanomat\/former-members\/","title":{"rendered":"Former Members"},"content":{"rendered":"\n<h2 class=\"wp-block-heading\"><strong>Postdoctoral Students<\/strong>\u00a0<\/h2>\n\n\n\n<p>Dr. Ruggero Bonetto (2025)<\/p>\n\n\n\n<p>Dr. Marta Gil (2024)<\/p>\n\n\n\n<p>Dr. Albert Granados (2021)<\/p>\n\n\n\n<p>Dr. Jordi Salabert (2014)<\/p>\n\n\n\n<p>Dr. Alex Pericas (2013)<\/p>\n\n\n\n<p>Dr. Erik G\u00e1lvez (2012)<\/p>\n\n\n\n<p>Dr. Enricco Faggi (2010)<\/p>\n\n\n\n<h2 class=\"wp-block-heading\"><strong>PhD Students<\/strong><\/h2>\n\n\n\n<p>Ming Liu (2024)<\/p>\n\n\n\n<p>Hao Li (2020)<\/p>\n\n\n\n<p>Guillem Fern\u00e1ndez (2020)<\/p>\n\n\n\n<p>Albert Granados (2018)<\/p>\n\n\n\n<p>Ana Maria Montagut (2017)<\/p>\n\n\n\n<p>Elisabet P\u00e9rez (2015)<\/p>\n\n\n\n<p>Meritxell Ferr\u00e9 (2015)<\/p>\n\n\n\n<p>Wusheng Guo (2014)<\/p>\n\n\n\n<p>Zhiyu Jia (2014)<\/p>\n\n\n\n<p>Lynay Santacruz (2013)<\/p>\n\n\n\n<p>Jordi Salabert (2013)<\/p>\n\n\n\n<p>Laura Mart\u00edn (2012)<\/p>\n\n\n\n<p>Marc Planellas (2012)<\/p>\n\n\n\n<p>Nereida Mej\u00edas (2011)<\/p>\n\n\n\n<p>Am\u00e0lia Monge (2011)<\/p>\n\n\n\n<p>\u00c0lex Pericas (2011)<\/p>\n\n\n\n<p>Guadalupe Borja (2010)<\/p>\n\n\n\n<p>Sandra Niembro (2010)<\/p>\n\n\n\n<p>Roger Soler (2009)<\/p>\n\n\n\n<p>Anna Serra (2008)<\/p>\n\n\n\n<p>Montserrat Trilla (2008)<\/p>\n\n\n\n<p>Carolina Gimbert (2008)<\/p>\n\n\n\n<p>Gal\u00ed Drudis (2007)<\/p>\n\n\n\n<p>Xavier Elias (2006)<\/p>\n\n\n\n<p>Sandra Mart\u00ednez (2006)<\/p>\n\n\n\n<p>Josep Comelles (2005)<\/p>\n\n\n\n<p>Bel\u00e9n Blanco (2004)<\/p>\n\n\n\n<p>Antoni Santamaria (2002)<\/p>\n\n\n\n<p>Elisenda Trepat (2001)<\/p>\n\n\n\n<p>Silvia Cerezo (2000)<\/p>\n\n\n\n<p>Abdellah Anhari (2000)<\/p>\n\n\n\n<h2 class=\"wp-block-heading\"><strong>Master Students<\/strong>&nbsp;<\/h2>\n\n\n\n<p>Yingmi Ji (2024)<\/p>\n\n\n\n<p>\u00d3scar Gonz\u00e1lez (2024)<\/p>\n\n\n\n<p>Adri\u00e1n Navarro (2024)<\/p>\n\n\n\n<p>David Reyes (2022)<\/p>\n\n\n\n<p>Axel Guinart (2022)<\/p>\n\n\n\n<p>Albert Gallego (2021)<\/p>\n\n\n\n<p>Anna Ballesteros (2018)<\/p>\n\n\n\n<p>Sergi Peroliu (2018)<\/p>\n\n\n\n<p>Pau Sarr\u00f3 (2017)<\/p>\n\n\n\n<p>Pere Verdugo (2016)<\/p>\n\n\n\n<p>Carolina Gasc\u00f3 (2016)<\/p>\n\n\n\n<p>Anna del Olmo (2015)<\/p>\n\n\n\n<p>Nuria Marc\u00f3 (2013)<\/p>\n\n\n\n<p>Jonathan Ruiz (2013)<\/p>\n\n\n\n<p>Mart\u00ed Fern\u00e1ndez (2013)<\/p>\n\n\n\n<p>Mar\u00eda del Mar Silva (2012)\u00a0<\/p>\n\n\n\n<p>Miguel Sierra (2011)&nbsp;<\/p>\n\n\n\n<p>Anna Santillana (2011)<\/p>\n\n\n\n<p>S\u00edlvia Donnici (2011)<\/p>\n\n\n\n<p>Anas Saidi (2009)<\/p>\n\n\n\n<p>Rub\u00e9n Jim\u00e9nez (2007)<\/p>\n\n\n\n<p>Juan Jos\u00e9 Segura (2006)<\/p>\n\n\n\n<p>Paula de Mendoza (2005)\u00a0<\/p>\n\n\n\n<p>Miriam Meseguer (2001)\u00a0<\/p>\n\n\n\n<h2 class=\"wp-block-heading\"><strong>Undergraduate Students<\/strong>\u00a0<\/h2>\n\n\n\n<p>Arnold Canosa (2025)<\/p>\n\n\n\n<p>Laura Navarro (2024)<\/p>\n\n\n\n<p>Marc Orriols (2024)<\/p>\n\n\n\n<p>Ariadna Toh\u00e0 (2023)<\/p>\n\n\n\n<p>Yingmin Ji (2023)<\/p>\n\n\n\n<p>Laura Velasco (2022)<\/p>\n\n\n\n<p>Cinthya Caballero (2022)<\/p>\n\n\n\n<p>Guilem Carol (2022)<\/p>\n\n\n\n<p>Axel Guinart (2021)<\/p>\n\n\n\n<p>David Reyes (2021)<\/p>\n\n\n\n<p>Albert Gallego (2020)<\/p>\n\n\n\n<p>Ra\u00fcl Torres (2020)<\/p>\n\n\n\n<p>Jessica Garc\u00eda (2019)<\/p>\n\n\n\n<p>Marc del Olmo (2018)<\/p>\n\n\n\n<p>Anna Ballesteros (2017)<\/p>\n\n\n\n<p>Marc Alcaraz (2017)<\/p>\n\n\n\n<p>Ana Villanueva (2016)<\/p>\n\n\n\n<p>Sergi Ordeix (2016)<\/p>\n\n\n\n<p>Joan Miguel (2015)<\/p>\n\n\n\n<p>Noelia Moron (2015)<\/p>\n\n\n\n<p>Ernest Martinez (2014)<\/p>\n\n\n\n<p>Christian Casas (2013)<\/p>\n\n\n\n<p>Camille Andriny (2012)<\/p>\n","protected":false},"excerpt":{"rendered":"<p>Postdoctoral Students\u00a0 Dr. Ruggero Bonetto (2025) Dr. Marta Gil (2024) Dr. Albert Granados (2021) Dr. Jordi Salabert (2014) Dr. Alex Pericas (2013) Dr. Erik G\u00e1lvez (2012) Dr. Enricco Faggi (2010) PhD Students Ming Liu (2024) Hao Li (2020) Guillem Fern\u00e1ndez (2020) Albert Granados (2018) Ana Maria Montagut (2017) Elisabet P\u00e9rez (2015) Meritxell Ferr\u00e9 (2015) Wusheng [&hellip;]<\/p>\n","protected":false},"author":20,"featured_media":0,"parent":0,"menu_order":0,"comment_status":"closed","ping_status":"closed","template":"","meta":{"footnotes":""},"class_list":["post-178","page","type-page","status-publish","hentry"],"_links":{"self":[{"href":"https:\/\/webs.uab.cat\/catsynanomat\/wp-json\/wp\/v2\/pages\/178","targetHints":{"allow":["GET"]}}],"collection":[{"href":"https:\/\/webs.uab.cat\/catsynanomat\/wp-json\/wp\/v2\/pages"}],"about":[{"href":"https:\/\/webs.uab.cat\/catsynanomat\/wp-json\/wp\/v2\/types\/page"}],"author":[{"embeddable":true,"href":"https:\/\/webs.uab.cat\/catsynanomat\/wp-json\/wp\/v2\/users\/20"}],"replies":[{"embeddable":true,"href":"https:\/\/webs.uab.cat\/catsynanomat\/wp-json\/wp\/v2\/comments?post=178"}],"version-history":[{"count":5,"href":"https:\/\/webs.uab.cat\/catsynanomat\/wp-json\/wp\/v2\/pages\/178\/revisions"}],"predecessor-version":[{"id":1150,"href":"https:\/\/webs.uab.cat\/catsynanomat\/wp-json\/wp\/v2\/pages\/178\/revisions\/1150"}],"wp:attachment":[{"href":"https:\/\/webs.uab.cat\/catsynanomat\/wp-json\/wp\/v2\/media?parent=178"}],"curies":[{"name":"wp","href":"https:\/\/api.w.org\/{rel}","templated":true}]}}