{"id":187,"date":"2010-01-21T13:47:25","date_gmt":"2010-01-21T11:47:25","guid":{"rendered":"https:\/\/webs.uab.cat\/catsynanomat\/phd-thesis\/"},"modified":"2026-04-01T23:39:40","modified_gmt":"2026-04-01T21:39:40","slug":"phd-thesis","status":"publish","type":"page","link":"https:\/\/webs.uab.cat\/catsynanomat\/phd-thesis\/","title":{"rendered":"PhD Thesis"},"content":{"rendered":"\n<p><strong>Functionalized Silica Nanoparticles and Coated Cotton Fabrics for Medical and Catalytic Applications<\/strong><br>Ming Liu. 2024. Cum Laude. Supervisors: Prof. Vallribera and Prof. Pleixats.<\/p>\n\n\n\n<p><strong>Nickel and Iron Complexes for Proton and Carbon Dioxide Reduction<\/strong><br>Navid Jameei Maghaddam. 2022. Cum Laude. Supervisor: Dr. Gimbert (co-supervision with Prof. A. Llobet at ICIQ).<\/p>\n\n\n\n<p><strong>Hybrid Systems for Water Oxidation Catalysis<\/strong><br>Marta Ventosa Rosquelles. 2021. Cum Laude. Supervisor: Dr. Gimbert (co-supervision with Prof. A. Llobet at ICIQ).<\/p>\n\n\n\n<p><strong>Metal Nanoparticles (Pt, Ni, Au, Rh) Stabilized by Imidazolium Salts. Synthesis, Characterization and Catalytic Applications<\/strong><br>Guillem Fern\u00e1ndez Freixes. 2020. Cum Laude. Supervisor: Prof. Pleixats.<\/p>\n\n\n\n<p><strong>Functionalized Silica Nanoparticles for Catalysis, Nanomedicine and Rare Earth Metal Recycling<\/strong><br>Hao Li. 2020. Cum Laude. International Mention. Supervisor: Dr. Pleixats.<\/p>\n\n\n\n<p><strong>Parte I \u2013 Compuestos Organofluorados: Cat\u00e1lisis asim\u00e9trica en reacciones de alfa aminaci\u00f3n y alfa trifluorometilaci\u00f3n electr\u00f3fila. Parte II \u2013 Materiales modificados con crom\u00f3foros fluorescentes y f\u00e1rmacos antiinflamatorios<\/strong><br>Albert Granados Toda. 2018. Cum Laude. Special Award. Supervisor: Prof. Vallribera.<\/p>\n\n\n\n<p><strong>New hydrophobic dyes for fabric staining. Materials modified with silver nanoparticles and antibiotics<\/strong><br>Ana Maria Montagut P\u00e9rez. 2017. Cum Laude. Supervisor: Prof. Vallribera.<\/p>\n\n\n\n<p><strong>Hybrid silica materials derived from proline sulfonamides, imidazolium salts and (NHC)AuX complexes as supported catalysts<\/strong><br>Meritxell Ferr\u00e9 Romeu. 2015. Cum Laude. International Mention. Supervisor: Prof. Pleixats.<\/p>\n\n\n\n<p><strong>Adiciones de Michael: cat\u00e0lisis por fosfinas, met\u00e1les de transici\u00f3n y estudios mecan\u00edsticos<\/strong><br>Elisabet P\u00e9rez Vico. 2015. Supervisor: Prof. Vallribera.<\/p>\n\n\n\n<p><strong>Transformations promoted by the hypervalent iodine reagents<\/strong><br>Zhiyu Jia. 2014. Supervisor: Prof. Vallribera.<\/p>\n\n\n\n<p><strong>Hypervalent iodine species: reagents and intermediates in oxidative processes. Part II. Water-soluble metal nanoparticles (Rh, Au) in catalysis<\/strong><br>Wusheng Guo. 2014. Cum Laude. Supervisor: Prof. Pleixats.<\/p>\n\n\n\n<p><strong>Part I &#8211;<\/strong> <strong>Reacci\u00f3 de Matsuda-Heck: estudi de la seva viabilitat en medi aqu\u00f3s; utilitzaci\u00f3 per a la sintesi de compostos altament fluorats. <strong>Part II &#8211;<\/strong><\/strong> <strong>Preparaci\u00f3 de colorants hidrof\u00f2bics derivats d\u2019azobenz\u00e8 i d\u2019antraquinona<\/strong><br>Jordi Salabert Sabat\u00e9. 2013. Cum Laude. Supervisor: Prof. Vallribera.<\/p>\n\n\n\n<p><strong>Nanopart\u00edculas de Oro y de Iridio y su aplicaci\u00f3n en cat\u00e1lisis<\/strong><br>Lynay Santacruz Guti\u00e9rrez. 2013. Supervisor: Prof. Vallribera.<\/p>\n\n\n\n<p><strong>Nanopart\u00edcules met\u00e0l.liques de Pd(0), Au(0) i Rh(0) estabilitzades per sals de bis- i tris-imidazoli. S\u00edntesi i aplicacions en cat\u00e0lisi<\/strong><br>Marc Planellas Oates. 2012. Cum Laude. Supervisor: Prof. Pleixats.<\/p>\n\n\n\n<p><strong>Preparaci\u00f3n, caracterizaci\u00f3n y aplicaci\u00f3n de aerogeles de carbono nanocompuestos con metales como catalizadores y electrocatalizadores de reacciones org\u00e1nicas<\/strong><br>Laura Mart\u00edn S\u00e1nchez. 2012. Cum Laude. Supervisor: Prof. Vallribera.<\/p>\n\n\n\n<p><strong>Organic-inorganic hybrid silica materials derived from imidazolium salts and prolinamides. Applications in catalysis<\/strong><br>Am\u00e0lia Monge Marcet. 2011. Cum Laude. European Mention. Supervisor: Prof. Pleixats.<\/p>\n\n\n\n<p><strong>Cat\u00e0lisi asim\u00e8trica amb lant\u00e0nids: aplicacions en addicions de Michael enantioselectives i el seu mecanisme. S\u00edntesi de L-Carbidopa<\/strong><br>\u00c0lex Pericas Cano. 2011. Cum Laude. Supervisor: Prof. Vallribera.<\/p>\n\n\n\n<p><strong>Nanopart\u00edcules met\u00e0l.liques de Pd(0), Au(0) i Rh(0) amb estabilitzants polioxietilenats. S\u00edntesi i aplicacions en cat\u00e0lisi<\/strong><br>Nereida Mej\u00edas Ruiz. 2011. Cum Laude. Supervisor: Prof. Pleixats.<\/p>\n\n\n\n<p><strong>Nanoparticulas met\u00e1licas soportadas en materiales altamente fluorados y su aplicaci\u00f3n como catalizadores recuperables<\/strong><br>Sandra Niembro Puiggen\u00e9. 2010. Cum Laude. Special Award. Supervisor: Prof. Vallribera.<\/p>\n\n\n\n<p><strong>Catalitzadors reciclables de ruteni i de pal.ladi basats en materials h\u00edbrids org\u00e0nico-inorg\u00e0nics. S\u00edntesi i aplicacions<\/strong><br>Guadalupe Borja Rodr\u00edguez. 2010. Cum Laude. Supervisor: Prof. Pleixats.<\/p>\n\n\n\n<p><strong>Compostos altament fluorats. Aplicacions en cat\u00e1lisis i preparaci\u00f3n de nous materials<\/strong><br>Roger Soler i Palau. 2009. Cum Laude. Supervisor: Prof. Vallribera.<\/p>\n\n\n\n<p><strong>Macrocicles nitrogenats triolef\u00ednics de 15 membres: complexos i nanopart\u00edcules. Aplicacions en cat\u00e0lisi<\/strong><br>Anna Serra Muns. 2008. Cum Laude. European Mention. Supervisor: Prof. Pleixats.<\/p>\n\n\n\n<p><strong>Organocat\u00e0lisi d\u2019addicions conjugades mitjan\u00e7ant fosfines. Reciclatge i mecanisme. S\u00edntesi de benzotiazines<\/strong><br>Carolina Gimbert Suri\u00f1ach. 2008. Cum Laude. Supervisor: Prof. Vallribera.<\/p>\n\n\n\n<p><strong>Materials h\u00edbrids org\u00e0nico-inorg\u00e0nics derivats de bipiridines i de sals d\u2019imidazoli. Aplicacions en cat\u00e0lisi<\/strong><br>Montserrat Trilla Casta\u00f1o. 2008. Cum Laude. Special Award. European Mention. Supervisor: Prof. Pleixats.<\/p>\n\n\n\n<p><strong>Estudi te\u00f2ric de reaccions enantioselectives catalitzades per metalls de transici\u00f3<\/strong><br>Gal\u00ed Drudis Sol\u00e9. 2007. Cum Laude. Supervisor: Prof. Vallribera.<\/p>\n\n\n\n<p><strong>Preparaci\u00f3 i caracteritzaci\u00f3 d\u2019aerogels nanocomposats amb metalls. Aplicacions en cat\u00e0lisi<\/strong><br>Sandra Mart\u00ednez Crespiera. 2006. Cum Laude. Supervisor: Prof. Vallribera.<\/p>\n\n\n\n<p><strong>Catalitzadors de met\u00e0tesi recuperables per formaci\u00f3 de materials h\u00edbrids org\u00e0nico-inorg\u00e0nics<\/strong><br>Xavier Elies Pera. 2006. Cum Laude. Supervisor: Prof. Pleixats.<\/p>\n\n\n\n<p><strong>L\u2019Adamantil, un Substituent Volumin\u00f3s en Bisoxazolines. Cat\u00e0lisi Asim\u00e8trica i Estudis Mecan\u00edstics<\/strong><br>Josep Comelles i Espuga. 2005. Cum Laude. Supervisor: Prof. Vallribera.<\/p>\n\n\n\n<p><strong>Complexos de Pd(0) macroc\u00edclics triolef\u00ednics de quinze membres: formaci\u00f3 de materials h\u00edbrids org\u00e0nic-inorg\u00e0nics i assaig com a catalitzadors recuperables<\/strong><br>Bel\u00e9n Blanco Tort. 2004. Cum Laude. Supervisor: Prof. Pleixats.<\/p>\n\n\n\n<p><strong>Formaci\u00f3 de sistemes heteroc\u00edclics. Part I: Per obertura i posterior SNAr intramolecular de 2-(2&#8242;-fluoroaril)-2-(1-azolilmetil)oxirans. Part II: Per met\u00e0tesi de diens i enins<\/strong><br>Antoni Santamaria G\u00e1mez. 2002. Cum Laude. Supervisor: Prof. Pleixats.<\/p>\n\n\n\n<p><strong>Aplicacions de Derivats Quirals de l\u2019\u00c0cid Acetoac\u00e8tic<\/strong><br>Elisenda Trepat i Guixer. 2001. Cum Laude. Supervisor: Prof. Vallribera.<\/p>\n\n\n\n<p><strong>Contribuci\u00f3n Electroqu\u00edmica al Estudio de las Reacciones de Alquilaci\u00f3n de Compuestos \u03b2-Dicarbon\u00edlicos con Haluros de Alquilo<\/strong><br>Abdellah Anhari. 2000. Cum Laude. Supervisor: Prof. Vallribera.<\/p>\n\n\n\n<p><strong>Creaci\u00f3 d\u2019enlla\u00e7os carboni-carboni i carboni-nitrogen sota cat\u00e0lisi per Pd(0): acoblaments creuats amb derivats de \u03b4-pirones i al.lilacions de substrats nitrogenats relativament \u00e0cids i poc nucleof\u00edlics. Preparaci\u00f3 d\u2019 (<em>E,E,E<\/em>)-1,6,11-tris(arilsulfonil)-1,6,11-triazaciclopentadeca-3,8,13-triens i formaci\u00f3 de complexos amb pal.ladi<\/strong><br>Silvia Cerezo G\u00e1lvez. 2000. Cum Laude. Supervisor: Prof. Pleixats.<\/p>\n\n\n\n<p><strong>Preparaci\u00f3n de \u03b1-amino\u00e0cidos no proteinog\u00e9nicos y derivados, en forma rac\u00e8mica o enantiom\u00e9ricamente pura, a partir de bases de Schiff derivadas de la glicina, mediante cat\u00e1lisis por transferencia de fase<\/strong><br>Anna L\u00f3pez Lozano. 1998. Cum Laude. Supervisor: Prof. Pleixats.<\/p>\n\n\n\n<p><strong>Metodologies basades en metalls de transici\u00f3 (Pd, Fe). Aplicacions en la preparaci\u00f3 de derivats d\u2019amino\u00e0cids, \u03b2,\u03b2-diarilacrilats i 3,3-diaril-<em>N<\/em>-al.lilamines<\/strong><br>Montserrat P\u00e9rez Cabr\u00e9. 1997. Cum Laude. Special Award. Supervisor: Prof. Pleixats.<\/p>\n","protected":false},"excerpt":{"rendered":"<p>Functionalized Silica Nanoparticles and Coated Cotton Fabrics for Medical and Catalytic ApplicationsMing Liu. 2024. Cum Laude. Supervisors: Prof. Vallribera and Prof. Pleixats. Nickel and Iron Complexes for Proton and Carbon Dioxide ReductionNavid Jameei Maghaddam. 2022. Cum Laude. Supervisor: Dr. Gimbert (co-supervision with Prof. A. Llobet at ICIQ). Hybrid Systems for Water Oxidation CatalysisMarta Ventosa Rosquelles. [&hellip;]<\/p>\n","protected":false},"author":20,"featured_media":0,"parent":0,"menu_order":0,"comment_status":"closed","ping_status":"closed","template":"","meta":{"footnotes":""},"class_list":["post-187","page","type-page","status-publish","hentry"],"_links":{"self":[{"href":"https:\/\/webs.uab.cat\/catsynanomat\/wp-json\/wp\/v2\/pages\/187","targetHints":{"allow":["GET"]}}],"collection":[{"href":"https:\/\/webs.uab.cat\/catsynanomat\/wp-json\/wp\/v2\/pages"}],"about":[{"href":"https:\/\/webs.uab.cat\/catsynanomat\/wp-json\/wp\/v2\/types\/page"}],"author":[{"embeddable":true,"href":"https:\/\/webs.uab.cat\/catsynanomat\/wp-json\/wp\/v2\/users\/20"}],"replies":[{"embeddable":true,"href":"https:\/\/webs.uab.cat\/catsynanomat\/wp-json\/wp\/v2\/comments?post=187"}],"version-history":[{"count":7,"href":"https:\/\/webs.uab.cat\/catsynanomat\/wp-json\/wp\/v2\/pages\/187\/revisions"}],"predecessor-version":[{"id":1366,"href":"https:\/\/webs.uab.cat\/catsynanomat\/wp-json\/wp\/v2\/pages\/187\/revisions\/1366"}],"wp:attachment":[{"href":"https:\/\/webs.uab.cat\/catsynanomat\/wp-json\/wp\/v2\/media?parent=187"}],"curies":[{"name":"wp","href":"https:\/\/api.w.org\/{rel}","templated":true}]}}